{"id":2974,"date":"2025-03-07T10:06:13","date_gmt":"2025-03-07T10:06:13","guid":{"rendered":"https:\/\/www.yongyukitchenware.com\/?post_type=product&#038;p=2974"},"modified":"2025-06-13T06:54:25","modified_gmt":"2025-06-13T06:54:25","slug":"wholesale-restaurant-chafing-dishes","status":"publish","type":"product","link":"https:\/\/www.yongyukitchenware.com\/de\/produkt\/wholesale-restaurant-chafing-dishes\/","title":{"rendered":"Gro\u00dfhandel Restaurant Chafing Dishes abnehmbare Liner Design"},"content":{"rendered":"<div class=\"wp-block-columns is-layout-flex wp-container-core-columns-is-layout-9d6595d7 wp-block-columns-is-layout-flex\">\n<div class=\"wp-block-column is-layout-flow wp-block-column-is-layout-flow\">\n<h2 class=\"wp-block-heading\">Restaurant Chafing Dishes Parameter:<\/h2>\n\n\n\n<figure class=\"wp-block-table\"><table class=\"has-fixed-layout\"><tbody><tr><td>Modell<\/td><td>Durchmesser* H\u00f6he (cm)<\/td><td>Fassungsverm\u00f6gen (l)<\/td><td>Gewicht(kg)<\/td><td>MOQ<\/td><\/tr><tr><td>DY013-CL<\/td><td>47*44*22<\/td><td>6<\/td><td>8<\/td><td>2PCS<\/td><\/tr><\/tbody><\/table><\/figure>\n\n\n\n<h2 class=\"wp-block-heading\">Restaurant Chafing Dishes Merkmale:<\/h2>\n\n\n\n<p><strong>Flexible Heizmethoden: <\/strong>Elektrisches Heizen ist bequem, schnell und temperaturstabil; das Heizen mit Alkohol hat eine traditionellere Atmosph\u00e4re und eignet sich f\u00fcr Orte, an denen das Heizen mit offener Flamme auf gro\u00dfe Akzeptanz st\u00f6\u00dft.<\/p>\n\n\n\n<p><strong>Herausnehmbares Innenfutter: <\/strong>Bequem bei der Reinigung und Wartung, verhindert effektiv Lebensmittelr\u00fcckst\u00e4nde und die Vermehrung von Bakterien und spart so Reinigungskosten und Zeit f\u00fcr Restaurants.<\/p>\n\n\n\n<p><strong>Personalisierte Anpassung: <\/strong>Die ein-, zwei- und dreifach gerasterten Speisewannen k\u00f6nnen an die unterschiedlichen Bed\u00fcrfnisse verschiedener Speiseformen wie Buffets und Bankette angepasst werden.<\/p>\n\n\n\n<p><strong>Intelligentes Temperaturkontrollsystem:<\/strong> Elektronische Temperaturregelung mit Touchscreen, einfache und intuitive Bedienung; unabh\u00e4ngiger Netzschalter zur Vermeidung von Fehlbedienungen; die Konfiguration des Thermostats gew\u00e4hrleistet au\u00dferdem die Genauigkeit und Stabilit\u00e4t der Temperaturregelung.<\/p>\n\n\n\n<p><strong>Hochwertiges Material:<\/strong> Sie ist aus rostfreiem Stahl gefertigt, robust und langlebig, korrosionsbest\u00e4ndig und verschlei\u00dffest, h\u00e4lt h\u00e4ufigem Gebrauch und hochintensiven Arbeitsumgebungen stand, reduziert die Kosten f\u00fcr den Austausch von Restaurantausr\u00fcstungen und hat eine hohe Kosteneffizienz bei langfristiger Nutzung.<\/p>\n<\/div>\n\n\n\n<div class=\"wp-block-column is-layout-flow wp-block-column-is-layout-flow\">\n<figure class=\"wp-block-image size-full\"><img decoding=\"async\" width=\"800\" height=\"800\" src=\"https:\/\/www.yongyukitchenware.com\/wp-content\/uploads\/2025\/02\/wholesale-chafer-dishes-2-1.webp\" alt=\"Gro\u00dfhandel Restaurant Chafing Dishes\" class=\"wp-image-3020\" srcset=\"https:\/\/www.yongyukitchenware.com\/wp-content\/uploads\/2025\/02\/wholesale-chafer-dishes-2-1.webp 800w, https:\/\/www.yongyukitchenware.com\/wp-content\/uploads\/2025\/02\/wholesale-chafer-dishes-2-1-300x300.webp 300w, https:\/\/www.yongyukitchenware.com\/wp-content\/uploads\/2025\/02\/wholesale-chafer-dishes-2-1-150x150.webp 150w, https:\/\/www.yongyukitchenware.com\/wp-content\/uploads\/2025\/02\/wholesale-chafer-dishes-2-1-768x768.webp 768w, https:\/\/www.yongyukitchenware.com\/wp-content\/uploads\/2025\/02\/wholesale-chafer-dishes-2-1-12x12.webp 12w, https:\/\/www.yongyukitchenware.com\/wp-content\/uploads\/2025\/02\/wholesale-chafer-dishes-2-1-600x600.webp 600w, https:\/\/www.yongyukitchenware.com\/wp-content\/uploads\/2025\/02\/wholesale-chafer-dishes-2-1-100x100.webp 100w\" sizes=\"(max-width: 800px) 100vw, 800px\" \/><\/figure>\n<\/div>\n<\/div>","protected":false},"excerpt":{"rendered":"<p>Gro\u00dfhandel Restaurant Chafing Dishes verf\u00fcgen \u00fcber eine abnehmbare Liner Design f\u00fcr einfache Reinigung und Wartung. Langlebig, stilvoll, und perfekt f\u00fcr Catering und Buffet Veranstaltungen. Anpassungen und OEM-Dienstleistungen sind verf\u00fcgbar. Erkundigen Sie sich nach Details!<\/p>\n<h2><!-- wp:heading --><\/h2>\n<h2 class=\"wp-block-heading\">Eigenschaften von Chafing Dishes im Restaurant :<\/h2>\n<h2><!-- \/wp:heading --><\/p>\n<p><!-- wp:paragraph --><\/h2>\n<p><strong>Material: <\/strong>Rostfreier Stahl<br \/><strong>Farbe: <\/strong>Silber<br \/><strong>Die Form:<\/strong> Rund mit Scharnierdeckel<br \/><strong>W\u00e4rme: <\/strong>Elektrische Heizung\/Alkoholheizung<br \/><strong>Chafer Pan: <\/strong>Einzel-\/Doppelraster<br \/><strong>OEM\/ODM: <\/strong>Verf\u00fcgbar<\/p>\n<h2 class=\"wp-block-heading\">Von Yongyu Chafing Dish Hersteller :<\/h2>\n<p>Ob es sich um einen Catering-Service-Anbieter, Hotel und Restaurant, oder Event-Planung Unternehmen, bieten wir komplette Chafing Gerichte Gro\u00dfhandel benutzerdefinierte L\u00f6sungen, um Ihr Unternehmen mit hochwertigen Fabrik Preise!<\/p>\n<h2><!-- \/wp:paragraph --><\/h2>","protected":false},"featured_media":3020,"comment_status":"closed","ping_status":"closed","template":"","meta":{"_acf_changed":false},"application":[30],"product_brand":[],"product_cat":[33],"product_tag":[],"class_list":{"0":"post-2974","1":"product","2":"type-product","3":"status-publish","4":"has-post-thumbnail","6":"application-hotel-catering","7":"product_cat-chafing-dishes-wholesale","9":"first","10":"instock","11":"shipping-taxable","12":"product-type-simple"},"acf":[],"_links":{"self":[{"href":"https:\/\/www.yongyukitchenware.com\/de\/wp-json\/wp\/v2\/product\/2974","targetHints":{"allow":["GET"]}}],"collection":[{"href":"https:\/\/www.yongyukitchenware.com\/de\/wp-json\/wp\/v2\/product"}],"about":[{"href":"https:\/\/www.yongyukitchenware.com\/de\/wp-json\/wp\/v2\/types\/product"}],"replies":[{"embeddable":true,"href":"https:\/\/www.yongyukitchenware.com\/de\/wp-json\/wp\/v2\/comments?post=2974"}],"wp:featuredmedia":[{"embeddable":true,"href":"https:\/\/www.yongyukitchenware.com\/de\/wp-json\/wp\/v2\/media\/3020"}],"wp:attachment":[{"href":"https:\/\/www.yongyukitchenware.com\/de\/wp-json\/wp\/v2\/media?parent=2974"}],"wp:term":[{"taxonomy":"application","embeddable":true,"href":"https:\/\/www.yongyukitchenware.com\/de\/wp-json\/wp\/v2\/application?post=2974"},{"taxonomy":"product_brand","embeddable":true,"href":"https:\/\/www.yongyukitchenware.com\/de\/wp-json\/wp\/v2\/product_brand?post=2974"},{"taxonomy":"product_cat","embeddable":true,"href":"https:\/\/www.yongyukitchenware.com\/de\/wp-json\/wp\/v2\/product_cat?post=2974"},{"taxonomy":"product_tag","embeddable":true,"href":"https:\/\/www.yongyukitchenware.com\/de\/wp-json\/wp\/v2\/product_tag?post=2974"}],"curies":[{"name":"wp","href":"https:\/\/api.w.org\/{rel}","templated":true}]}}