{"id":2985,"date":"2025-03-07T08:28:20","date_gmt":"2025-03-07T08:28:20","guid":{"rendered":"https:\/\/www.yongyukitchenware.com\/?post_type=product&#038;p=2985"},"modified":"2025-06-13T06:59:43","modified_gmt":"2025-06-13T06:59:43","slug":"wholesale-stainless-steel-chafing-dishes","status":"publish","type":"product","link":"https:\/\/www.yongyukitchenware.com\/de\/produkt\/wholesale-stainless-steel-chafing-dishes\/","title":{"rendered":"Gro\u00dfhandel Edelstahl Chafing Dishes hohe Qualit\u00e4t Buffet Set"},"content":{"rendered":"<div class=\"wp-block-columns is-layout-flex wp-container-core-columns-is-layout-9d6595d7 wp-block-columns-is-layout-flex\">\n<div class=\"wp-block-column is-layout-flow wp-block-column-is-layout-flow\">\n<h2 class=\"wp-block-heading\">Chafing Dishes aus Edelstahl Parameter:<\/h2>\n\n\n\n<figure class=\"wp-block-table\"><table class=\"has-fixed-layout\"><tbody><tr><td>Modell<\/td><td>Durchmesser* H\u00f6he (cm)<\/td><td>Fassungsverm\u00f6gen (l)<\/td><td>Gewicht(kg)<\/td><td>MOQ<\/td><\/tr><tr><td>DY008-CL<\/td><td>61*45*24<\/td><td>9<\/td><td>8.3<\/td><td>2PCS<\/td><\/tr><\/tbody><\/table><\/figure>\n\n\n\n<h2 class=\"wp-block-heading\">Chafing Dishes aus Edelstahl Merkmale:<\/h2>\n\n\n\n<p><strong>Zwei Heizmethoden: <\/strong>Bietet elektrische Heizung und Alkoholheizung, um sicherzustellen, dass Lebensmittel in jeder Umgebung warm gehalten werden k\u00f6nnen.<\/p>\n\n\n\n<p><strong>Langlebiges Material aus rostfreiem Stahl:<\/strong> Er besteht aus hochwertigem Edelstahl und ist hochtemperatur- und korrosionsbest\u00e4ndig.<\/p>\n\n\n\n<p><strong>Rechteckiger Plattenteller: <\/strong>Das rechteckige Design des Tellers bietet eine gr\u00f6\u00dfere Pr\u00e4sentationsfl\u00e4che f\u00fcr Lebensmittel.<\/p>\n\n\n\n<p><strong>Herausnehmbares Innenfutter: <\/strong>Die Einlage ist zur einfachen Reinigung und Wartung herausnehmbar und gew\u00e4hrleistet eine hygienische und bequeme Nutzung.<\/p>\n\n\n\n<p><strong>Elektronische Temperaturregelung mit Touchscreen:<\/strong> Die fortschrittliche elektronische Temperaturregelung mit Touchscreen erm\u00f6glicht eine genaue Steuerung der Erhitzung von Lebensmitteln.<\/p>\n\n\n\n<p><strong>Unabh\u00e4ngiger Netzschalter: <\/strong>Der unabh\u00e4ngige Netzschalter gew\u00e4hrleistet einen sicheren Betrieb und erleichtert dem Benutzer das schnelle Ausschalten des Ger\u00e4ts.<\/p>\n\n\n\n<p><strong>Thermostat: <\/strong>Der Thermostat sorgt f\u00fcr eine stabile Temperatur, verhindert eine \u00dcberhitzung oder ungleichm\u00e4\u00dfige Temperatur der Speisen und gew\u00e4hrleistet Qualit\u00e4t und Geschmack der Lebensmittel.<\/p>\n<\/div>\n\n\n\n<div class=\"wp-block-column is-layout-flow wp-block-column-is-layout-flow\">\n<figure class=\"wp-block-image size-full is-style-default\"><img decoding=\"async\" width=\"800\" height=\"800\" src=\"https:\/\/www.yongyukitchenware.com\/wp-content\/uploads\/2025\/02\/wholesale-stainless-steel-chafing-dishes-2.webp\" alt=\"Gro\u00dfhandel mit Chafing Dishes aus Edelstahl\" class=\"wp-image-2987\" srcset=\"https:\/\/www.yongyukitchenware.com\/wp-content\/uploads\/2025\/02\/wholesale-stainless-steel-chafing-dishes-2.webp 800w, https:\/\/www.yongyukitchenware.com\/wp-content\/uploads\/2025\/02\/wholesale-stainless-steel-chafing-dishes-2-300x300.webp 300w, https:\/\/www.yongyukitchenware.com\/wp-content\/uploads\/2025\/02\/wholesale-stainless-steel-chafing-dishes-2-150x150.webp 150w, https:\/\/www.yongyukitchenware.com\/wp-content\/uploads\/2025\/02\/wholesale-stainless-steel-chafing-dishes-2-768x768.webp 768w, https:\/\/www.yongyukitchenware.com\/wp-content\/uploads\/2025\/02\/wholesale-stainless-steel-chafing-dishes-2-12x12.webp 12w, https:\/\/www.yongyukitchenware.com\/wp-content\/uploads\/2025\/02\/wholesale-stainless-steel-chafing-dishes-2-600x600.webp 600w, https:\/\/www.yongyukitchenware.com\/wp-content\/uploads\/2025\/02\/wholesale-stainless-steel-chafing-dishes-2-100x100.webp 100w\" sizes=\"(max-width: 800px) 100vw, 800px\" \/><\/figure>\n<\/div>\n<\/div>","protected":false},"excerpt":{"rendered":"<div class=\"flex max-w-full flex-col flex-grow\">\n<div class=\"min-h-8 text-message flex w-full flex-col items-end gap-2 whitespace-normal break-words text-start [.text-message+&amp;]:mt-5\" dir=\"auto\" data-message-author-role=\"assistant\" data-message-id=\"e07a47d1-8143-4d76-a750-70f60d252df1\" data-message-model-slug=\"gpt-4o\">\n<div class=\"flex w-full flex-col gap-1 empty:hidden first:pt-[3px]\">\n<div class=\"markdown prose w-full break-words dark:prose-invert dark\">\n<p data-start=\"0\" data-end=\"249\" data-is-last-node=\"\"><strong data-start=\"87\" data-end=\"131\">Gro\u00dfhandel mit Chafing Dishes aus Edelstahl<\/strong> bieten langlebige, hochwertige Servierl\u00f6sungen f\u00fcr Catering-Veranstaltungen. Sie eignen sich perfekt f\u00fcr Buffetaufbauten und bieten eine elegante Pr\u00e4sentation und langlebige Leistung. Sie sind leicht zu reinigen und zu pflegen und bieten anpassbare Optionen. Wir garantieren schnelle Lieferung und h\u00f6chste Zufriedenheit mit wettbewerbsf\u00e4higen Preisen und zuverl\u00e4ssigem Kundenservice. Erkundigen Sie sich noch heute nach weiteren Einzelheiten.<\/p>\n<\/div>\n<\/div>\n<\/div>\n<\/div>\n<h2><!-- wp:heading --><\/h2>\n<h2 class=\"wp-block-heading\">Eigenschaften von Chafing Dishes aus Edelstahl:<\/h2>\n<h2><!-- \/wp:heading --><\/p>\n<p><!-- wp:paragraph --><\/h2>\n<p><strong>Material: <\/strong>Rostfreier Stahl<br \/><strong>Farbe: <\/strong>Silber<br \/><strong>Die Form:<\/strong> Rechteckig mit Scharnierdeckel<br \/><strong>W\u00e4rme: <\/strong>Elektrische Heizung\/Alkoholheizung<br \/><strong>Chafer Pan: <\/strong>Einzel-\/Doppelraster<br \/><strong>OEM\/ODM: <\/strong>Verf\u00fcgbar<\/p>\n<h2 class=\"wp-block-heading\">Von Yongyu Chafing Dish Hersteller :<\/h2>\n<p>Ob es sich um einen Catering-Service-Anbieter, Hotel und Restaurant, oder Event-Planung Unternehmen, bieten wir komplette Chafing Gerichte Gro\u00dfhandel benutzerdefinierte L\u00f6sungen, um Ihr Unternehmen mit hochwertigen Fabrik Preise!<\/p>\n<h2><!-- \/wp:paragraph --><\/h2>","protected":false},"featured_media":2986,"comment_status":"closed","ping_status":"closed","template":"","meta":{"_acf_changed":false},"application":[30],"product_brand":[],"product_cat":[33],"product_tag":[43],"class_list":{"0":"post-2985","1":"product","2":"type-product","3":"status-publish","4":"has-post-thumbnail","6":"application-hotel-catering","7":"product_cat-chafing-dishes-wholesale","8":"product_tag-recommend","10":"first","11":"instock","12":"shipping-taxable","13":"product-type-simple"},"acf":[],"_links":{"self":[{"href":"https:\/\/www.yongyukitchenware.com\/de\/wp-json\/wp\/v2\/product\/2985","targetHints":{"allow":["GET"]}}],"collection":[{"href":"https:\/\/www.yongyukitchenware.com\/de\/wp-json\/wp\/v2\/product"}],"about":[{"href":"https:\/\/www.yongyukitchenware.com\/de\/wp-json\/wp\/v2\/types\/product"}],"replies":[{"embeddable":true,"href":"https:\/\/www.yongyukitchenware.com\/de\/wp-json\/wp\/v2\/comments?post=2985"}],"wp:featuredmedia":[{"embeddable":true,"href":"https:\/\/www.yongyukitchenware.com\/de\/wp-json\/wp\/v2\/media\/2986"}],"wp:attachment":[{"href":"https:\/\/www.yongyukitchenware.com\/de\/wp-json\/wp\/v2\/media?parent=2985"}],"wp:term":[{"taxonomy":"application","embeddable":true,"href":"https:\/\/www.yongyukitchenware.com\/de\/wp-json\/wp\/v2\/application?post=2985"},{"taxonomy":"product_brand","embeddable":true,"href":"https:\/\/www.yongyukitchenware.com\/de\/wp-json\/wp\/v2\/product_brand?post=2985"},{"taxonomy":"product_cat","embeddable":true,"href":"https:\/\/www.yongyukitchenware.com\/de\/wp-json\/wp\/v2\/product_cat?post=2985"},{"taxonomy":"product_tag","embeddable":true,"href":"https:\/\/www.yongyukitchenware.com\/de\/wp-json\/wp\/v2\/product_tag?post=2985"}],"curies":[{"name":"wp","href":"https:\/\/api.w.org\/{rel}","templated":true}]}}