{"id":3031,"date":"2025-02-28T03:40:36","date_gmt":"2025-02-28T03:40:36","guid":{"rendered":"https:\/\/www.yongyukitchenware.com\/?post_type=product&#038;p=3031"},"modified":"2025-06-13T07:05:13","modified_gmt":"2025-06-13T07:05:13","slug":"wholesale-chafing-dish-with-stand","status":"publish","type":"product","link":"https:\/\/www.yongyukitchenware.com\/de\/produkt\/wholesale-chafing-dish-with-stand\/","title":{"rendered":"Gro\u00dfhandel Chafing Dish mit Stand f\u00fcr Party, Buffet Set in Bulk"},"content":{"rendered":"<div class=\"wp-block-columns is-layout-flex wp-container-core-columns-is-layout-9d6595d7 wp-block-columns-is-layout-flex\">\n<div class=\"wp-block-column is-layout-flow wp-block-column-is-layout-flow\">\n<h2 class=\"wp-block-heading\">Chafing Dish mit St\u00e4nder Parameter:<\/h2>\n\n\n\n<figure class=\"wp-block-table\"><table class=\"has-fixed-layout\"><tbody><tr><td>Modell<\/td><td>L\u00e4nge * Breite * H\u00f6he (cm)<\/td><td>Fassungsverm\u00f6gen (l)<\/td><td>MOQ<\/td><\/tr><tr><td>DY025-CL<\/td><td>64*36*34<\/td><td>11<\/td><td>2PCS<\/td><\/tr><\/tbody><\/table><\/figure>\n\n\n\n<h2 class=\"wp-block-heading\">Chafing Dish mit St\u00e4nder Merkmale:<\/h2>\n\n\n\n<p><strong>Stabiler St\u00e4nder aus rostfreiem Stahl: <\/strong>Struktur aus verdicktem rostfreiem Stahl, fester Stand, hohe Temperaturbest\u00e4ndigkeit und keine Verformung, kann f\u00fcr eine lange Zeit verwendet werden<\/p>\n\n\n\n<p><strong>Herausnehmbarer Innentank: <\/strong>leicht zu reinigen und zu pflegen, kann das Innere des Esszimmerofens effektiv sauber halten.<\/p>\n\n\n\n<p><strong>Flexible Anpassung: <\/strong>kann mit ein-, zwei- und dreifach gerasterten Schalen kombiniert werden, um unterschiedlichen Anforderungen an die Aufbewahrung von Lebensmitteln gerecht zu werden.<\/p>\n\n\n\n<p><strong>Dual-Mode Heizung: <\/strong>verf\u00fcgt \u00fcber zwei Modi: elektrische Heizung und Alkoholheizung, die je nach den Bed\u00fcrfnissen der jeweiligen Szene flexibel ausgew\u00e4hlt werden k\u00f6nnen.<\/p>\n<\/div>\n\n\n\n<div class=\"wp-block-column is-layout-flow wp-block-column-is-layout-flow\">\n<figure class=\"wp-block-image size-full\"><img decoding=\"async\" width=\"800\" height=\"800\" src=\"https:\/\/www.yongyukitchenware.com\/wp-content\/uploads\/2025\/02\/whlolesale-chafing-dish-with-stand.webp\" alt=\"Gro\u00dfhandel Chafing Dish mit St\u00e4nder\" class=\"wp-image-3035\" srcset=\"https:\/\/www.yongyukitchenware.com\/wp-content\/uploads\/2025\/02\/whlolesale-chafing-dish-with-stand.webp 800w, https:\/\/www.yongyukitchenware.com\/wp-content\/uploads\/2025\/02\/whlolesale-chafing-dish-with-stand-300x300.webp 300w, https:\/\/www.yongyukitchenware.com\/wp-content\/uploads\/2025\/02\/whlolesale-chafing-dish-with-stand-150x150.webp 150w, https:\/\/www.yongyukitchenware.com\/wp-content\/uploads\/2025\/02\/whlolesale-chafing-dish-with-stand-768x768.webp 768w, https:\/\/www.yongyukitchenware.com\/wp-content\/uploads\/2025\/02\/whlolesale-chafing-dish-with-stand-12x12.webp 12w, https:\/\/www.yongyukitchenware.com\/wp-content\/uploads\/2025\/02\/whlolesale-chafing-dish-with-stand-600x600.webp 600w, https:\/\/www.yongyukitchenware.com\/wp-content\/uploads\/2025\/02\/whlolesale-chafing-dish-with-stand-100x100.webp 100w\" sizes=\"(max-width: 800px) 100vw, 800px\" \/><\/figure>\n<\/div>\n<\/div>","protected":false},"excerpt":{"rendered":"<div class=\"flex max-w-full flex-col flex-grow\">\n<div class=\"min-h-8 text-message flex w-full flex-col items-end gap-2 whitespace-normal break-words text-start [.text-message+&amp;]:mt-5\" dir=\"auto\" data-message-author-role=\"assistant\" data-message-id=\"e07a47d1-8143-4d76-a750-70f60d252df1\" data-message-model-slug=\"gpt-4o\">\n<div class=\"flex w-full flex-col gap-1 empty:hidden first:pt-[3px]\">\n<div class=\"markdown prose w-full break-words dark:prose-invert dark\">\n<div data-zone-id=\"0\" data-line-index=\"0\" data-line=\"true\">Fabrik direkte Gro\u00dfhandel Chafing Dish mit Stand, mit einem abnehmbaren Deckel, ein klassischer Stil f\u00fcr Buffet Catering. Hergestellt aus hochwertigem Edelstahl, besten Rabatt f\u00fcr Bulk benutzerdefinierte, erhalten Sie eine kostenlose Anfrage jetzt!<\/div>\n<\/div>\n<\/div>\n<\/div>\n<\/div>\n<h2><!-- wp:heading --><\/h2>\n<h2 class=\"wp-block-heading\">Chafing Dish mit St\u00e4nder Attribute:<\/h2>\n<h2><!-- \/wp:heading --><\/p>\n<p><!-- wp:paragraph --><\/h2>\n<p><strong>Material: <\/strong>Rostfreier Stahl<br \/><strong>Farbe: <\/strong>Silber<br \/><strong>Die Form:<\/strong> Rechteck<br \/><strong>W\u00e4rme: <\/strong>Elektrische Heizung\/Alkoholheizung<br \/><strong>Chafer Pan: <\/strong>Einzel\/Doppel\/Drei Raster<br \/><strong>OEM\/ODM: <\/strong>Verf\u00fcgbar<\/p>\n<h2 class=\"wp-block-heading\">Von Yongyu Chafing Dish Hersteller :<\/h2>\n<p>Ob es sich um einen Catering-Service-Anbieter, Hotel und Restaurant, oder Event-Planung Unternehmen, bieten wir komplette Chafing Gerichte Gro\u00dfhandel benutzerdefinierte L\u00f6sungen, um Ihr Unternehmen mit hochwertigen Fabrik Preise!<\/p>\n<h2><!-- \/wp:paragraph --><\/h2>","protected":false},"featured_media":3035,"comment_status":"closed","ping_status":"closed","template":"","meta":{"_acf_changed":false},"application":[30],"product_brand":[],"product_cat":[33],"product_tag":[],"class_list":{"0":"post-3031","1":"product","2":"type-product","3":"status-publish","4":"has-post-thumbnail","6":"application-hotel-catering","7":"product_cat-chafing-dishes-wholesale","9":"first","10":"instock","11":"shipping-taxable","12":"product-type-simple"},"acf":[],"_links":{"self":[{"href":"https:\/\/www.yongyukitchenware.com\/de\/wp-json\/wp\/v2\/product\/3031","targetHints":{"allow":["GET"]}}],"collection":[{"href":"https:\/\/www.yongyukitchenware.com\/de\/wp-json\/wp\/v2\/product"}],"about":[{"href":"https:\/\/www.yongyukitchenware.com\/de\/wp-json\/wp\/v2\/types\/product"}],"replies":[{"embeddable":true,"href":"https:\/\/www.yongyukitchenware.com\/de\/wp-json\/wp\/v2\/comments?post=3031"}],"wp:featuredmedia":[{"embeddable":true,"href":"https:\/\/www.yongyukitchenware.com\/de\/wp-json\/wp\/v2\/media\/3035"}],"wp:attachment":[{"href":"https:\/\/www.yongyukitchenware.com\/de\/wp-json\/wp\/v2\/media?parent=3031"}],"wp:term":[{"taxonomy":"application","embeddable":true,"href":"https:\/\/www.yongyukitchenware.com\/de\/wp-json\/wp\/v2\/application?post=3031"},{"taxonomy":"product_brand","embeddable":true,"href":"https:\/\/www.yongyukitchenware.com\/de\/wp-json\/wp\/v2\/product_brand?post=3031"},{"taxonomy":"product_cat","embeddable":true,"href":"https:\/\/www.yongyukitchenware.com\/de\/wp-json\/wp\/v2\/product_cat?post=3031"},{"taxonomy":"product_tag","embeddable":true,"href":"https:\/\/www.yongyukitchenware.com\/de\/wp-json\/wp\/v2\/product_tag?post=3031"}],"curies":[{"name":"wp","href":"https:\/\/api.w.org\/{rel}","templated":true}]}}