{"id":3173,"date":"2025-03-22T02:05:05","date_gmt":"2025-03-22T02:05:05","guid":{"rendered":"https:\/\/www.yongyukitchenware.com\/?post_type=product&#038;p=3173"},"modified":"2025-06-13T06:37:48","modified_gmt":"2025-06-13T06:37:48","slug":"bulk-egg-shaped-plate","status":"publish","type":"product","link":"https:\/\/www.yongyukitchenware.com\/de\/produkt\/bulk-egg-shaped-plate\/","title":{"rendered":"Bulk-Edelstahl-Ei f\u00f6rmige Platte ged\u00fcnstet Fischplatte"},"content":{"rendered":"<div class=\"wp-block-columns is-layout-flex wp-container-core-columns-is-layout-9d6595d7 wp-block-columns-is-layout-flex\">\n<div class=\"wp-block-column is-layout-flow wp-block-column-is-layout-flow\">\n<h2 class=\"wp-block-heading\">Bulk-Edelstahl-Ei f\u00f6rmige Platte Gr\u00f6\u00dfe:<\/h2>\n\n\n\n<figure class=\"wp-block-table\"><table class=\"has-fixed-layout\"><tbody><tr><td>Modell<\/td><td>Gr\u00f6\u00dfe<\/td><td>Durchmesser<\/td><td>Gewicht<\/td><td>MOQ<\/td><\/tr><tr><td rowspan=\"5\">DY057-P<\/td><td>15cm<\/td><td>25cm<\/td><td>220g<\/td><td rowspan=\"5\">200 STCK.<\/td><\/tr><tr><td>17cm<\/td><td>27cm<\/td><td>272g<\/td><\/tr><tr><td>19cm<\/td><td>29cm<\/td><td>315g<\/td><\/tr><tr><td>21cm<\/td><td>34cm<\/td><td>460g<\/td><\/tr><tr><td>23cm<\/td><td>39cm<\/td><td>590g<\/td><\/tr><\/tbody><\/table><\/figure>\n\n\n\n<h2 class=\"wp-block-heading\">Bulk-Edelstahl-Ei f\u00f6rmige Platte Merkmale:<\/h2>\n\n\n\n<p><strong>Hochwertiger Edelstahl in Lebensmittelqualit\u00e4t\uff1a<\/strong> Hergestellt aus hochwertigem, lebensmittelechtem Edelstahl, mit hoher Korrosionsbest\u00e4ndigkeit. Geruchsneutral, sicher und sehr langlebig f\u00fcr eine lange Nutzung.<\/p>\n\n\n\n<p><strong>Ergonomisches eif\u00f6rmiges Design\uff1a<\/strong> Die durchdachte Eiform erleichtert das Anrichten und Servieren von langen oder intakten Zutaten wie ged\u00fcnstetem Fisch oder Gem\u00fcse.<\/p>\n\n\n\n<p><strong>Feinzeichnung und Polierverfahren\uff1a<\/strong> Die glatte, feine Oberfl\u00e4che ist kratzfest und leicht zu reinigen, so dass das elegante Aussehen langfristig erhalten bleibt.<\/p>\n\n\n\n<p><strong>Glatte abgerundete Kanten\uff1a<\/strong> Sorgf\u00e4ltig abgerundete Kanten erm\u00f6glichen eine sichere Handhabung und vermeiden Kratzer oder Schnittwunden bei der Benutzung oder Reinigung.<\/p>\n\n\n\n<p><strong>Stabiler flacher Boden\uff1a <\/strong>Starker, flacher Boden f\u00fcr festen Stand auf jeder Oberfl\u00e4che. Ideal f\u00fcr die direkte Erw\u00e4rmung, daher bequem zum Servieren und Kochen.<\/p>\n<\/div>\n\n\n\n<div class=\"wp-block-column is-layout-flow wp-block-column-is-layout-flow\">\n<figure class=\"wp-block-image size-full is-resized\"><img decoding=\"async\" width=\"800\" height=\"800\" src=\"https:\/\/www.yongyukitchenware.com\/wp-content\/uploads\/2025\/03\/Bulk-Stainless-Steel-Egg-Shaped-Plate-4.webp\" alt=\"Sch\u00fcttgut-Ei aus rostfreiem Stahl - Platte 4\" class=\"wp-image-3177\" style=\"width:384px;height:auto\" srcset=\"https:\/\/www.yongyukitchenware.com\/wp-content\/uploads\/2025\/03\/Bulk-Stainless-Steel-Egg-Shaped-Plate-4.webp 800w, https:\/\/www.yongyukitchenware.com\/wp-content\/uploads\/2025\/03\/Bulk-Stainless-Steel-Egg-Shaped-Plate-4-300x300.webp 300w, https:\/\/www.yongyukitchenware.com\/wp-content\/uploads\/2025\/03\/Bulk-Stainless-Steel-Egg-Shaped-Plate-4-150x150.webp 150w, https:\/\/www.yongyukitchenware.com\/wp-content\/uploads\/2025\/03\/Bulk-Stainless-Steel-Egg-Shaped-Plate-4-768x768.webp 768w, https:\/\/www.yongyukitchenware.com\/wp-content\/uploads\/2025\/03\/Bulk-Stainless-Steel-Egg-Shaped-Plate-4-12x12.webp 12w, https:\/\/www.yongyukitchenware.com\/wp-content\/uploads\/2025\/03\/Bulk-Stainless-Steel-Egg-Shaped-Plate-4-600x600.webp 600w, https:\/\/www.yongyukitchenware.com\/wp-content\/uploads\/2025\/03\/Bulk-Stainless-Steel-Egg-Shaped-Plate-4-100x100.webp 100w\" sizes=\"(max-width: 800px) 100vw, 800px\" \/><\/figure>\n\n\n\n<figure class=\"wp-block-image size-full is-resized\"><img decoding=\"async\" width=\"800\" height=\"800\" src=\"https:\/\/www.yongyukitchenware.com\/wp-content\/uploads\/2025\/03\/Bulk-Stainless-Steel-Egg-Shaped-Plate-5.webp\" alt=\"Sch\u00fcttgut-Ei aus rostfreiem Stahl - Platte 5\" class=\"wp-image-3178\" style=\"width:384px\" srcset=\"https:\/\/www.yongyukitchenware.com\/wp-content\/uploads\/2025\/03\/Bulk-Stainless-Steel-Egg-Shaped-Plate-5.webp 800w, https:\/\/www.yongyukitchenware.com\/wp-content\/uploads\/2025\/03\/Bulk-Stainless-Steel-Egg-Shaped-Plate-5-300x300.webp 300w, https:\/\/www.yongyukitchenware.com\/wp-content\/uploads\/2025\/03\/Bulk-Stainless-Steel-Egg-Shaped-Plate-5-150x150.webp 150w, https:\/\/www.yongyukitchenware.com\/wp-content\/uploads\/2025\/03\/Bulk-Stainless-Steel-Egg-Shaped-Plate-5-768x768.webp 768w, https:\/\/www.yongyukitchenware.com\/wp-content\/uploads\/2025\/03\/Bulk-Stainless-Steel-Egg-Shaped-Plate-5-12x12.webp 12w, https:\/\/www.yongyukitchenware.com\/wp-content\/uploads\/2025\/03\/Bulk-Stainless-Steel-Egg-Shaped-Plate-5-600x600.webp 600w, https:\/\/www.yongyukitchenware.com\/wp-content\/uploads\/2025\/03\/Bulk-Stainless-Steel-Egg-Shaped-Plate-5-100x100.webp 100w\" sizes=\"(max-width: 800px) 100vw, 800px\" \/><\/figure>\n<\/div>\n<\/div>","protected":false},"excerpt":{"rendered":"<div class=\"n4sEPd\">\n<div class=\"UdTY9 qhIQqf leDWne\" aria-hidden=\"true\" data-location=\"1\">Bulk Edelstahl eif\u00f6rmige Platte, benutzerdefinierte und Gro\u00dfhandel, direkt von Geschirr Fabrik geliefert. Unterst\u00fctzung der Anpassung mit mehreren Gr\u00f6\u00dfen und Farben zur Verf\u00fcgung. Ideal zum Servieren von ged\u00fcnstetem Fisch und verschiedenen Gerichten. One-Stop-Beschaffungsservice f\u00fcr E-Commerce-Verk\u00e4ufer verf\u00fcgbar. Willkommen zu erkundigen!<\/div>\n<\/div>\n<h2 style=\"text-align: left\">Bulk-Edelstahl-Ei f\u00f6rmige Platte:<\/h2>\n<p style=\"text-align: left\"><strong>Material:<\/strong> Rostfreier Stahl<br \/><strong>L\u00e4nge:<\/strong>15\/17\/19\/21\/23cm<br \/><strong>Die Form:<\/strong> Ei-Form<br \/><strong>Verpacken:<\/strong> OPP-Beutel und -Karton<br \/><strong>OEM\/ODM:<\/strong> Verf\u00fcgbar<\/p>\n<h2 class=\"wp-block-heading\">Von Yongyu Tableware Wholesaler:<\/h2>\n<p>Yongyu Tableware Wholesaler kann die Bed\u00fcrfnisse von Gro\u00dfabnehmern erf\u00fcllen und eine hochwertige Gro\u00dfhandelsserie f\u00fcr Gastronomiebedarf anbieten, die Eleganz und Langlebigkeit vereint. Einschlie\u00dflich Geschirr, Getr\u00e4nke, Catering-Ausr\u00fcstung, K\u00fcchenutensilien, Camp-K\u00fcchenbedarf, etc.<\/p>","protected":false},"featured_media":3174,"comment_status":"closed","ping_status":"closed","template":"","meta":{"_acf_changed":true},"application":[29],"product_brand":[],"product_cat":[21],"product_tag":[],"class_list":{"0":"post-3173","1":"product","2":"type-product","3":"status-publish","4":"has-post-thumbnail","6":"application-home-kitchen","7":"product_cat-tableware-wholesale","9":"first","10":"instock","11":"shipping-taxable","12":"product-type-simple"},"acf":[],"_links":{"self":[{"href":"https:\/\/www.yongyukitchenware.com\/de\/wp-json\/wp\/v2\/product\/3173","targetHints":{"allow":["GET"]}}],"collection":[{"href":"https:\/\/www.yongyukitchenware.com\/de\/wp-json\/wp\/v2\/product"}],"about":[{"href":"https:\/\/www.yongyukitchenware.com\/de\/wp-json\/wp\/v2\/types\/product"}],"replies":[{"embeddable":true,"href":"https:\/\/www.yongyukitchenware.com\/de\/wp-json\/wp\/v2\/comments?post=3173"}],"wp:featuredmedia":[{"embeddable":true,"href":"https:\/\/www.yongyukitchenware.com\/de\/wp-json\/wp\/v2\/media\/3174"}],"wp:attachment":[{"href":"https:\/\/www.yongyukitchenware.com\/de\/wp-json\/wp\/v2\/media?parent=3173"}],"wp:term":[{"taxonomy":"application","embeddable":true,"href":"https:\/\/www.yongyukitchenware.com\/de\/wp-json\/wp\/v2\/application?post=3173"},{"taxonomy":"product_brand","embeddable":true,"href":"https:\/\/www.yongyukitchenware.com\/de\/wp-json\/wp\/v2\/product_brand?post=3173"},{"taxonomy":"product_cat","embeddable":true,"href":"https:\/\/www.yongyukitchenware.com\/de\/wp-json\/wp\/v2\/product_cat?post=3173"},{"taxonomy":"product_tag","embeddable":true,"href":"https:\/\/www.yongyukitchenware.com\/de\/wp-json\/wp\/v2\/product_tag?post=3173"}],"curies":[{"name":"wp","href":"https:\/\/api.w.org\/{rel}","templated":true}]}}