{"id":3181,"date":"2025-03-22T02:17:12","date_gmt":"2025-03-22T02:17:12","guid":{"rendered":"https:\/\/www.yongyukitchenware.com\/?post_type=product&#038;p=3181"},"modified":"2025-06-13T06:30:40","modified_gmt":"2025-06-13T06:30:40","slug":"bulk-egg-shaped-tray","status":"publish","type":"product","link":"https:\/\/www.yongyukitchenware.com\/de\/produkt\/bulk-egg-shaped-tray\/","title":{"rendered":"Bulk Edelstahl Ei geformt Tablett Lebensmittel servieren Tablett Schale"},"content":{"rendered":"<div class=\"wp-block-columns is-layout-flex wp-container-core-columns-is-layout-9d6595d7 wp-block-columns-is-layout-flex\">\n<div class=\"wp-block-column is-layout-flow wp-block-column-is-layout-flow\">\n<h2 class=\"wp-block-heading\">Bulk Edelstahl Ei-f\u00f6rmigen Tablett Gr\u00f6\u00dfe:<\/h2>\n\n\n\n<figure class=\"wp-block-table\"><table class=\"has-fixed-layout\"><tbody><tr><td>Modell<\/td><td>Gr\u00f6\u00dfe(L\u00e4nge * Breite)<\/td><td>H\u00f6he<\/td><td>MOQ<\/td><\/tr><tr><td rowspan=\"4\">DY053-P<\/td><td>20*14.4cm<\/td><td rowspan=\"4\">1cm<\/td><td rowspan=\"4\">200 STCK.<\/td><\/tr><tr><td>26,6*19,5cm<\/td><\/tr><tr><td>28,7*22cm<\/td><\/tr><tr><td>31*25cm<\/td><\/tr><\/tbody><\/table><\/figure>\n\n\n\n<h2 class=\"wp-block-heading\">Bulk Edelstahl Ei-f\u00f6rmigen Tablett Merkmale:<\/h2>\n\n\n\n<p><strong>Premium-Edelstahl in Lebensmittelqualit\u00e4t<\/strong>\uff1a Hergestellt aus hochwertigem, lebensmittelechtem Edelstahl, der mehr Korrosionsbest\u00e4ndigkeit bietet. Geruchsneutral, ungiftig und langlebig, perfekt f\u00fcr den gewerblichen und privaten Gebrauch.<br><strong>Innovatives eif\u00f6rmiges Design<\/strong>\uff1a Ergonomisches Eierdesign, ideal zum Anrichten von langen oder d\u00fcnnen Zutaten, wie ged\u00fcnstetem Fisch, Sushi oder Vorspeisen, im Handumdrehen.<br><strong>Verfeinertes Zeichnungs- und Polierverfahren<\/strong>\uff1a Glatte und glatte Oberfl\u00e4che durch hochwertiges Ziehen und Polieren, wodurch eine saubere, leicht zu reinigende Oberfl\u00e4che entsteht, die resistent gegen Flecken und Kratzer ist.<br><strong>Glatte, abgerundete Kanten<\/strong>\uff1a Die glatten und abgerundeten Kanten sorgen f\u00fcr einen sicheren Halt, ohne dass die Gefahr besteht, sich bei der Handhabung die H\u00e4nde zu verletzen, was Sicherheit und Benutzerfreundlichkeit garantiert.<br><strong>Stabile flache Basis f\u00fcr Flexibilit\u00e4t<\/strong>\uff1a Die flache Bodenkonstruktion bietet hervorragende Stabilit\u00e4t. Das Tablett kann sicher auf jede Unterlage gestellt und direkt mit ihr erhitzt werden, was Flexibilit\u00e4t beim Servieren und Kochen bietet.<\/p>\n<\/div>\n\n\n\n<div class=\"wp-block-column is-layout-flow wp-block-column-is-layout-flow\">\n<figure class=\"wp-block-image size-full is-resized\"><img decoding=\"async\" width=\"800\" height=\"800\" src=\"https:\/\/www.yongyukitchenware.com\/wp-content\/uploads\/2025\/03\/Bulk-Stainless-Steel-Egg-Shaped-Tray-4.webp\" alt=\"Bulk-Ei-Tray-4 aus Edelstahl\" class=\"wp-image-3185\" style=\"width:384px;height:auto\" srcset=\"https:\/\/www.yongyukitchenware.com\/wp-content\/uploads\/2025\/03\/Bulk-Stainless-Steel-Egg-Shaped-Tray-4.webp 800w, https:\/\/www.yongyukitchenware.com\/wp-content\/uploads\/2025\/03\/Bulk-Stainless-Steel-Egg-Shaped-Tray-4-300x300.webp 300w, https:\/\/www.yongyukitchenware.com\/wp-content\/uploads\/2025\/03\/Bulk-Stainless-Steel-Egg-Shaped-Tray-4-150x150.webp 150w, https:\/\/www.yongyukitchenware.com\/wp-content\/uploads\/2025\/03\/Bulk-Stainless-Steel-Egg-Shaped-Tray-4-768x768.webp 768w, https:\/\/www.yongyukitchenware.com\/wp-content\/uploads\/2025\/03\/Bulk-Stainless-Steel-Egg-Shaped-Tray-4-12x12.webp 12w, https:\/\/www.yongyukitchenware.com\/wp-content\/uploads\/2025\/03\/Bulk-Stainless-Steel-Egg-Shaped-Tray-4-600x600.webp 600w, https:\/\/www.yongyukitchenware.com\/wp-content\/uploads\/2025\/03\/Bulk-Stainless-Steel-Egg-Shaped-Tray-4-100x100.webp 100w\" sizes=\"(max-width: 800px) 100vw, 800px\" \/><\/figure>\n\n\n\n<figure class=\"wp-block-image size-full is-resized\"><img decoding=\"async\" width=\"800\" height=\"800\" src=\"https:\/\/www.yongyukitchenware.com\/wp-content\/uploads\/2025\/03\/Bulk-Stainless-Steel-Egg-Shaped-Tray-5.webp\" alt=\"Sch\u00fcttgut-Ei-Tray-5 aus Edelstahl\" class=\"wp-image-3186\" style=\"width:384px\" srcset=\"https:\/\/www.yongyukitchenware.com\/wp-content\/uploads\/2025\/03\/Bulk-Stainless-Steel-Egg-Shaped-Tray-5.webp 800w, https:\/\/www.yongyukitchenware.com\/wp-content\/uploads\/2025\/03\/Bulk-Stainless-Steel-Egg-Shaped-Tray-5-300x300.webp 300w, https:\/\/www.yongyukitchenware.com\/wp-content\/uploads\/2025\/03\/Bulk-Stainless-Steel-Egg-Shaped-Tray-5-150x150.webp 150w, https:\/\/www.yongyukitchenware.com\/wp-content\/uploads\/2025\/03\/Bulk-Stainless-Steel-Egg-Shaped-Tray-5-768x768.webp 768w, https:\/\/www.yongyukitchenware.com\/wp-content\/uploads\/2025\/03\/Bulk-Stainless-Steel-Egg-Shaped-Tray-5-12x12.webp 12w, https:\/\/www.yongyukitchenware.com\/wp-content\/uploads\/2025\/03\/Bulk-Stainless-Steel-Egg-Shaped-Tray-5-600x600.webp 600w, https:\/\/www.yongyukitchenware.com\/wp-content\/uploads\/2025\/03\/Bulk-Stainless-Steel-Egg-Shaped-Tray-5-100x100.webp 100w\" sizes=\"(max-width: 800px) 100vw, 800px\" \/><\/figure>\n<\/div>\n<\/div>\n\n\n\n<p><\/p>","protected":false},"excerpt":{"rendered":"<div class=\"n4sEPd\">\n<div class=\"UdTY9 qhIQqf leDWne\" aria-hidden=\"true\" data-location=\"1\">Bulk Edelstahl eif\u00f6rmigen Tablett, Fabrik direktes Angebot mit anpassbaren Gr\u00f6\u00dfen und Farben. Ideal zum Servieren von Meeresfr\u00fcchten, Vorspeisen und mehr. Perfekt f\u00fcr Restaurants, Hotels und Catering. One-Stop-Beschaffungsservice f\u00fcr E-Commerce-Verk\u00e4ufer. Kontaktieren Sie uns f\u00fcr Details!<\/div>\n<\/div>\n<h2 style=\"text-align: left\">Bulk Edelstahl Ei-f\u00f6rmigen Tablett:<\/h2>\n<p style=\"text-align: left\"><strong>Material:<\/strong> Rostfreier Stahl<br \/><strong>L\u00e4nge:<\/strong>20\/26\/28\/31cm<br \/><strong>Die Form:<\/strong> Ei-Form<br \/><strong>Verpacken:<\/strong> OPP-Beutel und -Karton<br \/><strong>OEM\/ODM:<\/strong> Verf\u00fcgbar<\/p>\n<h2 class=\"wp-block-heading\">Von Yongyu Tableware Wholesaler:<\/h2>\n<p>Yongyu Tableware Wholesaler kann die Bed\u00fcrfnisse von Gro\u00dfabnehmern erf\u00fcllen und eine hochwertige Gro\u00dfhandelsserie f\u00fcr Gastronomiebedarf anbieten, die Eleganz und Langlebigkeit vereint. Einschlie\u00dflich Geschirr, Getr\u00e4nke, Catering-Ausr\u00fcstung, K\u00fcchenutensilien, Camp-K\u00fcchenbedarf, etc.<\/p>","protected":false},"featured_media":3182,"comment_status":"closed","ping_status":"closed","template":"","meta":{"_acf_changed":false},"application":[29],"product_brand":[],"product_cat":[21],"product_tag":[],"class_list":{"0":"post-3181","1":"product","2":"type-product","3":"status-publish","4":"has-post-thumbnail","6":"application-home-kitchen","7":"product_cat-tableware-wholesale","9":"first","10":"instock","11":"shipping-taxable","12":"product-type-simple"},"acf":[],"_links":{"self":[{"href":"https:\/\/www.yongyukitchenware.com\/de\/wp-json\/wp\/v2\/product\/3181","targetHints":{"allow":["GET"]}}],"collection":[{"href":"https:\/\/www.yongyukitchenware.com\/de\/wp-json\/wp\/v2\/product"}],"about":[{"href":"https:\/\/www.yongyukitchenware.com\/de\/wp-json\/wp\/v2\/types\/product"}],"replies":[{"embeddable":true,"href":"https:\/\/www.yongyukitchenware.com\/de\/wp-json\/wp\/v2\/comments?post=3181"}],"wp:featuredmedia":[{"embeddable":true,"href":"https:\/\/www.yongyukitchenware.com\/de\/wp-json\/wp\/v2\/media\/3182"}],"wp:attachment":[{"href":"https:\/\/www.yongyukitchenware.com\/de\/wp-json\/wp\/v2\/media?parent=3181"}],"wp:term":[{"taxonomy":"application","embeddable":true,"href":"https:\/\/www.yongyukitchenware.com\/de\/wp-json\/wp\/v2\/application?post=3181"},{"taxonomy":"product_brand","embeddable":true,"href":"https:\/\/www.yongyukitchenware.com\/de\/wp-json\/wp\/v2\/product_brand?post=3181"},{"taxonomy":"product_cat","embeddable":true,"href":"https:\/\/www.yongyukitchenware.com\/de\/wp-json\/wp\/v2\/product_cat?post=3181"},{"taxonomy":"product_tag","embeddable":true,"href":"https:\/\/www.yongyukitchenware.com\/de\/wp-json\/wp\/v2\/product_tag?post=3181"}],"curies":[{"name":"wp","href":"https:\/\/api.w.org\/{rel}","templated":true}]}}