{"id":3193,"date":"2025-03-28T01:21:00","date_gmt":"2025-03-28T01:21:00","guid":{"rendered":"https:\/\/www.yongyukitchenware.com\/?post_type=product&#038;p=3193"},"modified":"2025-06-13T06:27:40","modified_gmt":"2025-06-13T06:27:40","slug":"bulk-stainless-steel-square-snack-box-dessert-plate-with-handle","status":"publish","type":"product","link":"https:\/\/www.yongyukitchenware.com\/de\/produkt\/bulk-stainless-steel-square-snack-box-dessert-plate-with-handle\/","title":{"rendered":"Bulk Edelstahl Quadrat Snack Box Dessert Teller mit Griff"},"content":{"rendered":"<div class=\"wp-block-columns is-layout-flex wp-container-core-columns-is-layout-9d6595d7 wp-block-columns-is-layout-flex\">\n<div class=\"wp-block-column is-layout-flow wp-block-column-is-layout-flow\">\n<h2 class=\"wp-block-heading\">Quadratische Snackbox aus Edelstahl in loser Sch\u00fcttung Gr\u00f6\u00dfe:<\/h2>\n\n\n\n<figure class=\"wp-block-table\"><table class=\"has-fixed-layout\"><tbody><tr><td>Modell<\/td><td>Gr\u00f6\u00dfe(L\u00e4nge*Breite)<\/td><td>H\u00f6he<\/td><td>MOQ<\/td><\/tr><tr><td rowspan=\"2\">DY056-P<\/td><td>11,5*10,5cm<\/td><td>4,2 cm<\/td><td rowspan=\"2\">200 STCK.<\/td><\/tr><tr><td>18*10cm<\/td><td>4,5 cm<\/td><\/tr><\/tbody><\/table><\/figure>\n\n\n\n<h2 class=\"wp-block-heading\">Bulk Edelstahl Quadrat Snack Box Features:<\/h2>\n\n\n\n<p><strong>Premium-Edelstahl: <\/strong>Hergestellt aus lebensmittelechtem Edelstahl, der korrosionsbest\u00e4ndig, geruchsneutral und langlebig ist.<\/p>\n\n\n\n<p><strong>Tiefes Tablett-Design:<\/strong> Breites, auslaufsicheres Design, das mehr Lebensmittel ohne Auslaufrisiko aufnehmen kann.<\/p>\n\n\n\n<p><strong>Zeichnung und Polierverfahren:<\/strong> Glatte, weiche Textur, die leicht zu reinigen und zu pflegen ist.<\/p>\n\n\n\n<p><strong>Abgerundete Kanten: <\/strong>Sicher, geschmeidig und leicht zu handhaben, ohne dass es zu Handverletzungen kommt.<\/p>\n\n\n\n<p><strong>Flaches Bodendesign: <\/strong>Stabiler, flacher Boden f\u00fcr festen Stand und sicheres direktes Erhitzen.<\/p>\n<\/div>\n\n\n\n<div class=\"wp-block-column is-layout-flow wp-block-column-is-layout-flow\">\n<figure class=\"wp-block-image size-full is-resized\"><img decoding=\"async\" width=\"800\" height=\"800\" src=\"https:\/\/www.yongyukitchenware.com\/wp-content\/uploads\/2025\/03\/Bulk-Stainless-Steel-Square-Snack-Box-8.webp\" alt=\"Bulk-Edelstahl-Quadrat-Snack-Box-8\" class=\"wp-image-3208\" style=\"width:384px;height:auto\" srcset=\"https:\/\/www.yongyukitchenware.com\/wp-content\/uploads\/2025\/03\/Bulk-Stainless-Steel-Square-Snack-Box-8.webp 800w, https:\/\/www.yongyukitchenware.com\/wp-content\/uploads\/2025\/03\/Bulk-Stainless-Steel-Square-Snack-Box-8-300x300.webp 300w, https:\/\/www.yongyukitchenware.com\/wp-content\/uploads\/2025\/03\/Bulk-Stainless-Steel-Square-Snack-Box-8-150x150.webp 150w, https:\/\/www.yongyukitchenware.com\/wp-content\/uploads\/2025\/03\/Bulk-Stainless-Steel-Square-Snack-Box-8-768x768.webp 768w, https:\/\/www.yongyukitchenware.com\/wp-content\/uploads\/2025\/03\/Bulk-Stainless-Steel-Square-Snack-Box-8-12x12.webp 12w, https:\/\/www.yongyukitchenware.com\/wp-content\/uploads\/2025\/03\/Bulk-Stainless-Steel-Square-Snack-Box-8-600x600.webp 600w, https:\/\/www.yongyukitchenware.com\/wp-content\/uploads\/2025\/03\/Bulk-Stainless-Steel-Square-Snack-Box-8-100x100.webp 100w\" sizes=\"(max-width: 800px) 100vw, 800px\" \/><\/figure>\n\n\n\n<figure class=\"wp-block-image size-full is-resized\"><img decoding=\"async\" width=\"800\" height=\"800\" src=\"https:\/\/www.yongyukitchenware.com\/wp-content\/uploads\/2025\/03\/Bulk-Stainless-Steel-Square-Snack-Box-7.webp\" alt=\"Bulk-Edelstahl-Quadrat-Snack-Box-7\" class=\"wp-image-3207\" style=\"width:384px\" srcset=\"https:\/\/www.yongyukitchenware.com\/wp-content\/uploads\/2025\/03\/Bulk-Stainless-Steel-Square-Snack-Box-7.webp 800w, https:\/\/www.yongyukitchenware.com\/wp-content\/uploads\/2025\/03\/Bulk-Stainless-Steel-Square-Snack-Box-7-300x300.webp 300w, https:\/\/www.yongyukitchenware.com\/wp-content\/uploads\/2025\/03\/Bulk-Stainless-Steel-Square-Snack-Box-7-150x150.webp 150w, https:\/\/www.yongyukitchenware.com\/wp-content\/uploads\/2025\/03\/Bulk-Stainless-Steel-Square-Snack-Box-7-768x768.webp 768w, https:\/\/www.yongyukitchenware.com\/wp-content\/uploads\/2025\/03\/Bulk-Stainless-Steel-Square-Snack-Box-7-12x12.webp 12w, https:\/\/www.yongyukitchenware.com\/wp-content\/uploads\/2025\/03\/Bulk-Stainless-Steel-Square-Snack-Box-7-600x600.webp 600w, https:\/\/www.yongyukitchenware.com\/wp-content\/uploads\/2025\/03\/Bulk-Stainless-Steel-Square-Snack-Box-7-100x100.webp 100w\" sizes=\"(max-width: 800px) 100vw, 800px\" \/><\/figure>\n<\/div>\n<\/div>","protected":false},"excerpt":{"rendered":"<div class=\"n4sEPd\">\n<div class=\"UdTY9 qhIQqf leDWne\" aria-hidden=\"true\" data-location=\"1\">Kundenspezifische quadratische Snackboxen aus Edelstahl f\u00fcr den Gro\u00dfhandel, direkt von der Geschirrfabrik geliefert. Wir bieten eine Vielzahl von Gr\u00f6\u00dfen und Farben, mit vollst\u00e4ndigen Anpassungsm\u00f6glichkeiten. Genie\u00dfen Sie Beschaffungsdienste aus einer Hand f\u00fcr E-Commerce-Verk\u00e4ufer. Fragen Sie jetzt an!<\/div>\n<\/div>\n<h2 style=\"text-align: left\">Quadratische Snack-Box aus Edelstahl in loser Sch\u00fcttung:<\/h2>\n<p style=\"text-align: left\"><strong>Material:<\/strong> Rostfreier Stahl<br \/><span style=\"margin: 0px;padding: 0px\"><strong>L\u00e4nge:<\/strong> 11.5<\/span>\/18cm<br \/><strong>Die Form:<\/strong> Rechteckige\/quadratische Form<br \/><strong>Verpacken:<\/strong> OPP-Beutel und -Karton<br \/><strong>OEM\/ODM:<\/strong> Verf\u00fcgbar<\/p>\n<h2 class=\"wp-block-heading\">Von Yongyu Tableware Wholesaler:<\/h2>\n<p>Yongyu Tableware Wholesaler kann die Bed\u00fcrfnisse von Gro\u00dfabnehmern erf\u00fcllen und eine hochwertige Gro\u00dfhandelsserie f\u00fcr Gastronomiebedarf anbieten, die Eleganz und Langlebigkeit vereint. Einschlie\u00dflich Geschirr, Getr\u00e4nke, Catering-Ausr\u00fcstung, K\u00fcchenutensilien, Camp-K\u00fcchenbedarf, etc.<\/p>","protected":false},"featured_media":3201,"comment_status":"closed","ping_status":"closed","template":"","meta":{"_acf_changed":false},"application":[29],"product_brand":[],"product_cat":[21],"product_tag":[],"class_list":{"0":"post-3193","1":"product","2":"type-product","3":"status-publish","4":"has-post-thumbnail","6":"application-home-kitchen","7":"product_cat-tableware-wholesale","9":"first","10":"instock","11":"shipping-taxable","12":"product-type-simple"},"acf":[],"_links":{"self":[{"href":"https:\/\/www.yongyukitchenware.com\/de\/wp-json\/wp\/v2\/product\/3193","targetHints":{"allow":["GET"]}}],"collection":[{"href":"https:\/\/www.yongyukitchenware.com\/de\/wp-json\/wp\/v2\/product"}],"about":[{"href":"https:\/\/www.yongyukitchenware.com\/de\/wp-json\/wp\/v2\/types\/product"}],"replies":[{"embeddable":true,"href":"https:\/\/www.yongyukitchenware.com\/de\/wp-json\/wp\/v2\/comments?post=3193"}],"wp:featuredmedia":[{"embeddable":true,"href":"https:\/\/www.yongyukitchenware.com\/de\/wp-json\/wp\/v2\/media\/3201"}],"wp:attachment":[{"href":"https:\/\/www.yongyukitchenware.com\/de\/wp-json\/wp\/v2\/media?parent=3193"}],"wp:term":[{"taxonomy":"application","embeddable":true,"href":"https:\/\/www.yongyukitchenware.com\/de\/wp-json\/wp\/v2\/application?post=3193"},{"taxonomy":"product_brand","embeddable":true,"href":"https:\/\/www.yongyukitchenware.com\/de\/wp-json\/wp\/v2\/product_brand?post=3193"},{"taxonomy":"product_cat","embeddable":true,"href":"https:\/\/www.yongyukitchenware.com\/de\/wp-json\/wp\/v2\/product_cat?post=3193"},{"taxonomy":"product_tag","embeddable":true,"href":"https:\/\/www.yongyukitchenware.com\/de\/wp-json\/wp\/v2\/product_tag?post=3193"}],"curies":[{"name":"wp","href":"https:\/\/api.w.org\/{rel}","templated":true}]}}