{"id":3230,"date":"2025-03-22T01:22:49","date_gmt":"2025-03-22T01:22:49","guid":{"rendered":"https:\/\/www.yongyukitchenware.com\/?post_type=product&#038;p=3230"},"modified":"2025-07-10T10:00:23","modified_gmt":"2025-07-10T10:00:23","slug":"wholesale-silver-stainless-steel-round-tray","status":"publish","type":"product","link":"https:\/\/www.yongyukitchenware.com\/de\/produkt\/wholesale-silver-stainless-steel-round-tray\/","title":{"rendered":"Gro\u00dfhandel Silber Edelstahl Runde Tablett servieren Gericht Pizza Teller"},"content":{"rendered":"<div class=\"wp-block-columns is-layout-flex wp-container-core-columns-is-layout-9d6595d7 wp-block-columns-is-layout-flex\">\n<div class=\"wp-block-column is-layout-flow wp-block-column-is-layout-flow\">\n<h2 class=\"wp-block-heading\">Gro\u00dfhandel Silber Edelstahl Runde Tablett Gr\u00f6\u00dfe:<\/h2>\n\n\n\n<figure class=\"wp-block-table\"><table class=\"has-fixed-layout\"><tbody><tr><td>Modell<\/td><td>Gr\u00f6\u00dfe<\/td><td>Gewicht<\/td><td>MOQ<\/td><\/tr><tr><td rowspan=\"6\">DY049-P<\/td><td>14cm<\/td><td>85g<\/td><td rowspan=\"6\">300 STCK.<\/td><\/tr><tr><td>17cm<\/td><td>126g<\/td><\/tr><tr><td>20cm<\/td><td>172g<\/td><\/tr><tr><td>23cm<\/td><td>215g<\/td><\/tr><tr><td>26cm<\/td><td>287g<\/td><\/tr><tr><td>30cm<\/td><td>378g<\/td><\/tr><\/tbody><\/table><\/figure>\n\n\n\n<h2 class=\"wp-block-heading\">Gro\u00dfhandel Silber Edelstahl Runde Tablett Merkmale:<\/h2>\n\n\n\n<p><strong>Hochwertige Qualit\u00e4t<\/strong> <strong>Rostfreier Stahl<\/strong>: Hergestellt aus hochwertigem, lebensmittelechtem Edelstahl mit ausgezeichneter Korrosionsbest\u00e4ndigkeit. Geruchsneutral, sicher und \u00e4u\u00dferst langlebig f\u00fcr den langfristigen Gebrauch.<br><strong>Zieh- und Polierverfahren:<\/strong> Durch fortschrittliche Zieh- und Poliertechniken wird es mit einer glatten, zarten Textur hergestellt. Es ist leicht zu reinigen und beh\u00e4lt ein glattes Aussehen.<br><strong>Roll Felge Design:<\/strong> Die abgerundeten und glatten Kanten sorgen f\u00fcr eine sichere Handhabung, verhindern Handverletzungen und erh\u00f6hen den Benutzerkomfort.<br><strong>Integrierte Umformung: <\/strong>Er hat eine nahtlose Konstruktion mit einem flachen, stabilen Boden, der sich nicht verformt. Er ist langlebig und leicht zu reinigen und damit ideal f\u00fcr den t\u00e4glichen Gebrauch.<\/p>\n<\/div>\n\n\n\n<div class=\"wp-block-column is-layout-flow wp-block-column-is-layout-flow\">\n<figure class=\"wp-block-image size-full is-resized\"><img decoding=\"async\" width=\"800\" height=\"800\" src=\"https:\/\/www.yongyukitchenware.com\/wp-content\/uploads\/2025\/03\/Wholesale-Silver-Stainless-Steel-Round-Tray-2.webp\" alt=\"Gro\u00dfhandel-Silber-Edelstahl-Rund-Tray-2\" class=\"wp-image-3232\" style=\"width:384px;height:auto\" srcset=\"https:\/\/www.yongyukitchenware.com\/wp-content\/uploads\/2025\/03\/Wholesale-Silver-Stainless-Steel-Round-Tray-2.webp 800w, https:\/\/www.yongyukitchenware.com\/wp-content\/uploads\/2025\/03\/Wholesale-Silver-Stainless-Steel-Round-Tray-2-300x300.webp 300w, https:\/\/www.yongyukitchenware.com\/wp-content\/uploads\/2025\/03\/Wholesale-Silver-Stainless-Steel-Round-Tray-2-150x150.webp 150w, https:\/\/www.yongyukitchenware.com\/wp-content\/uploads\/2025\/03\/Wholesale-Silver-Stainless-Steel-Round-Tray-2-768x768.webp 768w, https:\/\/www.yongyukitchenware.com\/wp-content\/uploads\/2025\/03\/Wholesale-Silver-Stainless-Steel-Round-Tray-2-12x12.webp 12w, https:\/\/www.yongyukitchenware.com\/wp-content\/uploads\/2025\/03\/Wholesale-Silver-Stainless-Steel-Round-Tray-2-600x600.webp 600w, https:\/\/www.yongyukitchenware.com\/wp-content\/uploads\/2025\/03\/Wholesale-Silver-Stainless-Steel-Round-Tray-2-100x100.webp 100w\" sizes=\"(max-width: 800px) 100vw, 800px\" \/><\/figure>\n\n\n\n<figure class=\"wp-block-image size-full is-resized\"><img decoding=\"async\" width=\"800\" height=\"800\" src=\"https:\/\/www.yongyukitchenware.com\/wp-content\/uploads\/2025\/03\/Wholesale-Silver-Stainless-Steel-Round-Tray-8.webp\" alt=\"Gro\u00dfhandel-Silber-Edelstahl-Rund-Tablett-8\" class=\"wp-image-3238\" style=\"width:384px\" srcset=\"https:\/\/www.yongyukitchenware.com\/wp-content\/uploads\/2025\/03\/Wholesale-Silver-Stainless-Steel-Round-Tray-8.webp 800w, https:\/\/www.yongyukitchenware.com\/wp-content\/uploads\/2025\/03\/Wholesale-Silver-Stainless-Steel-Round-Tray-8-300x300.webp 300w, https:\/\/www.yongyukitchenware.com\/wp-content\/uploads\/2025\/03\/Wholesale-Silver-Stainless-Steel-Round-Tray-8-150x150.webp 150w, https:\/\/www.yongyukitchenware.com\/wp-content\/uploads\/2025\/03\/Wholesale-Silver-Stainless-Steel-Round-Tray-8-768x768.webp 768w, https:\/\/www.yongyukitchenware.com\/wp-content\/uploads\/2025\/03\/Wholesale-Silver-Stainless-Steel-Round-Tray-8-12x12.webp 12w, https:\/\/www.yongyukitchenware.com\/wp-content\/uploads\/2025\/03\/Wholesale-Silver-Stainless-Steel-Round-Tray-8-600x600.webp 600w, https:\/\/www.yongyukitchenware.com\/wp-content\/uploads\/2025\/03\/Wholesale-Silver-Stainless-Steel-Round-Tray-8-100x100.webp 100w\" sizes=\"(max-width: 800px) 100vw, 800px\" \/><\/figure>\n<\/div>\n<\/div>","protected":false},"excerpt":{"rendered":"<div class=\"n4sEPd\">\n<div class=\"UdTY9 qhIQqf leDWne\" aria-hidden=\"true\" data-location=\"1\">Edelstahl runden Tablett benutzerdefinierte und Gro\u00dfhandel, direkt von Geschirr Fabrik geliefert, Unterst\u00fctzung der Anpassung, bieten eine Vielzahl von Gr\u00f6\u00dfen. Unterst\u00fctzung One-Stop-Beschaffung Service f\u00fcr E-Commerce-Verk\u00e4ufer. Willkommen zu erkundigen!<\/div>\n<\/div>\n<h2 style=\"text-align: left;\">Gro\u00dfhandel Silber Edelstahl Runde Tablett:<\/h2>\n<p style=\"text-align: left;\"><strong>Material:<\/strong> Rostfreier Stahl<br \/><strong>L\u00e4nge:<\/strong>14\/17\/20\/23\/26\/30cm<br \/><strong>Die Form:<\/strong> Rund<br \/><strong>Verpacken:<\/strong> OPP-Beutel und -Karton<br \/><strong>OEM\/ODM:<\/strong> Verf\u00fcgbar<\/p>\n<h2 class=\"wp-block-heading\">Von Yongyu Tableware Wholesaler:<\/h2>\n<p>Yongyu Tableware Wholesaler kann die Bed\u00fcrfnisse von Gro\u00dfabnehmern erf\u00fcllen und eine hochwertige Gro\u00dfhandelsserie f\u00fcr Gastronomiebedarf anbieten, die Eleganz und Langlebigkeit vereint. Einschlie\u00dflich Geschirr, Getr\u00e4nke, Catering-Ausr\u00fcstung, K\u00fcchenutensilien, Camp-K\u00fcchenbedarf, etc.<\/p>","protected":false},"featured_media":3231,"comment_status":"closed","ping_status":"closed","template":"","meta":{"_acf_changed":false},"application":[29],"product_brand":[],"product_cat":[21,46],"product_tag":[],"class_list":{"0":"post-3230","1":"product","2":"type-product","3":"status-publish","4":"has-post-thumbnail","6":"application-home-kitchen","7":"product_cat-tableware-wholesale","8":"product_cat-stainless-steel-dinner-plates-wholesale","10":"first","11":"instock","12":"shipping-taxable","13":"product-type-simple"},"acf":[],"_links":{"self":[{"href":"https:\/\/www.yongyukitchenware.com\/de\/wp-json\/wp\/v2\/product\/3230","targetHints":{"allow":["GET"]}}],"collection":[{"href":"https:\/\/www.yongyukitchenware.com\/de\/wp-json\/wp\/v2\/product"}],"about":[{"href":"https:\/\/www.yongyukitchenware.com\/de\/wp-json\/wp\/v2\/types\/product"}],"replies":[{"embeddable":true,"href":"https:\/\/www.yongyukitchenware.com\/de\/wp-json\/wp\/v2\/comments?post=3230"}],"wp:featuredmedia":[{"embeddable":true,"href":"https:\/\/www.yongyukitchenware.com\/de\/wp-json\/wp\/v2\/media\/3231"}],"wp:attachment":[{"href":"https:\/\/www.yongyukitchenware.com\/de\/wp-json\/wp\/v2\/media?parent=3230"}],"wp:term":[{"taxonomy":"application","embeddable":true,"href":"https:\/\/www.yongyukitchenware.com\/de\/wp-json\/wp\/v2\/application?post=3230"},{"taxonomy":"product_brand","embeddable":true,"href":"https:\/\/www.yongyukitchenware.com\/de\/wp-json\/wp\/v2\/product_brand?post=3230"},{"taxonomy":"product_cat","embeddable":true,"href":"https:\/\/www.yongyukitchenware.com\/de\/wp-json\/wp\/v2\/product_cat?post=3230"},{"taxonomy":"product_tag","embeddable":true,"href":"https:\/\/www.yongyukitchenware.com\/de\/wp-json\/wp\/v2\/product_tag?post=3230"}],"curies":[{"name":"wp","href":"https:\/\/api.w.org\/{rel}","templated":true}]}}