{"id":3244,"date":"2025-03-22T01:51:01","date_gmt":"2025-03-22T01:51:01","guid":{"rendered":"https:\/\/www.yongyukitchenware.com\/?post_type=product&#038;p=3244"},"modified":"2025-06-13T06:39:32","modified_gmt":"2025-06-13T06:39:32","slug":"wholesale-stainless-steel-gold-plates","status":"publish","type":"product","link":"https:\/\/www.yongyukitchenware.com\/de\/produkt\/wholesale-stainless-steel-gold-plates\/","title":{"rendered":"Gro\u00dfhandel Edelstahl Gold Platten servieren Sch\u00fcssel Pizza Teller"},"content":{"rendered":"<div class=\"wp-block-columns is-layout-flex wp-container-core-columns-is-layout-9d6595d7 wp-block-columns-is-layout-flex\">\n<div class=\"wp-block-column is-layout-flow wp-block-column-is-layout-flow\">\n<h2 class=\"wp-block-heading\">Gro\u00dfhandel Edelstahl Gold Plates Gr\u00f6\u00dfe:<\/h2>\n\n\n\n<figure class=\"wp-block-table\"><table class=\"has-fixed-layout\"><tbody><tr><td>Modell<\/td><td>Gr\u00f6\u00dfe<\/td><td>Gewicht<\/td><td>MOQ<\/td><\/tr><tr><td rowspan=\"6\">DY049-P<\/td><td>14cm<\/td><td>85g<\/td><td rowspan=\"6\">300 STCK.<\/td><\/tr><tr><td>17cm<\/td><td>126g<\/td><\/tr><tr><td>20cm<\/td><td>172g<\/td><\/tr><tr><td>23cm<\/td><td>215g<\/td><\/tr><tr><td>26cm<\/td><td>287g<\/td><\/tr><tr><td>30cm<\/td><td>378g<\/td><\/tr><\/tbody><\/table><\/figure>\n\n\n\n<h2 class=\"wp-block-heading\">Gro\u00dfhandel Edelstahl Gold Plates Eigenschaften:<\/h2>\n\n\n\n<p><strong>Hochwertiger Edelstahl in Lebensmittelqualit\u00e4t\uff1a<\/strong> Hergestellt aus hochwertigem, lebensmittelechtem Edelstahl, der eine verbesserte Korrosionsbest\u00e4ndigkeit bietet. Geruchsneutral, sicher und f\u00fcr lang anhaltende Leistung ausgelegt.<br><strong>Raffinierte geb\u00fcrstete Oberfl\u00e4che mit spiegelpolierten Akzenten\uff1a<\/strong> Elegantes geb\u00fcrstetes Finish mit polierten Kanten f\u00fcr einen eleganten, modernen Look. Kratzfest und m\u00fchelos zu reinigen.<br><strong>Ergonomische Rollrandkante\uff1a<\/strong> Schlankes, abgerundetes Randdesign f\u00fcr verbesserten Handhabungskomfort und Sicherheit, das das Risiko von Schnittverletzungen bei der Verwendung oder Reinigung reduziert.<br><strong>Einteilige, nahtlose Konstruktion\uff1a<\/strong> Pr\u00e4zisionsgestanzt mit einer robusten, nahtlosen Konstruktion. Der flache Boden sorgt f\u00fcr Stabilit\u00e4t und sch\u00fctzt vor Verformung, auch bei starker Beanspruchung.<br><strong>Leicht zu reinigen und zu pflegen\uff1a<\/strong> Die antihaftbeschichtete Oberfl\u00e4che und das integrierte Design machen die Reinigung zum Kinderspiel, ideal f\u00fcr stark frequentierte gewerbliche Umgebungen.<\/p>\n<\/div>\n\n\n\n<div class=\"wp-block-column is-layout-flow wp-block-column-is-layout-flow\">\n<figure class=\"wp-block-image size-full is-resized\"><img decoding=\"async\" width=\"1500\" height=\"1500\" src=\"https:\/\/www.yongyukitchenware.com\/wp-content\/uploads\/2025\/03\/Wholesale-Gold-Stainless-Steel-Round-Tray-3.webp\" alt=\"Gro\u00dfhandel Edelstahl Gold Plates\" class=\"wp-image-3247\" style=\"width:384px;height:auto\" srcset=\"https:\/\/www.yongyukitchenware.com\/wp-content\/uploads\/2025\/03\/Wholesale-Gold-Stainless-Steel-Round-Tray-3.webp 1500w, https:\/\/www.yongyukitchenware.com\/wp-content\/uploads\/2025\/03\/Wholesale-Gold-Stainless-Steel-Round-Tray-3-300x300.webp 300w, https:\/\/www.yongyukitchenware.com\/wp-content\/uploads\/2025\/03\/Wholesale-Gold-Stainless-Steel-Round-Tray-3-150x150.webp 150w, https:\/\/www.yongyukitchenware.com\/wp-content\/uploads\/2025\/03\/Wholesale-Gold-Stainless-Steel-Round-Tray-3-768x768.webp 768w, https:\/\/www.yongyukitchenware.com\/wp-content\/uploads\/2025\/03\/Wholesale-Gold-Stainless-Steel-Round-Tray-3-12x12.webp 12w, https:\/\/www.yongyukitchenware.com\/wp-content\/uploads\/2025\/03\/Wholesale-Gold-Stainless-Steel-Round-Tray-3-1200x1200.webp 1200w, https:\/\/www.yongyukitchenware.com\/wp-content\/uploads\/2025\/03\/Wholesale-Gold-Stainless-Steel-Round-Tray-3-600x600.webp 600w, https:\/\/www.yongyukitchenware.com\/wp-content\/uploads\/2025\/03\/Wholesale-Gold-Stainless-Steel-Round-Tray-3-100x100.webp 100w\" sizes=\"(max-width: 1500px) 100vw, 1500px\" \/><\/figure>\n\n\n\n<figure class=\"wp-block-image size-full is-resized\"><img decoding=\"async\" width=\"1500\" height=\"1500\" src=\"https:\/\/www.yongyukitchenware.com\/wp-content\/uploads\/2025\/03\/Wholesale-Gold-Stainless-Steel-Round-Tray-8.webp\" alt=\"Gro\u00dfhandel Edelstahl Gold Plates 1\" class=\"wp-image-3252\" style=\"width:384px\" srcset=\"https:\/\/www.yongyukitchenware.com\/wp-content\/uploads\/2025\/03\/Wholesale-Gold-Stainless-Steel-Round-Tray-8.webp 1500w, https:\/\/www.yongyukitchenware.com\/wp-content\/uploads\/2025\/03\/Wholesale-Gold-Stainless-Steel-Round-Tray-8-300x300.webp 300w, https:\/\/www.yongyukitchenware.com\/wp-content\/uploads\/2025\/03\/Wholesale-Gold-Stainless-Steel-Round-Tray-8-150x150.webp 150w, https:\/\/www.yongyukitchenware.com\/wp-content\/uploads\/2025\/03\/Wholesale-Gold-Stainless-Steel-Round-Tray-8-768x768.webp 768w, https:\/\/www.yongyukitchenware.com\/wp-content\/uploads\/2025\/03\/Wholesale-Gold-Stainless-Steel-Round-Tray-8-12x12.webp 12w, https:\/\/www.yongyukitchenware.com\/wp-content\/uploads\/2025\/03\/Wholesale-Gold-Stainless-Steel-Round-Tray-8-1200x1200.webp 1200w, https:\/\/www.yongyukitchenware.com\/wp-content\/uploads\/2025\/03\/Wholesale-Gold-Stainless-Steel-Round-Tray-8-600x600.webp 600w, https:\/\/www.yongyukitchenware.com\/wp-content\/uploads\/2025\/03\/Wholesale-Gold-Stainless-Steel-Round-Tray-8-100x100.webp 100w\" sizes=\"(max-width: 1500px) 100vw, 1500px\" \/><\/figure>\n<\/div>\n<\/div>","protected":false},"excerpt":{"rendered":"<div class=\"n4sEPd\">\n<div class=\"UdTY9 qhIQqf leDWne\" aria-hidden=\"true\" data-location=\"1\">\n<p data-start=\"104\" data-end=\"410\">Gro\u00dfhandel Edelstahl Goldplatten, Fabrik direkte Versorgung. Unterst\u00fctzung der Anpassung mit mehreren Gr\u00f6\u00dfen und Farben zur Verf\u00fcgung. Ideal zum Servieren von Speisen, Pizza und Desserts. Perfekt f\u00fcr Restaurants, Hotels und Catering. One-Stop-Beschaffungsservice f\u00fcr E-Commerce-Verk\u00e4ufer verf\u00fcgbar. Willkommen zu erkundigen!<\/p>\n<\/div>\n<\/div>\n<h2 style=\"text-align: left\">Gro\u00dfhandel <span id=\"productTitle\" class=\"a-size-large product-title-word-break\">Edelstahl-Goldpl\u00e4ttchen<\/span>:<\/h2>\n<p style=\"text-align: left\"><strong>Material:<\/strong> Rostfreier Stahl<br \/><strong>L\u00e4nge:<\/strong>14\/17\/20\/23\/26\/30cm<br \/><strong>Die Form:<\/strong> Rund<br \/><strong>Verpacken:<\/strong> OPP-Beutel und -Karton<br \/><strong>OEM\/ODM:<\/strong> Verf\u00fcgbar<\/p>\n<h2 class=\"wp-block-heading\">Von Yongyu Tableware Wholesaler:<\/h2>\n<p>Yongyu Tableware Wholesaler kann die Bed\u00fcrfnisse von Gro\u00dfabnehmern erf\u00fcllen und eine hochwertige Gro\u00dfhandelsserie f\u00fcr Gastronomiebedarf anbieten, die Eleganz und Langlebigkeit vereint. Einschlie\u00dflich Geschirr, Getr\u00e4nke, Catering-Ausr\u00fcstung, K\u00fcchenutensilien, Camp-K\u00fcchenbedarf, etc.<\/p>","protected":false},"featured_media":3245,"comment_status":"closed","ping_status":"closed","template":"","meta":{"_acf_changed":true},"application":[29],"product_brand":[],"product_cat":[21,46],"product_tag":[],"class_list":{"0":"post-3244","1":"product","2":"type-product","3":"status-publish","4":"has-post-thumbnail","6":"application-home-kitchen","7":"product_cat-tableware-wholesale","8":"product_cat-stainless-steel-dinner-plates-wholesale","10":"first","11":"instock","12":"shipping-taxable","13":"product-type-simple"},"acf":[],"_links":{"self":[{"href":"https:\/\/www.yongyukitchenware.com\/de\/wp-json\/wp\/v2\/product\/3244","targetHints":{"allow":["GET"]}}],"collection":[{"href":"https:\/\/www.yongyukitchenware.com\/de\/wp-json\/wp\/v2\/product"}],"about":[{"href":"https:\/\/www.yongyukitchenware.com\/de\/wp-json\/wp\/v2\/types\/product"}],"replies":[{"embeddable":true,"href":"https:\/\/www.yongyukitchenware.com\/de\/wp-json\/wp\/v2\/comments?post=3244"}],"wp:featuredmedia":[{"embeddable":true,"href":"https:\/\/www.yongyukitchenware.com\/de\/wp-json\/wp\/v2\/media\/3245"}],"wp:attachment":[{"href":"https:\/\/www.yongyukitchenware.com\/de\/wp-json\/wp\/v2\/media?parent=3244"}],"wp:term":[{"taxonomy":"application","embeddable":true,"href":"https:\/\/www.yongyukitchenware.com\/de\/wp-json\/wp\/v2\/application?post=3244"},{"taxonomy":"product_brand","embeddable":true,"href":"https:\/\/www.yongyukitchenware.com\/de\/wp-json\/wp\/v2\/product_brand?post=3244"},{"taxonomy":"product_cat","embeddable":true,"href":"https:\/\/www.yongyukitchenware.com\/de\/wp-json\/wp\/v2\/product_cat?post=3244"},{"taxonomy":"product_tag","embeddable":true,"href":"https:\/\/www.yongyukitchenware.com\/de\/wp-json\/wp\/v2\/product_tag?post=3244"}],"curies":[{"name":"wp","href":"https:\/\/api.w.org\/{rel}","templated":true}]}}