{"id":3276,"date":"2025-03-28T02:58:50","date_gmt":"2025-03-28T02:58:50","guid":{"rendered":"https:\/\/www.yongyukitchenware.com\/?post_type=product&#038;p=3276"},"modified":"2025-07-10T10:07:20","modified_gmt":"2025-07-10T10:07:20","slug":"wholesale-stainless-steel-milk-frothing-pitcher-with-scale-design","status":"publish","type":"product","link":"https:\/\/www.yongyukitchenware.com\/de\/produkt\/wholesale-stainless-steel-milk-frothing-pitcher-with-scale-design\/","title":{"rendered":"Gro\u00dfhandel Edelstahl Milch Aufsch\u00e4umen Krug mit Skala Design"},"content":{"rendered":"<div class=\"wp-block-columns is-layout-flex wp-container-core-columns-is-layout-9d6595d7 wp-block-columns-is-layout-flex\">\n<div class=\"wp-block-column is-layout-flow wp-block-column-is-layout-flow\">\n<h2 class=\"wp-block-heading\">Gro\u00dfhandel Edelstahl Milch Aufsch\u00e4umen Pitcher Features:<\/h2>\n\n\n\n<p><strong>Hochwertiger rostfreier Stahl: <\/strong>Material aus lebensmittelechtem Edelstahl, korrosionsbest\u00e4ndig, geruchsneutral und langlebig.<br>D\u00fcsendesign: Das Olekranon-D\u00fcsendesign gl\u00e4ttet die Fl\u00fcssigkeit.<br>Konstruktion der Waage: Eine genaue Waage f\u00fcr eine verbesserte Messung des Fl\u00fcssigkeitsvolumens.<br>Ziehverfahren: Eine glatte Oberfl\u00e4che ist schwer zu verschmutzen und leicht zu reinigen.<br><strong>Design des Griffs: <\/strong>Der Schwei\u00dfgriff ist stabil und verschlei\u00dfarm.<\/p>\n\n\n\n<h2 class=\"wp-block-heading\">Gro\u00dfhandel Edelstahl Milch Aufsch\u00e4umen Pitcher Gr\u00f6\u00dfe:<\/h2>\n\n\n\n<figure class=\"wp-block-table\"><table class=\"has-fixed-layout\"><tbody><tr><td>Modell<\/td><td>H\u00f6he<\/td><td>Kapazit\u00e4t<\/td><td>MOQ<\/td><\/tr><tr><td rowspan=\"3\">DY016-B<\/td><td>9,6 cm<\/td><td>350ML<\/td><td rowspan=\"3\">200 STCK.<\/td><\/tr><tr><td>11,4 cm<\/td><td>600ML<\/td><\/tr><tr><td>13cm<\/td><td>1000ML<\/td><\/tr><\/tbody><\/table><\/figure>\n<\/div>\n\n\n\n<div class=\"wp-block-column is-layout-flow wp-block-column-is-layout-flow\">\n<div class=\"wp-block-columns is-layout-flex wp-container-core-columns-is-layout-9d6595d7 wp-block-columns-is-layout-flex\">\n<div class=\"wp-block-column is-layout-flow wp-block-column-is-layout-flow\">\n<figure class=\"wp-block-image size-full\"><img decoding=\"async\" width=\"1500\" height=\"1500\" src=\"https:\/\/www.yongyukitchenware.com\/wp-content\/uploads\/2025\/03\/Wholesale-Stainless-Steel-Milk-Latte-Jug-4.webp\" alt=\"Gro\u00dfhandel Edelstahl Milch Aufsch\u00e4umen Krug \" class=\"wp-image-3280\" srcset=\"https:\/\/www.yongyukitchenware.com\/wp-content\/uploads\/2025\/03\/Wholesale-Stainless-Steel-Milk-Latte-Jug-4.webp 1500w, https:\/\/www.yongyukitchenware.com\/wp-content\/uploads\/2025\/03\/Wholesale-Stainless-Steel-Milk-Latte-Jug-4-300x300.webp 300w, https:\/\/www.yongyukitchenware.com\/wp-content\/uploads\/2025\/03\/Wholesale-Stainless-Steel-Milk-Latte-Jug-4-150x150.webp 150w, https:\/\/www.yongyukitchenware.com\/wp-content\/uploads\/2025\/03\/Wholesale-Stainless-Steel-Milk-Latte-Jug-4-768x768.webp 768w, https:\/\/www.yongyukitchenware.com\/wp-content\/uploads\/2025\/03\/Wholesale-Stainless-Steel-Milk-Latte-Jug-4-12x12.webp 12w, https:\/\/www.yongyukitchenware.com\/wp-content\/uploads\/2025\/03\/Wholesale-Stainless-Steel-Milk-Latte-Jug-4-1200x1200.webp 1200w, https:\/\/www.yongyukitchenware.com\/wp-content\/uploads\/2025\/03\/Wholesale-Stainless-Steel-Milk-Latte-Jug-4-600x600.webp 600w, https:\/\/www.yongyukitchenware.com\/wp-content\/uploads\/2025\/03\/Wholesale-Stainless-Steel-Milk-Latte-Jug-4-100x100.webp 100w\" sizes=\"(max-width: 1500px) 100vw, 1500px\" \/><\/figure>\n\n\n\n<figure class=\"wp-block-image size-full\"><img decoding=\"async\" width=\"1500\" height=\"1500\" src=\"https:\/\/www.yongyukitchenware.com\/wp-content\/uploads\/2025\/03\/Wholesale-Stainless-Steel-Milk-Latte-Jug-5.webp\" alt=\"Gro\u00dfhandel Edelstahl Milch Aufsch\u00e4umen Pitcher -5\" class=\"wp-image-3281\" srcset=\"https:\/\/www.yongyukitchenware.com\/wp-content\/uploads\/2025\/03\/Wholesale-Stainless-Steel-Milk-Latte-Jug-5.webp 1500w, https:\/\/www.yongyukitchenware.com\/wp-content\/uploads\/2025\/03\/Wholesale-Stainless-Steel-Milk-Latte-Jug-5-300x300.webp 300w, https:\/\/www.yongyukitchenware.com\/wp-content\/uploads\/2025\/03\/Wholesale-Stainless-Steel-Milk-Latte-Jug-5-150x150.webp 150w, https:\/\/www.yongyukitchenware.com\/wp-content\/uploads\/2025\/03\/Wholesale-Stainless-Steel-Milk-Latte-Jug-5-768x768.webp 768w, https:\/\/www.yongyukitchenware.com\/wp-content\/uploads\/2025\/03\/Wholesale-Stainless-Steel-Milk-Latte-Jug-5-12x12.webp 12w, https:\/\/www.yongyukitchenware.com\/wp-content\/uploads\/2025\/03\/Wholesale-Stainless-Steel-Milk-Latte-Jug-5-1200x1200.webp 1200w, https:\/\/www.yongyukitchenware.com\/wp-content\/uploads\/2025\/03\/Wholesale-Stainless-Steel-Milk-Latte-Jug-5-600x600.webp 600w, https:\/\/www.yongyukitchenware.com\/wp-content\/uploads\/2025\/03\/Wholesale-Stainless-Steel-Milk-Latte-Jug-5-100x100.webp 100w\" sizes=\"(max-width: 1500px) 100vw, 1500px\" \/><\/figure>\n<\/div>\n<\/div>\n<\/div>\n<\/div>\n\n\n\n<p><\/p>","protected":false},"excerpt":{"rendered":"<p>Gro\u00dfhandel Edelstahl Milchaufsch\u00e4umer mit Skala Design, perfekt f\u00fcr die Herstellung von glatten, cremigen Schaum f\u00fcr Milchkaffees, Cappuccinos und mehr. Hergestellt aus langlebigem Edelstahl mit einer eingebauten Skala f\u00fcr pr\u00e4zise Messungen. Ideal f\u00fcr Caf\u00e9s, Restaurants oder Heimbaristas. Erkundigen Sie sich jetzt nach Mengenpreisen!<\/p>\n<h2 style=\"text-align: left;\">Gro\u00dfhandel Edelstahl Milch Aufsch\u00e4umen Pitcher Parameter:<\/h2>\n<p style=\"text-align: left;\"><strong>Material:<\/strong> Rostfreier Stahl<br \/><strong>Farbe:<\/strong> Silber<br \/><b>Entwurf:\u00a0<\/b>Gro\u00dfkalibrige \u00d6ffnung und kurzer Ausguss<br \/><strong>OEM\/ODM:<\/strong> Verf\u00fcgbar<\/p>\n<h2 class=\"wp-block-heading\">Von Yongyu Kitchenware Hersteller:<\/h2>\n<p>Yongyu ist ein professioneller Hersteller von K\u00fcchenger\u00e4ten. Zu unseren Produkten geh\u00f6ren alle Arten von Kochgeschirr und K\u00fcchenzubeh\u00f6r aus Edelstahl. Wir bieten ma\u00dfgeschneiderte L\u00f6sungen mit hochwertigen Produkten zu Fabrikpreisen.<\/p>","protected":false},"featured_media":3277,"comment_status":"closed","ping_status":"closed","template":"","meta":{"_acf_changed":true},"application":[30],"product_brand":[],"product_cat":[20,52],"product_tag":[],"class_list":{"0":"post-3276","1":"product","2":"type-product","3":"status-publish","4":"has-post-thumbnail","6":"application-hotel-catering","7":"product_cat-wholesale-drinkware","8":"product_cat-milk-frothing-pitcher-wholesale","10":"first","11":"instock","12":"shipping-taxable","13":"product-type-simple"},"acf":[],"_links":{"self":[{"href":"https:\/\/www.yongyukitchenware.com\/de\/wp-json\/wp\/v2\/product\/3276","targetHints":{"allow":["GET"]}}],"collection":[{"href":"https:\/\/www.yongyukitchenware.com\/de\/wp-json\/wp\/v2\/product"}],"about":[{"href":"https:\/\/www.yongyukitchenware.com\/de\/wp-json\/wp\/v2\/types\/product"}],"replies":[{"embeddable":true,"href":"https:\/\/www.yongyukitchenware.com\/de\/wp-json\/wp\/v2\/comments?post=3276"}],"wp:featuredmedia":[{"embeddable":true,"href":"https:\/\/www.yongyukitchenware.com\/de\/wp-json\/wp\/v2\/media\/3277"}],"wp:attachment":[{"href":"https:\/\/www.yongyukitchenware.com\/de\/wp-json\/wp\/v2\/media?parent=3276"}],"wp:term":[{"taxonomy":"application","embeddable":true,"href":"https:\/\/www.yongyukitchenware.com\/de\/wp-json\/wp\/v2\/application?post=3276"},{"taxonomy":"product_brand","embeddable":true,"href":"https:\/\/www.yongyukitchenware.com\/de\/wp-json\/wp\/v2\/product_brand?post=3276"},{"taxonomy":"product_cat","embeddable":true,"href":"https:\/\/www.yongyukitchenware.com\/de\/wp-json\/wp\/v2\/product_cat?post=3276"},{"taxonomy":"product_tag","embeddable":true,"href":"https:\/\/www.yongyukitchenware.com\/de\/wp-json\/wp\/v2\/product_tag?post=3276"}],"curies":[{"name":"wp","href":"https:\/\/api.w.org\/{rel}","templated":true}]}}