{"id":3311,"date":"2025-03-28T03:37:49","date_gmt":"2025-03-28T03:37:49","guid":{"rendered":"https:\/\/www.yongyukitchenware.com\/?post_type=product&#038;p=3311"},"modified":"2025-07-10T10:06:39","modified_gmt":"2025-07-10T10:06:39","slug":"bulk-double-wall-stainless-steel-cup","status":"publish","type":"product","link":"https:\/\/www.yongyukitchenware.com\/de\/produkt\/bulk-double-wall-stainless-steel-cup\/","title":{"rendered":"Bulk Doppelwandige Edelstahltasse Metall Weinbecher Kaffeebecher"},"content":{"rendered":"<div class=\"wp-block-columns is-layout-flex wp-container-core-columns-is-layout-9d6595d7 wp-block-columns-is-layout-flex\">\n<div class=\"wp-block-column is-layout-flow wp-block-column-is-layout-flow\">\n<h2 class=\"wp-block-heading\">Doppelwandiger Edelstahlbecher in loser Sch\u00fcttung Merkmale:<\/h2>\n\n\n\n<p><strong>Hervorragende Qualit\u00e4t aus rostfreiem Stahl:<\/strong> Material aus lebensmittelechtem Edelstahl, korrosionsbest\u00e4ndig, geruchlos, langlebig.<br><strong>Doppelte hohle Struktur: <\/strong>verst\u00e4rkter Stahl, doppelter Hohlraum, W\u00e4rmed\u00e4mmung und Hitzeschutz.<br><strong>Zeichnungsprozess: <\/strong>glatte Oberfl\u00e4che, nicht leicht zu verschmutzen, leicht zu reinigen<br><strong>Roll Felge Design:<\/strong> Die Kanten sind gegl\u00e4ttet und abgerundet, um die Handhabung zu erleichtern und Handverletzungen zu vermeiden.<br>I<strong>ntegriertes Gie\u00dfen<\/strong>: Der Becherk\u00f6rper ist aus einem St\u00fcck gegossen, robust und unverformt, und einfach zu reinigen.<\/p>\n\n\n\n<h2 class=\"wp-block-heading\">Bulk Double Wall Edelstahl Becher Gr\u00f6\u00dfe:<\/h2>\n\n\n\n<figure class=\"wp-block-table\"><table class=\"has-fixed-layout\"><tbody><tr><td>Modell<\/td><td>Durchmesser<\/td><td>H\u00f6he<\/td><td>Kapazit\u00e4t<\/td><td>MOQ<\/td><\/tr><tr><td rowspan=\"6\">DY024-B<\/td><td>7cm<\/td><td>7cm<\/td><td>175ML<\/td><td rowspan=\"6\">300 STCK.<\/td><\/tr><tr><td>8cm<\/td><td>9cm<\/td><td>260ML<\/td><\/tr><tr><td>8cm<\/td><td>9,5 cm<\/td><td>300ML<\/td><\/tr><tr><td>7,6 cm<\/td><td>12,5 cm<\/td><td>350ML<\/td><\/tr><tr><td>8,5 cm<\/td><td>13,6 cm<\/td><td>450ML<\/td><\/tr><tr><td>8,5 cm<\/td><td>14cm<\/td><td>480ML<\/td><\/tr><\/tbody><\/table><\/figure>\n<\/div>\n\n\n\n<div class=\"wp-block-column is-layout-flow wp-block-column-is-layout-flow\">\n<div class=\"wp-block-columns is-layout-flex wp-container-core-columns-is-layout-9d6595d7 wp-block-columns-is-layout-flex\">\n<div class=\"wp-block-column is-layout-flow wp-block-column-is-layout-flow\"><div class=\"wp-block-image\">\n<figure class=\"aligncenter size-full is-resized\"><img decoding=\"async\" width=\"800\" height=\"800\" src=\"https:\/\/www.yongyukitchenware.com\/wp-content\/uploads\/2025\/03\/Bulk-Double-Wall-Stainless-Steel-Cup-6.webp\" alt=\"Bulk-Doppelwand-Edelstahlbecher-6\" class=\"wp-image-3317\" style=\"width:416px;height:auto\" srcset=\"https:\/\/www.yongyukitchenware.com\/wp-content\/uploads\/2025\/03\/Bulk-Double-Wall-Stainless-Steel-Cup-6.webp 800w, https:\/\/www.yongyukitchenware.com\/wp-content\/uploads\/2025\/03\/Bulk-Double-Wall-Stainless-Steel-Cup-6-300x300.webp 300w, https:\/\/www.yongyukitchenware.com\/wp-content\/uploads\/2025\/03\/Bulk-Double-Wall-Stainless-Steel-Cup-6-150x150.webp 150w, https:\/\/www.yongyukitchenware.com\/wp-content\/uploads\/2025\/03\/Bulk-Double-Wall-Stainless-Steel-Cup-6-768x768.webp 768w, https:\/\/www.yongyukitchenware.com\/wp-content\/uploads\/2025\/03\/Bulk-Double-Wall-Stainless-Steel-Cup-6-12x12.webp 12w, https:\/\/www.yongyukitchenware.com\/wp-content\/uploads\/2025\/03\/Bulk-Double-Wall-Stainless-Steel-Cup-6-600x600.webp 600w, https:\/\/www.yongyukitchenware.com\/wp-content\/uploads\/2025\/03\/Bulk-Double-Wall-Stainless-Steel-Cup-6-100x100.webp 100w\" sizes=\"(max-width: 800px) 100vw, 800px\" \/><\/figure>\n<\/div><\/div>\n<\/div>\n<\/div>\n<\/div>\n\n\n\n<p><\/p>","protected":false},"excerpt":{"rendered":"<p>Der massive doppelwandige Edelstahlbecher, der auf Langlebigkeit und hervorragende Isolierung ausgelegt ist, h\u00e4lt Getr\u00e4nke \u00fcber einen l\u00e4ngeren Zeitraum hei\u00df oder kalt und ist damit die perfekte Wahl f\u00fcr Ihre Campingk\u00fcche.<\/p>\n<h2 style=\"text-align: left;\">Doppelwandiger Edelstahlbecher in loser Sch\u00fcttung Parameter:<\/h2>\n<p style=\"text-align: left;\"><strong>Material:<\/strong> Rostfreier Stahl<br \/><strong>Farbe:<\/strong> Silber\/Gold<br \/><strong>Entwurf: <\/strong>Klappbarer Handgriff, stapelbar<br \/><strong>OEM\/ODM:<\/strong> Verf\u00fcgbar<\/p>\n<h2 class=\"wp-block-heading\">Von Camping Kitchen Essentials Hersteller :<\/h2>\n<p>Yongyu ist ein professioneller Hersteller von Camping-K\u00fcchenartikeln. Unsere Produkte umfassen alle Arten von Camping-K\u00fcchenartikeln aus Edelstahl, wie z.B. Camping-Kochgeschirr, Camping-Geschirr, BBQ-Grills usw., und bieten qualitativ hochwertige Beschaffungsdienste und erschwingliche Preise f\u00fcr jeden Kunden.<\/p>","protected":false},"featured_media":3312,"comment_status":"closed","ping_status":"closed","template":"","meta":{"_acf_changed":true},"application":[31],"product_brand":[],"product_cat":[20,50],"product_tag":[],"class_list":{"0":"post-3311","1":"product","2":"type-product","3":"status-publish","4":"has-post-thumbnail","6":"application-champ-kitchen","7":"product_cat-wholesale-drinkware","8":"product_cat-stainless-steel-cup-wholesale","10":"first","11":"instock","12":"shipping-taxable","13":"product-type-simple"},"acf":[],"_links":{"self":[{"href":"https:\/\/www.yongyukitchenware.com\/de\/wp-json\/wp\/v2\/product\/3311","targetHints":{"allow":["GET"]}}],"collection":[{"href":"https:\/\/www.yongyukitchenware.com\/de\/wp-json\/wp\/v2\/product"}],"about":[{"href":"https:\/\/www.yongyukitchenware.com\/de\/wp-json\/wp\/v2\/types\/product"}],"replies":[{"embeddable":true,"href":"https:\/\/www.yongyukitchenware.com\/de\/wp-json\/wp\/v2\/comments?post=3311"}],"wp:featuredmedia":[{"embeddable":true,"href":"https:\/\/www.yongyukitchenware.com\/de\/wp-json\/wp\/v2\/media\/3312"}],"wp:attachment":[{"href":"https:\/\/www.yongyukitchenware.com\/de\/wp-json\/wp\/v2\/media?parent=3311"}],"wp:term":[{"taxonomy":"application","embeddable":true,"href":"https:\/\/www.yongyukitchenware.com\/de\/wp-json\/wp\/v2\/application?post=3311"},{"taxonomy":"product_brand","embeddable":true,"href":"https:\/\/www.yongyukitchenware.com\/de\/wp-json\/wp\/v2\/product_brand?post=3311"},{"taxonomy":"product_cat","embeddable":true,"href":"https:\/\/www.yongyukitchenware.com\/de\/wp-json\/wp\/v2\/product_cat?post=3311"},{"taxonomy":"product_tag","embeddable":true,"href":"https:\/\/www.yongyukitchenware.com\/de\/wp-json\/wp\/v2\/product_tag?post=3311"}],"curies":[{"name":"wp","href":"https:\/\/api.w.org\/{rel}","templated":true}]}}