{"id":3365,"date":"2025-04-11T01:18:39","date_gmt":"2025-04-11T01:18:39","guid":{"rendered":"https:\/\/www.yongyukitchenware.com\/?post_type=product&#038;p=3365"},"modified":"2025-07-10T10:05:52","modified_gmt":"2025-07-10T10:05:52","slug":"wholesale-stainless-steel-double-wall-cup","status":"publish","type":"product","link":"https:\/\/www.yongyukitchenware.com\/de\/produkt\/wholesale-stainless-steel-double-wall-cup\/","title":{"rendered":"Gro\u00dfhandel Edelstahl Double Wall Cup Kaffeebecher mit Griff und Deckel"},"content":{"rendered":"<div class=\"wp-block-columns is-layout-flex wp-container-core-columns-is-layout-9d6595d7 wp-block-columns-is-layout-flex\">\n<div class=\"wp-block-column is-layout-flow wp-block-column-is-layout-flow\">\n<h2 class=\"wp-block-heading\">Gro\u00dfhandel Edelstahl Double Wall Cup Features:<\/h2>\n\n\n\n<p><strong>Hochwertiger rostfreier Stahl: <\/strong>Lebensmittelechtes Edelstahlmaterial, korrosionsbest\u00e4ndig, geruchsneutral, langlebig<br><strong>Doppelt hohles Design: <\/strong>Verdickter Stahl, doppelt hohl, w\u00e4rmeisolierend und hitzebest\u00e4ndig.<br><strong>Griff- und Deckeldesign:<\/strong> Der Griff ist rund und liegt gut in der Hand. Die Staubschutzh\u00fclle kann die W\u00e4rme besser bewahren und das Eindringen von Staub verhindern.<br><strong>Roll Felge Design: <\/strong>Die Kanten sind abgerundet und glatt, leicht zu handhaben und beugen Handverletzungen vor<br><strong>Integrierte Formgebung: <\/strong>Der Becherk\u00f6rper ist aus einem St\u00fcck geformt, stabil, verformt sich nicht und ist leicht zu reinigen.<\/p>\n\n\n\n<h2 class=\"wp-block-heading\">Gro\u00dfhandel Edelstahl Double Wall Cup Gr\u00f6\u00dfe:<\/h2>\n\n\n\n<figure class=\"wp-block-table\"><table class=\"has-fixed-layout\"><tbody><tr><td>Modell<\/td><td>Durchmesser<\/td><td>H\u00f6he<\/td><td>Kapazit\u00e4t<\/td><td>MOQ<\/td><\/tr><tr><td rowspan=\"4\">DY031-B<\/td><td>6,7 cm<\/td><td>7,7 cm<\/td><td>200ML<\/td><td rowspan=\"4\">200 STCK.<\/td><\/tr><tr><td>7,3 cm<\/td><td>9cm<\/td><td>300ML<\/td><\/tr><tr><td>8cm<\/td><td>10,5 cm<\/td><td>400ML<\/td><\/tr><tr><td>8,4 cm<\/td><td>12,5 cm<\/td><td>500ML<\/td><\/tr><\/tbody><\/table><\/figure>\n<\/div>\n\n\n\n<div class=\"wp-block-column is-layout-flow wp-block-column-is-layout-flow\">\n<div class=\"wp-block-columns is-layout-flex wp-container-core-columns-is-layout-9d6595d7 wp-block-columns-is-layout-flex\">\n<div class=\"wp-block-column is-layout-flow wp-block-column-is-layout-flow\"><div class=\"wp-block-image\">\n<figure class=\"aligncenter size-full is-resized\"><img decoding=\"async\" width=\"1500\" height=\"1500\" src=\"https:\/\/www.yongyukitchenware.com\/wp-content\/uploads\/2025\/03\/Wholesale-Stainless-Steel-Double-Wall-Cup-3.webp\" alt=\"Gro\u00dfhandel-Edelstahl-Doppelwandbecher-3\" class=\"wp-image-3368\" style=\"width:416px;height:auto\" srcset=\"https:\/\/www.yongyukitchenware.com\/wp-content\/uploads\/2025\/03\/Wholesale-Stainless-Steel-Double-Wall-Cup-3.webp 1500w, https:\/\/www.yongyukitchenware.com\/wp-content\/uploads\/2025\/03\/Wholesale-Stainless-Steel-Double-Wall-Cup-3-300x300.webp 300w, https:\/\/www.yongyukitchenware.com\/wp-content\/uploads\/2025\/03\/Wholesale-Stainless-Steel-Double-Wall-Cup-3-150x150.webp 150w, https:\/\/www.yongyukitchenware.com\/wp-content\/uploads\/2025\/03\/Wholesale-Stainless-Steel-Double-Wall-Cup-3-768x768.webp 768w, https:\/\/www.yongyukitchenware.com\/wp-content\/uploads\/2025\/03\/Wholesale-Stainless-Steel-Double-Wall-Cup-3-12x12.webp 12w, https:\/\/www.yongyukitchenware.com\/wp-content\/uploads\/2025\/03\/Wholesale-Stainless-Steel-Double-Wall-Cup-3-1200x1200.webp 1200w, https:\/\/www.yongyukitchenware.com\/wp-content\/uploads\/2025\/03\/Wholesale-Stainless-Steel-Double-Wall-Cup-3-600x600.webp 600w, https:\/\/www.yongyukitchenware.com\/wp-content\/uploads\/2025\/03\/Wholesale-Stainless-Steel-Double-Wall-Cup-3-100x100.webp 100w\" sizes=\"(max-width: 1500px) 100vw, 1500px\" \/><\/figure>\n<\/div>\n\n\n<figure class=\"wp-block-image size-full\"><img decoding=\"async\" width=\"1500\" height=\"1500\" src=\"https:\/\/www.yongyukitchenware.com\/wp-content\/uploads\/2025\/03\/Wholesale-Stainless-Steel-Double-Wall-Cup-4.webp\" alt=\"Gro\u00dfhandel-Edelstahl-Doppelwand-Tasse-4\" class=\"wp-image-3369\" srcset=\"https:\/\/www.yongyukitchenware.com\/wp-content\/uploads\/2025\/03\/Wholesale-Stainless-Steel-Double-Wall-Cup-4.webp 1500w, https:\/\/www.yongyukitchenware.com\/wp-content\/uploads\/2025\/03\/Wholesale-Stainless-Steel-Double-Wall-Cup-4-300x300.webp 300w, https:\/\/www.yongyukitchenware.com\/wp-content\/uploads\/2025\/03\/Wholesale-Stainless-Steel-Double-Wall-Cup-4-150x150.webp 150w, https:\/\/www.yongyukitchenware.com\/wp-content\/uploads\/2025\/03\/Wholesale-Stainless-Steel-Double-Wall-Cup-4-768x768.webp 768w, https:\/\/www.yongyukitchenware.com\/wp-content\/uploads\/2025\/03\/Wholesale-Stainless-Steel-Double-Wall-Cup-4-12x12.webp 12w, https:\/\/www.yongyukitchenware.com\/wp-content\/uploads\/2025\/03\/Wholesale-Stainless-Steel-Double-Wall-Cup-4-1200x1200.webp 1200w, https:\/\/www.yongyukitchenware.com\/wp-content\/uploads\/2025\/03\/Wholesale-Stainless-Steel-Double-Wall-Cup-4-600x600.webp 600w, https:\/\/www.yongyukitchenware.com\/wp-content\/uploads\/2025\/03\/Wholesale-Stainless-Steel-Double-Wall-Cup-4-100x100.webp 100w\" sizes=\"(max-width: 1500px) 100vw, 1500px\" \/><\/figure>\n<\/div>\n<\/div>\n<\/div>\n<\/div>\n\n\n\n<p><\/p>","protected":false},"excerpt":{"rendered":"<p>Gro\u00dfhandels-Edelstahl-Doppelwandbecher mit Henkel und Deckel, entworfen f\u00fcr hervorragende Isolierung. Perfekt f\u00fcr Kaffee, Tee oder jedes Getr\u00e4nk - langlebig, wiederverwendbar und ideal f\u00fcr den Gro\u00dfeinkauf.<\/p>\n<h2 style=\"text-align: left;\">Gro\u00dfhandel Edelstahl Double Wall Cup Parameter:<\/h2>\n<p style=\"text-align: left;\"><strong>Material:<\/strong> Rostfreier Stahl<br \/><strong>Farbe:<\/strong> Silber<br \/><strong>Entwurf: <\/strong>Klappbarer Handgriff, stapelbar<br \/><strong>OEM\/ODM:<\/strong> Verf\u00fcgbar<\/p>\n<h2 class=\"wp-block-heading\">Von Camping Kitchen Essentials Hersteller :<\/h2>\n<p>Yongyu ist ein professionelles Unternehmen f\u00fcr Camping-K\u00fcchenartikel. Unsere Produkte umfassen alle Arten von Edelstahl-Camping-K\u00fcchenutensilien, wie z.B. Camping-Kochgeschirr, Camping-Geschirr, BBQ-Grills usw., und bieten hochwertige Beschaffungsdienstleistungen und erschwingliche Preise f\u00fcr jeden Kunden.<\/p>","protected":false},"featured_media":3366,"comment_status":"closed","ping_status":"closed","template":"","meta":{"_acf_changed":false},"application":[31],"product_brand":[],"product_cat":[20,50],"product_tag":[],"class_list":{"0":"post-3365","1":"product","2":"type-product","3":"status-publish","4":"has-post-thumbnail","6":"application-champ-kitchen","7":"product_cat-wholesale-drinkware","8":"product_cat-stainless-steel-cup-wholesale","10":"first","11":"instock","12":"shipping-taxable","13":"product-type-simple"},"acf":[],"_links":{"self":[{"href":"https:\/\/www.yongyukitchenware.com\/de\/wp-json\/wp\/v2\/product\/3365","targetHints":{"allow":["GET"]}}],"collection":[{"href":"https:\/\/www.yongyukitchenware.com\/de\/wp-json\/wp\/v2\/product"}],"about":[{"href":"https:\/\/www.yongyukitchenware.com\/de\/wp-json\/wp\/v2\/types\/product"}],"replies":[{"embeddable":true,"href":"https:\/\/www.yongyukitchenware.com\/de\/wp-json\/wp\/v2\/comments?post=3365"}],"wp:featuredmedia":[{"embeddable":true,"href":"https:\/\/www.yongyukitchenware.com\/de\/wp-json\/wp\/v2\/media\/3366"}],"wp:attachment":[{"href":"https:\/\/www.yongyukitchenware.com\/de\/wp-json\/wp\/v2\/media?parent=3365"}],"wp:term":[{"taxonomy":"application","embeddable":true,"href":"https:\/\/www.yongyukitchenware.com\/de\/wp-json\/wp\/v2\/application?post=3365"},{"taxonomy":"product_brand","embeddable":true,"href":"https:\/\/www.yongyukitchenware.com\/de\/wp-json\/wp\/v2\/product_brand?post=3365"},{"taxonomy":"product_cat","embeddable":true,"href":"https:\/\/www.yongyukitchenware.com\/de\/wp-json\/wp\/v2\/product_cat?post=3365"},{"taxonomy":"product_tag","embeddable":true,"href":"https:\/\/www.yongyukitchenware.com\/de\/wp-json\/wp\/v2\/product_tag?post=3365"}],"curies":[{"name":"wp","href":"https:\/\/api.w.org\/{rel}","templated":true}]}}