{"id":3379,"date":"2025-04-11T01:30:27","date_gmt":"2025-04-11T01:30:27","guid":{"rendered":"https:\/\/www.yongyukitchenware.com\/?post_type=product&#038;p=3379"},"modified":"2025-07-10T10:09:36","modified_gmt":"2025-07-10T10:09:36","slug":"bulk-moscow-mule-cup","status":"publish","type":"product","link":"https:\/\/www.yongyukitchenware.com\/de\/produkt\/bulk-moscow-mule-cup\/","title":{"rendered":"Bulk Moscow Mule Cup Metall plattiert Kupfer Bierkrug mit Henkel"},"content":{"rendered":"<div class=\"wp-block-columns is-layout-flex wp-container-core-columns-is-layout-9d6595d7 wp-block-columns-is-layout-flex\">\n<div class=\"wp-block-column is-layout-flow wp-block-column-is-layout-flow\">\n<h2 class=\"wp-block-heading\">Bulk Moscow Mule Cup Merkmale:<\/h2>\n\n\n\n<p><strong>Hochwertiger rostfreier Stahl: <\/strong>Material aus lebensmittelechtem Edelstahl, beschichtet mit reinem Kupfer, keine sch\u00e4dliche Beschichtung, sicher, rostfrei, korrosionsbest\u00e4ndig.<br><strong>Brunnen-Design: <\/strong>Jede Kupfertasse ist handgeh\u00e4mmert, einfach und elegant, und der einzigartige Griff macht diese Kupfertasse bequem zu halten, sicher zu verwenden und sch\u00f6n zu platzieren.<br><strong>Glatter Becherrand: <\/strong>Der Tassenrand ist dick und rund, und die glatte Oberfl\u00e4che wird die H\u00e4nde nicht verletzen.<strong><br>Glatte Unterseite: <\/strong>Der Boden des Bechers ist glatt, stabil und rutscht nicht so leicht.<br><strong>Integrierte Formgebung:<\/strong> Der Becherk\u00f6rper ist aus einem St\u00fcck geformt, stabil, verformt sich nicht und ist leicht zu reinigen.<\/p>\n\n\n\n<h2 class=\"wp-block-heading\">Bulk Moscow Mule Cup Gr\u00f6\u00dfe:<\/h2>\n\n\n\n<figure class=\"wp-block-table\"><table class=\"has-fixed-layout\"><tbody><tr><td>Modell<\/td><td>Durchmesser<\/td><td>H\u00f6he<\/td><td>Kapazit\u00e4t<\/td><td>MOQ<\/td><\/tr><tr><td>DY037-B<\/td><td>8,8 cm<\/td><td>10cm<\/td><td>530ML<\/td><td>200 STCK.<\/td><\/tr><\/tbody><\/table><\/figure>\n<\/div>\n\n\n\n<div class=\"wp-block-column is-layout-flow wp-block-column-is-layout-flow\">\n<div class=\"wp-block-columns is-layout-flex wp-container-core-columns-is-layout-9d6595d7 wp-block-columns-is-layout-flex\">\n<div class=\"wp-block-column is-layout-flow wp-block-column-is-layout-flow\"><div class=\"wp-block-image\">\n<figure class=\"aligncenter size-full is-resized\"><img decoding=\"async\" width=\"800\" height=\"800\" src=\"https:\/\/www.yongyukitchenware.com\/wp-content\/uploads\/2025\/03\/Bulk-Moscow-Mule-Cup-5.webp\" alt=\"Bulk-Moskau-Maultier-Tasse-5\" class=\"wp-image-3384\" style=\"width:416px;height:auto\" srcset=\"https:\/\/www.yongyukitchenware.com\/wp-content\/uploads\/2025\/03\/Bulk-Moscow-Mule-Cup-5.webp 800w, https:\/\/www.yongyukitchenware.com\/wp-content\/uploads\/2025\/03\/Bulk-Moscow-Mule-Cup-5-300x300.webp 300w, https:\/\/www.yongyukitchenware.com\/wp-content\/uploads\/2025\/03\/Bulk-Moscow-Mule-Cup-5-150x150.webp 150w, https:\/\/www.yongyukitchenware.com\/wp-content\/uploads\/2025\/03\/Bulk-Moscow-Mule-Cup-5-768x768.webp 768w, https:\/\/www.yongyukitchenware.com\/wp-content\/uploads\/2025\/03\/Bulk-Moscow-Mule-Cup-5-12x12.webp 12w, https:\/\/www.yongyukitchenware.com\/wp-content\/uploads\/2025\/03\/Bulk-Moscow-Mule-Cup-5-600x600.webp 600w, https:\/\/www.yongyukitchenware.com\/wp-content\/uploads\/2025\/03\/Bulk-Moscow-Mule-Cup-5-100x100.webp 100w\" sizes=\"(max-width: 800px) 100vw, 800px\" \/><\/figure>\n<\/div>\n\n\n<figure class=\"wp-block-image size-full\"><img decoding=\"async\" width=\"1500\" height=\"1500\" src=\"https:\/\/www.yongyukitchenware.com\/wp-content\/uploads\/2025\/03\/Bulk-Moscow-Mule-Cup-8.webp\" alt=\"Bulk-Moskau-Maultier-Tasse-8\" class=\"wp-image-3387\" srcset=\"https:\/\/www.yongyukitchenware.com\/wp-content\/uploads\/2025\/03\/Bulk-Moscow-Mule-Cup-8.webp 1500w, https:\/\/www.yongyukitchenware.com\/wp-content\/uploads\/2025\/03\/Bulk-Moscow-Mule-Cup-8-300x300.webp 300w, https:\/\/www.yongyukitchenware.com\/wp-content\/uploads\/2025\/03\/Bulk-Moscow-Mule-Cup-8-150x150.webp 150w, https:\/\/www.yongyukitchenware.com\/wp-content\/uploads\/2025\/03\/Bulk-Moscow-Mule-Cup-8-768x768.webp 768w, https:\/\/www.yongyukitchenware.com\/wp-content\/uploads\/2025\/03\/Bulk-Moscow-Mule-Cup-8-12x12.webp 12w, https:\/\/www.yongyukitchenware.com\/wp-content\/uploads\/2025\/03\/Bulk-Moscow-Mule-Cup-8-1200x1200.webp 1200w, https:\/\/www.yongyukitchenware.com\/wp-content\/uploads\/2025\/03\/Bulk-Moscow-Mule-Cup-8-600x600.webp 600w, https:\/\/www.yongyukitchenware.com\/wp-content\/uploads\/2025\/03\/Bulk-Moscow-Mule-Cup-8-100x100.webp 100w\" sizes=\"(max-width: 1500px) 100vw, 1500px\" \/><\/figure>\n<\/div>\n<\/div>\n<\/div>\n<\/div>\n\n\n\n<p><\/p>","protected":false},"excerpt":{"rendered":"<p data-pm-slice=\"1 1 []\">Gro\u00dfer Moscow-Mule-Becher mit metallbeschichteter Kupferoberfl\u00e4che und stabilem Griff - klassisches Design f\u00fcr Cocktails, Bier oder gek\u00fchlte Getr\u00e4nke. Langlebig, stilvoll und f\u00fcr alle Gelegenheiten geeignet. Bester Rabatt f\u00fcr Bulk Custom, erhalten Sie eine kostenlose Anfrage jetzt!<\/p>\n<h2 style=\"text-align: left;\">Bulk Moscow Mule Cup Parameter:<\/h2>\n<p style=\"text-align: left;\"><strong>Material:<\/strong> Rostfreier Stahl<br \/><strong>Farbe:<\/strong> Silber\/Kupfer\/Schwarz<br \/><strong>Entwurf: <\/strong>Klappbarer Handgriff, stapelbar<br \/><strong>OEM\/ODM:<\/strong> Verf\u00fcgbar<\/p>\n<h2 class=\"wp-block-heading\">Von Camping Kitchen Essentials Hersteller :<\/h2>\n<p>Yongyu ist ein professioneller Anbieter von Camping-K\u00fcchenbedarf. Unsere Produkte umfassen alle Arten von Edelstahl-Camping-K\u00fcchenutensilien, wie z.B. Camping-Kochgeschirr, Camping-Geschirr, BBQ-Grills usw., und bieten hochwertige Beschaffungsdienstleistungen und erschwingliche Preise f\u00fcr jeden Kunden.<\/p>","protected":false},"featured_media":3380,"comment_status":"closed","ping_status":"closed","template":"","meta":{"_acf_changed":false},"application":[31],"product_brand":[],"product_cat":[20,50],"product_tag":[],"class_list":{"0":"post-3379","1":"product","2":"type-product","3":"status-publish","4":"has-post-thumbnail","6":"application-champ-kitchen","7":"product_cat-wholesale-drinkware","8":"product_cat-stainless-steel-cup-wholesale","10":"first","11":"instock","12":"shipping-taxable","13":"product-type-simple"},"acf":[],"_links":{"self":[{"href":"https:\/\/www.yongyukitchenware.com\/de\/wp-json\/wp\/v2\/product\/3379","targetHints":{"allow":["GET"]}}],"collection":[{"href":"https:\/\/www.yongyukitchenware.com\/de\/wp-json\/wp\/v2\/product"}],"about":[{"href":"https:\/\/www.yongyukitchenware.com\/de\/wp-json\/wp\/v2\/types\/product"}],"replies":[{"embeddable":true,"href":"https:\/\/www.yongyukitchenware.com\/de\/wp-json\/wp\/v2\/comments?post=3379"}],"wp:featuredmedia":[{"embeddable":true,"href":"https:\/\/www.yongyukitchenware.com\/de\/wp-json\/wp\/v2\/media\/3380"}],"wp:attachment":[{"href":"https:\/\/www.yongyukitchenware.com\/de\/wp-json\/wp\/v2\/media?parent=3379"}],"wp:term":[{"taxonomy":"application","embeddable":true,"href":"https:\/\/www.yongyukitchenware.com\/de\/wp-json\/wp\/v2\/application?post=3379"},{"taxonomy":"product_brand","embeddable":true,"href":"https:\/\/www.yongyukitchenware.com\/de\/wp-json\/wp\/v2\/product_brand?post=3379"},{"taxonomy":"product_cat","embeddable":true,"href":"https:\/\/www.yongyukitchenware.com\/de\/wp-json\/wp\/v2\/product_cat?post=3379"},{"taxonomy":"product_tag","embeddable":true,"href":"https:\/\/www.yongyukitchenware.com\/de\/wp-json\/wp\/v2\/product_tag?post=3379"}],"curies":[{"name":"wp","href":"https:\/\/api.w.org\/{rel}","templated":true}]}}