{"id":3389,"date":"2025-04-11T03:59:47","date_gmt":"2025-04-11T03:59:47","guid":{"rendered":"https:\/\/www.yongyukitchenware.com\/?post_type=product&#038;p=3389"},"modified":"2025-07-10T10:13:28","modified_gmt":"2025-07-10T10:13:28","slug":"wholesale-stainless-steel-double-jigger","status":"publish","type":"product","link":"https:\/\/www.yongyukitchenware.com\/de\/produkt\/wholesale-stainless-steel-double-jigger\/","title":{"rendered":"Gro\u00dfhandel Edelstahl Double Jigger Bar Bartending Tools"},"content":{"rendered":"<div class=\"wp-block-columns is-layout-flex wp-container-core-columns-is-layout-9d6595d7 wp-block-columns-is-layout-flex\">\n<div class=\"wp-block-column is-layout-flow wp-block-column-is-layout-flow\">\n<h2 class=\"wp-block-heading\">Gro\u00dfhandel Edelstahl Double Jigger Eigenschaften:<\/h2>\n\n\n\n<p><strong>\u00dcberlegene Handwerkskunst\uff1a<\/strong> Dieser Jigger aus lebensmittelechtem Edelstahl ist lebensmittelecht f\u00fcr den direkten Kontakt mit Lebensmitteln und sehr langlebig. Er ist langlebig, rostfrei und so konzipiert, dass er zahlreiche Cocktailpartys \u00fcbersteht, ohne seinen Glanz zu verlieren.<\/p>\n\n\n\n<p><strong>Ergonomisches Design\uff1a<\/strong> Dank seines d\u00fcnnen Profils und der scharf geschnittenen Linien passt der Jigger bequem zwischen die Finger und l\u00e4sst sich leicht mit einer Hand bedienen. Er erh\u00f6ht die Geschwindigkeit und Genauigkeit bei der Zubereitung von Cocktails.<\/p>\n\n\n\n<p><strong>Mehrzweckeinsatz\uff1a<\/strong> Ganz gleich, ob Sie Whiskey mixen, einen Mojito mixen oder Kaffee-Shots schie\u00dfen, dieser Jigger misst Ihre Getr\u00e4nke in einer riesigen Liste von Cocktails pr\u00e4zise ab.<\/p>\n\n\n\n<p><strong>Leichte Reinigung\uff1a<\/strong> Die glatten, abgerundeten Konturen machen das Waschen von Hand m\u00fchelos, und das Ger\u00e4t ist sp\u00fclmaschinenfest, was Zeit und Arbeit pro Benutzung spart.<\/p>\n\n\n\n<h2 class=\"wp-block-heading\">Gro\u00dfhandel Edelstahl Double Jigger Gr\u00f6\u00dfe:<\/h2>\n\n\n\n<figure class=\"wp-block-table\"><table class=\"has-fixed-layout\"><tbody><tr><td>Modell<\/td><td>Gr\u00f6\u00dfe(Durchmesser*Bodendurchmesser)<\/td><td>H\u00f6he<\/td><td>Kapazit\u00e4t<\/td><td>MOQ<\/td><\/tr><tr><td rowspan=\"4\">DY038-B<\/td><td>4.8*4.1cm<\/td><td>11,5 cm<\/td><td>30ml\/45ml<\/td><td rowspan=\"4\">200 STCK.<\/td><\/tr><tr><td>5.1*4.4cm<\/td><td>13cm<\/td><td>30ml\/60ml<\/td><\/tr><tr><td>5,8*5,1cm<\/td><td>15cm<\/td><td>45ml\/60ml<\/td><\/tr><tr><td>5.1*4.8cm<\/td><td>13cm<\/td><td>60ml\/90ml<\/td><\/tr><\/tbody><\/table><\/figure>\n<\/div>\n\n\n\n<div class=\"wp-block-column is-layout-flow wp-block-column-is-layout-flow\">\n<div class=\"wp-block-columns is-layout-flex wp-container-core-columns-is-layout-9d6595d7 wp-block-columns-is-layout-flex\">\n<div class=\"wp-block-column is-layout-flow wp-block-column-is-layout-flow\"><div class=\"wp-block-image\">\n<figure class=\"aligncenter size-full is-resized\"><img decoding=\"async\" width=\"800\" height=\"800\" src=\"https:\/\/www.yongyukitchenware.com\/wp-content\/uploads\/2025\/03\/Wholesale-Stainless-Steel-Double-Jigger-5.webp\" alt=\"Gro\u00dfhandel-Edelstahl-Doppel-Jigger-5\" class=\"wp-image-3394\" style=\"width:416px;height:auto\" srcset=\"https:\/\/www.yongyukitchenware.com\/wp-content\/uploads\/2025\/03\/Wholesale-Stainless-Steel-Double-Jigger-5.webp 800w, https:\/\/www.yongyukitchenware.com\/wp-content\/uploads\/2025\/03\/Wholesale-Stainless-Steel-Double-Jigger-5-300x300.webp 300w, https:\/\/www.yongyukitchenware.com\/wp-content\/uploads\/2025\/03\/Wholesale-Stainless-Steel-Double-Jigger-5-150x150.webp 150w, https:\/\/www.yongyukitchenware.com\/wp-content\/uploads\/2025\/03\/Wholesale-Stainless-Steel-Double-Jigger-5-768x768.webp 768w, https:\/\/www.yongyukitchenware.com\/wp-content\/uploads\/2025\/03\/Wholesale-Stainless-Steel-Double-Jigger-5-12x12.webp 12w, https:\/\/www.yongyukitchenware.com\/wp-content\/uploads\/2025\/03\/Wholesale-Stainless-Steel-Double-Jigger-5-600x600.webp 600w, https:\/\/www.yongyukitchenware.com\/wp-content\/uploads\/2025\/03\/Wholesale-Stainless-Steel-Double-Jigger-5-100x100.webp 100w\" sizes=\"(max-width: 800px) 100vw, 800px\" \/><\/figure>\n<\/div>\n\n\n<figure class=\"wp-block-image size-full\"><img decoding=\"async\" width=\"800\" height=\"800\" src=\"https:\/\/www.yongyukitchenware.com\/wp-content\/uploads\/2025\/03\/Wholesale-Stainless-Steel-Double-Jigger-7.webp\" alt=\"Gro\u00dfhandel-Edelstahl-Doppel-Jigger-7\" class=\"wp-image-3396\" srcset=\"https:\/\/www.yongyukitchenware.com\/wp-content\/uploads\/2025\/03\/Wholesale-Stainless-Steel-Double-Jigger-7.webp 800w, https:\/\/www.yongyukitchenware.com\/wp-content\/uploads\/2025\/03\/Wholesale-Stainless-Steel-Double-Jigger-7-300x300.webp 300w, https:\/\/www.yongyukitchenware.com\/wp-content\/uploads\/2025\/03\/Wholesale-Stainless-Steel-Double-Jigger-7-150x150.webp 150w, https:\/\/www.yongyukitchenware.com\/wp-content\/uploads\/2025\/03\/Wholesale-Stainless-Steel-Double-Jigger-7-768x768.webp 768w, https:\/\/www.yongyukitchenware.com\/wp-content\/uploads\/2025\/03\/Wholesale-Stainless-Steel-Double-Jigger-7-12x12.webp 12w, https:\/\/www.yongyukitchenware.com\/wp-content\/uploads\/2025\/03\/Wholesale-Stainless-Steel-Double-Jigger-7-600x600.webp 600w, https:\/\/www.yongyukitchenware.com\/wp-content\/uploads\/2025\/03\/Wholesale-Stainless-Steel-Double-Jigger-7-100x100.webp 100w\" sizes=\"(max-width: 800px) 100vw, 800px\" \/><\/figure>\n<\/div>\n<\/div>\n<\/div>\n<\/div>\n\n\n\n<p><\/p>","protected":false},"excerpt":{"rendered":"<p class=\"\" data-start=\"378\" data-end=\"555\">Gro\u00dfhandels-Edelstahl-Doppeljigger, entwickelt f\u00fcr den professionellen Einsatz in Bars, Restaurants und bei Veranstaltungen. Bietet genaue Messungen f\u00fcr Cocktails und gemischte Getr\u00e4nke mit Leichtigkeit.erhalten eine kostenlose Anfrage jetzt!<\/p>\n<h2 style=\"text-align: left;\">Gro\u00dfhandel Edelstahl Double Jigger Parameter:<\/h2>\n<p style=\"text-align: left;\"><strong>Material:<\/strong> Rostfreier Stahl<br \/><strong>Farbe:<\/strong> Silber\/Gold\/Schwarz\/Rosegold<br \/><strong>Entwurf: <\/strong>Klappbarer Handgriff, stapelbar<br \/><strong>OEM\/ODM:<\/strong> Verf\u00fcgbar<\/p>\n<h2 class=\"wp-block-heading\">Von Yongyu Gro\u00dfh\u00e4ndler f\u00fcr Catering-Bedarf:<\/h2>\n<p>Als der beste Hersteller von Gastronomiebedarf in China sind wir auf qualitativ hochwertige Barware im Gro\u00df- und Einzelhandel spezialisiert. Wir haben 25 Jahre Berufserfahrung, um sicherzustellen, dass die Kunden die modernsten Produkte und effiziente Dienstleistungen erhalten.<\/p>","protected":false},"featured_media":3390,"comment_status":"closed","ping_status":"closed","template":"","meta":{"_acf_changed":false},"application":[30],"product_brand":[],"product_cat":[16],"product_tag":[],"class_list":{"0":"post-3389","1":"product","2":"type-product","3":"status-publish","4":"has-post-thumbnail","6":"application-hotel-catering","7":"product_cat-barware-wholesale-custom","9":"first","10":"instock","11":"shipping-taxable","12":"product-type-simple"},"acf":[],"_links":{"self":[{"href":"https:\/\/www.yongyukitchenware.com\/de\/wp-json\/wp\/v2\/product\/3389","targetHints":{"allow":["GET"]}}],"collection":[{"href":"https:\/\/www.yongyukitchenware.com\/de\/wp-json\/wp\/v2\/product"}],"about":[{"href":"https:\/\/www.yongyukitchenware.com\/de\/wp-json\/wp\/v2\/types\/product"}],"replies":[{"embeddable":true,"href":"https:\/\/www.yongyukitchenware.com\/de\/wp-json\/wp\/v2\/comments?post=3389"}],"wp:featuredmedia":[{"embeddable":true,"href":"https:\/\/www.yongyukitchenware.com\/de\/wp-json\/wp\/v2\/media\/3390"}],"wp:attachment":[{"href":"https:\/\/www.yongyukitchenware.com\/de\/wp-json\/wp\/v2\/media?parent=3389"}],"wp:term":[{"taxonomy":"application","embeddable":true,"href":"https:\/\/www.yongyukitchenware.com\/de\/wp-json\/wp\/v2\/application?post=3389"},{"taxonomy":"product_brand","embeddable":true,"href":"https:\/\/www.yongyukitchenware.com\/de\/wp-json\/wp\/v2\/product_brand?post=3389"},{"taxonomy":"product_cat","embeddable":true,"href":"https:\/\/www.yongyukitchenware.com\/de\/wp-json\/wp\/v2\/product_cat?post=3389"},{"taxonomy":"product_tag","embeddable":true,"href":"https:\/\/www.yongyukitchenware.com\/de\/wp-json\/wp\/v2\/product_tag?post=3389"}],"curies":[{"name":"wp","href":"https:\/\/api.w.org\/{rel}","templated":true}]}}