{"id":3419,"date":"2025-07-03T01:11:28","date_gmt":"2025-07-03T01:11:28","guid":{"rendered":"https:\/\/www.yongyukitchenware.com\/?post_type=product&#038;p=3419"},"modified":"2025-07-03T01:11:32","modified_gmt":"2025-07-03T01:11:32","slug":"bulk-vacuum-double-wall-stainless-steel-mug","status":"publish","type":"product","link":"https:\/\/www.yongyukitchenware.com\/de\/produkt\/bulk-vacuum-double-wall-stainless-steel-mug\/","title":{"rendered":"Bulk Vakuum Doppelwand Edelstahl Becher Trinken Wasser Tasse mit Griff"},"content":{"rendered":"<div class=\"wp-block-columns is-layout-flex wp-container-core-columns-is-layout-9d6595d7 wp-block-columns-is-layout-flex\">\n<div class=\"wp-block-column is-layout-flow wp-block-column-is-layout-flow\">\n<h2 class=\"wp-block-heading\">Bulk Vacuum Double Wall Edelstahlbecher Eigenschaften:<\/h2>\n\n\n\n<p><strong>Hochwertiger rostfreier Stahl 304: <\/strong>aus hochwertigem Edelstahl 304, rostet nicht, ist bleifrei, leicht zu reinigen und bruchsicher<br><strong>Doppelwandige Vakuumisolierung:<\/strong> h\u00e4lt das Getr\u00e4nk mehr als 3 Stunden hei\u00df und mehr als 9 Stunden kalt, W\u00e4rmeisolierung zur Vermeidung von Verbrennungen<br><strong>Superior Pulverbeschichtet: <\/strong>Mehrfarbige Option, haltbare Oberfl\u00e4che, kein Zerkratzen, kein Abbl\u00e4ttern oder Verblassen, einfache Handhabung, lange Lebensdauer<br><strong>Drei Trinkmethoden: <\/strong>Der Deckel kann in den Strohhalm gesteckt werden, um zu trinken, trinken gerade den Mund, oder \u00f6ffnen Sie den Deckel frei zu trinken, eine Vielzahl von Trinkmethoden, um verschiedene Bed\u00fcrfnisse zu erf\u00fcllen<br><strong>Starke Abdichtung: <\/strong>der Deckel hat einen integrierten Silikonring, ist mehrfach auslaufsicher, 360 Grad wasserdicht und leicht zu tragen<\/p>\n\n\n\n<h2 class=\"wp-block-heading\">Bulk-Vakuum-Edelstahlbecher mit doppelter Wand Gr\u00f6\u00dfe:<\/h2>\n\n\n\n<figure class=\"wp-block-table\"><table class=\"has-fixed-layout\"><tbody><tr><td>Modell<\/td><td>Gr\u00f6\u00dfe(Durchmesser*Bodendurchmesser)<\/td><td>H\u00f6he<\/td><td>Kapazit\u00e4t<\/td><\/tr><tr><td>DY039-B<\/td><td>8,5*6,3cm<\/td><td>10cm<\/td><td>300ML<\/td><\/tr><\/tbody><\/table><\/figure>\n<\/div>\n\n\n\n<div class=\"wp-block-column is-layout-flow wp-block-column-is-layout-flow\">\n<div class=\"wp-block-columns is-layout-flex wp-container-core-columns-is-layout-9d6595d7 wp-block-columns-is-layout-flex\">\n<div class=\"wp-block-column is-layout-flow wp-block-column-is-layout-flow\"><div class=\"wp-block-image\">\n<figure class=\"aligncenter size-full is-resized\"><img decoding=\"async\" width=\"800\" height=\"800\" src=\"https:\/\/www.yongyukitchenware.com\/wp-content\/uploads\/2025\/03\/Bulk-Vacuum-Double-Wall-Stainless-Steel-Mug-7.webp\" alt=\"Bulk-Vakuum-Doppelwand-Edelstahl-Becher-7\" class=\"wp-image-3426\" style=\"width:416px;height:auto\" srcset=\"https:\/\/www.yongyukitchenware.com\/wp-content\/uploads\/2025\/03\/Bulk-Vacuum-Double-Wall-Stainless-Steel-Mug-7.webp 800w, https:\/\/www.yongyukitchenware.com\/wp-content\/uploads\/2025\/03\/Bulk-Vacuum-Double-Wall-Stainless-Steel-Mug-7-300x300.webp 300w, https:\/\/www.yongyukitchenware.com\/wp-content\/uploads\/2025\/03\/Bulk-Vacuum-Double-Wall-Stainless-Steel-Mug-7-150x150.webp 150w, https:\/\/www.yongyukitchenware.com\/wp-content\/uploads\/2025\/03\/Bulk-Vacuum-Double-Wall-Stainless-Steel-Mug-7-768x768.webp 768w, https:\/\/www.yongyukitchenware.com\/wp-content\/uploads\/2025\/03\/Bulk-Vacuum-Double-Wall-Stainless-Steel-Mug-7-12x12.webp 12w, https:\/\/www.yongyukitchenware.com\/wp-content\/uploads\/2025\/03\/Bulk-Vacuum-Double-Wall-Stainless-Steel-Mug-7-600x600.webp 600w, https:\/\/www.yongyukitchenware.com\/wp-content\/uploads\/2025\/03\/Bulk-Vacuum-Double-Wall-Stainless-Steel-Mug-7-100x100.webp 100w\" sizes=\"(max-width: 800px) 100vw, 800px\" \/><\/figure>\n<\/div>\n\n\n<figure class=\"wp-block-image size-full\"><img decoding=\"async\" width=\"800\" height=\"800\" src=\"https:\/\/www.yongyukitchenware.com\/wp-content\/uploads\/2025\/03\/Bulk-Vacuum-Double-Wall-Stainless-Steel-Mug-6.webp\" alt=\"Gro\u00dfvolumiger-Vakuum-Doppelwand-Edelstahl-Becher-6\" class=\"wp-image-3425\" srcset=\"https:\/\/www.yongyukitchenware.com\/wp-content\/uploads\/2025\/03\/Bulk-Vacuum-Double-Wall-Stainless-Steel-Mug-6.webp 800w, https:\/\/www.yongyukitchenware.com\/wp-content\/uploads\/2025\/03\/Bulk-Vacuum-Double-Wall-Stainless-Steel-Mug-6-300x300.webp 300w, https:\/\/www.yongyukitchenware.com\/wp-content\/uploads\/2025\/03\/Bulk-Vacuum-Double-Wall-Stainless-Steel-Mug-6-150x150.webp 150w, https:\/\/www.yongyukitchenware.com\/wp-content\/uploads\/2025\/03\/Bulk-Vacuum-Double-Wall-Stainless-Steel-Mug-6-768x768.webp 768w, https:\/\/www.yongyukitchenware.com\/wp-content\/uploads\/2025\/03\/Bulk-Vacuum-Double-Wall-Stainless-Steel-Mug-6-12x12.webp 12w, https:\/\/www.yongyukitchenware.com\/wp-content\/uploads\/2025\/03\/Bulk-Vacuum-Double-Wall-Stainless-Steel-Mug-6-600x600.webp 600w, https:\/\/www.yongyukitchenware.com\/wp-content\/uploads\/2025\/03\/Bulk-Vacuum-Double-Wall-Stainless-Steel-Mug-6-100x100.webp 100w\" sizes=\"(max-width: 800px) 100vw, 800px\" \/><\/figure>\n<\/div>\n<\/div>\n<\/div>\n<\/div>\n\n\n\n<p><\/p>","protected":false},"excerpt":{"rendered":"<p>Gro\u00dfer doppelwandiger Vakuum-Edelstahlbecher. H\u00e4lt Getr\u00e4nke dank des doppelwandigen Isolierdesigns stundenlang hei\u00df oder kalt. Ideal f\u00fcr den Einsatz im B\u00fcro, im Freien und auf Reisen. Kontaktieren Sie uns jetzt f\u00fcr Gro\u00dfhandelspreise und individuelle Gestaltung.<\/p>\n<h2 style=\"text-align: left;\">Bulk Vakuum Doppelwand Edelstahlbecher Parameter:<\/h2>\n<p style=\"text-align: left;\"><strong>Material:<\/strong> Rostfreier Stahl<br \/><strong>Farbe:<\/strong> Wei\u00df\/Schwarz\/Khaki<br \/><strong>Entwurf: <\/strong>Klappbarer Handgriff, stapelbar<br \/><strong>OEM\/ODM:<\/strong> Verf\u00fcgbar<\/p>\n<h2 class=\"wp-block-heading\">Von Camping Kitchen Essentials Hersteller :<\/h2>\n<p>Yongyu ist ein professioneller Hersteller von Camping-K\u00fcchenartikeln. Unsere Produkte umfassen alle Arten von Camping-K\u00fcchenartikeln aus Edelstahl, wie z.B. Camping-Kochgeschirr, Camping-Geschirr, BBQ-Grills usw., und bieten qualitativ hochwertige Beschaffungsdienste und erschwingliche Preise f\u00fcr jeden Kunden.<\/p>","protected":false},"featured_media":3420,"comment_status":"closed","ping_status":"closed","template":"","meta":{"_acf_changed":false},"application":[31],"product_brand":[],"product_cat":[20,50],"product_tag":[],"class_list":{"0":"post-3419","1":"product","2":"type-product","3":"status-publish","4":"has-post-thumbnail","6":"application-champ-kitchen","7":"product_cat-wholesale-drinkware","8":"product_cat-stainless-steel-cup-wholesale","10":"first","11":"instock","12":"shipping-taxable","13":"product-type-simple"},"acf":[],"_links":{"self":[{"href":"https:\/\/www.yongyukitchenware.com\/de\/wp-json\/wp\/v2\/product\/3419","targetHints":{"allow":["GET"]}}],"collection":[{"href":"https:\/\/www.yongyukitchenware.com\/de\/wp-json\/wp\/v2\/product"}],"about":[{"href":"https:\/\/www.yongyukitchenware.com\/de\/wp-json\/wp\/v2\/types\/product"}],"replies":[{"embeddable":true,"href":"https:\/\/www.yongyukitchenware.com\/de\/wp-json\/wp\/v2\/comments?post=3419"}],"wp:featuredmedia":[{"embeddable":true,"href":"https:\/\/www.yongyukitchenware.com\/de\/wp-json\/wp\/v2\/media\/3420"}],"wp:attachment":[{"href":"https:\/\/www.yongyukitchenware.com\/de\/wp-json\/wp\/v2\/media?parent=3419"}],"wp:term":[{"taxonomy":"application","embeddable":true,"href":"https:\/\/www.yongyukitchenware.com\/de\/wp-json\/wp\/v2\/application?post=3419"},{"taxonomy":"product_brand","embeddable":true,"href":"https:\/\/www.yongyukitchenware.com\/de\/wp-json\/wp\/v2\/product_brand?post=3419"},{"taxonomy":"product_cat","embeddable":true,"href":"https:\/\/www.yongyukitchenware.com\/de\/wp-json\/wp\/v2\/product_cat?post=3419"},{"taxonomy":"product_tag","embeddable":true,"href":"https:\/\/www.yongyukitchenware.com\/de\/wp-json\/wp\/v2\/product_tag?post=3419"}],"curies":[{"name":"wp","href":"https:\/\/api.w.org\/{rel}","templated":true}]}}