{"id":3452,"date":"2025-04-11T02:13:16","date_gmt":"2025-04-11T02:13:16","guid":{"rendered":"https:\/\/www.yongyukitchenware.com\/?post_type=product&#038;p=3452"},"modified":"2025-06-13T06:02:50","modified_gmt":"2025-06-13T06:02:50","slug":"wholesale-stainless-steel-wine-glass","status":"publish","type":"product","link":"https:\/\/www.yongyukitchenware.com\/de\/produkt\/wholesale-stainless-steel-wine-glass\/","title":{"rendered":"Gro\u00dfhandel Edelstahl Weinglas Metall Whiskey Kelch Champagner Becher"},"content":{"rendered":"<div class=\"wp-block-columns is-layout-flex wp-container-core-columns-is-layout-9d6595d7 wp-block-columns-is-layout-flex\">\n<div class=\"wp-block-column is-layout-flow wp-block-column-is-layout-flow\">\n<h2 class=\"wp-block-heading\">Gro\u00dfhandel Edelstahl Weinglas Eigenschaften:<\/h2>\n\n\n\n<p><strong>Lebensmittelgeeigneter Edelstahl:<\/strong> BPA-frei, bricht nicht leicht, nicht korrosiv, kompatibel mit all Ihren Lieblingsgetr\u00e4nken.<br><strong>Breite Basis und Griffdesign: <\/strong>Das Glas ist mit einem breiten Boden und einer weiten \u00d6ffnung ausgestattet, so dass es stabiler auf dem Tisch steht. Au\u00dferdem liegt der Griff gut in der Hand, so dass Sie das Getr\u00e4nk besser genie\u00dfen k\u00f6nnen<br><strong>Gro\u00dfe Kapazit\u00e4t: <\/strong>Diese Edelstahlgl\u00e4ser haben ein Fassungsverm\u00f6gen von je 500 ml und sind damit ausreichend f\u00fcr Sekt, Wein, Milch oder andere Getr\u00e4nke.<br><strong>Leicht zu reinigen: <\/strong>Die Glasoberfl\u00e4che aus rostfreiem Stahl ist glatt, neigt nicht zum Anhaften von Flecken, ist relativ leicht zu reinigen, kann bei hohen Temperaturen gewaschen werden, ist sp\u00fclmaschinenfest und kann jeden Tag verwendet werden.<br><strong>Gute Isolierwirkung:<\/strong> Aufgrund der guten W\u00e4rmeisolierung von Edelstahl k\u00f6nnen doppelwandige Weingl\u00e4ser aus Edelstahl die Temperatur des Getr\u00e4nks effektiv aufrechterhalten, z. B. kalten Wein kalt oder hei\u00dfen Wein warm halten.<\/p>\n\n\n\n<h2 class=\"wp-block-heading\">Gro\u00dfhandel Edelstahl Weinglas Gr\u00f6\u00dfe:<\/h2>\n\n\n\n<figure class=\"wp-block-table\"><table class=\"has-fixed-layout\"><tbody><tr><td>Modell<\/td><td>Durchmesser<\/td><td>H\u00f6he<\/td><td>Kapazit\u00e4t<\/td><td>MOQ<\/td><\/tr><tr><td>DY042-B<\/td><td>9,4 cm<\/td><td>21,1 cm<\/td><td>500ML<\/td><td>200 STCK.<\/td><\/tr><\/tbody><\/table><\/figure>\n<\/div>\n\n\n\n<div class=\"wp-block-column is-layout-flow wp-block-column-is-layout-flow\">\n<div class=\"wp-block-columns is-layout-flex wp-container-core-columns-is-layout-9d6595d7 wp-block-columns-is-layout-flex\">\n<div class=\"wp-block-column is-layout-flow wp-block-column-is-layout-flow\"><div class=\"wp-block-image\">\n<figure class=\"aligncenter size-full is-resized\"><img decoding=\"async\" width=\"800\" height=\"800\" src=\"https:\/\/www.yongyukitchenware.com\/wp-content\/uploads\/2025\/03\/Wholesale-Stainless-Steel-Wine-Glass-7.webp\" alt=\"Gro\u00dfhandel-Edelstahl-Weinglas-7\" class=\"wp-image-3459\" style=\"width:416px;height:auto\" srcset=\"https:\/\/www.yongyukitchenware.com\/wp-content\/uploads\/2025\/03\/Wholesale-Stainless-Steel-Wine-Glass-7.webp 800w, https:\/\/www.yongyukitchenware.com\/wp-content\/uploads\/2025\/03\/Wholesale-Stainless-Steel-Wine-Glass-7-300x300.webp 300w, https:\/\/www.yongyukitchenware.com\/wp-content\/uploads\/2025\/03\/Wholesale-Stainless-Steel-Wine-Glass-7-150x150.webp 150w, https:\/\/www.yongyukitchenware.com\/wp-content\/uploads\/2025\/03\/Wholesale-Stainless-Steel-Wine-Glass-7-768x768.webp 768w, https:\/\/www.yongyukitchenware.com\/wp-content\/uploads\/2025\/03\/Wholesale-Stainless-Steel-Wine-Glass-7-12x12.webp 12w, https:\/\/www.yongyukitchenware.com\/wp-content\/uploads\/2025\/03\/Wholesale-Stainless-Steel-Wine-Glass-7-600x600.webp 600w, https:\/\/www.yongyukitchenware.com\/wp-content\/uploads\/2025\/03\/Wholesale-Stainless-Steel-Wine-Glass-7-100x100.webp 100w\" sizes=\"(max-width: 800px) 100vw, 800px\" \/><\/figure>\n<\/div>\n\n\n<figure class=\"wp-block-image size-full\"><img decoding=\"async\" width=\"800\" height=\"800\" src=\"https:\/\/www.yongyukitchenware.com\/wp-content\/uploads\/2025\/03\/Wholesale-Stainless-Steel-Wine-Glass-5.webp\" alt=\"Gro\u00dfhandel-Edelstahl-Weinglas-5\" class=\"wp-image-3457\" srcset=\"https:\/\/www.yongyukitchenware.com\/wp-content\/uploads\/2025\/03\/Wholesale-Stainless-Steel-Wine-Glass-5.webp 800w, https:\/\/www.yongyukitchenware.com\/wp-content\/uploads\/2025\/03\/Wholesale-Stainless-Steel-Wine-Glass-5-300x300.webp 300w, https:\/\/www.yongyukitchenware.com\/wp-content\/uploads\/2025\/03\/Wholesale-Stainless-Steel-Wine-Glass-5-150x150.webp 150w, https:\/\/www.yongyukitchenware.com\/wp-content\/uploads\/2025\/03\/Wholesale-Stainless-Steel-Wine-Glass-5-768x768.webp 768w, https:\/\/www.yongyukitchenware.com\/wp-content\/uploads\/2025\/03\/Wholesale-Stainless-Steel-Wine-Glass-5-12x12.webp 12w, https:\/\/www.yongyukitchenware.com\/wp-content\/uploads\/2025\/03\/Wholesale-Stainless-Steel-Wine-Glass-5-600x600.webp 600w, https:\/\/www.yongyukitchenware.com\/wp-content\/uploads\/2025\/03\/Wholesale-Stainless-Steel-Wine-Glass-5-100x100.webp 100w\" sizes=\"(max-width: 800px) 100vw, 800px\" \/><\/figure>\n<\/div>\n<\/div>\n<\/div>\n<\/div>\n\n\n\n<p><\/p>","protected":false},"excerpt":{"rendered":"<p>Gro\u00dfhandel Edelstahl Weinglas mit einem modernen, langlebigen Design, ideal zum Servieren von Wein, Whiskey oder Champagner.Hergestellt aus haltbarem Edelstahl, perfekt f\u00fcr Catering und Veranstaltungen! Anpassung &amp; OEM-Dienstleistungen zur Verf\u00fcgung. Kontaktieren Sie uns jetzt f\u00fcr ein Angebot!<\/p>\n<h2 style=\"text-align: left\">Gro\u00dfhandel Edelstahl Weinglas Parameter:<\/h2>\n<p style=\"text-align: left\"><strong>Material:<\/strong> Rostfreier Stahl<br \/><strong>Farbe:<\/strong> Silber\/Gold\/Kupfer\/Schwarz<br \/><strong>Entwurf: <\/strong>Klappbarer Handgriff, stapelbar<br \/><strong>OEM\/ODM:<\/strong> Verf\u00fcgbar<\/p>\n<h2 class=\"wp-block-heading\">Von Camping Kitchen Essentials Hersteller :<\/h2>\n<p>Yongyu ist ein professioneller Hersteller von Campingk\u00fcchenartikeln. Unsere Produkte umfassen alle Arten von Edelstahl-Camping-K\u00fcchenutensilien, wie z.B. Camping-Kochgeschirr, Camping-Geschirr, BBQ-Grills usw., und bieten hochwertige Beschaffungsdienstleistungen und erschwingliche Preise f\u00fcr jeden Kunden.<\/p>","protected":false},"featured_media":3453,"comment_status":"closed","ping_status":"closed","template":"","meta":{"_acf_changed":false},"application":[31],"product_brand":[],"product_cat":[16],"product_tag":[],"class_list":{"0":"post-3452","1":"product","2":"type-product","3":"status-publish","4":"has-post-thumbnail","6":"application-champ-kitchen","7":"product_cat-barware-wholesale-custom","9":"first","10":"instock","11":"shipping-taxable","12":"product-type-simple"},"acf":[],"_links":{"self":[{"href":"https:\/\/www.yongyukitchenware.com\/de\/wp-json\/wp\/v2\/product\/3452","targetHints":{"allow":["GET"]}}],"collection":[{"href":"https:\/\/www.yongyukitchenware.com\/de\/wp-json\/wp\/v2\/product"}],"about":[{"href":"https:\/\/www.yongyukitchenware.com\/de\/wp-json\/wp\/v2\/types\/product"}],"replies":[{"embeddable":true,"href":"https:\/\/www.yongyukitchenware.com\/de\/wp-json\/wp\/v2\/comments?post=3452"}],"wp:featuredmedia":[{"embeddable":true,"href":"https:\/\/www.yongyukitchenware.com\/de\/wp-json\/wp\/v2\/media\/3453"}],"wp:attachment":[{"href":"https:\/\/www.yongyukitchenware.com\/de\/wp-json\/wp\/v2\/media?parent=3452"}],"wp:term":[{"taxonomy":"application","embeddable":true,"href":"https:\/\/www.yongyukitchenware.com\/de\/wp-json\/wp\/v2\/application?post=3452"},{"taxonomy":"product_brand","embeddable":true,"href":"https:\/\/www.yongyukitchenware.com\/de\/wp-json\/wp\/v2\/product_brand?post=3452"},{"taxonomy":"product_cat","embeddable":true,"href":"https:\/\/www.yongyukitchenware.com\/de\/wp-json\/wp\/v2\/product_cat?post=3452"},{"taxonomy":"product_tag","embeddable":true,"href":"https:\/\/www.yongyukitchenware.com\/de\/wp-json\/wp\/v2\/product_tag?post=3452"}],"curies":[{"name":"wp","href":"https:\/\/api.w.org\/{rel}","templated":true}]}}