{"id":3486,"date":"2025-04-11T03:19:35","date_gmt":"2025-04-11T03:19:35","guid":{"rendered":"https:\/\/www.yongyukitchenware.com\/?post_type=product&#038;p=3486"},"modified":"2025-07-10T10:14:13","modified_gmt":"2025-07-10T10:14:13","slug":"wholesale-stainless-steel-champagne-glass","status":"publish","type":"product","link":"https:\/\/www.yongyukitchenware.com\/de\/produkt\/wholesale-stainless-steel-champagne-glass\/","title":{"rendered":"Gro\u00dfhandel Edelstahl Champagner Glas Kelch Rotwein Glas"},"content":{"rendered":"<div class=\"wp-block-columns is-layout-flex wp-container-core-columns-is-layout-9d6595d7 wp-block-columns-is-layout-flex\">\n<div class=\"wp-block-column is-layout-flow wp-block-column-is-layout-flow\">\n<h2 class=\"wp-block-heading\">Gro\u00dfhandel Edelstahl Champagner Glas Eigenschaften:<\/h2>\n\n\n\n<p><strong>Lebensmittelgeeigneter rostfreier Stahl:<\/strong> BPA-frei, nicht leicht zu knacken oder zu brechen, nicht korrosiv, geeignet f\u00fcr alle Ihre Lieblingsspirituosen.<br><strong>Gro\u00dfer Sockel und Griff: <\/strong>das Glas nimmt eine breite Basis und breite \u00d6ffnung Design, so dass Sie mehr stabil auf dem Tisch sitzen kann stabiler. Dar\u00fcber hinaus gibt der Griff auch Sie einen bequemen Griff, so dass Sie besser das Getr\u00e4nk genie\u00dfen k\u00f6nnen<br><strong>Gro\u00dfe Kapazit\u00e4t:<\/strong> Jedes Edelstahlglas hat ein Fassungsverm\u00f6gen von 250\/220 ml, was f\u00fcr Sekt, Wein, Milch oder jedes andere Getr\u00e4nk ausreicht.<br><strong>Leicht zu reinigen: <\/strong>Die Glasoberfl\u00e4che aus rostfreiem Stahl ist glatt, nicht leicht zu verschmutzen, relativ einfach zu reinigen, bei hohen Temperaturen waschbar, sp\u00fclmaschinenfest, f\u00fcr den t\u00e4glichen Gebrauch geeignet.<br><strong>Gute Isolierwirkung:<\/strong> Da Edelstahl eine gute W\u00e4rmeisolierung hat, k\u00f6nnen doppelschichtige Weingl\u00e4ser aus Edelstahl die Temperatur des Getr\u00e4nks effektiv aufrechterhalten, z. B. kalte Getr\u00e4nke kalt oder hei\u00dfe Getr\u00e4nke warm halten.<\/p>\n\n\n\n<h2 class=\"wp-block-heading\">Gro\u00dfhandel Edelstahl Champagner Glas Gr\u00f6\u00dfe:<\/h2>\n\n\n\n<figure class=\"wp-block-table\"><table class=\"has-fixed-layout\"><tbody><tr><td>Modell<\/td><td>Durchmesser<\/td><td>H\u00f6he<\/td><td>Kapazit\u00e4t<\/td><td>MOQ<\/td><\/tr><tr><td>DY043-B<\/td><td>5,8 cm<\/td><td>25,5 cm<\/td><td>250ML<\/td><td>200 STCK.<\/td><\/tr><\/tbody><\/table><\/figure>\n<\/div>\n\n\n\n<div class=\"wp-block-column is-layout-flow wp-block-column-is-layout-flow\">\n<div class=\"wp-block-columns is-layout-flex wp-container-core-columns-is-layout-9d6595d7 wp-block-columns-is-layout-flex\">\n<div class=\"wp-block-column is-layout-flow wp-block-column-is-layout-flow\"><div class=\"wp-block-image\">\n<figure class=\"aligncenter size-full is-resized\"><img decoding=\"async\" width=\"800\" height=\"800\" src=\"https:\/\/www.yongyukitchenware.com\/wp-content\/uploads\/2025\/03\/Wholesale-Stainless-Steel-Champagne-Glass-5.webp\" alt=\"Gro\u00dfhandel-Edelstahl-Champagner-Glas-5\" class=\"wp-image-3491\" style=\"width:416px;height:auto\" srcset=\"https:\/\/www.yongyukitchenware.com\/wp-content\/uploads\/2025\/03\/Wholesale-Stainless-Steel-Champagne-Glass-5.webp 800w, https:\/\/www.yongyukitchenware.com\/wp-content\/uploads\/2025\/03\/Wholesale-Stainless-Steel-Champagne-Glass-5-300x300.webp 300w, https:\/\/www.yongyukitchenware.com\/wp-content\/uploads\/2025\/03\/Wholesale-Stainless-Steel-Champagne-Glass-5-150x150.webp 150w, https:\/\/www.yongyukitchenware.com\/wp-content\/uploads\/2025\/03\/Wholesale-Stainless-Steel-Champagne-Glass-5-768x768.webp 768w, https:\/\/www.yongyukitchenware.com\/wp-content\/uploads\/2025\/03\/Wholesale-Stainless-Steel-Champagne-Glass-5-12x12.webp 12w, https:\/\/www.yongyukitchenware.com\/wp-content\/uploads\/2025\/03\/Wholesale-Stainless-Steel-Champagne-Glass-5-600x600.webp 600w, https:\/\/www.yongyukitchenware.com\/wp-content\/uploads\/2025\/03\/Wholesale-Stainless-Steel-Champagne-Glass-5-100x100.webp 100w\" sizes=\"(max-width: 800px) 100vw, 800px\" \/><\/figure>\n<\/div>\n\n\n<figure class=\"wp-block-image size-full\"><img decoding=\"async\" width=\"800\" height=\"800\" src=\"https:\/\/www.yongyukitchenware.com\/wp-content\/uploads\/2025\/03\/Wholesale-Stainless-Steel-Champagne-Glass-8.webp\" alt=\"Gro\u00dfhandel-Edelstahl-Champagner-Glas-8\" class=\"wp-image-3494\" srcset=\"https:\/\/www.yongyukitchenware.com\/wp-content\/uploads\/2025\/03\/Wholesale-Stainless-Steel-Champagne-Glass-8.webp 800w, https:\/\/www.yongyukitchenware.com\/wp-content\/uploads\/2025\/03\/Wholesale-Stainless-Steel-Champagne-Glass-8-300x300.webp 300w, https:\/\/www.yongyukitchenware.com\/wp-content\/uploads\/2025\/03\/Wholesale-Stainless-Steel-Champagne-Glass-8-150x150.webp 150w, https:\/\/www.yongyukitchenware.com\/wp-content\/uploads\/2025\/03\/Wholesale-Stainless-Steel-Champagne-Glass-8-768x768.webp 768w, https:\/\/www.yongyukitchenware.com\/wp-content\/uploads\/2025\/03\/Wholesale-Stainless-Steel-Champagne-Glass-8-12x12.webp 12w, https:\/\/www.yongyukitchenware.com\/wp-content\/uploads\/2025\/03\/Wholesale-Stainless-Steel-Champagne-Glass-8-600x600.webp 600w, https:\/\/www.yongyukitchenware.com\/wp-content\/uploads\/2025\/03\/Wholesale-Stainless-Steel-Champagne-Glass-8-100x100.webp 100w\" sizes=\"(max-width: 800px) 100vw, 800px\" \/><\/figure>\n<\/div>\n<\/div>\n<\/div>\n<\/div>\n\n\n\n<p><\/p>","protected":false},"excerpt":{"rendered":"<p>Gro\u00dfer Edelstahlbecher mit Strohhalm, perfekt f\u00fcr Camping, Outdoor-Abenteuer und Reisen. Langlebig, wiederverwendbar und ideal f\u00fcr Gro\u00dfbestellungen. Kundenspezifisches Logo und Mengenrabatte erh\u00e4ltlich.<\/p>\n<h2 style=\"text-align: left;\">Gro\u00dfhandel Edelstahl Champagner Glas Parameter:<\/h2>\n<p style=\"text-align: left;\"><strong>Material:<\/strong> Rostfreier Stahl<br \/><strong>Farbe:<\/strong> Silber\/Gold\/Kupfer\/Schwarz<br \/><strong>Entwurf: <\/strong>Klappbarer Handgriff, stapelbar<br \/><strong>OEM\/ODM:<\/strong> Verf\u00fcgbar<\/p>\n<h2 class=\"wp-block-heading\">Von Camping Kitchen Essentials Hersteller :<\/h2>\n<p>Yongyu ist ein professioneller Hersteller von Camping-K\u00fcchenartikeln. Unsere Produkte umfassen alle Arten von Camping-K\u00fcchenartikeln aus Edelstahl, wie z.B. Camping-Kochgeschirr, Camping-Geschirr, BBQ-Grills usw., und bieten qualitativ hochwertige Beschaffungsdienste und erschwingliche Preise f\u00fcr jeden Kunden.<\/p>","protected":false},"featured_media":3487,"comment_status":"closed","ping_status":"closed","template":"","meta":{"_acf_changed":true},"application":[31],"product_brand":[],"product_cat":[16],"product_tag":[],"class_list":{"0":"post-3486","1":"product","2":"type-product","3":"status-publish","4":"has-post-thumbnail","6":"application-champ-kitchen","7":"product_cat-barware-wholesale-custom","9":"first","10":"instock","11":"shipping-taxable","12":"product-type-simple"},"acf":[],"_links":{"self":[{"href":"https:\/\/www.yongyukitchenware.com\/de\/wp-json\/wp\/v2\/product\/3486","targetHints":{"allow":["GET"]}}],"collection":[{"href":"https:\/\/www.yongyukitchenware.com\/de\/wp-json\/wp\/v2\/product"}],"about":[{"href":"https:\/\/www.yongyukitchenware.com\/de\/wp-json\/wp\/v2\/types\/product"}],"replies":[{"embeddable":true,"href":"https:\/\/www.yongyukitchenware.com\/de\/wp-json\/wp\/v2\/comments?post=3486"}],"wp:featuredmedia":[{"embeddable":true,"href":"https:\/\/www.yongyukitchenware.com\/de\/wp-json\/wp\/v2\/media\/3487"}],"wp:attachment":[{"href":"https:\/\/www.yongyukitchenware.com\/de\/wp-json\/wp\/v2\/media?parent=3486"}],"wp:term":[{"taxonomy":"application","embeddable":true,"href":"https:\/\/www.yongyukitchenware.com\/de\/wp-json\/wp\/v2\/application?post=3486"},{"taxonomy":"product_brand","embeddable":true,"href":"https:\/\/www.yongyukitchenware.com\/de\/wp-json\/wp\/v2\/product_brand?post=3486"},{"taxonomy":"product_cat","embeddable":true,"href":"https:\/\/www.yongyukitchenware.com\/de\/wp-json\/wp\/v2\/product_cat?post=3486"},{"taxonomy":"product_tag","embeddable":true,"href":"https:\/\/www.yongyukitchenware.com\/de\/wp-json\/wp\/v2\/product_tag?post=3486"}],"curies":[{"name":"wp","href":"https:\/\/api.w.org\/{rel}","templated":true}]}}