{"id":3586,"date":"2025-04-23T09:20:15","date_gmt":"2025-04-23T09:20:15","guid":{"rendered":"https:\/\/www.yongyukitchenware.com\/?post_type=product&#038;p=3586"},"modified":"2025-06-13T05:50:37","modified_gmt":"2025-06-13T05:50:37","slug":"bulk-egg-shape-roll-top-chafing-dish-buffet-set-for-hotel-restaurant","status":"publish","type":"product","link":"https:\/\/www.yongyukitchenware.com\/de\/produkt\/bulk-egg-shape-roll-top-chafing-dish-buffet-set-for-hotel-restaurant\/","title":{"rendered":"Bulk Egg Shape Roll Top Chafing Dish Buffet Set f\u00fcr Party"},"content":{"rendered":"<div class=\"wp-block-columns is-layout-flex wp-container-core-columns-is-layout-9d6595d7 wp-block-columns-is-layout-flex\">\n<div class=\"wp-block-column is-layout-flow wp-block-column-is-layout-flow\">\n<h2 class=\"wp-block-heading\">Bulk Egg Shape Roll Top Chafing Dish Parameter:<\/h2>\n\n\n\n<figure class=\"wp-block-table\"><table class=\"has-fixed-layout\"><tbody><tr><td>Modell<\/td><td>Durchmesser*Breite*H\u00f6he (cm)<\/td><td>Fassungsverm\u00f6gen (L)<\/td><td>MOQ<\/td><\/tr><tr><td>DY032-CL<\/td><td>63*52*45cm<\/td><td>9<\/td><td>4PCS<\/td><\/tr><\/tbody><\/table><\/figure>\n\n\n\n<h2 class=\"wp-block-heading\">Bulk Egg Shape Roll Top Chafing Dish Merkmale:<\/h2>\n\n\n\n<p><strong>Zwei W\u00e4rmeverfahren:<\/strong> Verwenden Sie eine Alkoholheizung oder eine elektrische Heizplatte, um verschiedenen Anwendungsf\u00e4llen und individuellen Vorlieben gerecht zu werden, und bieten Sie Flexibilit\u00e4t und Komfort bei der Verwendung in verschiedenen Anwendungen.<\/p>\n\n\n\n<p><strong>Verdickter Edelstahl Aufbau:<\/strong> Das Material aus hochwertigem, lebensmittelechtem Edelstahl erf\u00fcllt nicht nur die Anforderungen f\u00fcr den Kontakt mit Lebensmitteln, sondern sorgt auch f\u00fcr eine l\u00e4ngere Haltbarkeit und einen langfristigen Betrieb.<\/p>\n\n\n\n<p><strong>Abnehmbare geteilte Konstruktion:<\/strong> Die Wanne und das Geh\u00e4use des Ofens sind geteilt und abnehmbar, um die Wartung und Reinigung zu erleichtern, ideal f\u00fcr den privaten und gewerblichen Gebrauch.<\/p>\n\n\n\n<p><strong>Schicke Roll-Top-Konstruktion:<\/strong> Verf\u00fcgt \u00fcber einen vollst\u00e4ndig einziehbaren Rolltop-Deckel mit dem traditionellen schlanken Aussehen. Der gro\u00dfe \u00d6ffnungswinkel erleichtert den Zugang und das automatische \u00d6ffnen und Schlie\u00dfen, wodurch sowohl Form als auch Funktion realisiert werden.<\/p>\n<\/div>\n\n\n\n<div class=\"wp-block-column is-layout-flow wp-block-column-is-layout-flow\">\n<figure class=\"wp-block-image size-full\"><img decoding=\"async\" width=\"800\" height=\"800\" src=\"https:\/\/www.yongyukitchenware.com\/wp-content\/uploads\/2025\/04\/Bulk-Egg-Shape-Roll-Top-Chafing-Dish-8.webp\" alt=\"Bulk-Egg-Shape-Roll-Top-Chafing-Dish-8\" class=\"wp-image-3594\" srcset=\"https:\/\/www.yongyukitchenware.com\/wp-content\/uploads\/2025\/04\/Bulk-Egg-Shape-Roll-Top-Chafing-Dish-8.webp 800w, https:\/\/www.yongyukitchenware.com\/wp-content\/uploads\/2025\/04\/Bulk-Egg-Shape-Roll-Top-Chafing-Dish-8-300x300.webp 300w, https:\/\/www.yongyukitchenware.com\/wp-content\/uploads\/2025\/04\/Bulk-Egg-Shape-Roll-Top-Chafing-Dish-8-150x150.webp 150w, https:\/\/www.yongyukitchenware.com\/wp-content\/uploads\/2025\/04\/Bulk-Egg-Shape-Roll-Top-Chafing-Dish-8-768x768.webp 768w, https:\/\/www.yongyukitchenware.com\/wp-content\/uploads\/2025\/04\/Bulk-Egg-Shape-Roll-Top-Chafing-Dish-8-12x12.webp 12w, https:\/\/www.yongyukitchenware.com\/wp-content\/uploads\/2025\/04\/Bulk-Egg-Shape-Roll-Top-Chafing-Dish-8-600x600.webp 600w, https:\/\/www.yongyukitchenware.com\/wp-content\/uploads\/2025\/04\/Bulk-Egg-Shape-Roll-Top-Chafing-Dish-8-100x100.webp 100w\" sizes=\"(max-width: 800px) 100vw, 800px\" \/><\/figure>\n\n\n\n<figure class=\"wp-block-image size-full\"><img decoding=\"async\" width=\"800\" height=\"800\" src=\"https:\/\/www.yongyukitchenware.com\/wp-content\/uploads\/2025\/04\/Bulk-Egg-Shape-Roll-Top-Chafing-Dish-3.webp\" alt=\"Bulk-Egg-Shape-Roll-Top-Chafing-Dish-3\" class=\"wp-image-3589\" srcset=\"https:\/\/www.yongyukitchenware.com\/wp-content\/uploads\/2025\/04\/Bulk-Egg-Shape-Roll-Top-Chafing-Dish-3.webp 800w, https:\/\/www.yongyukitchenware.com\/wp-content\/uploads\/2025\/04\/Bulk-Egg-Shape-Roll-Top-Chafing-Dish-3-300x300.webp 300w, https:\/\/www.yongyukitchenware.com\/wp-content\/uploads\/2025\/04\/Bulk-Egg-Shape-Roll-Top-Chafing-Dish-3-150x150.webp 150w, https:\/\/www.yongyukitchenware.com\/wp-content\/uploads\/2025\/04\/Bulk-Egg-Shape-Roll-Top-Chafing-Dish-3-768x768.webp 768w, https:\/\/www.yongyukitchenware.com\/wp-content\/uploads\/2025\/04\/Bulk-Egg-Shape-Roll-Top-Chafing-Dish-3-12x12.webp 12w, https:\/\/www.yongyukitchenware.com\/wp-content\/uploads\/2025\/04\/Bulk-Egg-Shape-Roll-Top-Chafing-Dish-3-600x600.webp 600w, https:\/\/www.yongyukitchenware.com\/wp-content\/uploads\/2025\/04\/Bulk-Egg-Shape-Roll-Top-Chafing-Dish-3-100x100.webp 100w\" sizes=\"(max-width: 800px) 100vw, 800px\" \/><\/figure>\n<\/div>\n<\/div>\n\n\n\n<div class=\"wp-block-columns is-layout-flex wp-container-core-columns-is-layout-9d6595d7 wp-block-columns-is-layout-flex\">\n<div class=\"wp-block-column is-layout-flow wp-block-column-is-layout-flow\"><\/div>\n\n\n\n<div class=\"wp-block-column is-layout-flow wp-block-column-is-layout-flow\"><\/div>\n<\/div>\n\n\n\n<p><\/p>","protected":false},"excerpt":{"rendered":"<p>Der Bulk Egg Shape Roll Top Chafing Dish eignet sich perfekt f\u00fcr Buffets und Partys und zeichnet sich durch ein elegantes eif\u00f6rmiges Design mit einem Roll-Top-Deckel f\u00fcr einfachen Zugang aus. Anpassbare Brennstoff- oder Elektroheizung, Farbe, Logo, etc. Unterst\u00fctzen Sie den Amazon-Verkauf!<\/p>\n<h2><!-- wp:heading --><\/h2>\n<h2 class=\"wp-block-heading\">Bulk Egg Shape Roll Top Chafing Dish Attribute:<\/h2>\n<h2><!-- \/wp:heading --><\/p>\n<p><!-- wp:paragraph --><\/h2>\n<p><strong>Material: <\/strong>Rostfreier Stahl<br \/><strong>Farbe: <\/strong>Silber\/Gold<br \/><strong>Die Form: <\/strong>Rund mit Rolltop-Deckel und Suppentopf<br \/><strong>W\u00e4rme: <\/strong>Alkohol oder elektrische Heizung<br \/><strong>Chafer Pan: <\/strong>Einzel\/Doppel\/Drei Raster<br \/><strong>OEM\/ODM: <\/strong>Verf\u00fcgbar<\/p>\n<h2 class=\"wp-block-heading\">Von Yongyu Chafing Dish Hersteller :<\/h2>\n<p>Ob es sich um einen Catering-Service-Anbieter, ein Hotel und Restaurant, oder ein Event-Planung Unternehmen, bieten wir komplette Chafing Gerichte Gro\u00dfhandel benutzerdefinierte L\u00f6sungen, um Ihr Unternehmen mit hochwertigen Fabrikpreise zu helfen!<\/p>\n<h2><!-- \/wp:paragraph --><\/h2>","protected":false},"featured_media":3588,"comment_status":"closed","ping_status":"closed","template":"","meta":{"_acf_changed":false},"application":[30],"product_brand":[],"product_cat":[33],"product_tag":[],"class_list":{"0":"post-3586","1":"product","2":"type-product","3":"status-publish","4":"has-post-thumbnail","6":"application-hotel-catering","7":"product_cat-chafing-dishes-wholesale","9":"first","10":"instock","11":"shipping-taxable","12":"product-type-simple"},"acf":[],"_links":{"self":[{"href":"https:\/\/www.yongyukitchenware.com\/de\/wp-json\/wp\/v2\/product\/3586","targetHints":{"allow":["GET"]}}],"collection":[{"href":"https:\/\/www.yongyukitchenware.com\/de\/wp-json\/wp\/v2\/product"}],"about":[{"href":"https:\/\/www.yongyukitchenware.com\/de\/wp-json\/wp\/v2\/types\/product"}],"replies":[{"embeddable":true,"href":"https:\/\/www.yongyukitchenware.com\/de\/wp-json\/wp\/v2\/comments?post=3586"}],"wp:featuredmedia":[{"embeddable":true,"href":"https:\/\/www.yongyukitchenware.com\/de\/wp-json\/wp\/v2\/media\/3588"}],"wp:attachment":[{"href":"https:\/\/www.yongyukitchenware.com\/de\/wp-json\/wp\/v2\/media?parent=3586"}],"wp:term":[{"taxonomy":"application","embeddable":true,"href":"https:\/\/www.yongyukitchenware.com\/de\/wp-json\/wp\/v2\/application?post=3586"},{"taxonomy":"product_brand","embeddable":true,"href":"https:\/\/www.yongyukitchenware.com\/de\/wp-json\/wp\/v2\/product_brand?post=3586"},{"taxonomy":"product_cat","embeddable":true,"href":"https:\/\/www.yongyukitchenware.com\/de\/wp-json\/wp\/v2\/product_cat?post=3586"},{"taxonomy":"product_tag","embeddable":true,"href":"https:\/\/www.yongyukitchenware.com\/de\/wp-json\/wp\/v2\/product_tag?post=3586"}],"curies":[{"name":"wp","href":"https:\/\/api.w.org\/{rel}","templated":true}]}}