{"id":3625,"date":"2025-04-23T10:06:42","date_gmt":"2025-04-23T10:06:42","guid":{"rendered":"https:\/\/www.yongyukitchenware.com\/?post_type=product&#038;p=3625"},"modified":"2025-06-13T05:44:06","modified_gmt":"2025-06-13T05:44:06","slug":"bulk-chafing-dish-with-hanging-lid-silver","status":"publish","type":"product","link":"https:\/\/www.yongyukitchenware.com\/de\/produkt\/bulk-chafing-dish-with-hanging-lid-silver\/","title":{"rendered":"Bulk Chafing Dish mit h\u00e4ngendem Deckel Buffet Ausr\u00fcstung Lebensmittel w\u00e4rmer-Silber"},"content":{"rendered":"<div class=\"wp-block-columns is-layout-flex wp-container-core-columns-is-layout-9d6595d7 wp-block-columns-is-layout-flex\">\n<div class=\"wp-block-column is-layout-flow wp-block-column-is-layout-flow\">\n<h2 class=\"wp-block-heading\">Bulk Chafing Dish mit H\u00e4ngedeckel Silber Parameter:<\/h2>\n\n\n\n<figure class=\"wp-block-table\"><table class=\"has-fixed-layout\"><tbody><tr><td>Modell<\/td><td>Fassungsverm\u00f6gen (L)<\/td><td>MOQ<\/td><\/tr><tr><td>DY033-CL<\/td><td>4.5\/6\/8L<\/td><td>4PCS<\/td><\/tr><\/tbody><\/table><\/figure>\n\n\n\n<h2 class=\"wp-block-heading\">Bulk Chafing Dish mit h\u00e4ngendem Deckel Silber Eigenschaften:<\/h2>\n\n\n\n<p><strong>Verdicktes Material aus rostfreiem Stahl:<\/strong> Die Auswahl von hochwertigem lebensmittelechtem Stahl, das Material ist sicher und langlebig<br><strong>Mehrere Kapazit\u00e4tsoptionen verf\u00fcgbar: <\/strong>Der Esszimmerofen hat drei Kapazit\u00e4ten: 4,5L, 6L und 8L, um unterschiedlichen Bed\u00fcrfnissen gerecht zu werden<br><strong>Geteiltes Design: <\/strong>Die Lebensmittelwanne und die Bodenwanne k\u00f6nnen zur einfachen Reinigung vom Ofengeh\u00e4use getrennt werden<br><strong>Heizung der Alkohollampe:<\/strong> Physikalische Heizung, lange Brenndauer, mit Feuerabdeckung, sicherer Gebrauch<br><strong>Stahlabdeckung und Glasabdeckung optional: <\/strong>eine Vielzahl von Cover-Stile, dar\u00fcber hinaus kann mit Haken abgestimmt werden, und kann die Abdeckung h\u00e4ngen.<br><strong>Deckel zum Aufh\u00e4ngen:<\/strong> Das Geh\u00e4use des Ofens ist mit einem Aufh\u00e4nger versehen, an dem der Deckel bequem aufgeh\u00e4ngt werden kann.<\/p>\n<\/div>\n\n\n\n<div class=\"wp-block-column is-layout-flow wp-block-column-is-layout-flow\">\n<figure class=\"wp-block-image size-full\"><img decoding=\"async\" width=\"800\" height=\"800\" src=\"https:\/\/www.yongyukitchenware.com\/wp-content\/uploads\/2025\/04\/Bulk-Chafing-Dishes-with-Hanging-Lids-Silver-3.webp\" alt=\"Bulk-Chafing-Dish-mit-H\u00e4ngedeckel-Silber-3\" class=\"wp-image-3628\" srcset=\"https:\/\/www.yongyukitchenware.com\/wp-content\/uploads\/2025\/04\/Bulk-Chafing-Dishes-with-Hanging-Lids-Silver-3.webp 800w, https:\/\/www.yongyukitchenware.com\/wp-content\/uploads\/2025\/04\/Bulk-Chafing-Dishes-with-Hanging-Lids-Silver-3-300x300.webp 300w, https:\/\/www.yongyukitchenware.com\/wp-content\/uploads\/2025\/04\/Bulk-Chafing-Dishes-with-Hanging-Lids-Silver-3-150x150.webp 150w, https:\/\/www.yongyukitchenware.com\/wp-content\/uploads\/2025\/04\/Bulk-Chafing-Dishes-with-Hanging-Lids-Silver-3-768x768.webp 768w, https:\/\/www.yongyukitchenware.com\/wp-content\/uploads\/2025\/04\/Bulk-Chafing-Dishes-with-Hanging-Lids-Silver-3-12x12.webp 12w, https:\/\/www.yongyukitchenware.com\/wp-content\/uploads\/2025\/04\/Bulk-Chafing-Dishes-with-Hanging-Lids-Silver-3-600x600.webp 600w, https:\/\/www.yongyukitchenware.com\/wp-content\/uploads\/2025\/04\/Bulk-Chafing-Dishes-with-Hanging-Lids-Silver-3-100x100.webp 100w\" sizes=\"(max-width: 800px) 100vw, 800px\" \/><\/figure>\n<\/div>\n<\/div>\n\n\n\n<p><\/p>","protected":false},"excerpt":{"rendered":"<div class=\"flex max-w-full flex-col flex-grow\">\n<div class=\"min-h-8 text-message flex w-full flex-col items-end gap-2 whitespace-normal break-words text-start [.text-message+&amp;]:mt-5\" dir=\"auto\" data-message-author-role=\"assistant\" data-message-id=\"e07a47d1-8143-4d76-a750-70f60d252df1\" data-message-model-slug=\"gpt-4o\">\n<div class=\"flex w-full flex-col gap-1 empty:hidden first:pt-[3px]\">\n<div class=\"markdown prose w-full break-words dark:prose-invert dark\">\n<p data-start=\"0\" data-end=\"249\" data-is-last-node=\"\">Bulk Chafing Dish mit H\u00e4ngedeckel ist ein haltbarer und stilvoller Speisenw\u00e4rmer f\u00fcr Buffets und gro\u00dfe Versammlungen. Wir bieten OEM- und ODM-Dienstleistungen und unterst\u00fctzen den Verkauf \u00fcber Amazon. Fragen Sie jetzt an, um exklusive Mengenrabatte zu erhalten!<\/p>\n<\/div>\n<\/div>\n<\/div>\n<\/div>\n<h2><!-- wp:heading --><\/h2>\n<h2 class=\"wp-block-heading\">Bulk Chafing Dish mit h\u00e4ngendem Deckel Silber Attribute:<\/h2>\n<h2><!-- \/wp:heading --><\/p>\n<p><!-- wp:paragraph --><\/h2>\n<p><strong>Material: <\/strong>Rostfreier Stahl<br \/><strong>Farbe: <\/strong>Silber\/Gold<br \/><strong>Die Form:<\/strong> Rund<br \/><strong>W\u00e4rme: <\/strong>Elektrische Heizung\/Alkoholheizung<br \/><strong>Chafer Pan: <\/strong>Einzel\/Doppel\/Drei Raster<br \/><strong>OEM\/ODM: <\/strong>Verf\u00fcgbar<\/p>\n<h2 class=\"wp-block-heading\">Bulk Chafing Dish mit h\u00e4ngendem Deckel Silber Hersteller:<\/h2>\n<p>Ob es sich um einen Catering-Service-Anbieter, ein Hotel oder ein Restaurant, oder ean vent Planung Unternehmen, bieten wir komplette Chafing Gerichte Gro\u00dfhandel benutzerdefinierte L\u00f6sungen, um Ihr Unternehmen mit hochwertigen Fabrikpreise zu helfen!<\/p>\n<h2><!-- \/wp:paragraph --><\/h2>","protected":false},"featured_media":3626,"comment_status":"closed","ping_status":"closed","template":"","meta":{"_acf_changed":true},"application":[30],"product_brand":[],"product_cat":[33],"product_tag":[],"class_list":{"0":"post-3625","1":"product","2":"type-product","3":"status-publish","4":"has-post-thumbnail","6":"application-hotel-catering","7":"product_cat-chafing-dishes-wholesale","9":"first","10":"instock","11":"shipping-taxable","12":"product-type-simple"},"acf":[],"_links":{"self":[{"href":"https:\/\/www.yongyukitchenware.com\/de\/wp-json\/wp\/v2\/product\/3625","targetHints":{"allow":["GET"]}}],"collection":[{"href":"https:\/\/www.yongyukitchenware.com\/de\/wp-json\/wp\/v2\/product"}],"about":[{"href":"https:\/\/www.yongyukitchenware.com\/de\/wp-json\/wp\/v2\/types\/product"}],"replies":[{"embeddable":true,"href":"https:\/\/www.yongyukitchenware.com\/de\/wp-json\/wp\/v2\/comments?post=3625"}],"wp:featuredmedia":[{"embeddable":true,"href":"https:\/\/www.yongyukitchenware.com\/de\/wp-json\/wp\/v2\/media\/3626"}],"wp:attachment":[{"href":"https:\/\/www.yongyukitchenware.com\/de\/wp-json\/wp\/v2\/media?parent=3625"}],"wp:term":[{"taxonomy":"application","embeddable":true,"href":"https:\/\/www.yongyukitchenware.com\/de\/wp-json\/wp\/v2\/application?post=3625"},{"taxonomy":"product_brand","embeddable":true,"href":"https:\/\/www.yongyukitchenware.com\/de\/wp-json\/wp\/v2\/product_brand?post=3625"},{"taxonomy":"product_cat","embeddable":true,"href":"https:\/\/www.yongyukitchenware.com\/de\/wp-json\/wp\/v2\/product_cat?post=3625"},{"taxonomy":"product_tag","embeddable":true,"href":"https:\/\/www.yongyukitchenware.com\/de\/wp-json\/wp\/v2\/product_tag?post=3625"}],"curies":[{"name":"wp","href":"https:\/\/api.w.org\/{rel}","templated":true}]}}