{"id":3697,"date":"2025-06-03T08:16:50","date_gmt":"2025-06-03T08:16:50","guid":{"rendered":"https:\/\/www.yongyukitchenware.com\/?post_type=product&#038;p=3697"},"modified":"2025-07-10T09:54:03","modified_gmt":"2025-07-10T09:54:03","slug":"wholesale-stainless-steel-pot-milk-pan","status":"publish","type":"product","link":"https:\/\/www.yongyukitchenware.com\/de\/produkt\/wholesale-stainless-steel-pot-milk-pan\/","title":{"rendered":"Gro\u00dfhandel Edelstahl Topf Milch Pan Japanisch mit Deckel und Holz behandelt"},"content":{"rendered":"<div class=\"wp-block-columns is-layout-flex wp-container-core-columns-is-layout-9d6595d7 wp-block-columns-is-layout-flex\">\n<div class=\"wp-block-column is-layout-flow wp-block-column-is-layout-flow\">\n<h2 class=\"wp-block-heading\">Gro\u00dfhandel Edelstahl Topf Merkmale:<\/h2>\n\n\n\n<p><strong>Hochwertiger rostfreier Stahl: <\/strong>Edelstahl in Lebensmittelqualit\u00e4t, rostfrei und langlebig, leicht zu reinigen<br>Kennzeichnung des Fassungsverm\u00f6gens: das Fassungsverm\u00f6gen ist im Topf eingraviert und kann leicht gemessen und kontrolliert werden<br><strong>Griff aus Holz:<\/strong> ergonomisches Design, bequem zu halten, effektive W\u00e4rmeisolierung und Verbr\u00fchungsschutz<br><strong>Glatter Pfannenk\u00f6rper:<\/strong> verdickter und vertiefter Pfannenk\u00f6rper, glatt und antihaftbeschichtet, leicht zu reinigen, langlebiger<br><strong>Transparenter Deckel: <\/strong>Dank des transparenten Glasdeckels l\u00e4sst sich der Kochvorgang leicht beobachten, w\u00e4hrend Hitze und Feuchtigkeit erhalten bleiben.<br><strong>Gleichm\u00e4\u00dfige Erw\u00e4rmung:<\/strong> Der Boden des Topfes ist flach, und die mehrschichtige Konstruktion des D\u00e4mpfeinsatzes sorgt f\u00fcr eine gleichm\u00e4\u00dfige W\u00e4rmeverteilung, wodurch die Speisen gleichm\u00e4\u00dfig erhitzt werden und das Kochergebnis verbessert wird.<\/p>\n\n\n\n<h2 class=\"wp-block-heading\">Gro\u00dfhandel Edelstahl Topf Gr\u00f6\u00dfe:<\/h2>\n\n\n\n<figure class=\"wp-block-table\"><table class=\"has-fixed-layout\"><tbody><tr><td>Modell<\/td><td>Stile<\/td><td>Gr\u00f6\u00dfe<\/td><td>Durchmesser * H\u00f6he (cm)<\/td><td>MOQ<\/td><\/tr><tr><td rowspan=\"7\">DY036-G<\/td><td rowspan=\"4\">Ein-Griff-Topf<\/td><td>16CM<\/td><td>16*8cm<\/td><td rowspan=\"7\">60 STCK.<\/td><\/tr><tr><td>18CM<\/td><td>18*8,5cm<\/td><\/tr><tr><td>20CM<\/td><td>20*9cm<\/td><\/tr><tr><td>22CM<\/td><td>22*9,5cm<\/td><\/tr><tr><td rowspan=\"3\">Doppelgriff-Topf<\/td><td>18cm<\/td><td>18*8,5cm<\/td><\/tr><tr><td>20cm<\/td><td>20*9cm<\/td><\/tr><tr><td>22cm<\/td><td>22*9,5cm<\/td><\/tr><\/tbody><\/table><\/figure>\n<\/div>\n\n\n\n<div class=\"wp-block-column is-layout-flow wp-block-column-is-layout-flow\">\n<div class=\"wp-block-columns is-layout-flex wp-container-core-columns-is-layout-9d6595d7 wp-block-columns-is-layout-flex\">\n<div class=\"wp-block-column is-layout-flow wp-block-column-is-layout-flow\">\n<figure class=\"wp-block-image size-full\"><img decoding=\"async\" width=\"800\" height=\"800\" src=\"https:\/\/www.yongyukitchenware.com\/wp-content\/uploads\/2024\/10\/stainless-steel-pot-manufacturer-7.webp\" alt=\"gro\u00dfhandel-rostfreier-stahl-topf-hersteller (7)\" class=\"wp-image-1495\" srcset=\"https:\/\/www.yongyukitchenware.com\/wp-content\/uploads\/2024\/10\/stainless-steel-pot-manufacturer-7.webp 800w, https:\/\/www.yongyukitchenware.com\/wp-content\/uploads\/2024\/10\/stainless-steel-pot-manufacturer-7-300x300.webp 300w, https:\/\/www.yongyukitchenware.com\/wp-content\/uploads\/2024\/10\/stainless-steel-pot-manufacturer-7-150x150.webp 150w, https:\/\/www.yongyukitchenware.com\/wp-content\/uploads\/2024\/10\/stainless-steel-pot-manufacturer-7-768x768.webp 768w, https:\/\/www.yongyukitchenware.com\/wp-content\/uploads\/2024\/10\/stainless-steel-pot-manufacturer-7-12x12.webp 12w, https:\/\/www.yongyukitchenware.com\/wp-content\/uploads\/2024\/10\/stainless-steel-pot-manufacturer-7-600x600.webp 600w, https:\/\/www.yongyukitchenware.com\/wp-content\/uploads\/2024\/10\/stainless-steel-pot-manufacturer-7-100x100.webp 100w\" sizes=\"(max-width: 800px) 100vw, 800px\" \/><\/figure>\n<\/div>\n\n\n\n<div class=\"wp-block-column is-layout-flow wp-block-column-is-layout-flow\">\n<figure class=\"wp-block-image size-full\"><img decoding=\"async\" width=\"800\" height=\"800\" src=\"https:\/\/www.yongyukitchenware.com\/wp-content\/uploads\/2024\/10\/stainless-steel-pot-manufacturer-6.webp\" alt=\"edelstahltopf-hersteller (6)\" class=\"wp-image-1494\" srcset=\"https:\/\/www.yongyukitchenware.com\/wp-content\/uploads\/2024\/10\/stainless-steel-pot-manufacturer-6.webp 800w, https:\/\/www.yongyukitchenware.com\/wp-content\/uploads\/2024\/10\/stainless-steel-pot-manufacturer-6-300x300.webp 300w, https:\/\/www.yongyukitchenware.com\/wp-content\/uploads\/2024\/10\/stainless-steel-pot-manufacturer-6-150x150.webp 150w, https:\/\/www.yongyukitchenware.com\/wp-content\/uploads\/2024\/10\/stainless-steel-pot-manufacturer-6-768x768.webp 768w, https:\/\/www.yongyukitchenware.com\/wp-content\/uploads\/2024\/10\/stainless-steel-pot-manufacturer-6-12x12.webp 12w, https:\/\/www.yongyukitchenware.com\/wp-content\/uploads\/2024\/10\/stainless-steel-pot-manufacturer-6-600x600.webp 600w, https:\/\/www.yongyukitchenware.com\/wp-content\/uploads\/2024\/10\/stainless-steel-pot-manufacturer-6-100x100.webp 100w\" sizes=\"(max-width: 800px) 100vw, 800px\" \/><\/figure>\n<\/div>\n<\/div>\n\n\n\n<div class=\"wp-block-columns is-layout-flex wp-container-core-columns-is-layout-9d6595d7 wp-block-columns-is-layout-flex\">\n<div class=\"wp-block-column is-layout-flow wp-block-column-is-layout-flow\">\n<figure class=\"wp-block-image size-full\"><img decoding=\"async\" width=\"800\" height=\"800\" src=\"https:\/\/www.yongyukitchenware.com\/wp-content\/uploads\/2024\/10\/stainless-steel-pot-manufacturer-4.webp\" alt=\"edelstahl-topf-hersteller (4)\" class=\"wp-image-1492\" srcset=\"https:\/\/www.yongyukitchenware.com\/wp-content\/uploads\/2024\/10\/stainless-steel-pot-manufacturer-4.webp 800w, https:\/\/www.yongyukitchenware.com\/wp-content\/uploads\/2024\/10\/stainless-steel-pot-manufacturer-4-300x300.webp 300w, https:\/\/www.yongyukitchenware.com\/wp-content\/uploads\/2024\/10\/stainless-steel-pot-manufacturer-4-150x150.webp 150w, https:\/\/www.yongyukitchenware.com\/wp-content\/uploads\/2024\/10\/stainless-steel-pot-manufacturer-4-768x768.webp 768w, https:\/\/www.yongyukitchenware.com\/wp-content\/uploads\/2024\/10\/stainless-steel-pot-manufacturer-4-12x12.webp 12w, https:\/\/www.yongyukitchenware.com\/wp-content\/uploads\/2024\/10\/stainless-steel-pot-manufacturer-4-600x600.webp 600w, https:\/\/www.yongyukitchenware.com\/wp-content\/uploads\/2024\/10\/stainless-steel-pot-manufacturer-4-100x100.webp 100w\" sizes=\"(max-width: 800px) 100vw, 800px\" \/><\/figure>\n<\/div>\n\n\n\n<div class=\"wp-block-column is-layout-flow wp-block-column-is-layout-flow\">\n<figure class=\"wp-block-image size-full\"><img decoding=\"async\" width=\"800\" height=\"800\" src=\"https:\/\/www.yongyukitchenware.com\/wp-content\/uploads\/2024\/10\/stainless-steel-pot-manufacturer-3.webp\" alt=\"edelstahl-topf-hersteller (3)\" class=\"wp-image-1491\" srcset=\"https:\/\/www.yongyukitchenware.com\/wp-content\/uploads\/2024\/10\/stainless-steel-pot-manufacturer-3.webp 800w, https:\/\/www.yongyukitchenware.com\/wp-content\/uploads\/2024\/10\/stainless-steel-pot-manufacturer-3-300x300.webp 300w, https:\/\/www.yongyukitchenware.com\/wp-content\/uploads\/2024\/10\/stainless-steel-pot-manufacturer-3-150x150.webp 150w, https:\/\/www.yongyukitchenware.com\/wp-content\/uploads\/2024\/10\/stainless-steel-pot-manufacturer-3-768x768.webp 768w, https:\/\/www.yongyukitchenware.com\/wp-content\/uploads\/2024\/10\/stainless-steel-pot-manufacturer-3-12x12.webp 12w, https:\/\/www.yongyukitchenware.com\/wp-content\/uploads\/2024\/10\/stainless-steel-pot-manufacturer-3-600x600.webp 600w, https:\/\/www.yongyukitchenware.com\/wp-content\/uploads\/2024\/10\/stainless-steel-pot-manufacturer-3-100x100.webp 100w\" sizes=\"(max-width: 800px) 100vw, 800px\" \/><\/figure>\n<\/div>\n<\/div>\n<\/div>\n<\/div>\n\n\n\n<p><\/p>","protected":false},"excerpt":{"rendered":"<p>Yongyu Gro\u00dfhandel Edelstahl T\u00f6pfe und Suppent\u00f6pfe, sind von hoher Qualit\u00e4t und geeignet f\u00fcr Induktion und Herdplatten, mit Dampfgarer, Glasdeckel und Holzgriffe. Bieten Sie kosteneffektive ma\u00dfgeschneiderte L\u00f6sungen f\u00fcr jeden Kunden.<\/p>\n<h2>Gro\u00dfhandel Edelstahl Topf Parameter:<\/h2>\n<p><strong>Material:<\/strong> Rostfreier Stahl<br \/><strong>Kochgeschirr-Typen:<\/strong> Milchtopf, Suppentopf, Dampftopf, Schneetopf,<br \/><strong>Design des Griffs:<\/strong> Holzgriff und nietenverst\u00e4rkter Zuggriff<br \/><strong>Verschiedene Gr\u00f6\u00dfen:<\/strong> 16cm, 18cm, 20cm<br \/><strong>Verpacken:<\/strong> B-Beutel\/Sperrgut\/Karton oder kundenspezifisch<br \/><strong>OEM\/ODM:<\/strong> Verf\u00fcgbar<\/p>\n<h2 class=\"wp-block-heading\">Von Yongyu Kochgeschirr Hersteller :<\/h2>\n<p>Yongyu ist ein professioneller Hersteller von Kochgeschirr. Zu unseren Produkten geh\u00f6ren alle Arten von Kochgeschirr aus Edelstahl, wie Nudelkocher, Bratpfannen, Schmort\u00f6pfe usw., und wir bieten jedem Kunden qualitativ hochwertige Beschaffungsdienste und erschwingliche Preise.<\/p>","protected":false},"featured_media":3765,"comment_status":"closed","ping_status":"closed","template":"","meta":{"_acf_changed":false},"application":[29],"product_brand":[],"product_cat":[23,32],"product_tag":[43],"class_list":{"0":"post-3697","1":"product","2":"type-product","3":"status-publish","4":"has-post-thumbnail","6":"application-home-kitchen","7":"product_cat-kitchenware-wholesale","8":"product_cat-wholesale-cookware","9":"product_tag-recommend","11":"first","12":"instock","13":"shipping-taxable","14":"product-type-simple"},"acf":[],"_links":{"self":[{"href":"https:\/\/www.yongyukitchenware.com\/de\/wp-json\/wp\/v2\/product\/3697","targetHints":{"allow":["GET"]}}],"collection":[{"href":"https:\/\/www.yongyukitchenware.com\/de\/wp-json\/wp\/v2\/product"}],"about":[{"href":"https:\/\/www.yongyukitchenware.com\/de\/wp-json\/wp\/v2\/types\/product"}],"replies":[{"embeddable":true,"href":"https:\/\/www.yongyukitchenware.com\/de\/wp-json\/wp\/v2\/comments?post=3697"}],"wp:featuredmedia":[{"embeddable":true,"href":"https:\/\/www.yongyukitchenware.com\/de\/wp-json\/wp\/v2\/media\/3765"}],"wp:attachment":[{"href":"https:\/\/www.yongyukitchenware.com\/de\/wp-json\/wp\/v2\/media?parent=3697"}],"wp:term":[{"taxonomy":"application","embeddable":true,"href":"https:\/\/www.yongyukitchenware.com\/de\/wp-json\/wp\/v2\/application?post=3697"},{"taxonomy":"product_brand","embeddable":true,"href":"https:\/\/www.yongyukitchenware.com\/de\/wp-json\/wp\/v2\/product_brand?post=3697"},{"taxonomy":"product_cat","embeddable":true,"href":"https:\/\/www.yongyukitchenware.com\/de\/wp-json\/wp\/v2\/product_cat?post=3697"},{"taxonomy":"product_tag","embeddable":true,"href":"https:\/\/www.yongyukitchenware.com\/de\/wp-json\/wp\/v2\/product_tag?post=3697"}],"curies":[{"name":"wp","href":"https:\/\/api.w.org\/{rel}","templated":true}]}}