{"id":3714,"date":"2025-05-09T09:59:16","date_gmt":"2025-05-09T09:59:16","guid":{"rendered":"https:\/\/www.yongyukitchenware.com\/?post_type=product&#038;p=3714"},"modified":"2025-06-13T03:53:03","modified_gmt":"2025-06-13T03:53:03","slug":"bulk-1-2-eu-style-gn-pan","status":"publish","type":"product","link":"https:\/\/www.yongyukitchenware.com\/de\/produkt\/bulk-1-2-eu-style-gn-pan\/","title":{"rendered":"Bulk 1\/2 EU Style GN Pfanne Edelstahl Gastronorm Pfannen EU Style mit Deckel"},"content":{"rendered":"<div class=\"wp-block-columns is-layout-flex wp-container-core-columns-is-layout-9d6595d7 wp-block-columns-is-layout-flex\">\n<div class=\"wp-block-column is-layout-flow wp-block-column-is-layout-flow\">\n<h2 class=\"wp-block-heading\">Bulk 1\/2 EU Style GN Pan Merkmale:<\/h2>\n\n\n\n<p><strong>Premium-Edelstahl:<\/strong> Lebensmittelgeeigneter Edelstahl ist hitzebest\u00e4ndig und langlebig<br><strong>GN-Pfanne kann erhitzt werden:<\/strong> Aufgrund der ausgezeichneten W\u00e4rmeleitf\u00e4higkeit von Edelstahl kann er gleichm\u00e4\u00dfig erhitzt und gebacken werden, was eine optimale W\u00e4rmeverteilung und Isolierwirkung gew\u00e4hrleistet.<br><strong>Erh\u00f6htes Design:<\/strong> GN-Beh\u00e4lter sind auslaufsicher, das hei\u00dft, Fl\u00fcssigkeiten k\u00f6nnen nicht umherflie\u00dfen.<br><strong>Gerolltes Kanten-Design:<\/strong> Abgerundete und glatte Kanten f\u00fcr eine bequeme Handhabung, die Schnittverletzungen an den H\u00e4nden verhindert und eine einfachere und sicherere Reinigung erm\u00f6glicht.<br><strong>Zwei Deckel: <\/strong>ein gelochter Deckel mit Platz f\u00fcr L\u00f6ffel; ein Vollstahldeckel, der sicher sitzt und staubdicht ist<br><strong>Platzsparend: <\/strong>stapelbar f\u00fcr die Lagerung auf kleinstem Raum.<\/p>\n<\/div>\n\n\n\n<div class=\"wp-block-column is-layout-flow wp-block-column-is-layout-flow\">\n<div class=\"wp-block-columns is-layout-flex wp-container-core-columns-is-layout-9d6595d7 wp-block-columns-is-layout-flex\">\n<div class=\"wp-block-column is-layout-flow wp-block-column-is-layout-flow\">\n<figure class=\"wp-block-image size-full\"><img decoding=\"async\" width=\"800\" height=\"800\" src=\"https:\/\/www.yongyukitchenware.com\/wp-content\/uploads\/2024\/10\/supply-food-pan-2.webp\" alt=\"Versorgung-Lebensmittel-Topf (2)\" class=\"wp-image-1600\" srcset=\"https:\/\/www.yongyukitchenware.com\/wp-content\/uploads\/2024\/10\/supply-food-pan-2.webp 800w, https:\/\/www.yongyukitchenware.com\/wp-content\/uploads\/2024\/10\/supply-food-pan-2-300x300.webp 300w, https:\/\/www.yongyukitchenware.com\/wp-content\/uploads\/2024\/10\/supply-food-pan-2-150x150.webp 150w, https:\/\/www.yongyukitchenware.com\/wp-content\/uploads\/2024\/10\/supply-food-pan-2-768x768.webp 768w, https:\/\/www.yongyukitchenware.com\/wp-content\/uploads\/2024\/10\/supply-food-pan-2-12x12.webp 12w, https:\/\/www.yongyukitchenware.com\/wp-content\/uploads\/2024\/10\/supply-food-pan-2-600x600.webp 600w, https:\/\/www.yongyukitchenware.com\/wp-content\/uploads\/2024\/10\/supply-food-pan-2-100x100.webp 100w\" sizes=\"(max-width: 800px) 100vw, 800px\" \/><\/figure>\n<\/div>\n\n\n\n<div class=\"wp-block-column is-layout-flow wp-block-column-is-layout-flow\">\n<figure class=\"wp-block-image size-full\"><img decoding=\"async\" width=\"800\" height=\"800\" src=\"https:\/\/www.yongyukitchenware.com\/wp-content\/uploads\/2024\/10\/supply-food-pan-4.webp\" alt=\"Versorgung-Lebensmittel-Topf (4)\" class=\"wp-image-1602\" srcset=\"https:\/\/www.yongyukitchenware.com\/wp-content\/uploads\/2024\/10\/supply-food-pan-4.webp 800w, https:\/\/www.yongyukitchenware.com\/wp-content\/uploads\/2024\/10\/supply-food-pan-4-300x300.webp 300w, https:\/\/www.yongyukitchenware.com\/wp-content\/uploads\/2024\/10\/supply-food-pan-4-150x150.webp 150w, https:\/\/www.yongyukitchenware.com\/wp-content\/uploads\/2024\/10\/supply-food-pan-4-768x768.webp 768w, https:\/\/www.yongyukitchenware.com\/wp-content\/uploads\/2024\/10\/supply-food-pan-4-12x12.webp 12w, https:\/\/www.yongyukitchenware.com\/wp-content\/uploads\/2024\/10\/supply-food-pan-4-600x600.webp 600w, https:\/\/www.yongyukitchenware.com\/wp-content\/uploads\/2024\/10\/supply-food-pan-4-100x100.webp 100w\" sizes=\"(max-width: 800px) 100vw, 800px\" \/><\/figure>\n<\/div>\n<\/div>\n<\/div>\n<\/div>\n\n\n\n<h2 class=\"wp-block-heading\">Bulk 1\/2 EU Style GN Pan Parameter<\/h2>\n\n\n\n<figure class=\"wp-block-table\"><table class=\"has-fixed-layout\"><tbody><tr><td>Modell<\/td><td>Gr\u00f6\u00dfe<\/td><td>L\u00e4nge * Breite * H\u00f6he<\/td><td>MOQ<\/td><\/tr><tr><td rowspan=\"6\">DY002-FSP<\/td><td rowspan=\"6\">1\/2 Eu Style GN Pan<\/td><td>32.5*26.5*20CM<\/td><td>24 STCK.<\/td><\/tr><tr><td>32.5*26.5*15CM<\/td><td>36 STCK.<\/td><\/tr><tr><td>32.5*26.5*10CM<\/td><td>42PCS<\/td><\/tr><tr><td>32,5*26,5*6,5CM<\/td><td>60 STCK.<\/td><\/tr><tr><td>32.5*26.5*4CM<\/td><td>96 STCK.<\/td><\/tr><tr><td>32.5*26.5*2CM<\/td><td>96 STCK.<\/td><\/tr><\/tbody><\/table><\/figure>","protected":false},"excerpt":{"rendered":"<p>Bulk 1\/2 EU-Stil GN-Pfanne aus Edelstahl mit Deckel, ideal f\u00fcr die Lagerung von Lebensmitteln, Vorbereitung, und servieren in professionellen K\u00fcchen.<\/p>\n<h2><!-- wp:heading --><\/h2>\n<h2 class=\"wp-block-heading\">Bulk 1\/2 EU Style GN Pan Eigenschaften :<\/h2>\n<h2><!-- \/wp:heading --><\/p>\n<p><!-- wp:paragraph --><\/h2>\n<p><strong>Material:<\/strong> Rostfreier Stahl<br \/><strong>Gr\u00f6\u00dfe:<\/strong>\u00a01\/1, 1\/2, 1\/3, 1\/4, 1\/4, 1\/6, 1\/9, 3\/2 gn pan<br \/><strong>Rostfreier Stahl Dicke:<\/strong>\u00a00,5 mm, 0,6 mm, 0,7 mm, 0,8 mm, 1,0 mm<br \/><strong>Arten von Deckeln<\/strong><strong>:<\/strong>\u00a0Perforierter Deckel und Vollstahldeckel<br \/><strong>Entwurf:<\/strong> Erh\u00f6hter und gerollter Rand, gleichm\u00e4\u00dfig erw\u00e4rmt und gebacken<br \/><strong>Verpacken:<\/strong> OPP-Beutel und -Karton<br \/><strong>OEM\/ODM:<\/strong> Verf\u00fcgbar<\/p>\n<p><!-- \/wp:paragraph --><\/p>","protected":false},"featured_media":3706,"comment_status":"closed","ping_status":"closed","template":"","meta":{"_acf_changed":true},"application":[30],"product_brand":[],"product_cat":[22,37],"product_tag":[],"class_list":{"0":"post-3714","1":"product","2":"type-product","3":"status-publish","4":"has-post-thumbnail","6":"application-hotel-catering","7":"product_cat-catering-supplies-wholesale","8":"product_cat-gastronorm-pan-manufacturer","10":"first","11":"instock","12":"shipping-taxable","13":"product-type-simple"},"acf":[],"_links":{"self":[{"href":"https:\/\/www.yongyukitchenware.com\/de\/wp-json\/wp\/v2\/product\/3714","targetHints":{"allow":["GET"]}}],"collection":[{"href":"https:\/\/www.yongyukitchenware.com\/de\/wp-json\/wp\/v2\/product"}],"about":[{"href":"https:\/\/www.yongyukitchenware.com\/de\/wp-json\/wp\/v2\/types\/product"}],"replies":[{"embeddable":true,"href":"https:\/\/www.yongyukitchenware.com\/de\/wp-json\/wp\/v2\/comments?post=3714"}],"wp:featuredmedia":[{"embeddable":true,"href":"https:\/\/www.yongyukitchenware.com\/de\/wp-json\/wp\/v2\/media\/3706"}],"wp:attachment":[{"href":"https:\/\/www.yongyukitchenware.com\/de\/wp-json\/wp\/v2\/media?parent=3714"}],"wp:term":[{"taxonomy":"application","embeddable":true,"href":"https:\/\/www.yongyukitchenware.com\/de\/wp-json\/wp\/v2\/application?post=3714"},{"taxonomy":"product_brand","embeddable":true,"href":"https:\/\/www.yongyukitchenware.com\/de\/wp-json\/wp\/v2\/product_brand?post=3714"},{"taxonomy":"product_cat","embeddable":true,"href":"https:\/\/www.yongyukitchenware.com\/de\/wp-json\/wp\/v2\/product_cat?post=3714"},{"taxonomy":"product_tag","embeddable":true,"href":"https:\/\/www.yongyukitchenware.com\/de\/wp-json\/wp\/v2\/product_tag?post=3714"}],"curies":[{"name":"wp","href":"https:\/\/api.w.org\/{rel}","templated":true}]}}