{"id":3717,"date":"2025-05-19T08:38:55","date_gmt":"2025-05-19T08:38:55","guid":{"rendered":"https:\/\/www.yongyukitchenware.com\/?post_type=product&#038;p=3717"},"modified":"2025-07-10T09:49:44","modified_gmt":"2025-07-10T09:49:44","slug":"bulk-1-6-eu-style-gn-pan","status":"publish","type":"product","link":"https:\/\/www.yongyukitchenware.com\/de\/produkt\/bulk-1-6-eu-style-gn-pan\/","title":{"rendered":"Bulk 1\/6 EU Style GN Pfannen Edelstahl Gastronorm Pfannen EU Style mit Deckel"},"content":{"rendered":"<div class=\"wp-block-columns is-layout-flex wp-container-core-columns-is-layout-9d6595d7 wp-block-columns-is-layout-flex\">\n<div class=\"wp-block-column is-layout-flow wp-block-column-is-layout-flow\">\n<h2 class=\"wp-block-heading\">Bulk 1\/6 EU Style GN Pan Merkmale:<\/h2>\n\n\n\n<p><strong>Premium-Edelstahl:<\/strong> Hitze- und besch\u00e4digungsbest\u00e4ndiger, lebensmittelgeeigneter Edelstahl<br><strong>GN-Pfanne kann erhitzt werden: <\/strong>Dank der guten W\u00e4rmeleitf\u00e4higkeit von rostfreiem Stahl kann er gut gebacken und erhitzt werden, was f\u00fcr eine optimale W\u00e4rmeleitung und Isolierwirkung sorgt.<br><strong>Erh\u00f6htes Design: <\/strong>GN-Beh\u00e4lter sind auslaufsicher und lassen keine Fl\u00fcssigkeiten auslaufen.<br><strong>Gerolltes Kanten-Design:<\/strong> Abgerundete und glatte Kanten f\u00fcr eine einfache Handhabung ohne Schnittverletzungen an den H\u00e4nden und eine einfache Reinigung, um die Sicherheit und den Komfort zu erh\u00f6hen<br><strong>Zwei Arten von Deckeln: <\/strong>ein gelochter Deckel, der Platz f\u00fcr L\u00f6ffel bietet; ein kompletter Stahldeckel, der gut schlie\u00dft und verhindert, dass sich Staub darauf absetzt<br><strong>Platzsparend: <\/strong>stapelbares Design f\u00fcr wirtschaftliche Lagerung.<\/p>\n<\/div>\n\n\n\n<div class=\"wp-block-column is-layout-flow wp-block-column-is-layout-flow\">\n<div class=\"wp-block-columns is-layout-flex wp-container-core-columns-is-layout-9d6595d7 wp-block-columns-is-layout-flex\">\n<div class=\"wp-block-column is-layout-flow wp-block-column-is-layout-flow\">\n<figure class=\"wp-block-image size-full\"><img decoding=\"async\" width=\"800\" height=\"800\" src=\"https:\/\/www.yongyukitchenware.com\/wp-content\/uploads\/2024\/10\/supply-food-pan-2.webp\" alt=\"Versorgung-Lebensmittel-Topf (2)\" class=\"wp-image-1600\" srcset=\"https:\/\/www.yongyukitchenware.com\/wp-content\/uploads\/2024\/10\/supply-food-pan-2.webp 800w, https:\/\/www.yongyukitchenware.com\/wp-content\/uploads\/2024\/10\/supply-food-pan-2-300x300.webp 300w, https:\/\/www.yongyukitchenware.com\/wp-content\/uploads\/2024\/10\/supply-food-pan-2-150x150.webp 150w, https:\/\/www.yongyukitchenware.com\/wp-content\/uploads\/2024\/10\/supply-food-pan-2-768x768.webp 768w, https:\/\/www.yongyukitchenware.com\/wp-content\/uploads\/2024\/10\/supply-food-pan-2-12x12.webp 12w, https:\/\/www.yongyukitchenware.com\/wp-content\/uploads\/2024\/10\/supply-food-pan-2-600x600.webp 600w, https:\/\/www.yongyukitchenware.com\/wp-content\/uploads\/2024\/10\/supply-food-pan-2-100x100.webp 100w\" sizes=\"(max-width: 800px) 100vw, 800px\" \/><\/figure>\n<\/div>\n\n\n\n<div class=\"wp-block-column is-layout-flow wp-block-column-is-layout-flow\">\n<figure class=\"wp-block-image size-full\"><img decoding=\"async\" width=\"800\" height=\"800\" src=\"https:\/\/www.yongyukitchenware.com\/wp-content\/uploads\/2024\/10\/supply-food-pan-4.webp\" alt=\"Versorgung-Lebensmittel-Topf (4)\" class=\"wp-image-1602\" srcset=\"https:\/\/www.yongyukitchenware.com\/wp-content\/uploads\/2024\/10\/supply-food-pan-4.webp 800w, https:\/\/www.yongyukitchenware.com\/wp-content\/uploads\/2024\/10\/supply-food-pan-4-300x300.webp 300w, https:\/\/www.yongyukitchenware.com\/wp-content\/uploads\/2024\/10\/supply-food-pan-4-150x150.webp 150w, https:\/\/www.yongyukitchenware.com\/wp-content\/uploads\/2024\/10\/supply-food-pan-4-768x768.webp 768w, https:\/\/www.yongyukitchenware.com\/wp-content\/uploads\/2024\/10\/supply-food-pan-4-12x12.webp 12w, https:\/\/www.yongyukitchenware.com\/wp-content\/uploads\/2024\/10\/supply-food-pan-4-600x600.webp 600w, https:\/\/www.yongyukitchenware.com\/wp-content\/uploads\/2024\/10\/supply-food-pan-4-100x100.webp 100w\" sizes=\"(max-width: 800px) 100vw, 800px\" \/><\/figure>\n<\/div>\n<\/div>\n<\/div>\n<\/div>\n\n\n\n<h2 class=\"wp-block-heading\">Bulk 1\/6 EU Style GN Pan Parameter<\/h2>\n\n\n\n<figure class=\"wp-block-table\"><table class=\"has-fixed-layout\"><tbody><tr><td>Modell<\/td><td>Gr\u00f6\u00dfe<\/td><td>L\u00e4nge * Breite * H\u00f6he<\/td><td>MOQ<\/td><\/tr><tr><td rowspan=\"4\">DY002-FSP<\/td><td rowspan=\"4\">1\/6 Eu Style GN Pan<\/td><td>17.6*16.2*20CM<\/td><td>72 STCK.<\/td><\/tr><tr><td>17.6*16.2*15CM<\/td><td>72 STCK.<\/td><\/tr><tr><td>17.6*16.2*10CM<\/td><td>84 STCK.<\/td><\/tr><tr><td>17.6*16.2*6.5CM<\/td><td>120 STCK.<\/td><\/tr><\/tbody><\/table><\/figure>","protected":false},"excerpt":{"rendered":"<p>Bulk 1\/6 EU-Stil gn Pfannen aus Edelstahl Gastronorm Pfannen EU-Stil mit Deckel. Langlebige Edelstahlkonstruktion, ideal f\u00fcr Gro\u00dfk\u00fcchen und Catering. Inklusive Deckel zum Schutz der Lebensmittel und zur W\u00e4rmespeicherung. Bei Gro\u00dfeinkauf erhalten Sie exklusive Werkspreise.<\/p>\n<h2><!-- wp:heading --><\/h2>\n<h2 class=\"wp-block-heading\">Bulk 1\/6 EU Style GN Pan Eigenschaften :<\/h2>\n<h2><!-- \/wp:heading --><\/p>\n<p><!-- wp:paragraph --><\/h2>\n<p><strong>Material:<\/strong> Rostfreier Stahl<br \/><strong>Gr\u00f6\u00dfe:<\/strong>\u00a01\/1, 1\/2, 1\/3, 1\/4, 1\/4, 1\/6, 1\/9, 3\/2 gn pan<br \/><strong>Rostfreier Stahl Dicke:<\/strong>\u00a00,5 mm, 0,6 mm, 0,7 mm, 0,8 mm, 1,0 mm<br \/><strong>Arten von Deckeln<\/strong><strong>:<\/strong>\u00a0Perforierter Deckel und Vollstahldeckel<br \/><strong>Entwurf:<\/strong> Erh\u00f6hter und gerollter Rand, gleichm\u00e4\u00dfig erw\u00e4rmt und gebacken<br \/><strong>Verpacken:<\/strong> OPP-Beutel und -Karton<br \/><strong>OEM\/ODM:<\/strong> Verf\u00fcgbar<\/p>\n<p><!-- \/wp:paragraph --><\/p>","protected":false},"featured_media":3709,"comment_status":"closed","ping_status":"closed","template":"","meta":{"_acf_changed":true},"application":[30],"product_brand":[],"product_cat":[22,37],"product_tag":[],"class_list":{"0":"post-3717","1":"product","2":"type-product","3":"status-publish","4":"has-post-thumbnail","6":"application-hotel-catering","7":"product_cat-catering-supplies-wholesale","8":"product_cat-gastronorm-pan-manufacturer","10":"first","11":"instock","12":"shipping-taxable","13":"product-type-simple"},"acf":[],"_links":{"self":[{"href":"https:\/\/www.yongyukitchenware.com\/de\/wp-json\/wp\/v2\/product\/3717","targetHints":{"allow":["GET"]}}],"collection":[{"href":"https:\/\/www.yongyukitchenware.com\/de\/wp-json\/wp\/v2\/product"}],"about":[{"href":"https:\/\/www.yongyukitchenware.com\/de\/wp-json\/wp\/v2\/types\/product"}],"replies":[{"embeddable":true,"href":"https:\/\/www.yongyukitchenware.com\/de\/wp-json\/wp\/v2\/comments?post=3717"}],"wp:featuredmedia":[{"embeddable":true,"href":"https:\/\/www.yongyukitchenware.com\/de\/wp-json\/wp\/v2\/media\/3709"}],"wp:attachment":[{"href":"https:\/\/www.yongyukitchenware.com\/de\/wp-json\/wp\/v2\/media?parent=3717"}],"wp:term":[{"taxonomy":"application","embeddable":true,"href":"https:\/\/www.yongyukitchenware.com\/de\/wp-json\/wp\/v2\/application?post=3717"},{"taxonomy":"product_brand","embeddable":true,"href":"https:\/\/www.yongyukitchenware.com\/de\/wp-json\/wp\/v2\/product_brand?post=3717"},{"taxonomy":"product_cat","embeddable":true,"href":"https:\/\/www.yongyukitchenware.com\/de\/wp-json\/wp\/v2\/product_cat?post=3717"},{"taxonomy":"product_tag","embeddable":true,"href":"https:\/\/www.yongyukitchenware.com\/de\/wp-json\/wp\/v2\/product_tag?post=3717"}],"curies":[{"name":"wp","href":"https:\/\/api.w.org\/{rel}","templated":true}]}}