{"id":3760,"date":"2025-05-19T09:18:33","date_gmt":"2025-05-19T09:18:33","guid":{"rendered":"https:\/\/www.yongyukitchenware.com\/?post_type=product&#038;p=3760"},"modified":"2025-06-13T03:30:41","modified_gmt":"2025-06-13T03:30:41","slug":"bulk-1-2-american-style-gn-pan-stainless-steel-with-lid","status":"publish","type":"product","link":"https:\/\/www.yongyukitchenware.com\/de\/produkt\/bulk-1-2-american-style-gn-pan-stainless-steel-with-lid\/","title":{"rendered":"Bulk 1\/2 American Style GN-Pfanne aus Edelstahl mit Deckel"},"content":{"rendered":"<div class=\"wp-block-columns is-layout-flex wp-container-core-columns-is-layout-9d6595d7 wp-block-columns-is-layout-flex\">\n<div class=\"wp-block-column is-layout-flow wp-block-column-is-layout-flow\">\n<h2 class=\"wp-block-heading\">Bulk 1\/2 American Style GN Pan Merkmale:<\/h2>\n\n\n\n<p><strong>Hochwertiger rostfreier Stahl:<\/strong> lebensmittelechter Edelstahl mit guter Korrosionsbest\u00e4ndigkeit, Hitzebest\u00e4ndigkeit und Kratzfestigkeit<br><strong>Verschiedene Gr\u00f6\u00dfen mit Deckeln:<\/strong> unterschiedliche Bed\u00fcrfnisse erf\u00fcllen, geeignet f\u00fcr Lebensmittel und Gro\u00dfk\u00fcchenger\u00e4te Standard<br><strong>Kann beheizt werden: <\/strong>Aufgrund der hervorragenden W\u00e4rmeleitf\u00e4higkeit von Edelstahl k\u00f6nnen GN-Pfannen gleichm\u00e4\u00dfig erhitzt und gebacken werden.<br><strong>Erh\u00f6htes Design: <\/strong>GN-Beh\u00e4lter sind auslaufsicher, und Fl\u00fcssigkeiten k\u00f6nnen nicht umherflie\u00dfen.<br><strong>Gerolltes Kanten-Design:<\/strong> F\u00fcr eine einfache Handhabung sorgen die glatten und abgerundeten Kanten, die auch Verletzungen der H\u00e4nde verhindern.<br><strong>Es gibt zwei Arten von Deckeln: <\/strong>ein perforierter Deckel, der Platz f\u00fcr L\u00f6ffel bietet; ein ganzer Stahldeckel, der gut abdichten und staubdicht sein kann.<\/p>\n<\/div>\n\n\n\n<div class=\"wp-block-column is-layout-flow wp-block-column-is-layout-flow\">\n<div class=\"wp-block-columns is-layout-flex wp-container-core-columns-is-layout-9d6595d7 wp-block-columns-is-layout-flex\">\n<div class=\"wp-block-column is-layout-flow wp-block-column-is-layout-flow\">\n<figure class=\"wp-block-image size-full\"><img decoding=\"async\" width=\"800\" height=\"800\" src=\"https:\/\/www.yongyukitchenware.com\/wp-content\/uploads\/2024\/10\/wholesale-gn-pan-2.webp\" alt=\"gro\u00dfhandel-gn-pan (2)\" class=\"wp-image-1584\" srcset=\"https:\/\/www.yongyukitchenware.com\/wp-content\/uploads\/2024\/10\/wholesale-gn-pan-2.webp 800w, https:\/\/www.yongyukitchenware.com\/wp-content\/uploads\/2024\/10\/wholesale-gn-pan-2-300x300.webp 300w, https:\/\/www.yongyukitchenware.com\/wp-content\/uploads\/2024\/10\/wholesale-gn-pan-2-150x150.webp 150w, https:\/\/www.yongyukitchenware.com\/wp-content\/uploads\/2024\/10\/wholesale-gn-pan-2-768x768.webp 768w, https:\/\/www.yongyukitchenware.com\/wp-content\/uploads\/2024\/10\/wholesale-gn-pan-2-12x12.webp 12w, https:\/\/www.yongyukitchenware.com\/wp-content\/uploads\/2024\/10\/wholesale-gn-pan-2-600x600.webp 600w, https:\/\/www.yongyukitchenware.com\/wp-content\/uploads\/2024\/10\/wholesale-gn-pan-2-100x100.webp 100w\" sizes=\"(max-width: 800px) 100vw, 800px\" \/><\/figure>\n<\/div>\n\n\n\n<div class=\"wp-block-column is-layout-flow wp-block-column-is-layout-flow\">\n<figure class=\"wp-block-image size-full\"><img decoding=\"async\" width=\"800\" height=\"800\" src=\"https:\/\/www.yongyukitchenware.com\/wp-content\/uploads\/2024\/10\/wholesale-gn-pan-5.webp\" alt=\"gro\u00dfhandel-gn-pan (5)\" class=\"wp-image-1587\" srcset=\"https:\/\/www.yongyukitchenware.com\/wp-content\/uploads\/2024\/10\/wholesale-gn-pan-5.webp 800w, https:\/\/www.yongyukitchenware.com\/wp-content\/uploads\/2024\/10\/wholesale-gn-pan-5-300x300.webp 300w, https:\/\/www.yongyukitchenware.com\/wp-content\/uploads\/2024\/10\/wholesale-gn-pan-5-150x150.webp 150w, https:\/\/www.yongyukitchenware.com\/wp-content\/uploads\/2024\/10\/wholesale-gn-pan-5-768x768.webp 768w, https:\/\/www.yongyukitchenware.com\/wp-content\/uploads\/2024\/10\/wholesale-gn-pan-5-12x12.webp 12w, https:\/\/www.yongyukitchenware.com\/wp-content\/uploads\/2024\/10\/wholesale-gn-pan-5-600x600.webp 600w, https:\/\/www.yongyukitchenware.com\/wp-content\/uploads\/2024\/10\/wholesale-gn-pan-5-100x100.webp 100w\" sizes=\"(max-width: 800px) 100vw, 800px\" \/><\/figure>\n<\/div>\n<\/div>\n<\/div>\n<\/div>\n\n\n\n<h2 class=\"wp-block-heading\">Bulk 1\/2 American Style GN Pan Parameter<\/h2>\n\n\n\n<figure class=\"wp-block-table\"><table class=\"has-fixed-layout\"><tbody><tr><td>Modell<\/td><td>Gr\u00f6\u00dfe<\/td><td>L\u00e4nge * Breite * H\u00f6he (mm)<\/td><td>MOQ<\/td><\/tr><tr><td rowspan=\"6\">DY001-FSP<\/td><td rowspan=\"6\">1\/2 amerikanische GN-Pfanne<\/td><td>325\u00d7265\u00d7200<\/td><td rowspan=\"6\">50 STCK.<\/td><\/tr><tr><td>325\u00d7265\u00d7150<\/td><\/tr><tr><td>325\u00d7265\u00d7100<\/td><\/tr><tr><td>325\u00d7265\u00d765<\/td><\/tr><tr><td>325\u00d7265\u00d740<\/td><\/tr><tr><td>325\u00d7265\u00d725<\/td><\/tr><\/tbody><\/table><\/figure>\n\n\n\n<p><\/p>","protected":false},"excerpt":{"rendered":"<p>Bulk 1\/2 American Style Gn Pfanne aus Edelstahl mit Deckel. Hergestellt aus langlebigem Edelstahl, perfekt f\u00fcr Gro\u00dfk\u00fcchen und Catering. Kommt mit einem Deckel f\u00fcr eine effiziente Lagerung von Lebensmitteln und W\u00e4rmespeicherung. Der Direktkauf ab Werk bietet Ihnen die besten Preispl\u00e4ne.<\/p>\n<h2><!-- wp:heading --><\/h2>\n<h2 class=\"wp-block-heading\">Bulk 1\/2 American Style GN Pan Eigenschaften :<\/h2>\n<h2><!-- \/wp:heading --><\/p>\n<p><!-- wp:paragraph --><\/h2>\n<p><strong>Material: <\/strong>Rostfreier Stahl<br \/><strong>Gr\u00f6\u00dfe:<\/strong> 1\/1, 1\/2, 1\/3, 1\/4, 1\/4, 1\/6, 1\/9, 3\/2 gn pan<br \/><strong>Rostfreier Stahl Dicke:<\/strong> 0,5 mm, 0,6 mm, 0,7 mm, 0,8 mm, 1,0 mm<br \/><strong>Arten von Deckeln<\/strong><strong>:<\/strong> Perforierter Deckel und Vollstahldeckel<br \/><strong>Entwurf:<\/strong> Erh\u00f6hte und gerollte Kanten<br \/><strong>Verpacken:<\/strong> OPP-Beutel und -Karton<br \/><strong>OEM\/ODM:<\/strong> verf\u00fcgbar<\/p>\n<p><!-- \/wp:paragraph --><\/p>","protected":false},"featured_media":3755,"comment_status":"closed","ping_status":"closed","template":"","meta":{"_acf_changed":false},"application":[30],"product_brand":[],"product_cat":[22,37],"product_tag":[],"class_list":{"0":"post-3760","1":"product","2":"type-product","3":"status-publish","4":"has-post-thumbnail","6":"application-hotel-catering","7":"product_cat-catering-supplies-wholesale","8":"product_cat-gastronorm-pan-manufacturer","10":"first","11":"instock","12":"shipping-taxable","13":"product-type-simple"},"acf":[],"_links":{"self":[{"href":"https:\/\/www.yongyukitchenware.com\/de\/wp-json\/wp\/v2\/product\/3760","targetHints":{"allow":["GET"]}}],"collection":[{"href":"https:\/\/www.yongyukitchenware.com\/de\/wp-json\/wp\/v2\/product"}],"about":[{"href":"https:\/\/www.yongyukitchenware.com\/de\/wp-json\/wp\/v2\/types\/product"}],"replies":[{"embeddable":true,"href":"https:\/\/www.yongyukitchenware.com\/de\/wp-json\/wp\/v2\/comments?post=3760"}],"wp:featuredmedia":[{"embeddable":true,"href":"https:\/\/www.yongyukitchenware.com\/de\/wp-json\/wp\/v2\/media\/3755"}],"wp:attachment":[{"href":"https:\/\/www.yongyukitchenware.com\/de\/wp-json\/wp\/v2\/media?parent=3760"}],"wp:term":[{"taxonomy":"application","embeddable":true,"href":"https:\/\/www.yongyukitchenware.com\/de\/wp-json\/wp\/v2\/application?post=3760"},{"taxonomy":"product_brand","embeddable":true,"href":"https:\/\/www.yongyukitchenware.com\/de\/wp-json\/wp\/v2\/product_brand?post=3760"},{"taxonomy":"product_cat","embeddable":true,"href":"https:\/\/www.yongyukitchenware.com\/de\/wp-json\/wp\/v2\/product_cat?post=3760"},{"taxonomy":"product_tag","embeddable":true,"href":"https:\/\/www.yongyukitchenware.com\/de\/wp-json\/wp\/v2\/product_tag?post=3760"}],"curies":[{"name":"wp","href":"https:\/\/api.w.org\/{rel}","templated":true}]}}