{"id":3762,"date":"2025-05-19T09:26:52","date_gmt":"2025-05-19T09:26:52","guid":{"rendered":"https:\/\/www.yongyukitchenware.com\/?post_type=product&#038;p=3762"},"modified":"2025-06-13T03:29:16","modified_gmt":"2025-06-13T03:29:16","slug":"bulk-1-4-american-style-gn-pan-stainless-steel-with-lid","status":"publish","type":"product","link":"https:\/\/www.yongyukitchenware.com\/de\/produkt\/bulk-1-4-american-style-gn-pan-stainless-steel-with-lid\/","title":{"rendered":"Bulk 1\/4 American Style GN-Pfanne aus Edelstahl mit Deckel"},"content":{"rendered":"<div class=\"wp-block-columns is-layout-flex wp-container-core-columns-is-layout-9d6595d7 wp-block-columns-is-layout-flex\">\n<div class=\"wp-block-column is-layout-flow wp-block-column-is-layout-flow\">\n<h2 class=\"wp-block-heading\">Bulk 1\/4 American Style GN Pan Merkmale:<\/h2>\n\n\n\n<p><strong>Hochwertiger rostfreier Stahl: <\/strong>lebensmittelechter Edelstahl mit hervorragender Korrosionsbest\u00e4ndigkeit, Hitzebest\u00e4ndigkeit und Kratzfestigkeit<br><strong>Mehrere Gr\u00f6\u00dfen mit Deckeln:<\/strong> f\u00fcr unterschiedliche Bed\u00fcrfnisse, geeignet f\u00fcr Standard-Catering- und Foodservice-Ger\u00e4te<br><strong>Kann beheizt werden: <\/strong>Aufgrund der hervorragenden W\u00e4rmeleitf\u00e4higkeit von Edelstahl k\u00f6nnen GN-Pfannen gleichm\u00e4\u00dfig erhitzt und gebacken werden.<br><strong>Erh\u00f6htes Design: <\/strong>GN-Beh\u00e4lter sind auslaufsicher und verhindern, dass Fl\u00fcssigkeiten herumflie\u00dfen.<br><strong>Gerolltes Kanten-Design: <\/strong>Abgerundete und glatte Kanten erleichtern die Handhabung und verhindern Handverletzungen.<br><strong>Es gibt zwei Arten von Deckeln: <\/strong>ein perforierter Deckel, der Platz f\u00fcr L\u00f6ffel bietet; ein Vollstahldeckel, der effektiv abdichten und staubdicht sein kann<\/p>\n<\/div>\n\n\n\n<div class=\"wp-block-column is-layout-flow wp-block-column-is-layout-flow\">\n<div class=\"wp-block-columns is-layout-flex wp-container-core-columns-is-layout-9d6595d7 wp-block-columns-is-layout-flex\">\n<div class=\"wp-block-column is-layout-flow wp-block-column-is-layout-flow\">\n<figure class=\"wp-block-image size-full\"><img decoding=\"async\" width=\"800\" height=\"800\" src=\"https:\/\/www.yongyukitchenware.com\/wp-content\/uploads\/2024\/10\/wholesale-gn-pan-2.webp\" alt=\"gro\u00dfhandel-gn-pan (2)\" class=\"wp-image-1584\" srcset=\"https:\/\/www.yongyukitchenware.com\/wp-content\/uploads\/2024\/10\/wholesale-gn-pan-2.webp 800w, https:\/\/www.yongyukitchenware.com\/wp-content\/uploads\/2024\/10\/wholesale-gn-pan-2-300x300.webp 300w, https:\/\/www.yongyukitchenware.com\/wp-content\/uploads\/2024\/10\/wholesale-gn-pan-2-150x150.webp 150w, https:\/\/www.yongyukitchenware.com\/wp-content\/uploads\/2024\/10\/wholesale-gn-pan-2-768x768.webp 768w, https:\/\/www.yongyukitchenware.com\/wp-content\/uploads\/2024\/10\/wholesale-gn-pan-2-12x12.webp 12w, https:\/\/www.yongyukitchenware.com\/wp-content\/uploads\/2024\/10\/wholesale-gn-pan-2-600x600.webp 600w, https:\/\/www.yongyukitchenware.com\/wp-content\/uploads\/2024\/10\/wholesale-gn-pan-2-100x100.webp 100w\" sizes=\"(max-width: 800px) 100vw, 800px\" \/><\/figure>\n<\/div>\n\n\n\n<div class=\"wp-block-column is-layout-flow wp-block-column-is-layout-flow\">\n<figure class=\"wp-block-image size-full\"><img decoding=\"async\" width=\"800\" height=\"800\" src=\"https:\/\/www.yongyukitchenware.com\/wp-content\/uploads\/2024\/10\/wholesale-gn-pan-5.webp\" alt=\"gro\u00dfhandel-gn-pan (5)\" class=\"wp-image-1587\" srcset=\"https:\/\/www.yongyukitchenware.com\/wp-content\/uploads\/2024\/10\/wholesale-gn-pan-5.webp 800w, https:\/\/www.yongyukitchenware.com\/wp-content\/uploads\/2024\/10\/wholesale-gn-pan-5-300x300.webp 300w, https:\/\/www.yongyukitchenware.com\/wp-content\/uploads\/2024\/10\/wholesale-gn-pan-5-150x150.webp 150w, https:\/\/www.yongyukitchenware.com\/wp-content\/uploads\/2024\/10\/wholesale-gn-pan-5-768x768.webp 768w, https:\/\/www.yongyukitchenware.com\/wp-content\/uploads\/2024\/10\/wholesale-gn-pan-5-12x12.webp 12w, https:\/\/www.yongyukitchenware.com\/wp-content\/uploads\/2024\/10\/wholesale-gn-pan-5-600x600.webp 600w, https:\/\/www.yongyukitchenware.com\/wp-content\/uploads\/2024\/10\/wholesale-gn-pan-5-100x100.webp 100w\" sizes=\"(max-width: 800px) 100vw, 800px\" \/><\/figure>\n<\/div>\n<\/div>\n<\/div>\n<\/div>\n\n\n\n<h2 class=\"wp-block-heading\">Bulk 1\/4 American Style GN Pan Parameter<\/h2>\n\n\n\n<figure class=\"wp-block-table\"><table class=\"has-fixed-layout\"><tbody><tr><td>Modell<\/td><td>Gr\u00f6\u00dfe<\/td><td>L\u00e4nge * Breite * H\u00f6he (mm)<\/td><td>MOQ<\/td><\/tr><tr><td rowspan=\"4\">DY001-FSP<\/td><td rowspan=\"4\">1\/4 amerikanische GN-Pfanne<\/td><td>265\u00d7162\u00d7200<\/td><td rowspan=\"4\">50 STCK.<\/td><\/tr><tr><td>265\u00d7162\u00d7150<\/td><\/tr><tr><td>265\u00d7162\u00d7100<\/td><\/tr><tr><td>265\u00d7162\u00d765<\/td><\/tr><\/tbody><\/table><\/figure>","protected":false},"excerpt":{"rendered":"<article class=\"text-token-text-primary w-full\" dir=\"auto\" data-testid=\"conversation-turn-56\" data-scroll-anchor=\"true\">\n<div class=\"text-base my-auto mx-auto py-5 [--thread-content-margin:--spacing(4)] @[37rem]:[--thread-content-margin:--spacing(6)] @[72rem]:[--thread-content-margin:--spacing(16)] px-(--thread-content-margin)\">\n<div class=\"[--thread-content-max-width:32rem] @[34rem]:[--thread-content-max-width:40rem] @[64rem]:[--thread-content-max-width:48rem] mx-auto flex max-w-(--thread-content-max-width) flex-1 text-base gap-4 md:gap-5 lg:gap-6 group\/turn-messages focus-visible:outline-hidden\">\n<div class=\"group\/conversation-turn relative flex w-full min-w-0 flex-col agent-turn\">\n<div class=\"relative flex-col gap-1 md:gap-3\">\n<div class=\"flex max-w-full flex-col grow\">\n<div class=\"min-h-8 text-message relative flex w-full flex-col items-end gap-2 text-start break-words whitespace-normal [.text-message+&amp;]:mt-5\" dir=\"auto\" data-message-author-role=\"assistant\" data-message-id=\"05ef038d-15fc-418d-b853-023fa7818085\" data-message-model-slug=\"gpt-4o\">\n<div class=\"flex w-full flex-col gap-1 empty:hidden first:pt-[3px]\">\n<div class=\"markdown prose dark:prose-invert w-full break-words light\">\n<p class=\"\" data-start=\"0\" data-end=\"206\">Bulk 1\/4 amerikanischen Stil gn Pfanne aus Edelstahl mit Deckel. Hergestellt aus langlebigem Edelstahl, ideal f\u00fcr die Zubereitung und Lagerung von Lebensmitteln in Gro\u00dfk\u00fcchen. Mit Deckel f\u00fcr bessere W\u00e4rmespeicherung und Hygiene. Bestellen Sie im Gro\u00dfhandel und sparen Sie mit direkten Fabrikrabatten.<\/p>\n<\/div>\n<\/div>\n<\/div>\n<\/div>\n<\/div>\n<div class=\"absolute\">\n<h2 class=\"flex items-center justify-center\">Bulk 1\/4 American Style GN Pan Eigenschaften :<\/h2>\n<\/div>\n<\/div>\n<\/div>\n<\/div>\n<\/article>\n<h2><!-- \/wp:heading --><\/p>\n<p><!-- wp:paragraph --><\/h2>\n<p><strong>Material: <\/strong>Rostfreier Stahl<br \/><strong>Gr\u00f6\u00dfe:<\/strong> 1\/1, 1\/2, 1\/3, 1\/4, 1\/4, 1\/6, 1\/9, 3\/2 gn pan<br \/><strong>Rostfreier Stahl Dicke:<\/strong> 0,5 mm, 0,6 mm, 0,7 mm, 0,8 mm, 1,0 mm<br \/><strong>Arten von Deckeln<\/strong><strong>:<\/strong> Perforierter Deckel und Vollstahldeckel<br \/><strong>Entwurf:<\/strong> Erh\u00f6hte und gerollte Kanten<br \/><strong>Verpacken:<\/strong> OPP-Beutel und -Karton<br \/><strong>OEM\/ODM:<\/strong> verf\u00fcgbar<\/p>\n<p><!-- \/wp:paragraph --><\/p>","protected":false},"featured_media":3757,"comment_status":"closed","ping_status":"closed","template":"","meta":{"_acf_changed":true},"application":[30],"product_brand":[],"product_cat":[22,37],"product_tag":[],"class_list":{"0":"post-3762","1":"product","2":"type-product","3":"status-publish","4":"has-post-thumbnail","6":"application-hotel-catering","7":"product_cat-catering-supplies-wholesale","8":"product_cat-gastronorm-pan-manufacturer","10":"first","11":"instock","12":"shipping-taxable","13":"product-type-simple"},"acf":[],"_links":{"self":[{"href":"https:\/\/www.yongyukitchenware.com\/de\/wp-json\/wp\/v2\/product\/3762","targetHints":{"allow":["GET"]}}],"collection":[{"href":"https:\/\/www.yongyukitchenware.com\/de\/wp-json\/wp\/v2\/product"}],"about":[{"href":"https:\/\/www.yongyukitchenware.com\/de\/wp-json\/wp\/v2\/types\/product"}],"replies":[{"embeddable":true,"href":"https:\/\/www.yongyukitchenware.com\/de\/wp-json\/wp\/v2\/comments?post=3762"}],"wp:featuredmedia":[{"embeddable":true,"href":"https:\/\/www.yongyukitchenware.com\/de\/wp-json\/wp\/v2\/media\/3757"}],"wp:attachment":[{"href":"https:\/\/www.yongyukitchenware.com\/de\/wp-json\/wp\/v2\/media?parent=3762"}],"wp:term":[{"taxonomy":"application","embeddable":true,"href":"https:\/\/www.yongyukitchenware.com\/de\/wp-json\/wp\/v2\/application?post=3762"},{"taxonomy":"product_brand","embeddable":true,"href":"https:\/\/www.yongyukitchenware.com\/de\/wp-json\/wp\/v2\/product_brand?post=3762"},{"taxonomy":"product_cat","embeddable":true,"href":"https:\/\/www.yongyukitchenware.com\/de\/wp-json\/wp\/v2\/product_cat?post=3762"},{"taxonomy":"product_tag","embeddable":true,"href":"https:\/\/www.yongyukitchenware.com\/de\/wp-json\/wp\/v2\/product_tag?post=3762"}],"curies":[{"name":"wp","href":"https:\/\/api.w.org\/{rel}","templated":true}]}}