{"id":3817,"date":"2025-05-20T09:48:17","date_gmt":"2025-05-20T09:48:17","guid":{"rendered":"https:\/\/www.yongyukitchenware.com\/?post_type=product&#038;p=3817"},"modified":"2025-06-13T03:19:42","modified_gmt":"2025-06-13T03:19:42","slug":"bulk-3l-egg-shape-chafing-dish-alcohol-hot-pot-food-warmer","status":"publish","type":"product","link":"https:\/\/www.yongyukitchenware.com\/de\/produkt\/bulk-3l-egg-shape-chafing-dish-alcohol-hot-pot-food-warmer\/","title":{"rendered":"Bulk 3L Egg Shape Chafing Dish Alkohol Hot Pot Food Warmer"},"content":{"rendered":"<div class=\"wp-block-group is-nowrap is-layout-flex wp-container-core-group-is-layout-ad2f72ca wp-block-group-is-layout-flex\">\n<h2 class=\"wp-block-heading\">Bulk 3L Egg Shape Chafing Dish Parameter:<\/h2>\n<\/div>\n\n\n\n<div class=\"wp-block-columns is-layout-flex wp-container-core-columns-is-layout-9d6595d7 wp-block-columns-is-layout-flex\">\n<div class=\"wp-block-column is-layout-flow wp-block-column-is-layout-flow\">\n<div class=\"wp-block-group is-nowrap is-layout-flex wp-container-core-group-is-layout-ad2f72ca wp-block-group-is-layout-flex\">\n<figure class=\"wp-block-table\"><table class=\"has-fixed-layout\"><tbody><tr><td>Modell<\/td><td>Fassungsverm\u00f6gen (L)<\/td><td>MOQ<\/td><\/tr><tr><td>DY041-CL<\/td><td>3.0L<\/td><td>6PCS<\/td><\/tr><\/tbody><\/table><\/figure>\n<\/div>\n\n\n\n<h2 class=\"wp-block-heading\">Bulk 3L Egg Shape Chafing Dish Merkmale:<\/h2>\n\n\n\n<div class=\"wp-block-group is-nowrap is-layout-flex wp-container-core-group-is-layout-ad2f72ca wp-block-group-is-layout-flex\">\n<p><strong>Ausreichende Kapazit\u00e4t:<\/strong> Das Fassungsverm\u00f6gen von 3 Litern reicht aus, um die \u00fcppigen Gerichte eines Familienessens oder eines Banketts unterzubringen und die Freude am gemeinsamen Essen mit anderen zu befriedigen.<br><strong>Lang anhaltende W\u00e4rmeerhaltung: <\/strong>Gestell aus rostfreiem Stahl + Innenbecken aus hochwertigem Borosilikatglas, ausgestattet mit winddichtem Brennstoffgestell (einschlie\u00dflich Brennstofftank), verl\u00e4ngert effektiv die W\u00e4rme der Speisen<br><strong>Hochwertige Lebensmittelbecken:<\/strong> Die Lebensmittelschale aus verdicktem Hochborosilikatglas ist sehr widerstandsf\u00e4hig gegen hohe und niedrige Temperaturen und kann Lebensmittel direkt erhitzen und warm halten.<br><strong>Luxuri\u00f6ses Aussehen:<\/strong> Die exquisite Spitze und die gl\u00e4nzenden Farben machen dieses Produkt zu einem auff\u00e4lligen Highlight auf dem Esstisch, das einen Hauch von Romantik und Raffinesse in Ihre Essenszeit bringt.<\/p>\n<\/div>\n<\/div>\n<\/div>\n\n\n\n<p><\/p>","protected":false},"excerpt":{"rendered":"<div class=\"flex max-w-full flex-col flex-grow\">\n<div class=\"min-h-8 text-message flex w-full flex-col items-end gap-2 whitespace-normal break-words text-start [.text-message+&amp;]:mt-5\" dir=\"auto\" data-message-author-role=\"assistant\" data-message-id=\"e07a47d1-8143-4d76-a750-70f60d252df1\" data-message-model-slug=\"gpt-4o\">\n<div class=\"flex w-full flex-col gap-1 empty:hidden first:pt-[3px]\">\n<div class=\"markdown prose w-full break-words dark:prose-invert dark\">\n<p data-start=\"0\" data-end=\"249\" data-is-last-node=\"\">Die eif\u00f6rmige Chafing Dish von Bulk 3L ist ein stilvoller und praktischer Speisenw\u00e4rmer, der sich ideal f\u00fcr Hot Pot, Buffets oder Catering eignet. Sie verf\u00fcgt \u00fcber ein elegantes Design und eine Alkoholheizung f\u00fcr gleichm\u00e4\u00dfige Temperaturen. Nehmen Sie Kontakt mit uns auf, um Gro\u00dfhandelsangebote zu erhalten!<\/p>\n<\/div>\n<\/div>\n<\/div>\n<\/div>\n<h2><!-- wp:heading --><\/h2>\n<h2 class=\"wp-block-heading\">Bulk 3L Egg Shape Chafing Dish Attribute:<\/h2>\n<h2><!-- \/wp:heading --><\/p>\n<p><!-- wp:paragraph --><\/h2>\n<p><strong>Material: <\/strong>Rostfreier Stahl<br \/><strong>Farbe: <\/strong>Silber\/Gold<br \/><strong>Die Form:<\/strong> Rund<br \/><strong>W\u00e4rme: <\/strong>Elektrische Heizung\/Alkoholheizung<br \/><strong>Chafer Pan: <\/strong>Einzel\/Doppel\/Drei Raster<br \/><strong>OEM\/ODM: <\/strong>Verf\u00fcgbar<\/p>\n<h2 class=\"wp-block-heading\">Bulk 3L Ei Form Chafing Dish Hersteller :<\/h2>\n<p>Ob es sich um einen Catering-Service-Anbieter, ein Hotel oder ein Restaurant, oder ean vent Planung Unternehmen, bieten wir komplette Chafing Gerichte Gro\u00dfhandel benutzerdefinierte L\u00f6sungen, um Ihr Unternehmen mit hochwertigen Fabrikpreise zu helfen!<\/p>\n<h2><!-- \/wp:paragraph --><\/h2>","protected":false},"featured_media":3822,"comment_status":"closed","ping_status":"closed","template":"","meta":{"_acf_changed":true},"application":[30],"product_brand":[],"product_cat":[33],"product_tag":[],"class_list":{"0":"post-3817","1":"product","2":"type-product","3":"status-publish","4":"has-post-thumbnail","6":"application-hotel-catering","7":"product_cat-chafing-dishes-wholesale","9":"first","10":"instock","11":"shipping-taxable","12":"product-type-simple"},"acf":[],"_links":{"self":[{"href":"https:\/\/www.yongyukitchenware.com\/de\/wp-json\/wp\/v2\/product\/3817","targetHints":{"allow":["GET"]}}],"collection":[{"href":"https:\/\/www.yongyukitchenware.com\/de\/wp-json\/wp\/v2\/product"}],"about":[{"href":"https:\/\/www.yongyukitchenware.com\/de\/wp-json\/wp\/v2\/types\/product"}],"replies":[{"embeddable":true,"href":"https:\/\/www.yongyukitchenware.com\/de\/wp-json\/wp\/v2\/comments?post=3817"}],"wp:featuredmedia":[{"embeddable":true,"href":"https:\/\/www.yongyukitchenware.com\/de\/wp-json\/wp\/v2\/media\/3822"}],"wp:attachment":[{"href":"https:\/\/www.yongyukitchenware.com\/de\/wp-json\/wp\/v2\/media?parent=3817"}],"wp:term":[{"taxonomy":"application","embeddable":true,"href":"https:\/\/www.yongyukitchenware.com\/de\/wp-json\/wp\/v2\/application?post=3817"},{"taxonomy":"product_brand","embeddable":true,"href":"https:\/\/www.yongyukitchenware.com\/de\/wp-json\/wp\/v2\/product_brand?post=3817"},{"taxonomy":"product_cat","embeddable":true,"href":"https:\/\/www.yongyukitchenware.com\/de\/wp-json\/wp\/v2\/product_cat?post=3817"},{"taxonomy":"product_tag","embeddable":true,"href":"https:\/\/www.yongyukitchenware.com\/de\/wp-json\/wp\/v2\/product_tag?post=3817"}],"curies":[{"name":"wp","href":"https:\/\/api.w.org\/{rel}","templated":true}]}}