{"id":3857,"date":"2025-05-19T10:18:05","date_gmt":"2025-05-19T10:18:05","guid":{"rendered":"https:\/\/www.yongyukitchenware.com\/?post_type=product&#038;p=3857"},"modified":"2025-07-10T09:36:40","modified_gmt":"2025-07-10T09:36:40","slug":"bulk-10l-black-stainless-steel-soup-kettle-commercial-equipment","status":"publish","type":"product","link":"https:\/\/www.yongyukitchenware.com\/de\/produkt\/bulk-10l-black-stainless-steel-soup-kettle-commercial-equipment\/","title":{"rendered":"Bulk 10L Schwarzer Edelstahl-Suppenkessel Kommerzielle Ausr\u00fcstung"},"content":{"rendered":"<div class=\"wp-block-columns is-layout-flex wp-container-core-columns-is-layout-9d6595d7 wp-block-columns-is-layout-flex\">\n<div class=\"wp-block-column is-layout-flow wp-block-column-is-layout-flow\">\n<h2 class=\"wp-block-heading\">Bulk 10L Schwarz Edelstahl Suppe Kettle Parameter:<\/h2>\n\n\n\n<figure class=\"wp-block-table\"><table class=\"has-fixed-layout\"><tbody><tr><td>Modell<\/td><td>Fassungsverm\u00f6gen (L)<\/td><td>MOQ<\/td><\/tr><tr><td>DY048-CL<\/td><td>10<\/td><td>4PCS<\/td><\/tr><\/tbody><\/table><\/figure>\n\n\n\n<h2 class=\"wp-block-heading\">Bulk 10L Schwarzer Edelstahl-Suppenkessel Eigenschaften:<\/h2>\n\n\n\n<p><strong>Gro\u00dfe Kapazit\u00e4t: <\/strong>Dieser handels\u00fcbliche 10-Liter-Suppentopf ist f\u00fcr die Bewirtung einer gro\u00dfen Anzahl von Personen geeignet. Ideal f\u00fcr Restaurants, Partys, B\u00fcffets und den Hausgebrauch.<br><strong>Premium-Edelstahl:<\/strong> Der Innentopf aus lebensmittelechtem Edelstahl ist langlebig und einfach zu reinigen und sorgt f\u00fcr eine saubere Kochumgebung.<br><strong>Pr\u00e4zise Temperaturregelung: <\/strong>Dieser Suppentopf verf\u00fcgt \u00fcber eine dreidimensionale Struktur mit konstanter Temperatur und Wassertrennungstechnologie f\u00fcr eine gleichm\u00e4\u00dfige W\u00e4rmeverteilung. Der einstellbare Thermostat kann die Heizeinstellungen genau regulieren, um die beste Temperaturerhaltung f\u00fcr die Gerichte zu gew\u00e4hrleisten.<br><strong>Multifunktionale Verwendung:<\/strong> Dieser elektrische Suppentopf ist vielseitig einsetzbar. Egal, ob Sie ein Restaurant betreiben, das st\u00e4ndig voll ist, oder eine gro\u00dfe Party oder einen anderen Anlass planen, er sorgt daf\u00fcr, dass Sie eine gro\u00dfe Menge Suppe oder Eintopf hei\u00df halten und zubereiten k\u00f6nnen, und serviert sie, wie und wann Sie wollen. Die Heizeinstellungen sorgen f\u00fcr die beste Temperaturhaltung f\u00fcr verschiedene Gerichte.<br><\/p>\n<\/div>\n\n\n\n<div class=\"wp-block-column is-layout-flow wp-block-column-is-layout-flow\">\n<figure class=\"wp-block-image size-full\"><img decoding=\"async\" width=\"1500\" height=\"1500\" src=\"https:\/\/www.yongyukitchenware.com\/wp-content\/uploads\/2025\/05\/Bulk-10L-Black-Stainless-Steel-Soup-Kettle-4.webp\" alt=\"Bulk-10L-Schwarz-Edelstahl-Suppen-Kessel-4\" class=\"wp-image-3861\" srcset=\"https:\/\/www.yongyukitchenware.com\/wp-content\/uploads\/2025\/05\/Bulk-10L-Black-Stainless-Steel-Soup-Kettle-4.webp 1500w, https:\/\/www.yongyukitchenware.com\/wp-content\/uploads\/2025\/05\/Bulk-10L-Black-Stainless-Steel-Soup-Kettle-4-300x300.webp 300w, https:\/\/www.yongyukitchenware.com\/wp-content\/uploads\/2025\/05\/Bulk-10L-Black-Stainless-Steel-Soup-Kettle-4-150x150.webp 150w, https:\/\/www.yongyukitchenware.com\/wp-content\/uploads\/2025\/05\/Bulk-10L-Black-Stainless-Steel-Soup-Kettle-4-768x768.webp 768w, https:\/\/www.yongyukitchenware.com\/wp-content\/uploads\/2025\/05\/Bulk-10L-Black-Stainless-Steel-Soup-Kettle-4-12x12.webp 12w, https:\/\/www.yongyukitchenware.com\/wp-content\/uploads\/2025\/05\/Bulk-10L-Black-Stainless-Steel-Soup-Kettle-4-1200x1200.webp 1200w, https:\/\/www.yongyukitchenware.com\/wp-content\/uploads\/2025\/05\/Bulk-10L-Black-Stainless-Steel-Soup-Kettle-4-600x600.webp 600w, https:\/\/www.yongyukitchenware.com\/wp-content\/uploads\/2025\/05\/Bulk-10L-Black-Stainless-Steel-Soup-Kettle-4-100x100.webp 100w\" sizes=\"(max-width: 1500px) 100vw, 1500px\" \/><\/figure>\n<\/div>\n<\/div>","protected":false},"excerpt":{"rendered":"<p>Bulk 10L schwarz Edelstahl Suppenkessel kommerzielle Ausr\u00fcstung. Konzipiert f\u00fcr den gewerblichen Einsatz, ideal zum Servieren von Suppen und Eint\u00f6pfen. Langlebige Edelstahlkonstruktion mit einem Fassungsverm\u00f6gen von 10 l f\u00fcr eine effiziente Speisenausgabe. Setzen Sie sich noch heute mit Yongyu in Verbindung, um das Catering-Erlebnis Ihrer Kunden zu verbessern!<\/p>\n<h2><!-- wp:heading --><\/h2>\n<h2 class=\"wp-block-heading\">Bulk 10L Schwarzer Edelstahl-Suppenkessel:<\/h2>\n<h2><!-- \/wp:heading --><\/p>\n<p><!-- wp:paragraph --><\/h2>\n<p><strong>Material: <\/strong>Rostfreier Stahl<br \/><strong>Farbe:<\/strong>Schwarz\/Silber<br \/><strong>Die Form:<\/strong> Rund<br \/><strong>W\u00e4rme: <\/strong>Elektrische Heizung<br \/><strong>Chafer Pan: <\/strong>Einzelner Raster<br \/><strong>OEM\/ODM: <\/strong>Verf\u00fcgbar<\/p>\n<h2 class=\"wp-block-heading\">Attribute der Suppe Chafing Dish Hersteller :<\/h2>\n<p>Ob es sich um einen Catering-Service-Anbieter, Hotel und Restaurant, oder Event-Planung Unternehmen, bieten wir komplette Chafing Gerichte Gro\u00dfhandel benutzerdefinierte L\u00f6sungen, um Ihr Unternehmen mit hochwertigen Fabrik Preise!<\/p>\n<h2><!-- \/wp:paragraph --><\/h2>","protected":false},"featured_media":3858,"comment_status":"closed","ping_status":"closed","template":"","meta":{"_acf_changed":false},"application":[30],"product_brand":[],"product_cat":[33],"product_tag":[],"class_list":{"0":"post-3857","1":"product","2":"type-product","3":"status-publish","4":"has-post-thumbnail","6":"application-hotel-catering","7":"product_cat-chafing-dishes-wholesale","9":"first","10":"instock","11":"shipping-taxable","12":"product-type-simple"},"acf":[],"_links":{"self":[{"href":"https:\/\/www.yongyukitchenware.com\/de\/wp-json\/wp\/v2\/product\/3857","targetHints":{"allow":["GET"]}}],"collection":[{"href":"https:\/\/www.yongyukitchenware.com\/de\/wp-json\/wp\/v2\/product"}],"about":[{"href":"https:\/\/www.yongyukitchenware.com\/de\/wp-json\/wp\/v2\/types\/product"}],"replies":[{"embeddable":true,"href":"https:\/\/www.yongyukitchenware.com\/de\/wp-json\/wp\/v2\/comments?post=3857"}],"wp:featuredmedia":[{"embeddable":true,"href":"https:\/\/www.yongyukitchenware.com\/de\/wp-json\/wp\/v2\/media\/3858"}],"wp:attachment":[{"href":"https:\/\/www.yongyukitchenware.com\/de\/wp-json\/wp\/v2\/media?parent=3857"}],"wp:term":[{"taxonomy":"application","embeddable":true,"href":"https:\/\/www.yongyukitchenware.com\/de\/wp-json\/wp\/v2\/application?post=3857"},{"taxonomy":"product_brand","embeddable":true,"href":"https:\/\/www.yongyukitchenware.com\/de\/wp-json\/wp\/v2\/product_brand?post=3857"},{"taxonomy":"product_cat","embeddable":true,"href":"https:\/\/www.yongyukitchenware.com\/de\/wp-json\/wp\/v2\/product_cat?post=3857"},{"taxonomy":"product_tag","embeddable":true,"href":"https:\/\/www.yongyukitchenware.com\/de\/wp-json\/wp\/v2\/product_tag?post=3857"}],"curies":[{"name":"wp","href":"https:\/\/api.w.org\/{rel}","templated":true}]}}