{"id":3866,"date":"2025-05-22T09:01:13","date_gmt":"2025-05-22T09:01:13","guid":{"rendered":"https:\/\/www.yongyukitchenware.com\/?post_type=product&#038;p=3866"},"modified":"2025-06-13T02:46:04","modified_gmt":"2025-06-13T02:46:04","slug":"bulk-13l-soup-warmer-stainless-steel-electric-soup-kettle","status":"publish","type":"product","link":"https:\/\/www.yongyukitchenware.com\/de\/produkt\/bulk-13l-soup-warmer-stainless-steel-electric-soup-kettle\/","title":{"rendered":"Bulk 13L Suppenw\u00e4rmer Edelstahl Elektrischer Suppenkessel"},"content":{"rendered":"<div class=\"wp-block-columns is-layout-flex wp-container-core-columns-is-layout-9d6595d7 wp-block-columns-is-layout-flex\">\n<div class=\"wp-block-column is-layout-flow wp-block-column-is-layout-flow\">\n<h2 class=\"wp-block-heading\">Sch\u00fcttgut 13L Suppenw\u00e4rmer Parameter:<\/h2>\n\n\n\n<figure class=\"wp-block-table\"><table class=\"has-fixed-layout\"><tbody><tr><td>Modell<\/td><td>Fassungsverm\u00f6gen (L)<\/td><td>MOQ<\/td><\/tr><tr><td>DY049-CL<\/td><td>13<\/td><td>4PCS<\/td><\/tr><\/tbody><\/table><\/figure>\n\n\n\n<h2 class=\"wp-block-heading\">Bulk 13L Suppenw\u00e4rmer Merkmale:<\/h2>\n\n\n\n<p><strong>Gro\u00dfe Kapazit\u00e4t:<\/strong>Dieser handels\u00fcbliche Suppentopf hat ein Fassungsverm\u00f6gen von 13 Litern und ist sehr gut geeignet f\u00fcr die Bewirtung gro\u00dfer Gruppen. Geeignet f\u00fcr Restaurants, Partys, Buffets und den Hausgebrauch.<br><strong>Hochwertiger rostfreier Stahl:<\/strong>Dieser Suppentopf verf\u00fcgt \u00fcber einen Innentopf aus lebensmittelechtem Edelstahl, der langlebig und leicht zu reinigen ist und eine hygienische Kochumgebung gew\u00e4hrleistet.<br><strong>Pr\u00e4zise Temperaturregelung:<\/strong>Dieser Suppentopf verf\u00fcgt \u00fcber ein dreidimensionales Design mit konstanter Temperatur und nutzt die Wassertrenntechnik, um eine gleichm\u00e4\u00dfige W\u00e4rmeverteilung zu gew\u00e4hrleisten. Der verstellbare Thermostat kann die Heizeinstellungen pr\u00e4zise steuern und bietet die beste Temperaturerhaltung f\u00fcr verschiedene Gerichte.<br><strong>Multifunktionale Anwendung:<\/strong>Dieser elektrische Suppentopf ist vielseitig einsetzbar. Ganz gleich, ob Sie ein vielbesch\u00e4ftigtes Restaurant betreiben, eine gro\u00dfe Party oder eine Veranstaltung ausrichten, er sorgt daf\u00fcr, dass Sie eine gro\u00dfe Menge Suppe zubereiten und aufbewahren k\u00f6nnen, oder sie warm halten und jederzeit servieren k\u00f6nnen.<\/p>\n<\/div>\n\n\n\n<div class=\"wp-block-column is-layout-flow wp-block-column-is-layout-flow\">\n<figure class=\"wp-block-image size-full\"><img decoding=\"async\" width=\"800\" height=\"800\" src=\"https:\/\/www.yongyukitchenware.com\/wp-content\/uploads\/2025\/05\/Bulk-13L-Soup-Warmer-5.webp\" alt=\"Bulk-13L-Soup-Warmer-5\" class=\"wp-image-3871\" srcset=\"https:\/\/www.yongyukitchenware.com\/wp-content\/uploads\/2025\/05\/Bulk-13L-Soup-Warmer-5.webp 800w, https:\/\/www.yongyukitchenware.com\/wp-content\/uploads\/2025\/05\/Bulk-13L-Soup-Warmer-5-300x300.webp 300w, https:\/\/www.yongyukitchenware.com\/wp-content\/uploads\/2025\/05\/Bulk-13L-Soup-Warmer-5-150x150.webp 150w, https:\/\/www.yongyukitchenware.com\/wp-content\/uploads\/2025\/05\/Bulk-13L-Soup-Warmer-5-768x768.webp 768w, https:\/\/www.yongyukitchenware.com\/wp-content\/uploads\/2025\/05\/Bulk-13L-Soup-Warmer-5-12x12.webp 12w, https:\/\/www.yongyukitchenware.com\/wp-content\/uploads\/2025\/05\/Bulk-13L-Soup-Warmer-5-600x600.webp 600w, https:\/\/www.yongyukitchenware.com\/wp-content\/uploads\/2025\/05\/Bulk-13L-Soup-Warmer-5-100x100.webp 100w\" sizes=\"(max-width: 800px) 100vw, 800px\" \/><\/figure>\n<\/div>\n<\/div>","protected":false},"excerpt":{"rendered":"<p>Der 13-Liter-Suppenw\u00e4rmer aus rostfreiem Edelstahl ist ideal f\u00fcr Gro\u00dfk\u00fcchen, Buffets und Cateringservices, um Suppen und Eint\u00f6pfe perfekt warm und servierfertig zu halten. Setzen Sie sich noch heute mit Yongyu in Verbindung, um das Catering-Erlebnis Ihrer Kunden zu verbessern!<\/p>\n<h2><!-- wp:heading --><\/h2>\n<h2 class=\"wp-block-heading\">Gro\u00dfer 13L Suppenw\u00e4rmer:<\/h2>\n<h2><!-- \/wp:heading --><\/p>\n<p><!-- wp:paragraph --><\/h2>\n<p><strong>Material: <\/strong>Rostfreier Stahl<br \/><strong>Farbe: <\/strong>Schwarz\/Silber<br \/><strong>Die Form:<\/strong> Rund<br \/><strong>W\u00e4rme: <\/strong>Elektrische Heizung<br \/><strong>Chafer Pan: <\/strong>Einzelner Raster<br \/><strong>OEM\/ODM: <\/strong>Verf\u00fcgbar<\/p>\n<h2 class=\"wp-block-heading\">Bulk 13L Suppenw\u00e4rmer Hersteller :<\/h2>\n<p>Ob es sich um einen Catering-Service-Anbieter, ein Hotel und Restaurant, oder ein Event-Planung Unternehmen, bieten wir komplette Chafing Gerichte Gro\u00dfhandel benutzerdefinierte L\u00f6sungen, um Ihr Unternehmen mit hochwertigen Fabrikpreise zu helfen!<\/p>\n<h2><!-- \/wp:paragraph --><\/h2>","protected":false},"featured_media":3867,"comment_status":"closed","ping_status":"closed","template":"","meta":{"_acf_changed":true},"application":[30],"product_brand":[],"product_cat":[33],"product_tag":[],"class_list":{"0":"post-3866","1":"product","2":"type-product","3":"status-publish","4":"has-post-thumbnail","6":"application-hotel-catering","7":"product_cat-chafing-dishes-wholesale","9":"first","10":"instock","11":"shipping-taxable","12":"product-type-simple"},"acf":[],"_links":{"self":[{"href":"https:\/\/www.yongyukitchenware.com\/de\/wp-json\/wp\/v2\/product\/3866","targetHints":{"allow":["GET"]}}],"collection":[{"href":"https:\/\/www.yongyukitchenware.com\/de\/wp-json\/wp\/v2\/product"}],"about":[{"href":"https:\/\/www.yongyukitchenware.com\/de\/wp-json\/wp\/v2\/types\/product"}],"replies":[{"embeddable":true,"href":"https:\/\/www.yongyukitchenware.com\/de\/wp-json\/wp\/v2\/comments?post=3866"}],"wp:featuredmedia":[{"embeddable":true,"href":"https:\/\/www.yongyukitchenware.com\/de\/wp-json\/wp\/v2\/media\/3867"}],"wp:attachment":[{"href":"https:\/\/www.yongyukitchenware.com\/de\/wp-json\/wp\/v2\/media?parent=3866"}],"wp:term":[{"taxonomy":"application","embeddable":true,"href":"https:\/\/www.yongyukitchenware.com\/de\/wp-json\/wp\/v2\/application?post=3866"},{"taxonomy":"product_brand","embeddable":true,"href":"https:\/\/www.yongyukitchenware.com\/de\/wp-json\/wp\/v2\/product_brand?post=3866"},{"taxonomy":"product_cat","embeddable":true,"href":"https:\/\/www.yongyukitchenware.com\/de\/wp-json\/wp\/v2\/product_cat?post=3866"},{"taxonomy":"product_tag","embeddable":true,"href":"https:\/\/www.yongyukitchenware.com\/de\/wp-json\/wp\/v2\/product_tag?post=3866"}],"curies":[{"name":"wp","href":"https:\/\/api.w.org\/{rel}","templated":true}]}}