{"id":3873,"date":"2025-05-19T10:11:37","date_gmt":"2025-05-19T10:11:37","guid":{"rendered":"https:\/\/www.yongyukitchenware.com\/?post_type=product&#038;p=3873"},"modified":"2025-06-13T03:22:43","modified_gmt":"2025-06-13T03:22:43","slug":"bulk-stainless-steel-electric-soup-pot-13l-soup-warmer-hotel-equipment","status":"publish","type":"product","link":"https:\/\/www.yongyukitchenware.com\/de\/produkt\/bulk-stainless-steel-electric-soup-pot-13l-soup-warmer-hotel-equipment\/","title":{"rendered":"Bulk Edelstahl Elektrische Suppentopf 13L Suppenw\u00e4rmer Hotelausstattung"},"content":{"rendered":"<div class=\"wp-block-columns is-layout-flex wp-container-core-columns-is-layout-9d6595d7 wp-block-columns-is-layout-flex\">\n<div class=\"wp-block-column is-layout-flow wp-block-column-is-layout-flow\">\n<h2 class=\"wp-block-heading\">Bulk Stainless Steel Electric Soup Pot Parameter:<\/h2>\n\n\n\n<figure class=\"wp-block-table\"><table class=\"has-fixed-layout\"><tbody><tr><td>Modell<\/td><td>Fassungsverm\u00f6gen (L)<\/td><td>MOQ<\/td><\/tr><tr><td>DY050-CL<\/td><td>13<\/td><td>4PCS<\/td><\/tr><\/tbody><\/table><\/figure>\n\n\n\n<h2 class=\"wp-block-heading\">Bulk Stainless Steel Electric Soup Pot Features:<\/h2>\n\n\n\n<p><strong>Gro\u00dfe Kapazit\u00e4t: <\/strong>This commercial soup pot has a capacity of 13 liters and is very suitable for serving large groups. Suitable for restaurants, parties, buffets, and home use.<br><strong>Hochwertiger rostfreier Stahl: <\/strong>Dieser Suppentopf verf\u00fcgt \u00fcber einen Innentopf aus lebensmittelechtem Edelstahl, der langlebig und leicht zu reinigen ist und eine hygienische Kochumgebung gew\u00e4hrleistet.<br><strong>Pr\u00e4zise Temperaturregelung:<\/strong> Dieser Suppentopf verf\u00fcgt \u00fcber ein dreidimensionales Design mit konstanter Temperatur und nutzt die Wassertrenntechnik, um eine gleichm\u00e4\u00dfige W\u00e4rmeverteilung zu gew\u00e4hrleisten. Der verstellbare Thermostat kann die Heizeinstellungen pr\u00e4zise steuern und bietet die beste Temperaturerhaltung f\u00fcr verschiedene Gerichte.<br><strong>Multifunktionale Anwendung: <\/strong>This electric soup pot has a wide range of uses. Whether you are running a busy restaurant, hosting a large party or an event, it ensures that you can prepare and store a large amount of soup or stew it warm, and serve it at any time.<\/p>\n<\/div>\n\n\n\n<div class=\"wp-block-column is-layout-flow wp-block-column-is-layout-flow\">\n<figure class=\"wp-block-image size-full\"><img decoding=\"async\" width=\"1500\" height=\"1500\" src=\"https:\/\/www.yongyukitchenware.com\/wp-content\/uploads\/2025\/05\/Bulk-Stainless-Steel-Electric-Soup-Pot-6.webp\" alt=\"Bulk-Stainless-Steel-Electric-Soup-Pot-6\" class=\"wp-image-3879\" srcset=\"https:\/\/www.yongyukitchenware.com\/wp-content\/uploads\/2025\/05\/Bulk-Stainless-Steel-Electric-Soup-Pot-6.webp 1500w, https:\/\/www.yongyukitchenware.com\/wp-content\/uploads\/2025\/05\/Bulk-Stainless-Steel-Electric-Soup-Pot-6-300x300.webp 300w, https:\/\/www.yongyukitchenware.com\/wp-content\/uploads\/2025\/05\/Bulk-Stainless-Steel-Electric-Soup-Pot-6-150x150.webp 150w, https:\/\/www.yongyukitchenware.com\/wp-content\/uploads\/2025\/05\/Bulk-Stainless-Steel-Electric-Soup-Pot-6-768x768.webp 768w, https:\/\/www.yongyukitchenware.com\/wp-content\/uploads\/2025\/05\/Bulk-Stainless-Steel-Electric-Soup-Pot-6-12x12.webp 12w, https:\/\/www.yongyukitchenware.com\/wp-content\/uploads\/2025\/05\/Bulk-Stainless-Steel-Electric-Soup-Pot-6-1200x1200.webp 1200w, https:\/\/www.yongyukitchenware.com\/wp-content\/uploads\/2025\/05\/Bulk-Stainless-Steel-Electric-Soup-Pot-6-600x600.webp 600w, https:\/\/www.yongyukitchenware.com\/wp-content\/uploads\/2025\/05\/Bulk-Stainless-Steel-Electric-Soup-Pot-6-100x100.webp 100w\" sizes=\"(max-width: 1500px) 100vw, 1500px\" \/><\/figure>\n<\/div>\n<\/div>","protected":false},"excerpt":{"rendered":"<p>Gro\u00dfer elektrischer Suppentopf aus Edelstahl 13L Suppenw\u00e4rmer Hotelausstattung. Ideal zum Warmhalten von Suppen in Hotels, auf Buffets und bei Catering-Veranstaltungen. Langlebige Konstruktion und ein gro\u00dfes Fassungsverm\u00f6gen von 13 Litern f\u00fcr effizienten Service. Wenden Sie sich noch heute an Yongyu, um Ihre Catering-Erfahrung mit Kunden zu verbessern!<\/p>\n<h2><!-- wp:heading --><\/h2>\n<h2 class=\"wp-block-heading\">Bulk Stainless Steel Electric Soup Pot:<\/h2>\n<h2><!-- \/wp:heading --><\/p>\n<p><!-- wp:paragraph --><\/h2>\n<p><strong>Material: <\/strong>Rostfreier Stahl<br \/><strong>Farbe:<\/strong>Schwarz\/Silber<br \/><strong>Die Form:<\/strong> Rund<br \/><strong>W\u00e4rme: <\/strong>Elektrische Heizung<br \/><strong>Chafer Pan: <\/strong>Einzelner Raster<br \/><strong>OEM\/ODM: <\/strong>Verf\u00fcgbar<\/p>\n<h2 class=\"wp-block-heading\">Bulk Stainless Steel Electric Soup Pot Manufacturer :<\/h2>\n<p>Ob es sich um einen Catering-Service-Anbieter, Hotel und Restaurant, oder Event-Planung Unternehmen, bieten wir komplette Chafing Gerichte Gro\u00dfhandel benutzerdefinierte L\u00f6sungen, um Ihr Unternehmen mit hochwertigen Fabrik Preise!<\/p>\n<h2><!-- \/wp:paragraph --><\/h2>","protected":false},"featured_media":3874,"comment_status":"closed","ping_status":"closed","template":"","meta":{"_acf_changed":false},"application":[30],"product_brand":[],"product_cat":[33],"product_tag":[],"class_list":{"0":"post-3873","1":"product","2":"type-product","3":"status-publish","4":"has-post-thumbnail","6":"application-hotel-catering","7":"product_cat-chafing-dishes-wholesale","9":"first","10":"instock","11":"shipping-taxable","12":"product-type-simple"},"acf":[],"_links":{"self":[{"href":"https:\/\/www.yongyukitchenware.com\/de\/wp-json\/wp\/v2\/product\/3873","targetHints":{"allow":["GET"]}}],"collection":[{"href":"https:\/\/www.yongyukitchenware.com\/de\/wp-json\/wp\/v2\/product"}],"about":[{"href":"https:\/\/www.yongyukitchenware.com\/de\/wp-json\/wp\/v2\/types\/product"}],"replies":[{"embeddable":true,"href":"https:\/\/www.yongyukitchenware.com\/de\/wp-json\/wp\/v2\/comments?post=3873"}],"wp:featuredmedia":[{"embeddable":true,"href":"https:\/\/www.yongyukitchenware.com\/de\/wp-json\/wp\/v2\/media\/3874"}],"wp:attachment":[{"href":"https:\/\/www.yongyukitchenware.com\/de\/wp-json\/wp\/v2\/media?parent=3873"}],"wp:term":[{"taxonomy":"application","embeddable":true,"href":"https:\/\/www.yongyukitchenware.com\/de\/wp-json\/wp\/v2\/application?post=3873"},{"taxonomy":"product_brand","embeddable":true,"href":"https:\/\/www.yongyukitchenware.com\/de\/wp-json\/wp\/v2\/product_brand?post=3873"},{"taxonomy":"product_cat","embeddable":true,"href":"https:\/\/www.yongyukitchenware.com\/de\/wp-json\/wp\/v2\/product_cat?post=3873"},{"taxonomy":"product_tag","embeddable":true,"href":"https:\/\/www.yongyukitchenware.com\/de\/wp-json\/wp\/v2\/product_tag?post=3873"}],"curies":[{"name":"wp","href":"https:\/\/api.w.org\/{rel}","templated":true}]}}