{"id":3931,"date":"2025-05-26T09:55:41","date_gmt":"2025-05-26T09:55:41","guid":{"rendered":"https:\/\/www.yongyukitchenware.com\/?post_type=product&#038;p=3931"},"modified":"2025-06-13T02:44:36","modified_gmt":"2025-06-13T02:44:36","slug":"bulk-11l-electric-soup-pot","status":"publish","type":"product","link":"https:\/\/www.yongyukitchenware.com\/de\/produkt\/bulk-11l-electric-soup-pot\/","title":{"rendered":"Bulk 11L Elektro-Suppentopf Edelstahl isoliert Suppe Kettle-gelb"},"content":{"rendered":"<div class=\"wp-block-columns is-layout-flex wp-container-core-columns-is-layout-9d6595d7 wp-block-columns-is-layout-flex\">\n<div class=\"wp-block-column is-layout-flow wp-block-column-is-layout-flow\">\n<h2 class=\"wp-block-heading\">Bulk 11L Elektro-Suppentopf Parameter:<\/h2>\n\n\n\n<figure class=\"wp-block-table\"><table class=\"has-fixed-layout\"><tbody><tr><td>Modell<\/td><td>Fassungsverm\u00f6gen (L)<\/td><td>MOQ<\/td><\/tr><tr><td>DY051-CL<\/td><td>11<\/td><td>6PCS<\/td><\/tr><\/tbody><\/table><\/figure>\n\n\n\n<h2 class=\"wp-block-heading\">Bulk 11L Elektrischer Suppentopf Eigenschaften:<\/h2>\n\n\n\n<p><strong>Widerstandsf\u00e4hig und solide:<\/strong> Das Material des Produkts besteht aus hochwertigem 201 Edelstahl, Gummi, Bakelit und anderen Materialien und wird durch Lackier- und Polierverfahren behandelt. Es besitzt eine hohe Festigkeit, Hitzebest\u00e4ndigkeit, Verschlei\u00dffestigkeit, gute Isolationsleistung und lange Lebensdauer.<br><strong>Gute W\u00e4rmespeicherung:<\/strong>500W Hochleistungs-Schnellerhitzung, die Heizplatte wird kondensieren und kontinuierlich erhitzen, um Ihr Essen auf einer hei\u00dfen Temperatur zu halten, geeignet f\u00fcr die meisten Menschen die Gewohnheiten des Verbrauchs.<br><strong>Hohe Kapazit\u00e4t: <\/strong>Sein gro\u00dfes Fassungsverm\u00f6gen von 11 Litern sorgt daf\u00fcr, dass Sie nie in gro\u00dfen Mengen isolieren m\u00fcssen und problemlos eine gro\u00dfe Anzahl von Kunden aufnehmen k\u00f6nnen. Er ist die ideale Wahl f\u00fcr Gro\u00dfveranstaltungen und Catering-K\u00fcchen.<br><strong>Hohe Sicherheit: <\/strong>Dieser Artikel nutzt die Technologie der Trockenisolierung und ist kein Wasserzusatzprozess. Intelligenter Anti-Trockenbrand, der Ihre Sicherheit gew\u00e4hrleistet.<br>Einfach zu bedienen und zu warten: One-Touch-Ein-\/Ausschalten, LED-Licht zur Leistungsanzeige, ausf\u00fchrliches englisches Benutzerhandbuch und einfache Bedienung.<\/p>\n<\/div>\n\n\n\n<div class=\"wp-block-column is-layout-flow wp-block-column-is-layout-flow\">\n<figure class=\"wp-block-image size-full\"><img decoding=\"async\" width=\"1500\" height=\"1500\" src=\"https:\/\/www.yongyukitchenware.com\/wp-content\/uploads\/2025\/05\/Bulk-11L-Electric-Soup-Pot-7.webp\" alt=\"Bulk-11L-Elektro-Suppenkanne-7\" class=\"wp-image-3895\" srcset=\"https:\/\/www.yongyukitchenware.com\/wp-content\/uploads\/2025\/05\/Bulk-11L-Electric-Soup-Pot-7.webp 1500w, https:\/\/www.yongyukitchenware.com\/wp-content\/uploads\/2025\/05\/Bulk-11L-Electric-Soup-Pot-7-300x300.webp 300w, https:\/\/www.yongyukitchenware.com\/wp-content\/uploads\/2025\/05\/Bulk-11L-Electric-Soup-Pot-7-150x150.webp 150w, https:\/\/www.yongyukitchenware.com\/wp-content\/uploads\/2025\/05\/Bulk-11L-Electric-Soup-Pot-7-768x768.webp 768w, https:\/\/www.yongyukitchenware.com\/wp-content\/uploads\/2025\/05\/Bulk-11L-Electric-Soup-Pot-7-12x12.webp 12w, https:\/\/www.yongyukitchenware.com\/wp-content\/uploads\/2025\/05\/Bulk-11L-Electric-Soup-Pot-7-1200x1200.webp 1200w, https:\/\/www.yongyukitchenware.com\/wp-content\/uploads\/2025\/05\/Bulk-11L-Electric-Soup-Pot-7-600x600.webp 600w, https:\/\/www.yongyukitchenware.com\/wp-content\/uploads\/2025\/05\/Bulk-11L-Electric-Soup-Pot-7-100x100.webp 100w\" sizes=\"(max-width: 1500px) 100vw, 1500px\" \/><\/figure>\n<\/div>\n<\/div>","protected":false},"excerpt":{"rendered":"<p>Dieser isolierte Suppentopf aus Edelstahl in leuchtendem Gelb mit einem Fassungsverm\u00f6gen von 11 Litern eignet sich perfekt zum Warmhalten von Suppen, Eint\u00f6pfen und So\u00dfen \u00fcber l\u00e4ngere Zeitr\u00e4ume. Er ist ideal f\u00fcr Buffets, Catering und Gastronomie und kombiniert ein gro\u00dfes Fassungsverm\u00f6gen mit energieeffizienter elektrischer Beheizung und langlebiger Konstruktion. <span class=\"Editor_t__not_edited_long__JuNNx\">Kontaktieren Sie Yongyu noch heute, um Ihre <\/span><span class=\"Editor_t__added__LtuNJ\">Kunden <\/span><span class=\"Editor_t__not_edited__WuRP8\">Catering-Erfahrung<\/span><span class=\"Editor_t__not_edited__WuRP8\">!<\/span><\/p>\n<h2><!-- wp:heading --><\/h2>\n<h2 class=\"wp-block-heading\">Bulk 11L Elektrischer Suppentopf:<\/h2>\n<h2><!-- \/wp:heading --><\/p>\n<p><!-- wp:paragraph --><\/h2>\n<p><strong>Material: <\/strong>Rostfreier Stahl<br \/><strong>Farbe:<\/strong>Silber\/Gold\/Rosegold<br \/><strong>Die Form:<\/strong> Rund<br \/><strong>W\u00e4rme: <\/strong>Elektrische Heizung<br \/><strong>Chafer Pan: <\/strong>Einzelner Raster<br \/><strong>OEM\/ODM: <\/strong>Verf\u00fcgbar<\/p>\n<h2 class=\"wp-block-heading\">Bulk 11L Elektro-Suppentopf Hersteller :<\/h2>\n<p>Ob es sich um einen Catering-Service-Anbieter, Hotel und Restaurant, oder Event-Planung Unternehmen, bieten wir komplette Chafing Gerichte Gro\u00dfhandel benutzerdefinierte L\u00f6sungen, um Ihr Unternehmen mit hochwertigen Fabrik Preise!<\/p>\n<h2><!-- \/wp:paragraph --><\/h2>","protected":false},"featured_media":3892,"comment_status":"closed","ping_status":"closed","template":"","meta":{"_acf_changed":false},"application":[30],"product_brand":[],"product_cat":[33],"product_tag":[],"class_list":{"0":"post-3931","1":"product","2":"type-product","3":"status-publish","4":"has-post-thumbnail","6":"application-hotel-catering","7":"product_cat-chafing-dishes-wholesale","9":"first","10":"instock","11":"shipping-taxable","12":"product-type-simple"},"acf":[],"_links":{"self":[{"href":"https:\/\/www.yongyukitchenware.com\/de\/wp-json\/wp\/v2\/product\/3931","targetHints":{"allow":["GET"]}}],"collection":[{"href":"https:\/\/www.yongyukitchenware.com\/de\/wp-json\/wp\/v2\/product"}],"about":[{"href":"https:\/\/www.yongyukitchenware.com\/de\/wp-json\/wp\/v2\/types\/product"}],"replies":[{"embeddable":true,"href":"https:\/\/www.yongyukitchenware.com\/de\/wp-json\/wp\/v2\/comments?post=3931"}],"wp:featuredmedia":[{"embeddable":true,"href":"https:\/\/www.yongyukitchenware.com\/de\/wp-json\/wp\/v2\/media\/3892"}],"wp:attachment":[{"href":"https:\/\/www.yongyukitchenware.com\/de\/wp-json\/wp\/v2\/media?parent=3931"}],"wp:term":[{"taxonomy":"application","embeddable":true,"href":"https:\/\/www.yongyukitchenware.com\/de\/wp-json\/wp\/v2\/application?post=3931"},{"taxonomy":"product_brand","embeddable":true,"href":"https:\/\/www.yongyukitchenware.com\/de\/wp-json\/wp\/v2\/product_brand?post=3931"},{"taxonomy":"product_cat","embeddable":true,"href":"https:\/\/www.yongyukitchenware.com\/de\/wp-json\/wp\/v2\/product_cat?post=3931"},{"taxonomy":"product_tag","embeddable":true,"href":"https:\/\/www.yongyukitchenware.com\/de\/wp-json\/wp\/v2\/product_tag?post=3931"}],"curies":[{"name":"wp","href":"https:\/\/api.w.org\/{rel}","templated":true}]}}