{"id":3932,"date":"2025-05-26T10:05:51","date_gmt":"2025-05-26T10:05:51","guid":{"rendered":"https:\/\/www.yongyukitchenware.com\/?post_type=product&#038;p=3932"},"modified":"2025-06-13T02:44:15","modified_gmt":"2025-06-13T02:44:15","slug":"bulk-11l-red-electric-soup-pot-stainless-steel-insulated-soup-kettle","status":"publish","type":"product","link":"https:\/\/www.yongyukitchenware.com\/de\/produkt\/bulk-11l-red-electric-soup-pot-stainless-steel-insulated-soup-kettle\/","title":{"rendered":"Bulk 11L Rot Elektro-Suppentopf Edelstahl isoliert Suppe Kessel"},"content":{"rendered":"<div class=\"wp-block-columns is-layout-flex wp-container-core-columns-is-layout-9d6595d7 wp-block-columns-is-layout-flex\">\n<div class=\"wp-block-column is-layout-flow wp-block-column-is-layout-flow\">\n<h2 class=\"wp-block-heading\">Bulk 11L Rot Elektrischer Suppentopf Parameter:<\/h2>\n\n\n\n<figure class=\"wp-block-table\"><table class=\"has-fixed-layout\"><tbody><tr><td>Modell<\/td><td>Fassungsverm\u00f6gen (L)<\/td><td>MOQ<\/td><\/tr><tr><td>DY051-CL<\/td><td>11<\/td><td>6PCS<\/td><\/tr><\/tbody><\/table><\/figure>\n\n\n\n<h2 class=\"wp-block-heading\">Bulk 11L Rot Elektrischer Suppentopf Eigenschaften:<\/h2>\n\n\n\n<p><strong>Stark und langlebig:<\/strong> Der Artikel besteht aus hochwertigem 201er Edelstahl, Gummi, Bakelit und anderen Materialien und wird einem Lackier- und Polierprozess unterzogen. Er ist hochfest, hitzebest\u00e4ndig, verschlei\u00dffest, gut isoliert und hat eine lange Lebensdauer.<br><strong>Starke Hitzebest\u00e4ndigkeit:<\/strong>500W Hochleistungs-Schnellerhitzung, die W\u00e4rmeplatte konzentriert sich und erw\u00e4rmt sich st\u00e4ndig, um Ihr Essen warm zu halten, im Einklang mit der Mehrheit der Gewohnheit des Essens.<br><strong>Gro\u00dfe Kapazit\u00e4t:<\/strong> Mit einem gro\u00dfen Fassungsverm\u00f6gen von 11 Litern m\u00fcssen Sie nicht schubweise isolieren und k\u00f6nnen bequem eine gro\u00dfe Anzahl von Kunden bedienen. Er ist die ideale Wahl f\u00fcr gro\u00dfe Partys und kommerzielle Restaurants.<br><strong>Hohe Sicherheit:<\/strong> Es verwendet die Technologie der Trockenisolierung und kommt ohne Wasserzusatz aus. Intelligente Anti-Trockenbrenner, die Ihre Sicherheit gew\u00e4hrleisten.<br><strong>Einfach zu bedienen und zu reparieren: <\/strong>Ein-Knopf-Ein\/Aus, Power-Licht, umfassende englische Bedienungsanleitung und einfach zu bedienen.<\/p>\n<\/div>\n\n\n\n<div class=\"wp-block-column is-layout-flow wp-block-column-is-layout-flow\">\n<figure class=\"wp-block-image size-full\"><img decoding=\"async\" width=\"800\" height=\"800\" src=\"https:\/\/www.yongyukitchenware.com\/wp-content\/uploads\/2025\/05\/Bulk-11L-Electric-Soup-Pot-12.webp\" alt=\"Bulk 11L Rot Elektrischer Suppentopf-12\" class=\"wp-image-3930\" srcset=\"https:\/\/www.yongyukitchenware.com\/wp-content\/uploads\/2025\/05\/Bulk-11L-Electric-Soup-Pot-12.webp 800w, https:\/\/www.yongyukitchenware.com\/wp-content\/uploads\/2025\/05\/Bulk-11L-Electric-Soup-Pot-12-300x300.webp 300w, https:\/\/www.yongyukitchenware.com\/wp-content\/uploads\/2025\/05\/Bulk-11L-Electric-Soup-Pot-12-150x150.webp 150w, https:\/\/www.yongyukitchenware.com\/wp-content\/uploads\/2025\/05\/Bulk-11L-Electric-Soup-Pot-12-768x768.webp 768w, https:\/\/www.yongyukitchenware.com\/wp-content\/uploads\/2025\/05\/Bulk-11L-Electric-Soup-Pot-12-12x12.webp 12w, https:\/\/www.yongyukitchenware.com\/wp-content\/uploads\/2025\/05\/Bulk-11L-Electric-Soup-Pot-12-600x600.webp 600w, https:\/\/www.yongyukitchenware.com\/wp-content\/uploads\/2025\/05\/Bulk-11L-Electric-Soup-Pot-12-100x100.webp 100w\" sizes=\"(max-width: 800px) 100vw, 800px\" \/><\/figure>\n<\/div>\n<\/div>","protected":false},"excerpt":{"rendered":"<p>Gro\u00dfer roter elektrischer 11-Liter-Suppentopf. Dieser isolierte Suppenkessel aus Edelstahl h\u00e4lt Suppen, Eint\u00f6pfe und So\u00dfen stundenlang warm. Er eignet sich perfekt f\u00fcr Catering, Buffets und Gro\u00dfk\u00fcchen und bietet ein gro\u00dfes Fassungsverm\u00f6gen, eine effiziente Beheizung und ein auff\u00e4lliges rotes Finish f\u00fcr einen professionellen Look.<\/p>\n<h2><!-- wp:heading --><\/h2>\n<h2 class=\"wp-block-heading\">Bulk 11L Rot Elektrischer Suppentopf:<\/h2>\n<h2><!-- \/wp:heading --><\/p>\n<p><!-- wp:paragraph --><\/h2>\n<p><strong>Material: <\/strong>Rostfreier Stahl<br \/><strong>Farbe:<\/strong>Silber\/Gold\/Rosegold<br \/><strong>Die Form:<\/strong> Rund<br \/><strong>W\u00e4rme: <\/strong>Elektrische Heizung<br \/><strong>Chafer Pan: <\/strong>Einzelner Raster<br \/><strong>OEM\/ODM: <\/strong>Verf\u00fcgbar<\/p>\n<h2 class=\"wp-block-heading\">Bulk 11L Elektro-Suppentopf Hersteller :<\/h2>\n<p>Ob es sich um einen Catering-Service-Anbieter, Hotel und Restaurant, oder Event-Planung Unternehmen, bieten wir komplette Chafing Gerichte Gro\u00dfhandel benutzerdefinierte L\u00f6sungen, um Ihr Unternehmen mit hochwertigen Fabrik Preise!<\/p>\n<h2><!-- \/wp:paragraph --><\/h2>","protected":false},"featured_media":3890,"comment_status":"closed","ping_status":"closed","template":"","meta":{"_acf_changed":true},"application":[30],"product_brand":[],"product_cat":[33],"product_tag":[],"class_list":{"0":"post-3932","1":"product","2":"type-product","3":"status-publish","4":"has-post-thumbnail","6":"application-hotel-catering","7":"product_cat-chafing-dishes-wholesale","9":"first","10":"instock","11":"shipping-taxable","12":"product-type-simple"},"acf":[],"_links":{"self":[{"href":"https:\/\/www.yongyukitchenware.com\/de\/wp-json\/wp\/v2\/product\/3932","targetHints":{"allow":["GET"]}}],"collection":[{"href":"https:\/\/www.yongyukitchenware.com\/de\/wp-json\/wp\/v2\/product"}],"about":[{"href":"https:\/\/www.yongyukitchenware.com\/de\/wp-json\/wp\/v2\/types\/product"}],"replies":[{"embeddable":true,"href":"https:\/\/www.yongyukitchenware.com\/de\/wp-json\/wp\/v2\/comments?post=3932"}],"wp:featuredmedia":[{"embeddable":true,"href":"https:\/\/www.yongyukitchenware.com\/de\/wp-json\/wp\/v2\/media\/3890"}],"wp:attachment":[{"href":"https:\/\/www.yongyukitchenware.com\/de\/wp-json\/wp\/v2\/media?parent=3932"}],"wp:term":[{"taxonomy":"application","embeddable":true,"href":"https:\/\/www.yongyukitchenware.com\/de\/wp-json\/wp\/v2\/application?post=3932"},{"taxonomy":"product_brand","embeddable":true,"href":"https:\/\/www.yongyukitchenware.com\/de\/wp-json\/wp\/v2\/product_brand?post=3932"},{"taxonomy":"product_cat","embeddable":true,"href":"https:\/\/www.yongyukitchenware.com\/de\/wp-json\/wp\/v2\/product_cat?post=3932"},{"taxonomy":"product_tag","embeddable":true,"href":"https:\/\/www.yongyukitchenware.com\/de\/wp-json\/wp\/v2\/product_tag?post=3932"}],"curies":[{"name":"wp","href":"https:\/\/api.w.org\/{rel}","templated":true}]}}