{"id":3962,"date":"2025-06-01T23:19:21","date_gmt":"2025-06-01T23:19:21","guid":{"rendered":"https:\/\/www.yongyukitchenware.com\/?post_type=product&#038;p=3962"},"modified":"2025-06-13T02:09:12","modified_gmt":"2025-06-13T02:09:12","slug":"bulk-13l-stainless-steel-soup-warmer-commercial-heavy-equipment-gold","status":"publish","type":"product","link":"https:\/\/www.yongyukitchenware.com\/de\/produkt\/bulk-13l-stainless-steel-soup-warmer-commercial-heavy-equipment-gold\/","title":{"rendered":"Bulk 13L Edelstahl Suppenw\u00e4rmer Kommerzielle schwere Ausr\u00fcstung-Gold"},"content":{"rendered":"<div class=\"wp-block-columns is-layout-flex wp-container-core-columns-is-layout-9d6595d7 wp-block-columns-is-layout-flex\">\n<div class=\"wp-block-column is-layout-flow wp-block-column-is-layout-flow\">\n<h2 class=\"wp-block-heading\">Bulk 13L Edelstahl Suppenw\u00e4rmer Parameter:<\/h2>\n\n\n\n<figure class=\"wp-block-table\"><table class=\"has-fixed-layout\"><tbody><tr><td>Modell<\/td><td>Fassungsverm\u00f6gen (L)<\/td><td>MOQ<\/td><\/tr><tr><td>DY053-CL<\/td><td>13<\/td><td>10PCS<\/td><\/tr><\/tbody><\/table><\/figure>\n\n\n\n<h2 class=\"wp-block-heading\">Bulk 13L Edelstahl Suppenw\u00e4rmer Eigenschaften:<\/h2>\n\n\n\n<p><strong>Gro\u00dfe Kapazit\u00e4t: <\/strong>Mit einem ger\u00e4umigen Fassungsverm\u00f6gen von 13 Litern kann er eine gro\u00dfe Menge an Suppen, Eint\u00f6pfen, So\u00dfen usw. aufnehmen. Er ist die ideale Wahl f\u00fcr Gro\u00dfk\u00fcchen, Restaurants und stark nachgefragte Cateringservice-Umgebungen.<br><strong>Leistungsstarkes Heizelement: <\/strong>Ausgestattet mit einem leistungsstarken 400-W-Heizelement, bietet er eine effiziente und zuverl\u00e4ssige Heizleistung, die sicherstellt, dass die Zutaten gr\u00fcndlich und gleichm\u00e4\u00dfig gegart werden.<br><strong>Design mit Gewindemuster:<\/strong> Die Oberfl\u00e4che des Suppentopfs weist ein einzigartiges Gewebemuster auf, das nicht nur optisch interessant ist, sondern auch einen funktionalen Zweck erf\u00fcllt, indem es die W\u00e4rmeverteilung auf der Kochfl\u00e4che verbessert.<br><strong>Langlebige Struktur:<\/strong> Die robuste Struktur aus hochwertigem Edelstahl sorgt f\u00fcr eine dauerhafte Leistung und Zuverl\u00e4ssigkeit, auch unter schwierigen Kochbedingungen.<br><strong>Multifunktionale Kochanwendung:<\/strong> Dieser elektrische Suppentopf eignet sich f\u00fcr verschiedene Kochanwendungen, z. B. zum Kochen von Suppe, Fleischbr\u00fche, So\u00dfen usw. Seine Vielseitigkeit macht ihn zu einem universellen Ger\u00e4t f\u00fcr die Zubereitung verschiedener Gerichte in einer Gro\u00dfk\u00fcche.<\/p>\n<\/div>\n\n\n\n<div class=\"wp-block-column is-layout-flow wp-block-column-is-layout-flow\">\n<figure class=\"wp-block-image size-full\"><img decoding=\"async\" width=\"1500\" height=\"1500\" src=\"https:\/\/www.yongyukitchenware.com\/wp-content\/uploads\/2025\/05\/Bulk-13L-Stainless-Steel-Soup-Warmer-1.webp\" alt=\"Bulk-13L-Edelstahl-Suppenw\u00e4rmer-1\" class=\"wp-image-3963\" srcset=\"https:\/\/www.yongyukitchenware.com\/wp-content\/uploads\/2025\/05\/Bulk-13L-Stainless-Steel-Soup-Warmer-1.webp 1500w, https:\/\/www.yongyukitchenware.com\/wp-content\/uploads\/2025\/05\/Bulk-13L-Stainless-Steel-Soup-Warmer-1-300x300.webp 300w, https:\/\/www.yongyukitchenware.com\/wp-content\/uploads\/2025\/05\/Bulk-13L-Stainless-Steel-Soup-Warmer-1-150x150.webp 150w, https:\/\/www.yongyukitchenware.com\/wp-content\/uploads\/2025\/05\/Bulk-13L-Stainless-Steel-Soup-Warmer-1-768x768.webp 768w, https:\/\/www.yongyukitchenware.com\/wp-content\/uploads\/2025\/05\/Bulk-13L-Stainless-Steel-Soup-Warmer-1-12x12.webp 12w, https:\/\/www.yongyukitchenware.com\/wp-content\/uploads\/2025\/05\/Bulk-13L-Stainless-Steel-Soup-Warmer-1-1200x1200.webp 1200w, https:\/\/www.yongyukitchenware.com\/wp-content\/uploads\/2025\/05\/Bulk-13L-Stainless-Steel-Soup-Warmer-1-600x600.webp 600w, https:\/\/www.yongyukitchenware.com\/wp-content\/uploads\/2025\/05\/Bulk-13L-Stainless-Steel-Soup-Warmer-1-100x100.webp 100w\" sizes=\"(max-width: 1500px) 100vw, 1500px\" \/><\/figure>\n<\/div>\n<\/div>","protected":false},"excerpt":{"rendered":"<p>Gro\u00dfer 13-Liter-Edelstahl-Suppenw\u00e4rmer mit goldener Oberfl\u00e4che - ein schweres Ger\u00e4t f\u00fcr den gewerblichen Einsatz, das f\u00fcr das effiziente Erw\u00e4rmen und Servieren von Suppen bei Catering-Veranstaltungen, in Restaurants und auf Buffets entwickelt wurde. Langlebig, stilvoll und f\u00fcr den Einsatz in gro\u00dfen Mengen gebaut. Wenden Sie sich noch heute an Yongyu, um Ihre Catering-Erfahrung mit Kunden zu verbessern!<\/p>\n<h2><!-- wp:heading --><\/h2>\n<h2 class=\"wp-block-heading\">Bulk 13L Edelstahl-Suppenw\u00e4rmer:<\/h2>\n<h2><!-- \/wp:heading --><\/p>\n<p><!-- wp:paragraph --><\/h2>\n<p><strong>Material: <\/strong>Rostfreier Stahl<br \/><strong>Farbe:<\/strong>Silber\/Gold\/Rosegold<br \/><strong>Die Form:<\/strong> Rund<br \/><strong>W\u00e4rme: <\/strong>Elektrische Heizung<br \/><strong>Chafer Pan: <\/strong>Einzelner Raster<br \/><strong>OEM\/ODM: <\/strong>Verf\u00fcgbar<\/p>\n<h2 class=\"wp-block-heading\">Bulk 13L Edelstahl Suppenw\u00e4rmer Hersteller :<\/h2>\n<p>Ob es sich um einen Catering-Service-Anbieter, Hotel und Restaurant, oder Event-Planung Unternehmen, bieten wir komplette Chafing Gerichte Gro\u00dfhandel benutzerdefinierte L\u00f6sungen, um Ihr Unternehmen mit hochwertigen Fabrik Preise!<\/p>\n<h2><!-- \/wp:paragraph --><\/h2>","protected":false},"featured_media":3966,"comment_status":"closed","ping_status":"closed","template":"","meta":{"_acf_changed":false},"application":[30],"product_brand":[],"product_cat":[33],"product_tag":[],"class_list":{"0":"post-3962","1":"product","2":"type-product","3":"status-publish","4":"has-post-thumbnail","6":"application-hotel-catering","7":"product_cat-chafing-dishes-wholesale","9":"first","10":"instock","11":"shipping-taxable","12":"product-type-simple"},"acf":[],"_links":{"self":[{"href":"https:\/\/www.yongyukitchenware.com\/de\/wp-json\/wp\/v2\/product\/3962","targetHints":{"allow":["GET"]}}],"collection":[{"href":"https:\/\/www.yongyukitchenware.com\/de\/wp-json\/wp\/v2\/product"}],"about":[{"href":"https:\/\/www.yongyukitchenware.com\/de\/wp-json\/wp\/v2\/types\/product"}],"replies":[{"embeddable":true,"href":"https:\/\/www.yongyukitchenware.com\/de\/wp-json\/wp\/v2\/comments?post=3962"}],"wp:featuredmedia":[{"embeddable":true,"href":"https:\/\/www.yongyukitchenware.com\/de\/wp-json\/wp\/v2\/media\/3966"}],"wp:attachment":[{"href":"https:\/\/www.yongyukitchenware.com\/de\/wp-json\/wp\/v2\/media?parent=3962"}],"wp:term":[{"taxonomy":"application","embeddable":true,"href":"https:\/\/www.yongyukitchenware.com\/de\/wp-json\/wp\/v2\/application?post=3962"},{"taxonomy":"product_brand","embeddable":true,"href":"https:\/\/www.yongyukitchenware.com\/de\/wp-json\/wp\/v2\/product_brand?post=3962"},{"taxonomy":"product_cat","embeddable":true,"href":"https:\/\/www.yongyukitchenware.com\/de\/wp-json\/wp\/v2\/product_cat?post=3962"},{"taxonomy":"product_tag","embeddable":true,"href":"https:\/\/www.yongyukitchenware.com\/de\/wp-json\/wp\/v2\/product_tag?post=3962"}],"curies":[{"name":"wp","href":"https:\/\/api.w.org\/{rel}","templated":true}]}}