{"id":3978,"date":"2025-06-23T09:29:39","date_gmt":"2025-06-23T09:29:39","guid":{"rendered":"https:\/\/www.yongyukitchenware.com\/?post_type=product&#038;p=3978"},"modified":"2025-06-23T09:29:41","modified_gmt":"2025-06-23T09:29:41","slug":"bulk-13l-stainless-steel-soup-warmer-commercial-heavy-equipment-rose-gold","status":"publish","type":"product","link":"https:\/\/www.yongyukitchenware.com\/de\/produkt\/bulk-13l-stainless-steel-soup-warmer-commercial-heavy-equipment-rose-gold\/","title":{"rendered":"Bulk 13L Edelstahl-Suppenw\u00e4rmer Gewerbliche Gro\u00dfger\u00e4te-Rose Gold"},"content":{"rendered":"<div class=\"wp-block-columns is-layout-flex wp-container-core-columns-is-layout-9d6595d7 wp-block-columns-is-layout-flex\">\n<div class=\"wp-block-column is-layout-flow wp-block-column-is-layout-flow\">\n<h2 class=\"wp-block-heading\">Bulk 13L Edelstahl Suppenw\u00e4rmer Parameter:<\/h2>\n\n\n\n<figure class=\"wp-block-table\"><table class=\"has-fixed-layout\"><tbody><tr><td>Modell<\/td><td>Fassungsverm\u00f6gen (L)<\/td><td>MOQ<\/td><\/tr><tr><td>DY053-CL<\/td><td>13<\/td><td>10PCS<\/td><\/tr><\/tbody><\/table><\/figure>\n\n\n\n<h2 class=\"wp-block-heading\">Bulk 13L Edelstahl Suppenw\u00e4rmer Eigenschaften:<\/h2>\n\n\n\n<p><strong>Gro\u00dfes Fassungsverm\u00f6gen: <\/strong>Er hat ein gro\u00dfes Fassungsverm\u00f6gen von 13 Litern und kann eine gro\u00dfe Menge an Suppen, Eint\u00f6pfen, So\u00dfen usw. aufnehmen. Er ist ideal f\u00fcr Gro\u00dfk\u00fcchen, Restaurants und stark nachgefragte Catering-Betriebe.<br><strong>Leistungsstarkes Heizelement:<\/strong> Das leistungsstarke 400-W-Heizelement sorgt f\u00fcr eine robuste und effektive Erw\u00e4rmung, so dass die Zutaten vollst\u00e4ndig und gleichm\u00e4\u00dfig gegart werden.<br><strong>Design mit Gewindemuster:<\/strong> Die Oberfl\u00e4che des Suppentopfs hat ein einzigartiges Gewindedesign, das nicht nur optisch sch\u00f6n ist, sondern auch einen funktionellen Vorteil bietet. Es erh\u00f6ht die W\u00e4rmespeicherung auf der Kochfl\u00e4che.<br><strong>Langlebiger Rahmen:<\/strong> Der aus hochwertigem Edelstahl gefertigte, robuste Rahmen sorgt f\u00fcr langfristige Leistung und Haltbarkeit, selbst bei intensivem Kochen.<br><strong>Multifunktionale Kochfunktion: <\/strong>Dieser elektrische Suppentopf hat mehrere Funktionen f\u00fcr verschiedene Kochzwecke, einschlie\u00dflich Suppe kochen, Fleischbr\u00fche kochen, Saucen kochen usw. Seine hervorragenden Multifunktionseigenschaften machen ihn zu einem allgemeinen Kochwerkzeug f\u00fcr alle Arten von Gerichten in der Umgebung einer Gro\u00dfk\u00fcche.<\/p>\n<\/div>\n\n\n\n<div class=\"wp-block-column is-layout-flow wp-block-column-is-layout-flow\">\n<figure class=\"wp-block-image size-full\"><img decoding=\"async\" width=\"1500\" height=\"1500\" src=\"https:\/\/www.yongyukitchenware.com\/wp-content\/uploads\/2025\/05\/Bulk-13L-Stainless-Steel-Soup-Warmer-1.webp\" alt=\"Bulk-13L-Edelstahl-Suppenw\u00e4rmer-1\" class=\"wp-image-3963\" srcset=\"https:\/\/www.yongyukitchenware.com\/wp-content\/uploads\/2025\/05\/Bulk-13L-Stainless-Steel-Soup-Warmer-1.webp 1500w, https:\/\/www.yongyukitchenware.com\/wp-content\/uploads\/2025\/05\/Bulk-13L-Stainless-Steel-Soup-Warmer-1-300x300.webp 300w, https:\/\/www.yongyukitchenware.com\/wp-content\/uploads\/2025\/05\/Bulk-13L-Stainless-Steel-Soup-Warmer-1-150x150.webp 150w, https:\/\/www.yongyukitchenware.com\/wp-content\/uploads\/2025\/05\/Bulk-13L-Stainless-Steel-Soup-Warmer-1-768x768.webp 768w, https:\/\/www.yongyukitchenware.com\/wp-content\/uploads\/2025\/05\/Bulk-13L-Stainless-Steel-Soup-Warmer-1-12x12.webp 12w, https:\/\/www.yongyukitchenware.com\/wp-content\/uploads\/2025\/05\/Bulk-13L-Stainless-Steel-Soup-Warmer-1-1200x1200.webp 1200w, https:\/\/www.yongyukitchenware.com\/wp-content\/uploads\/2025\/05\/Bulk-13L-Stainless-Steel-Soup-Warmer-1-600x600.webp 600w, https:\/\/www.yongyukitchenware.com\/wp-content\/uploads\/2025\/05\/Bulk-13L-Stainless-Steel-Soup-Warmer-1-100x100.webp 100w\" sizes=\"(max-width: 1500px) 100vw, 1500px\" \/><\/figure>\n<\/div>\n<\/div>","protected":false},"excerpt":{"rendered":"<p>Gro\u00dfer 13-Liter-Edelstahl-Suppenw\u00e4rmer. Mit ros\u00e9goldener Oberfl\u00e4che und einem Fassungsverm\u00f6gen von 13 Litern f\u00fcr die effiziente Erw\u00e4rmung gro\u00dfer Mengen. Ideal f\u00fcr Restaurants, Buffets und Cateringdienste. R\u00fcsten Sie Ihre K\u00fcchenausr\u00fcstung noch heute f\u00fcr hohe St\u00fcckzahlen auf.<\/p>\n<h2><!-- wp:heading --><\/h2>\n<h2 class=\"wp-block-heading\">Bulk 13L Edelstahl-Suppenw\u00e4rmer:<\/h2>\n<h2><!-- \/wp:heading --><\/p>\n<p><!-- wp:paragraph --><\/h2>\n<p><strong>Material: <\/strong>Rostfreier Stahl<br \/><strong>Farbe:<\/strong>Silber\/Gold\/Rosegold<br \/><strong>Die Form:<\/strong> Rund<br \/><strong>W\u00e4rme: <\/strong>Elektrische Heizung<br \/><strong>Chafer Pan: <\/strong>Einzelner Raster<br \/><strong>OEM\/ODM: <\/strong>Verf\u00fcgbar<\/p>\n<h2 class=\"wp-block-heading\">Bulk 13L Edelstahl Suppenw\u00e4rmer Hersteller :<\/h2>\n<p>Ob es sich um einen Catering-Service-Anbieter, Hotel und Restaurant, oder Event-Planung Unternehmen, bieten wir komplette Chafing Gerichte Gro\u00dfhandel benutzerdefinierte L\u00f6sungen, um Ihr Unternehmen mit hochwertigen Fabrik Preise!<\/p>\n<h2><!-- \/wp:paragraph --><\/h2>","protected":false},"featured_media":3971,"comment_status":"closed","ping_status":"closed","template":"","meta":{"_acf_changed":true},"application":[30],"product_brand":[],"product_cat":[33],"product_tag":[],"class_list":{"0":"post-3978","1":"product","2":"type-product","3":"status-publish","4":"has-post-thumbnail","6":"application-hotel-catering","7":"product_cat-chafing-dishes-wholesale","9":"first","10":"instock","11":"shipping-taxable","12":"product-type-simple"},"acf":[],"_links":{"self":[{"href":"https:\/\/www.yongyukitchenware.com\/de\/wp-json\/wp\/v2\/product\/3978","targetHints":{"allow":["GET"]}}],"collection":[{"href":"https:\/\/www.yongyukitchenware.com\/de\/wp-json\/wp\/v2\/product"}],"about":[{"href":"https:\/\/www.yongyukitchenware.com\/de\/wp-json\/wp\/v2\/types\/product"}],"replies":[{"embeddable":true,"href":"https:\/\/www.yongyukitchenware.com\/de\/wp-json\/wp\/v2\/comments?post=3978"}],"wp:featuredmedia":[{"embeddable":true,"href":"https:\/\/www.yongyukitchenware.com\/de\/wp-json\/wp\/v2\/media\/3971"}],"wp:attachment":[{"href":"https:\/\/www.yongyukitchenware.com\/de\/wp-json\/wp\/v2\/media?parent=3978"}],"wp:term":[{"taxonomy":"application","embeddable":true,"href":"https:\/\/www.yongyukitchenware.com\/de\/wp-json\/wp\/v2\/application?post=3978"},{"taxonomy":"product_brand","embeddable":true,"href":"https:\/\/www.yongyukitchenware.com\/de\/wp-json\/wp\/v2\/product_brand?post=3978"},{"taxonomy":"product_cat","embeddable":true,"href":"https:\/\/www.yongyukitchenware.com\/de\/wp-json\/wp\/v2\/product_cat?post=3978"},{"taxonomy":"product_tag","embeddable":true,"href":"https:\/\/www.yongyukitchenware.com\/de\/wp-json\/wp\/v2\/product_tag?post=3978"}],"curies":[{"name":"wp","href":"https:\/\/api.w.org\/{rel}","templated":true}]}}