{"id":4010,"date":"2025-06-03T07:02:16","date_gmt":"2025-06-03T07:02:16","guid":{"rendered":"https:\/\/www.yongyukitchenware.com\/?post_type=product&#038;p=4010"},"modified":"2025-06-13T02:12:26","modified_gmt":"2025-06-13T02:12:26","slug":"wholesale-8l-juice-dispense","status":"publish","type":"product","link":"https:\/\/www.yongyukitchenware.com\/de\/produkt\/wholesale-8l-juice-dispense\/","title":{"rendered":"Gro\u00dfhandel 8L Saftspender kaltes und hei\u00dfes Bier Turm Kaffeedispenser-Silber"},"content":{"rendered":"<div class=\"wp-block-columns is-layout-flex wp-container-core-columns-is-layout-9d6595d7 wp-block-columns-is-layout-flex\">\n<div class=\"wp-block-column is-layout-flow wp-block-column-is-layout-flow\">\n<h2 class=\"wp-block-heading\">Gro\u00dfhandel 8L Juice Dispenser Gr\u00f6\u00dfe:<\/h2>\n\n\n\n<figure class=\"wp-block-table\"><table class=\"has-fixed-layout\"><tbody><tr><td>Modell<\/td><td>Fassungsverm\u00f6gen (L)<\/td><td>MOQ<\/td><\/tr><tr><td rowspan=\"2\">DY009-GZD<\/td><td>8<\/td><td rowspan=\"2\">8PCS<\/td><\/tr><tr><td>16<\/td><\/tr><\/tbody><\/table><\/figure>\n\n\n\n<h2 class=\"wp-block-heading\">Gro\u00dfhandel 8L Juice Dispenser Merkmale:<\/h2>\n\n\n\n<p><strong>Hochhitzebest\u00e4ndiges Fassgeh\u00e4use: <\/strong>Der Korpus besteht aus hochleistungsf\u00e4higem PC-Material, das glas\u00e4hnlich aussieht, k\u00e4lte- und hitzebest\u00e4ndig ist und eine lange Lebensdauer hat.<br><strong>Tropffreier Wasserhahn: <\/strong>Wasserhahn aus hochwertigem Harz und rostfreiem Stahl, gleichm\u00e4\u00dfiger Wasserfluss ohne Tropfen oder Leckagen, langlebig<br><strong>Gro\u00dfe Kapazit\u00e4t:<\/strong> Verpackt in 8-Liter-Einzeldosen und 16-Liter-Doppeldosen mit verschiedenen Getr\u00e4nken, S\u00e4ften, Kaffee usw. f\u00fcr den Verzehr durch eine Gruppe von Personen.<br><strong>Hervorragende W\u00e4rmeschutzfunktion:<\/strong> Die innere Struktur des Getr\u00e4nkeautomaten besteht aus einer Eiss\u00e4ule, in die Eisw\u00fcrfel oder hei\u00dfes Wasser eingef\u00fcllt werden k\u00f6nnen, um die Temperatur des Getr\u00e4nks zu halten, so dass das Getr\u00e4nk lange in einem optimalen Trinkzustand bleibt.<br><strong>Spritzwassergesch\u00fctztes Waschbecken: <\/strong>L\u00e4sst sich zur einfachen Reinigung nach Belieben zerlegen.<\/p>\n<\/div>\n\n\n\n<div class=\"wp-block-column is-layout-flow wp-block-column-is-layout-flow\">\n<figure class=\"wp-block-image size-full is-style-default\"><img decoding=\"async\" width=\"949\" height=\"1425\" src=\"https:\/\/www.yongyukitchenware.com\/wp-content\/uploads\/2025\/05\/Bulk-8L-Juice-Dispenser-3.webp\" alt=\"Gro\u00dfhandel-8L-Saft-Spender-3\" class=\"wp-image-4013\" srcset=\"https:\/\/www.yongyukitchenware.com\/wp-content\/uploads\/2025\/05\/Bulk-8L-Juice-Dispenser-3.webp 949w, https:\/\/www.yongyukitchenware.com\/wp-content\/uploads\/2025\/05\/Bulk-8L-Juice-Dispenser-3-200x300.webp 200w, https:\/\/www.yongyukitchenware.com\/wp-content\/uploads\/2025\/05\/Bulk-8L-Juice-Dispenser-3-768x1153.webp 768w, https:\/\/www.yongyukitchenware.com\/wp-content\/uploads\/2025\/05\/Bulk-8L-Juice-Dispenser-3-8x12.webp 8w, https:\/\/www.yongyukitchenware.com\/wp-content\/uploads\/2025\/05\/Bulk-8L-Juice-Dispenser-3-600x901.webp 600w\" sizes=\"(max-width: 949px) 100vw, 949px\" \/><\/figure>\n<\/div>\n<\/div>","protected":false},"excerpt":{"rendered":"<p>Gro\u00dfhandel 8L Saftspender kalte und hei\u00dfe Getr\u00e4nke Turm ist perfekt f\u00fcr das Servieren von Saft, Bier, Kaffee und andere Getr\u00e4nke in Restaurants, Buffets, oder Catering-Veranstaltungen. Mit einem eleganten silbernen Design und einem gro\u00dfen Fassungsverm\u00f6gen von 8 Litern sorgt er f\u00fcr Komfort, Haltbarkeit und visuelle Attraktivit\u00e4t. Kontaktieren Sie uns jetzt f\u00fcr Gro\u00dfabnehmerrabatte und individuelle Gro\u00dfhandelsangebote!<\/p>\n<h2>Gro\u00dfhandel 8L Juice Dispenser Parameter:<\/h2>\n<p><strong>Material:<\/strong> Rostfreier Stahl, Kunststoff<br \/><strong>Entwurf:<\/strong> Mit Wasserhahn, Gestell aus rostfreiem Stahl, Sp\u00fclbecken mit L\u00f6chern<br \/><strong>Gr\u00f6\u00dfen:<\/strong> 8L \/16L<br \/><strong>Verpacken:<\/strong> Beutel\/Sammelgut\/Karton oder kundenspezifisch<br \/><strong>OEM\/ODM:<\/strong> Optional<\/p>\n<h2 class=\"wp-block-heading\">Gro\u00dfhandel 8L Juice Dispenser Hersteller :<\/h2>\n<p>Ob Catering-Dienstleister, Hotel- und Gastst\u00e4ttenbetriebe oder Veranstaltungsplaner, wir bieten Ihnen komplette Gro\u00dfhandelsl\u00f6sungen f\u00fcr Gastronomiebedarf zu hochwertigen Fabrikpreisen!<\/p>","protected":false},"featured_media":4015,"comment_status":"closed","ping_status":"closed","template":"","meta":{"_acf_changed":false},"application":[30],"product_brand":[],"product_cat":[22,34],"product_tag":[],"class_list":{"0":"post-4010","1":"product","2":"type-product","3":"status-publish","4":"has-post-thumbnail","6":"application-hotel-catering","7":"product_cat-catering-supplies-wholesale","8":"product_cat-wholesale-drink-dispenser","10":"first","11":"instock","12":"shipping-taxable","13":"product-type-simple"},"acf":[],"_links":{"self":[{"href":"https:\/\/www.yongyukitchenware.com\/de\/wp-json\/wp\/v2\/product\/4010","targetHints":{"allow":["GET"]}}],"collection":[{"href":"https:\/\/www.yongyukitchenware.com\/de\/wp-json\/wp\/v2\/product"}],"about":[{"href":"https:\/\/www.yongyukitchenware.com\/de\/wp-json\/wp\/v2\/types\/product"}],"replies":[{"embeddable":true,"href":"https:\/\/www.yongyukitchenware.com\/de\/wp-json\/wp\/v2\/comments?post=4010"}],"wp:featuredmedia":[{"embeddable":true,"href":"https:\/\/www.yongyukitchenware.com\/de\/wp-json\/wp\/v2\/media\/4015"}],"wp:attachment":[{"href":"https:\/\/www.yongyukitchenware.com\/de\/wp-json\/wp\/v2\/media?parent=4010"}],"wp:term":[{"taxonomy":"application","embeddable":true,"href":"https:\/\/www.yongyukitchenware.com\/de\/wp-json\/wp\/v2\/application?post=4010"},{"taxonomy":"product_brand","embeddable":true,"href":"https:\/\/www.yongyukitchenware.com\/de\/wp-json\/wp\/v2\/product_brand?post=4010"},{"taxonomy":"product_cat","embeddable":true,"href":"https:\/\/www.yongyukitchenware.com\/de\/wp-json\/wp\/v2\/product_cat?post=4010"},{"taxonomy":"product_tag","embeddable":true,"href":"https:\/\/www.yongyukitchenware.com\/de\/wp-json\/wp\/v2\/product_tag?post=4010"}],"curies":[{"name":"wp","href":"https:\/\/api.w.org\/{rel}","templated":true}]}}