{"id":4023,"date":"2025-06-03T07:44:37","date_gmt":"2025-06-03T07:44:37","guid":{"rendered":"https:\/\/www.yongyukitchenware.com\/?post_type=product&#038;p=4023"},"modified":"2025-06-13T02:11:36","modified_gmt":"2025-06-13T02:11:36","slug":"8l-juice-dispenser-in-bulk","status":"publish","type":"product","link":"https:\/\/www.yongyukitchenware.com\/de\/produkt\/8l-juice-dispenser-in-bulk\/","title":{"rendered":"8L Juice Dispenser in Bulk Kalt- und Hei\u00dfbier-Turm-Kaffeespender-Halbvergoldet"},"content":{"rendered":"<div class=\"wp-block-columns is-layout-flex wp-container-core-columns-is-layout-9d6595d7 wp-block-columns-is-layout-flex\">\n<div class=\"wp-block-column is-layout-flow wp-block-column-is-layout-flow\">\n<h2 class=\"wp-block-heading\">8-Liter-Saft-Spender in Gro\u00dfpackungen:<\/h2>\n\n\n\n<figure class=\"wp-block-table\"><table class=\"has-fixed-layout\"><tbody><tr><td>Modell<\/td><td>Fassungsverm\u00f6gen (L)<\/td><td>MOQ<\/td><\/tr><tr><td rowspan=\"2\">DY009-GZD<\/td><td>8<\/td><td rowspan=\"2\">8PCS<\/td><\/tr><tr><td>16<\/td><\/tr><\/tbody><\/table><\/figure>\n\n\n\n<h2 class=\"wp-block-heading\">8L Saftspender in Bulk Eigenschaften:<\/h2>\n\n\n\n<p><strong>Hitzebest\u00e4ndiges Fassgeh\u00e4use: <\/strong>Das Geh\u00e4use ist aus hochwertigem PC-Material gefertigt, glasklar, k\u00e4lte- und hitzebest\u00e4ndig und langlebig<br><strong>Tropffreier Wasserhahn: <\/strong>Hochwertige Harz + Edelstahl Wasserhahn, seidig glatten Wasserfluss ohne Tropfen oder Leckage, langlebig<br><strong>Gro\u00dfe Kapazit\u00e4t:<\/strong> Erh\u00e4ltlich als einzelne 8-Liter-Kanister oder doppelte 16-Liter-Kanister zum Bef\u00fcllen mit verschiedenen Getr\u00e4nken, S\u00e4ften, Kaffee usw., die f\u00fcr viele Personen verwendet werden k\u00f6nnen.<br><strong>Gute W\u00e4rmeschutzleistung: <\/strong>Das Innenfach des Getr\u00e4nkeautomaten ist mit einer Eiss\u00e4ule ausgestattet, in die Eisw\u00fcrfel oder hei\u00dfes Wasser gef\u00fcllt werden k\u00f6nnen, um die Temperatur des Getr\u00e4nks aufrechtzuerhalten, so dass das Getr\u00e4nk \u00fcber einen l\u00e4ngeren Zeitraum trinkbar bleibt.<br><strong>Spritzwassergesch\u00fctztes Waschbecken: <\/strong>Kann zur einfachen Reinigung jederzeit demontiert werden.<\/p>\n<\/div>\n\n\n\n<div class=\"wp-block-column is-layout-flow wp-block-column-is-layout-flow\">\n<figure class=\"wp-block-image size-full is-style-default\"><img decoding=\"async\" width=\"949\" height=\"1425\" src=\"https:\/\/www.yongyukitchenware.com\/wp-content\/uploads\/2025\/05\/Bulk-8L-Juice-Dispenser-3.webp\" alt=\"8L-Saft-Spender-unverpackt-3\" class=\"wp-image-4013\" srcset=\"https:\/\/www.yongyukitchenware.com\/wp-content\/uploads\/2025\/05\/Bulk-8L-Juice-Dispenser-3.webp 949w, https:\/\/www.yongyukitchenware.com\/wp-content\/uploads\/2025\/05\/Bulk-8L-Juice-Dispenser-3-200x300.webp 200w, https:\/\/www.yongyukitchenware.com\/wp-content\/uploads\/2025\/05\/Bulk-8L-Juice-Dispenser-3-768x1153.webp 768w, https:\/\/www.yongyukitchenware.com\/wp-content\/uploads\/2025\/05\/Bulk-8L-Juice-Dispenser-3-8x12.webp 8w, https:\/\/www.yongyukitchenware.com\/wp-content\/uploads\/2025\/05\/Bulk-8L-Juice-Dispenser-3-600x901.webp 600w\" sizes=\"(max-width: 949px) 100vw, 949px\" \/><\/figure>\n<\/div>\n<\/div>","protected":false},"excerpt":{"rendered":"<p>Der 8-Liter-Saftdispenser in loser Sch\u00fcttung ist ein vielseitiger Turm f\u00fcr kalte und hei\u00dfe Getr\u00e4nke, der sich zum Servieren von Saft, Bier oder Kaffee in kommerziellen Umgebungen eignet. Mit einer halbvergoldeten Oberfl\u00e4che kombiniert er Funktionalit\u00e4t mit einem eleganten Aussehen, ideal f\u00fcr Buffets, Restaurants und Veranstaltungen. Bester Preisnachlass f\u00fcr die Anpassung gro\u00dfer Mengen, bitte kontaktieren Sie uns.<\/p>\n<h2>\u00a08-Liter-Saft-Spender in loser Sch\u00fcttung Parameter:<\/h2>\n<p><strong>Material:<\/strong> Rostfreier Stahl, Kunststoff<br \/><strong>Entwurf:<\/strong> Mit Wasserhahn, Gestell aus rostfreiem Stahl, Sp\u00fclbecken mit L\u00f6chern<br \/><strong>Gr\u00f6\u00dfen:<\/strong> 8L \/16L<br \/><strong>Verpacken:<\/strong> Beutel\/Sammelgut\/Karton oder kundenspezifisch<br \/><strong>OEM\/ODM:<\/strong> Optional<\/p>\n<h2 class=\"wp-block-heading\">8L Juice Dispenser in Bulk Hersteller :<\/h2>\n<p>Ob Catering-Dienstleister, Hotel- und Gastst\u00e4ttenbetriebe oder Veranstaltungsplaner, wir bieten Ihnen komplette Gro\u00dfhandelsl\u00f6sungen f\u00fcr Gastronomiebedarf zu hochwertigen Fabrikpreisen!<\/p>","protected":false},"featured_media":4020,"comment_status":"closed","ping_status":"closed","template":"","meta":{"_acf_changed":false},"application":[30],"product_brand":[],"product_cat":[22,34],"product_tag":[],"class_list":{"0":"post-4023","1":"product","2":"type-product","3":"status-publish","4":"has-post-thumbnail","6":"application-hotel-catering","7":"product_cat-catering-supplies-wholesale","8":"product_cat-wholesale-drink-dispenser","10":"first","11":"instock","12":"shipping-taxable","13":"product-type-simple"},"acf":[],"_links":{"self":[{"href":"https:\/\/www.yongyukitchenware.com\/de\/wp-json\/wp\/v2\/product\/4023","targetHints":{"allow":["GET"]}}],"collection":[{"href":"https:\/\/www.yongyukitchenware.com\/de\/wp-json\/wp\/v2\/product"}],"about":[{"href":"https:\/\/www.yongyukitchenware.com\/de\/wp-json\/wp\/v2\/types\/product"}],"replies":[{"embeddable":true,"href":"https:\/\/www.yongyukitchenware.com\/de\/wp-json\/wp\/v2\/comments?post=4023"}],"wp:featuredmedia":[{"embeddable":true,"href":"https:\/\/www.yongyukitchenware.com\/de\/wp-json\/wp\/v2\/media\/4020"}],"wp:attachment":[{"href":"https:\/\/www.yongyukitchenware.com\/de\/wp-json\/wp\/v2\/media?parent=4023"}],"wp:term":[{"taxonomy":"application","embeddable":true,"href":"https:\/\/www.yongyukitchenware.com\/de\/wp-json\/wp\/v2\/application?post=4023"},{"taxonomy":"product_brand","embeddable":true,"href":"https:\/\/www.yongyukitchenware.com\/de\/wp-json\/wp\/v2\/product_brand?post=4023"},{"taxonomy":"product_cat","embeddable":true,"href":"https:\/\/www.yongyukitchenware.com\/de\/wp-json\/wp\/v2\/product_cat?post=4023"},{"taxonomy":"product_tag","embeddable":true,"href":"https:\/\/www.yongyukitchenware.com\/de\/wp-json\/wp\/v2\/product_tag?post=4023"}],"curies":[{"name":"wp","href":"https:\/\/api.w.org\/{rel}","templated":true}]}}