{"id":4032,"date":"2025-06-16T07:53:40","date_gmt":"2025-06-16T07:53:40","guid":{"rendered":"https:\/\/www.yongyukitchenware.com\/?post_type=product&#038;p=4032"},"modified":"2025-06-16T07:53:42","modified_gmt":"2025-06-16T07:53:42","slug":"custom-rotating-cereal-dispenser-cylindrical-gravity-dispenser-single-head","status":"publish","type":"product","link":"https:\/\/www.yongyukitchenware.com\/de\/produkt\/custom-rotating-cereal-dispenser-cylindrical-gravity-dispenser-single-head\/","title":{"rendered":"Kundenspezifischer rotierender Getreidespender Zylindrischer Schwerkraft-Spender-Einzelkopf"},"content":{"rendered":"<div class=\"wp-block-columns is-layout-flex wp-container-core-columns-is-layout-9d6595d7 wp-block-columns-is-layout-flex\">\n<div class=\"wp-block-column is-layout-flow wp-block-column-is-layout-flow\">\n<h2 class=\"wp-block-heading\">Individueller rotierender M\u00fcslispender Gr\u00f6\u00dfe:<\/h2>\n\n\n\n<figure class=\"wp-block-table\"><table class=\"has-fixed-layout\"><tbody><tr><td>Modell<\/td><td>Fassungsverm\u00f6gen (L)<\/td><td>MOQ<\/td><\/tr><tr><td rowspan=\"3\">DY011-GZD<\/td><td>3.5<\/td><td rowspan=\"3\">10PCS<\/td><\/tr><tr><td>7<\/td><\/tr><tr><td>10<\/td><\/tr><\/tbody><\/table><\/figure>\n\n\n\n<h2 class=\"wp-block-heading\">Individueller rotierender M\u00fcslispender Merkmale:<\/h2>\n\n\n\n<p><strong>Unterschiedliche Kapazit\u00e4ten:<\/strong>3,5\/7\/10 Liter Fassungsverm\u00f6gen stehen zur Verf\u00fcgung, um den Bedarf an einer Vielzahl von Trockennahrungsmitteln wie K\u00f6rnern, Reis, S\u00fc\u00dfigkeiten, N\u00fcssen und sogar Tierfutter zu decken. Jeder Beh\u00e4lter hat ein Fassungsverm\u00f6gen von 3,5 Litern, so dass gen\u00fcgend Platz vorhanden ist, um alles Notwendige an Ort und Stelle und in Reichweite zu halten.<br><strong>Einfach zu bedienen:<\/strong> Der Drehschaltermechanismus dosiert 1 Unze pro Umdrehung, so dass die Gewichtskontrolle einfach und bequem ist.<br><strong>Langlebig und haltbar: <\/strong>Aus hochwertigem PC und rostfreiem Stahl gefertigt, ist er robust und langlebig. Ohne direkten Kontakt mit Lebensmitteln zu haben, wird sie nicht verformt oder gebrochen und kann langfristig verwendet werden. Bequem zu handhaben und leicht zu reinigen<br><strong>Vielseitig einsetzbar: <\/strong>Dieser Getreidespender hilft bei der Aufbewahrung und Ausgabe von K\u00f6rnern, S\u00fc\u00dfigkeiten, N\u00fcssen, Kaffee, Bohnen, Reis, M\u00fcsli, Haferflocken, Tee, Snacks usw., ohne dass es zu Verwechslungen kommt und die K\u00fcche sauber bleibt.<\/p>\n<\/div>\n\n\n\n<div class=\"wp-block-column is-layout-flow wp-block-column-is-layout-flow\">\n<figure class=\"wp-block-image size-full\"><img decoding=\"async\" width=\"800\" height=\"800\" src=\"https:\/\/www.yongyukitchenware.com\/wp-content\/uploads\/2025\/05\/Bulk-Rotating-Cereal-Dispenser-11.webp\" alt=\"Individuell drehbarer Getreidespender-11\" class=\"wp-image-4043\" srcset=\"https:\/\/www.yongyukitchenware.com\/wp-content\/uploads\/2025\/05\/Bulk-Rotating-Cereal-Dispenser-11.webp 800w, https:\/\/www.yongyukitchenware.com\/wp-content\/uploads\/2025\/05\/Bulk-Rotating-Cereal-Dispenser-11-300x300.webp 300w, https:\/\/www.yongyukitchenware.com\/wp-content\/uploads\/2025\/05\/Bulk-Rotating-Cereal-Dispenser-11-150x150.webp 150w, https:\/\/www.yongyukitchenware.com\/wp-content\/uploads\/2025\/05\/Bulk-Rotating-Cereal-Dispenser-11-768x768.webp 768w, https:\/\/www.yongyukitchenware.com\/wp-content\/uploads\/2025\/05\/Bulk-Rotating-Cereal-Dispenser-11-12x12.webp 12w, https:\/\/www.yongyukitchenware.com\/wp-content\/uploads\/2025\/05\/Bulk-Rotating-Cereal-Dispenser-11-600x600.webp 600w, https:\/\/www.yongyukitchenware.com\/wp-content\/uploads\/2025\/05\/Bulk-Rotating-Cereal-Dispenser-11-100x100.webp 100w\" sizes=\"(max-width: 800px) 100vw, 800px\" \/><\/figure>\n\n\n\n<figure class=\"wp-block-image size-full is-style-default\"><img decoding=\"async\" width=\"1024\" height=\"1024\" src=\"https:\/\/www.yongyukitchenware.com\/wp-content\/uploads\/2025\/05\/Bulk-Rotating-Cereal-Dispenser-9.webp\" alt=\"Sch\u00fcttgut-Dreh-Getreide-Spender-9\" class=\"wp-image-4041\" srcset=\"https:\/\/www.yongyukitchenware.com\/wp-content\/uploads\/2025\/05\/Bulk-Rotating-Cereal-Dispenser-9.webp 1024w, https:\/\/www.yongyukitchenware.com\/wp-content\/uploads\/2025\/05\/Bulk-Rotating-Cereal-Dispenser-9-300x300.webp 300w, https:\/\/www.yongyukitchenware.com\/wp-content\/uploads\/2025\/05\/Bulk-Rotating-Cereal-Dispenser-9-150x150.webp 150w, https:\/\/www.yongyukitchenware.com\/wp-content\/uploads\/2025\/05\/Bulk-Rotating-Cereal-Dispenser-9-768x768.webp 768w, https:\/\/www.yongyukitchenware.com\/wp-content\/uploads\/2025\/05\/Bulk-Rotating-Cereal-Dispenser-9-12x12.webp 12w, https:\/\/www.yongyukitchenware.com\/wp-content\/uploads\/2025\/05\/Bulk-Rotating-Cereal-Dispenser-9-600x600.webp 600w, https:\/\/www.yongyukitchenware.com\/wp-content\/uploads\/2025\/05\/Bulk-Rotating-Cereal-Dispenser-9-100x100.webp 100w\" sizes=\"(max-width: 1024px) 100vw, 1024px\" \/><\/figure>\n<\/div>\n<\/div>","protected":false},"excerpt":{"rendered":"<p>Kundenspezifischer rotierender M\u00fcslispender<strong data-start=\"0\" data-end=\"37\" data-is-only-node=\"\">.<\/strong> Konzipiert mit einem zylindrischen Schwerkraft-Zufuhrsystem und einem einzigen rotierenden Kopf f\u00fcr kontrollierte Ausgabe. Geeignet f\u00fcr Caf\u00e9s, kleine Hotels und Spezialit\u00e4tenl\u00e4den. Erh\u00f6hen Sie Ihr Markenangebot mit dieser anpassbaren und platzsparenden Ausgabel\u00f6sung.<\/p>\n<h2>Kundenspezifischer rotierender M\u00fcslispender Parameter:<\/h2>\n<p><strong>Material:<\/strong> Rostfreier Stahl, Kunststoff<br \/><strong>Entwurf:<\/strong> Mit Wasserhahn, Gestell aus rostfreiem Stahl, Sp\u00fclbecken mit L\u00f6chern<br \/><strong>Gr\u00f6\u00dfen:<\/strong> 3.5L\/7.0L\/10L<br \/><strong>Verpacken:<\/strong> Beutel\/Sammelgut\/Karton oder kundenspezifisch<br \/><strong>OEM\/ODM:<\/strong> Optional<\/p>\n<h2>Benutzerdefinierte rotierende M\u00fcsli-Spender Hersteller :<\/h2>\n<p>Ob es sich um einen Catering-Dienstleister, ein Hotel oder Restaurant oder eine Eventplanungsfirma handelt, wir bieten Ihnen komplette Gastronomiebedarfs-Gro\u00dfhandelsl\u00f6sungen mit hochwertigen Fabrikpreisen!<\/p>","protected":false},"featured_media":4035,"comment_status":"closed","ping_status":"closed","template":"","meta":{"_acf_changed":true},"application":[30],"product_brand":[],"product_cat":[22,34],"product_tag":[],"class_list":{"0":"post-4032","1":"product","2":"type-product","3":"status-publish","4":"has-post-thumbnail","6":"application-hotel-catering","7":"product_cat-catering-supplies-wholesale","8":"product_cat-wholesale-drink-dispenser","10":"first","11":"instock","12":"shipping-taxable","13":"product-type-simple"},"acf":[],"_links":{"self":[{"href":"https:\/\/www.yongyukitchenware.com\/de\/wp-json\/wp\/v2\/product\/4032","targetHints":{"allow":["GET"]}}],"collection":[{"href":"https:\/\/www.yongyukitchenware.com\/de\/wp-json\/wp\/v2\/product"}],"about":[{"href":"https:\/\/www.yongyukitchenware.com\/de\/wp-json\/wp\/v2\/types\/product"}],"replies":[{"embeddable":true,"href":"https:\/\/www.yongyukitchenware.com\/de\/wp-json\/wp\/v2\/comments?post=4032"}],"wp:featuredmedia":[{"embeddable":true,"href":"https:\/\/www.yongyukitchenware.com\/de\/wp-json\/wp\/v2\/media\/4035"}],"wp:attachment":[{"href":"https:\/\/www.yongyukitchenware.com\/de\/wp-json\/wp\/v2\/media?parent=4032"}],"wp:term":[{"taxonomy":"application","embeddable":true,"href":"https:\/\/www.yongyukitchenware.com\/de\/wp-json\/wp\/v2\/application?post=4032"},{"taxonomy":"product_brand","embeddable":true,"href":"https:\/\/www.yongyukitchenware.com\/de\/wp-json\/wp\/v2\/product_brand?post=4032"},{"taxonomy":"product_cat","embeddable":true,"href":"https:\/\/www.yongyukitchenware.com\/de\/wp-json\/wp\/v2\/product_cat?post=4032"},{"taxonomy":"product_tag","embeddable":true,"href":"https:\/\/www.yongyukitchenware.com\/de\/wp-json\/wp\/v2\/product_tag?post=4032"}],"curies":[{"name":"wp","href":"https:\/\/api.w.org\/{rel}","templated":true}]}}