{"id":4045,"date":"2025-06-16T07:16:05","date_gmt":"2025-06-16T07:16:05","guid":{"rendered":"https:\/\/www.yongyukitchenware.com\/?post_type=product&#038;p=4045"},"modified":"2025-06-16T07:16:07","modified_gmt":"2025-06-16T07:16:07","slug":"bulk-rotating-cereal-dispenser-cylindrical-gravity-dispenser-three-heads","status":"publish","type":"product","link":"https:\/\/www.yongyukitchenware.com\/de\/produkt\/bulk-rotating-cereal-dispenser-cylindrical-gravity-dispenser-three-heads\/","title":{"rendered":"Rotierender Getreidespender Zylindrischer Schwerkraftdispenser - Drei K\u00f6pfe"},"content":{"rendered":"<div class=\"wp-block-columns is-layout-flex wp-container-core-columns-is-layout-9d6595d7 wp-block-columns-is-layout-flex\">\n<div class=\"wp-block-column is-layout-flow wp-block-column-is-layout-flow\">\n<h2 class=\"wp-block-heading\">Gro\u00dfer rotierender M\u00fcslispender Gr\u00f6\u00dfe:<\/h2>\n\n\n\n<figure class=\"wp-block-table\"><table class=\"has-fixed-layout\"><tbody><tr><td>Modell<\/td><td>Fassungsverm\u00f6gen (L)<\/td><td>MOQ<\/td><\/tr><tr><td rowspan=\"3\">DY011-GZD<\/td><td>3.5<\/td><td rowspan=\"3\">10PCS<\/td><\/tr><tr><td>7<\/td><\/tr><tr><td>10<\/td><\/tr><\/tbody><\/table><\/figure>\n\n\n\n<h2 class=\"wp-block-heading\">Gro\u00dfer rotierender GetreidespenderFeatures:<\/h2>\n\n\n\n<p><strong>Mehrere Kapazit\u00e4ten <\/strong>:3,5\/7\/10 l Fassungsverm\u00f6gen stehen zur Verf\u00fcgung, um den Bedarf an verschiedenen Trockennahrungsmitteln wie K\u00f6rnern, Reis, S\u00fc\u00dfigkeiten, N\u00fcssen und sogar Tiernahrung zu decken. Jeder Beh\u00e4lter hat ein Fassungsverm\u00f6gen von 3,5 Litern und bietet reichlich Platz, um Ihre Vorr\u00e4te gut organisiert und leicht zug\u00e4nglich aufzubewahren.<br><strong>Einfach zu bedienen: <\/strong>Das Drehschalterdesign verteilt 1 Unze pro Umdrehung und macht die Gewichtskontrolle einfach und effizient.<br><strong>Zuverl\u00e4ssig und langlebig: <\/strong>Aus rostfreiem Stahl und hochwertigem PC gefertigt, ist er robust und langlebig. Bei direktem Kontakt mit Lebensmitteln neigt sie nicht zur Verformung oder zum Bruch, was eine langfristige Nutzung gew\u00e4hrleistet. Leicht zu reinigen und bequem zu bedienen<br><strong>Mehrere Anwendungen:<\/strong> Dieser Getreidespender hilft bei der Aufbewahrung und Verteilung von K\u00f6rnern, S\u00fc\u00dfigkeiten, N\u00fcssen, Kaffee, Bohnen, Reis, M\u00fcsli, Haferflocken, Tee, Snacks usw., um Verwechslungen zu vermeiden und die K\u00fcche aufger\u00e4umt zu halten.<\/p>\n<\/div>\n\n\n\n<div class=\"wp-block-column is-layout-flow wp-block-column-is-layout-flow\">\n<figure class=\"wp-block-image size-full\"><img decoding=\"async\" width=\"800\" height=\"800\" src=\"https:\/\/www.yongyukitchenware.com\/wp-content\/uploads\/2025\/05\/Bulk-Rotating-Cereal-Dispenser-11.webp\" alt=\"Drehbarer Getreidespender-11\" class=\"wp-image-4043\" srcset=\"https:\/\/www.yongyukitchenware.com\/wp-content\/uploads\/2025\/05\/Bulk-Rotating-Cereal-Dispenser-11.webp 800w, https:\/\/www.yongyukitchenware.com\/wp-content\/uploads\/2025\/05\/Bulk-Rotating-Cereal-Dispenser-11-300x300.webp 300w, https:\/\/www.yongyukitchenware.com\/wp-content\/uploads\/2025\/05\/Bulk-Rotating-Cereal-Dispenser-11-150x150.webp 150w, https:\/\/www.yongyukitchenware.com\/wp-content\/uploads\/2025\/05\/Bulk-Rotating-Cereal-Dispenser-11-768x768.webp 768w, https:\/\/www.yongyukitchenware.com\/wp-content\/uploads\/2025\/05\/Bulk-Rotating-Cereal-Dispenser-11-12x12.webp 12w, https:\/\/www.yongyukitchenware.com\/wp-content\/uploads\/2025\/05\/Bulk-Rotating-Cereal-Dispenser-11-600x600.webp 600w, https:\/\/www.yongyukitchenware.com\/wp-content\/uploads\/2025\/05\/Bulk-Rotating-Cereal-Dispenser-11-100x100.webp 100w\" sizes=\"(max-width: 800px) 100vw, 800px\" \/><\/figure>\n\n\n\n<figure class=\"wp-block-image size-full is-style-default\"><img decoding=\"async\" width=\"1024\" height=\"1024\" src=\"https:\/\/www.yongyukitchenware.com\/wp-content\/uploads\/2025\/05\/Bulk-Rotating-Cereal-Dispenser-9.webp\" alt=\"Sch\u00fcttgut-Dreh-Getreide-Spender-9\" class=\"wp-image-4041\" srcset=\"https:\/\/www.yongyukitchenware.com\/wp-content\/uploads\/2025\/05\/Bulk-Rotating-Cereal-Dispenser-9.webp 1024w, https:\/\/www.yongyukitchenware.com\/wp-content\/uploads\/2025\/05\/Bulk-Rotating-Cereal-Dispenser-9-300x300.webp 300w, https:\/\/www.yongyukitchenware.com\/wp-content\/uploads\/2025\/05\/Bulk-Rotating-Cereal-Dispenser-9-150x150.webp 150w, https:\/\/www.yongyukitchenware.com\/wp-content\/uploads\/2025\/05\/Bulk-Rotating-Cereal-Dispenser-9-768x768.webp 768w, https:\/\/www.yongyukitchenware.com\/wp-content\/uploads\/2025\/05\/Bulk-Rotating-Cereal-Dispenser-9-12x12.webp 12w, https:\/\/www.yongyukitchenware.com\/wp-content\/uploads\/2025\/05\/Bulk-Rotating-Cereal-Dispenser-9-600x600.webp 600w, https:\/\/www.yongyukitchenware.com\/wp-content\/uploads\/2025\/05\/Bulk-Rotating-Cereal-Dispenser-9-100x100.webp 100w\" sizes=\"(max-width: 1024px) 100vw, 1024px\" \/><\/figure>\n<\/div>\n<\/div>","protected":false},"excerpt":{"rendered":"<p>Unser rotierender Cerealienspender f\u00fcr gro\u00dfe Mengen verf\u00fcgt \u00fcber ein zylindrisches Design mit Schwerkraftzufuhr und drei rotierenden K\u00f6pfen f\u00fcr eine effiziente Ausgabe. Ideal f\u00fcr Selbstbedienungs-Fr\u00fchst\u00fccksstationen, Hotelbuffets oder Gro\u00dfverbraucherl\u00e4den. Verbessern Sie das Kundenerlebnis und rationalisieren Sie die Verwaltung loser Lebensmittel mit dieser professionellen L\u00f6sung.<\/p>\n<h2>Gro\u00dfer rotierender Getreidespender Parameter:<\/h2>\n<p><strong>Material:<\/strong> Rostfreier Stahl, Kunststoff<br \/><strong>Entwurf:<\/strong> Mit Wasserhahn, Gestell aus rostfreiem Stahl, Sp\u00fclbecken mit L\u00f6chern<br \/><strong>Gr\u00f6\u00dfen:<\/strong> 3.5L\/7.0L\/10L<br \/><strong>Verpacken:<\/strong> Beutel\/Sammelgut\/Karton oder kundenspezifisch<br \/><strong>OEM\/ODM:<\/strong> Optional<\/p>\n<h2 class=\"wp-block-heading\">Gro\u00dfer rotierender Getreidespender Hersteller :<\/h2>\n<p>Ob Catering-Dienstleister, Hotel- und Gastst\u00e4ttenbetriebe oder Veranstaltungsplaner, wir bieten Ihnen komplette Gro\u00dfhandelsl\u00f6sungen f\u00fcr Gastronomiebedarf zu hochwertigen Fabrikpreisen!<\/p>","protected":false},"featured_media":4033,"comment_status":"closed","ping_status":"closed","template":"","meta":{"_acf_changed":true},"application":[30],"product_brand":[],"product_cat":[22,34],"product_tag":[],"class_list":{"0":"post-4045","1":"product","2":"type-product","3":"status-publish","4":"has-post-thumbnail","6":"application-hotel-catering","7":"product_cat-catering-supplies-wholesale","8":"product_cat-wholesale-drink-dispenser","10":"first","11":"instock","12":"shipping-taxable","13":"product-type-simple"},"acf":[],"_links":{"self":[{"href":"https:\/\/www.yongyukitchenware.com\/de\/wp-json\/wp\/v2\/product\/4045","targetHints":{"allow":["GET"]}}],"collection":[{"href":"https:\/\/www.yongyukitchenware.com\/de\/wp-json\/wp\/v2\/product"}],"about":[{"href":"https:\/\/www.yongyukitchenware.com\/de\/wp-json\/wp\/v2\/types\/product"}],"replies":[{"embeddable":true,"href":"https:\/\/www.yongyukitchenware.com\/de\/wp-json\/wp\/v2\/comments?post=4045"}],"wp:featuredmedia":[{"embeddable":true,"href":"https:\/\/www.yongyukitchenware.com\/de\/wp-json\/wp\/v2\/media\/4033"}],"wp:attachment":[{"href":"https:\/\/www.yongyukitchenware.com\/de\/wp-json\/wp\/v2\/media?parent=4045"}],"wp:term":[{"taxonomy":"application","embeddable":true,"href":"https:\/\/www.yongyukitchenware.com\/de\/wp-json\/wp\/v2\/application?post=4045"},{"taxonomy":"product_brand","embeddable":true,"href":"https:\/\/www.yongyukitchenware.com\/de\/wp-json\/wp\/v2\/product_brand?post=4045"},{"taxonomy":"product_cat","embeddable":true,"href":"https:\/\/www.yongyukitchenware.com\/de\/wp-json\/wp\/v2\/product_cat?post=4045"},{"taxonomy":"product_tag","embeddable":true,"href":"https:\/\/www.yongyukitchenware.com\/de\/wp-json\/wp\/v2\/product_tag?post=4045"}],"curies":[{"name":"wp","href":"https:\/\/api.w.org\/{rel}","templated":true}]}}