{"id":4071,"date":"2025-06-25T09:33:58","date_gmt":"2025-06-25T09:33:58","guid":{"rendered":"https:\/\/www.yongyukitchenware.com\/?post_type=product&#038;p=4071"},"modified":"2025-06-25T09:34:00","modified_gmt":"2025-06-25T09:34:00","slug":"wholesale-dry-food-dispenser-flour-storage-containers-set-double-heads","status":"publish","type":"product","link":"https:\/\/www.yongyukitchenware.com\/de\/produkt\/wholesale-dry-food-dispenser-flour-storage-containers-set-double-heads\/","title":{"rendered":"Gro\u00dfhandel Trockenfutter Spender Mehl Lagerung Container Set-Doppelk\u00f6pfe"},"content":{"rendered":"<div class=\"wp-block-columns is-layout-flex wp-container-core-columns-is-layout-9d6595d7 wp-block-columns-is-layout-flex\">\n<div class=\"wp-block-column is-layout-flow wp-block-column-is-layout-flow\">\n<h2 class=\"wp-block-heading\">Gro\u00dfhandelsspender f\u00fcr Trockenfutter Gr\u00f6\u00dfe:<\/h2>\n\n\n\n<figure class=\"wp-block-table\"><table class=\"has-fixed-layout\"><tbody><tr><td>Modell<\/td><td>Fassungsverm\u00f6gen (L)<\/td><td>MOQ<\/td><\/tr><tr><td rowspan=\"3\">DY013-GZD<\/td><td>3.5<\/td><td rowspan=\"3\">10PCS<\/td><\/tr><tr><td>7<\/td><\/tr><tr><td>10<\/td><\/tr><\/tbody><\/table><\/figure>\n\n\n\n<h2 class=\"wp-block-heading\">Gro\u00dfhandel Trockenfutter-Spender Merkmale:<\/h2>\n\n\n\n<p><strong>Mehrere Kapazit\u00e4ten <\/strong>:3,5\/7\/10 Liter Fassungsverm\u00f6gen sind f\u00fcr verschiedene Trockennahrungsmittel wie K\u00f6rner, Reis, S\u00fc\u00dfigkeiten, N\u00fcsse und sogar f\u00fcr Tiernahrung vorgesehen. Jeder der Beh\u00e4lter hat ein Fassungsverm\u00f6gen von 3,5 Litern, was genug Platz bietet, um die wichtigsten Lebensmittel gut organisiert und leicht zug\u00e4nglich aufzubewahren.<br><strong>Einfach zu bedienen:<\/strong> Der Drehschalter gibt pro Umdrehung 1 Unze Gewicht frei, wodurch sich das Gewicht bequem und einfach regulieren l\u00e4sst.<br><strong>Langlebig und best\u00e4ndig:<\/strong> Aus rostfreiem Stahl und hochwertigem PC gefertigt, ist er robust und langlebig. Da sie in direktem Kontakt mit Lebensmitteln steht, ist sie nicht anf\u00e4llig f\u00fcr Verformungen oder Br\u00fcche und kann daher \u00fcber einen l\u00e4ngeren Zeitraum hinweg verwendet werden. Einfach zu verwenden und zu warten<br><strong>Vielf\u00e4ltige Anwendungen:<\/strong> Dieser Getreidebeh\u00e4lter wird verwendet, um K\u00f6rner, S\u00fc\u00dfigkeiten, N\u00fcsse, Kaffee, Bohnen, Reis, M\u00fcsli, Haferflocken, Tee, Snacks usw. aufzubewahren und zu verteilen, ohne dass es zu einem Durcheinander kommt und Ihre K\u00fcche aufger\u00e4umt bleibt.<\/p>\n<\/div>\n\n\n\n<div class=\"wp-block-column is-layout-flow wp-block-column-is-layout-flow\">\n<figure class=\"wp-block-image size-full\"><img decoding=\"async\" width=\"800\" height=\"800\" src=\"https:\/\/www.yongyukitchenware.com\/wp-content\/uploads\/2025\/06\/Bulk-Dry-Food-Dispenser-12.webp\" alt=\"Gro\u00dfhandel-Trockenkostspender-12\" class=\"wp-image-4068\" srcset=\"https:\/\/www.yongyukitchenware.com\/wp-content\/uploads\/2025\/06\/Bulk-Dry-Food-Dispenser-12.webp 800w, https:\/\/www.yongyukitchenware.com\/wp-content\/uploads\/2025\/06\/Bulk-Dry-Food-Dispenser-12-300x300.webp 300w, https:\/\/www.yongyukitchenware.com\/wp-content\/uploads\/2025\/06\/Bulk-Dry-Food-Dispenser-12-150x150.webp 150w, https:\/\/www.yongyukitchenware.com\/wp-content\/uploads\/2025\/06\/Bulk-Dry-Food-Dispenser-12-768x768.webp 768w, https:\/\/www.yongyukitchenware.com\/wp-content\/uploads\/2025\/06\/Bulk-Dry-Food-Dispenser-12-12x12.webp 12w, https:\/\/www.yongyukitchenware.com\/wp-content\/uploads\/2025\/06\/Bulk-Dry-Food-Dispenser-12-600x600.webp 600w, https:\/\/www.yongyukitchenware.com\/wp-content\/uploads\/2025\/06\/Bulk-Dry-Food-Dispenser-12-100x100.webp 100w\" sizes=\"(max-width: 800px) 100vw, 800px\" \/><\/figure>\n\n\n\n<figure class=\"wp-block-image size-full is-style-default\"><img decoding=\"async\" width=\"800\" height=\"800\" src=\"https:\/\/www.yongyukitchenware.com\/wp-content\/uploads\/2025\/06\/Bulk-Dry-Food-Dispenser-6.webp\" alt=\"Gro\u00dfhandel-Trockenkostspender-6\" class=\"wp-image-4062\" srcset=\"https:\/\/www.yongyukitchenware.com\/wp-content\/uploads\/2025\/06\/Bulk-Dry-Food-Dispenser-6.webp 800w, https:\/\/www.yongyukitchenware.com\/wp-content\/uploads\/2025\/06\/Bulk-Dry-Food-Dispenser-6-300x300.webp 300w, https:\/\/www.yongyukitchenware.com\/wp-content\/uploads\/2025\/06\/Bulk-Dry-Food-Dispenser-6-150x150.webp 150w, https:\/\/www.yongyukitchenware.com\/wp-content\/uploads\/2025\/06\/Bulk-Dry-Food-Dispenser-6-768x768.webp 768w, https:\/\/www.yongyukitchenware.com\/wp-content\/uploads\/2025\/06\/Bulk-Dry-Food-Dispenser-6-12x12.webp 12w, https:\/\/www.yongyukitchenware.com\/wp-content\/uploads\/2025\/06\/Bulk-Dry-Food-Dispenser-6-600x600.webp 600w, https:\/\/www.yongyukitchenware.com\/wp-content\/uploads\/2025\/06\/Bulk-Dry-Food-Dispenser-6-100x100.webp 100w\" sizes=\"(max-width: 800px) 100vw, 800px\" \/><\/figure>\n<\/div>\n<\/div>","protected":false},"excerpt":{"rendered":"<article class=\"text-token-text-primary w-full\" dir=\"auto\" data-testid=\"conversation-turn-6\" data-scroll-anchor=\"true\">\n<div class=\"text-base my-auto mx-auto py-5 [--thread-content-margin:--spacing(4)] @[37rem]:[--thread-content-margin:--spacing(6)] @[72rem]:[--thread-content-margin:--spacing(16)] px-(--thread-content-margin)\">\n<div class=\"[--thread-content-max-width:32rem] @[34rem]:[--thread-content-max-width:40rem] @[64rem]:[--thread-content-max-width:48rem] mx-auto flex max-w-(--thread-content-max-width) flex-1 text-base gap-4 md:gap-5 lg:gap-6 group\/turn-messages focus-visible:outline-hidden\" tabindex=\"-1\">\n<div class=\"group\/conversation-turn relative flex w-full min-w-0 flex-col agent-turn\">\n<div class=\"relative flex-col gap-1 md:gap-3\">\n<div class=\"flex max-w-full flex-col grow\">\n<div class=\"min-h-8 text-message relative flex w-full flex-col items-end gap-2 text-start break-words whitespace-normal [.text-message+&amp;]:mt-5\" dir=\"auto\" data-message-author-role=\"assistant\" data-message-id=\"47742dd6-53ae-4439-8a0a-daf48ada95c1\" data-message-model-slug=\"gpt-4o\">\n<div class=\"flex w-full flex-col gap-1 empty:hidden first:pt-[3px]\">\n<div class=\"markdown prose dark:prose-invert w-full break-words light\">\n<p data-start=\"0\" data-end=\"270\" data-is-last-node=\"\" data-is-only-node=\"\">Trockenfutterspender f\u00fcr den Gro\u00dfhandel. Ausgestattet mit Doppelk\u00f6pfen und luftdichten Beh\u00e4ltern f\u00fcr eine effiziente und organisierte Lagerung von Mehl und Trockenfutter. Ideal f\u00fcr Gro\u00dfk\u00fcchen, B\u00e4ckereien und Lebensmitteleinzelhandelsgesch\u00e4fte. Kaufen Sie in gro\u00dfen Mengen, um Ihre Lebensmittellagerung und Ihren Service effizienter zu gestalten.<\/p>\n<\/div>\n<\/div>\n<\/div>\n<\/div>\n<\/div>\n<\/div>\n<\/div>\n<\/div>\n<\/article>\n<h2>Gro\u00dfhandelsspender f\u00fcr Trockenfutter Parameter:<\/h2>\n<p><strong>Material:<\/strong> Rostfreier Stahl, Kunststoff<br \/><strong>Entwurf:<\/strong> Mit Wasserhahn, Gestell aus rostfreiem Stahl, Sp\u00fclbecken mit L\u00f6chern<br \/><strong>Gr\u00f6\u00dfen:<\/strong> 3.5L\/7.0L\/10L<br \/><strong>Verpacken:<\/strong> Beutel\/Sammelgut\/Karton oder kundenspezifisch<br \/><strong>OEM\/ODM:<\/strong> Optional<\/p>\n<h2 class=\"wp-block-heading\">Gro\u00dfhandel Trockenfutter Dispenser Hersteller :<\/h2>\n<p>Ob Catering-Dienstleister, Hotel- und Gastst\u00e4ttengewerbe oder Veranstaltungsplaner, wir bieten Ihnen komplette Gro\u00dfhandelsl\u00f6sungen f\u00fcr Gastronomiebedarf zu hochwertigen Fabrikpreisen!<\/p>","protected":false},"featured_media":4069,"comment_status":"closed","ping_status":"closed","template":"","meta":{"_acf_changed":true},"application":[30],"product_brand":[],"product_cat":[22,34],"product_tag":[],"class_list":{"0":"post-4071","1":"product","2":"type-product","3":"status-publish","4":"has-post-thumbnail","6":"application-hotel-catering","7":"product_cat-catering-supplies-wholesale","8":"product_cat-wholesale-drink-dispenser","10":"first","11":"instock","12":"shipping-taxable","13":"product-type-simple"},"acf":[],"_links":{"self":[{"href":"https:\/\/www.yongyukitchenware.com\/de\/wp-json\/wp\/v2\/product\/4071","targetHints":{"allow":["GET"]}}],"collection":[{"href":"https:\/\/www.yongyukitchenware.com\/de\/wp-json\/wp\/v2\/product"}],"about":[{"href":"https:\/\/www.yongyukitchenware.com\/de\/wp-json\/wp\/v2\/types\/product"}],"replies":[{"embeddable":true,"href":"https:\/\/www.yongyukitchenware.com\/de\/wp-json\/wp\/v2\/comments?post=4071"}],"wp:featuredmedia":[{"embeddable":true,"href":"https:\/\/www.yongyukitchenware.com\/de\/wp-json\/wp\/v2\/media\/4069"}],"wp:attachment":[{"href":"https:\/\/www.yongyukitchenware.com\/de\/wp-json\/wp\/v2\/media?parent=4071"}],"wp:term":[{"taxonomy":"application","embeddable":true,"href":"https:\/\/www.yongyukitchenware.com\/de\/wp-json\/wp\/v2\/application?post=4071"},{"taxonomy":"product_brand","embeddable":true,"href":"https:\/\/www.yongyukitchenware.com\/de\/wp-json\/wp\/v2\/product_brand?post=4071"},{"taxonomy":"product_cat","embeddable":true,"href":"https:\/\/www.yongyukitchenware.com\/de\/wp-json\/wp\/v2\/product_cat?post=4071"},{"taxonomy":"product_tag","embeddable":true,"href":"https:\/\/www.yongyukitchenware.com\/de\/wp-json\/wp\/v2\/product_tag?post=4071"}],"curies":[{"name":"wp","href":"https:\/\/api.w.org\/{rel}","templated":true}]}}