{"id":4085,"date":"2025-06-03T07:14:29","date_gmt":"2025-06-03T07:14:29","guid":{"rendered":"https:\/\/www.yongyukitchenware.com\/?post_type=product&#038;p=4085"},"modified":"2025-06-13T02:24:00","modified_gmt":"2025-06-13T02:24:00","slug":"bulk-wooden-cereal-dispenser-luxury-dried-food-dispenser-single-head","status":"publish","type":"product","link":"https:\/\/www.yongyukitchenware.com\/de\/produkt\/bulk-wooden-cereal-dispenser-luxury-dried-food-dispenser-single-head\/","title":{"rendered":"Gro\u00dfer h\u00f6lzerner M\u00fcsli-Spender - Luxus-Spender f\u00fcr getrocknete Lebensmittel - Einzelkopf"},"content":{"rendered":"<div class=\"wp-block-columns is-layout-flex wp-container-core-columns-is-layout-9d6595d7 wp-block-columns-is-layout-flex\">\n<div class=\"wp-block-column is-layout-flow wp-block-column-is-layout-flow\">\n<h2 class=\"wp-block-heading\">Gro\u00dfer h\u00f6lzerner M\u00fcslispender Gr\u00f6\u00dfe:<\/h2>\n\n\n\n<figure class=\"wp-block-table\"><table class=\"has-fixed-layout\"><tbody><tr><td>Modell<\/td><td>Fassungsverm\u00f6gen (L)<\/td><td>MOQ<\/td><\/tr><tr><td rowspan=\"3\">DY014-GZD<\/td><td>3.5<\/td><td rowspan=\"3\">10PCS<\/td><\/tr><tr><td>7<\/td><\/tr><tr><td>10<\/td><\/tr><\/tbody><\/table><\/figure>\n\n\n\n<h2 class=\"wp-block-heading\">Bulk Cereal Dispenser aus Holz Merkmale:<\/h2>\n\n\n\n<p><strong>Mehrere Kapazit\u00e4ten:<\/strong>3,5\/7\/10 l Fassungsverm\u00f6gen stehen zur Verf\u00fcgung, um den Bedarf an verschiedenen Trockennahrungsmitteln wie K\u00f6rnern, Reis, S\u00fc\u00dfigkeiten, N\u00fcssen und sogar Tierfutter zu decken. Jeder Beh\u00e4lter hat ein Fassungsverm\u00f6gen von 3,5 Litern und bietet ausreichend Platz, um Ihre Vorr\u00e4te gut organisiert und leicht zug\u00e4nglich aufzubewahren.<br><strong>Abnehmbar: <\/strong>Das Geh\u00e4use des Verteilers, der Deckel, der Drehknopf, die Schraubeneinheit, der Holzsockel usw. sind abnehmbar, was die Reinigung erleichtert.<br><strong>Einfach zu bedienen:<\/strong> Das Design des Drehschalters erlaubt es, jeder Klinge 1 Unze zuzuweisen, was die Gewichtskontrolle einfach und effizient macht.<br><strong>Zuverl\u00e4ssig und langlebig: <\/strong>Hergestellt aus rostfreiem Stahl und hochwertigem PC, ist es robust und langlebig, in direktem Kontakt mit Lebensmitteln, mit einem h\u00f6lzernen Basis, die nicht anf\u00e4llig f\u00fcr Verformung oder Bruch ist, gew\u00e4hrleistet eine langfristige Nutzung. Leicht zu reinigen und bequem zu bedienen<br><strong>Multi-Szenario-Einsatz: <\/strong>Der Snackspender mit seinem modischen Aussehen verleiht der K\u00fcchendekoration einen frischen Look. Er hilft beim Aufbewahren und Verteilen von K\u00f6rnern, S\u00fc\u00dfigkeiten, N\u00fcssen, Kaffee, Bohnen usw. Er eignet sich f\u00fcr Wohnungen, Einkaufszentren, Caf\u00e9s, Bars usw.<\/p>\n<\/div>\n\n\n\n<div class=\"wp-block-column is-layout-flow wp-block-column-is-layout-flow\">\n<figure class=\"wp-block-image size-full\"><img decoding=\"async\" width=\"1001\" height=\"1001\" src=\"https:\/\/www.yongyukitchenware.com\/wp-content\/uploads\/2025\/06\/Bulk-Wooden-Cereal-Dispenser-8.webp\" alt=\"Bulk-Holz-Getreidespender-8\" class=\"wp-image-4093\" srcset=\"https:\/\/www.yongyukitchenware.com\/wp-content\/uploads\/2025\/06\/Bulk-Wooden-Cereal-Dispenser-8.webp 1001w, https:\/\/www.yongyukitchenware.com\/wp-content\/uploads\/2025\/06\/Bulk-Wooden-Cereal-Dispenser-8-300x300.webp 300w, https:\/\/www.yongyukitchenware.com\/wp-content\/uploads\/2025\/06\/Bulk-Wooden-Cereal-Dispenser-8-150x150.webp 150w, https:\/\/www.yongyukitchenware.com\/wp-content\/uploads\/2025\/06\/Bulk-Wooden-Cereal-Dispenser-8-768x768.webp 768w, https:\/\/www.yongyukitchenware.com\/wp-content\/uploads\/2025\/06\/Bulk-Wooden-Cereal-Dispenser-8-12x12.webp 12w, https:\/\/www.yongyukitchenware.com\/wp-content\/uploads\/2025\/06\/Bulk-Wooden-Cereal-Dispenser-8-600x600.webp 600w, https:\/\/www.yongyukitchenware.com\/wp-content\/uploads\/2025\/06\/Bulk-Wooden-Cereal-Dispenser-8-100x100.webp 100w\" sizes=\"(max-width: 1001px) 100vw, 1001px\" \/><\/figure>\n<\/div>\n<\/div>","protected":false},"excerpt":{"rendered":"<p>Der Cerealienspender aus Holz besteht aus einem einzigen Kopf und ist aus hochwertigem Holz gefertigt. Er ist ideal f\u00fcr die elegante und praktische Aufbewahrung und Ausgabe von Cerealien, getrockneten Lebensmitteln und Snacks. Perfekt f\u00fcr K\u00fcchen, Caf\u00e9s und Einzelhandelsauslagen. Kontaktieren Sie uns jetzt, um sich \u00fcber Gro\u00dfhandelspreise zu erkundigen und bestellen Sie noch heute!<\/p>\n<h2>Gro\u00dfer h\u00f6lzerner M\u00fcslispender Parameter:<\/h2>\n<p><strong>Material:<\/strong> Rostfreier Stahl, Kunststoff<br \/><strong>Entwurf:<\/strong> Mit Wasserhahn, Gestell aus rostfreiem Stahl, Sp\u00fclbecken mit L\u00f6chern<br \/><strong>Gr\u00f6\u00dfen:<\/strong> 3.5L\/7.0L\/10L<br \/><strong>Verpacken:<\/strong> Beutel\/Sammelgut\/Karton oder kundenspezifisch<br \/><strong>OEM\/ODM:<\/strong> Optional<\/p>\n<h2 class=\"wp-block-heading\">Bulk Holz M\u00fcsli Spender Hersteller :<\/h2>\n<p>Ob Catering-Dienstleister, Hotel- und Gastst\u00e4ttenbetriebe oder Veranstaltungsplaner, wir bieten Ihnen komplette Gro\u00dfhandelsl\u00f6sungen f\u00fcr Gastronomiebedarf zu hochwertigen Fabrikpreisen!<\/p>","protected":false},"featured_media":4087,"comment_status":"closed","ping_status":"closed","template":"","meta":{"_acf_changed":true},"application":[30],"product_brand":[],"product_cat":[22,34],"product_tag":[],"class_list":{"0":"post-4085","1":"product","2":"type-product","3":"status-publish","4":"has-post-thumbnail","6":"application-hotel-catering","7":"product_cat-catering-supplies-wholesale","8":"product_cat-wholesale-drink-dispenser","10":"first","11":"instock","12":"shipping-taxable","13":"product-type-simple"},"acf":[],"_links":{"self":[{"href":"https:\/\/www.yongyukitchenware.com\/de\/wp-json\/wp\/v2\/product\/4085","targetHints":{"allow":["GET"]}}],"collection":[{"href":"https:\/\/www.yongyukitchenware.com\/de\/wp-json\/wp\/v2\/product"}],"about":[{"href":"https:\/\/www.yongyukitchenware.com\/de\/wp-json\/wp\/v2\/types\/product"}],"replies":[{"embeddable":true,"href":"https:\/\/www.yongyukitchenware.com\/de\/wp-json\/wp\/v2\/comments?post=4085"}],"wp:featuredmedia":[{"embeddable":true,"href":"https:\/\/www.yongyukitchenware.com\/de\/wp-json\/wp\/v2\/media\/4087"}],"wp:attachment":[{"href":"https:\/\/www.yongyukitchenware.com\/de\/wp-json\/wp\/v2\/media?parent=4085"}],"wp:term":[{"taxonomy":"application","embeddable":true,"href":"https:\/\/www.yongyukitchenware.com\/de\/wp-json\/wp\/v2\/application?post=4085"},{"taxonomy":"product_brand","embeddable":true,"href":"https:\/\/www.yongyukitchenware.com\/de\/wp-json\/wp\/v2\/product_brand?post=4085"},{"taxonomy":"product_cat","embeddable":true,"href":"https:\/\/www.yongyukitchenware.com\/de\/wp-json\/wp\/v2\/product_cat?post=4085"},{"taxonomy":"product_tag","embeddable":true,"href":"https:\/\/www.yongyukitchenware.com\/de\/wp-json\/wp\/v2\/product_tag?post=4085"}],"curies":[{"name":"wp","href":"https:\/\/api.w.org\/{rel}","templated":true}]}}