{"id":4100,"date":"2025-06-03T07:53:06","date_gmt":"2025-06-03T07:53:06","guid":{"rendered":"https:\/\/www.yongyukitchenware.com\/?post_type=product&#038;p=4100"},"modified":"2025-06-13T02:23:38","modified_gmt":"2025-06-13T02:23:38","slug":"custom-wooden-cereal-dispenser","status":"publish","type":"product","link":"https:\/\/www.yongyukitchenware.com\/de\/produkt\/custom-wooden-cereal-dispenser\/","title":{"rendered":"Benutzerdefinierte h\u00f6lzerne Cerealien Spender Luxus getrocknete Lebensmittel Spender-Drei K\u00f6pfe"},"content":{"rendered":"<div class=\"wp-block-columns is-layout-flex wp-container-core-columns-is-layout-9d6595d7 wp-block-columns-is-layout-flex\">\n<div class=\"wp-block-column is-layout-flow wp-block-column-is-layout-flow\">\n<h2 class=\"wp-block-heading\">Kundenspezifischer h\u00f6lzerner M\u00fcslispender Gr\u00f6\u00dfe:<\/h2>\n\n\n\n<figure class=\"wp-block-table\"><table class=\"has-fixed-layout\"><tbody><tr><td>Modell<\/td><td>Fassungsverm\u00f6gen (L)<\/td><td>MOQ<\/td><\/tr><tr><td rowspan=\"3\">DY014-GZD<\/td><td>3.5<\/td><td rowspan=\"3\">10PCS<\/td><\/tr><tr><td>7<\/td><\/tr><tr><td>10<\/td><\/tr><\/tbody><\/table><\/figure>\n\n\n\n<h2 class=\"wp-block-heading\">Benutzerdefinierte h\u00f6lzerne M\u00fcsli-Spender Merkmale:<\/h2>\n\n\n\n<p><strong>Verschiedene Kapazit\u00e4ten:<\/strong>3,5\/7\/10 Liter Fassungsverm\u00f6gen sind f\u00fcr die Aufbewahrung verschiedener Arten von Trockenlebensmitteln wie K\u00f6rner, Reis, S\u00fc\u00dfigkeiten, N\u00fcsse und sogar Tierfutter vorgesehen. Jeder Beh\u00e4lter hat ein Fassungsverm\u00f6gen von 3,5 Litern und ein ausreichendes Volumen, um sicherzustellen, dass Ihre wichtigsten Lebensmittel gut organisiert und leicht zug\u00e4nglich sind.<br><strong>Abnehmbar: <\/strong>Das Geh\u00e4use des Verteilers, der Deckel, der Drehknopf, die Schraubeneinheit, der Holzsockel usw. sind abnehmbar und lassen sich leicht reinigen.<br>Einfach zu bedienen: Das Design des Drehschalters bietet jeder Klinge eine 1-Unzen-Zuordnung, wodurch die Gewichtseinstellung einfach und effektiv ist.<br><strong>Langlebig und stabil:<\/strong> Hergestellt aus rostfreiem Stahl und hochwertigem PC, ist es stark und langlebig, direkt in Kontakt mit Lebensmitteln, hat eine h\u00f6lzerne Basis, die nicht besch\u00e4digt oder gebrochen werden, und kann f\u00fcr einen langen Zeitraum verwendet werden. Bequem zu bedienen und einfach zu reinigen<br><strong>Multi-Szenario-Einsatz: <\/strong>Snackspender mit elegantem Design, bringt eine neue Mode in die K\u00fcchendekoration. Er hilft bei der Aufbewahrung und Ausgabe von K\u00f6rnern, S\u00fc\u00dfigkeiten, N\u00fcssen, Kaffee, Bohnen usw. F\u00fcr Familie, Einkaufszentren, Caf\u00e9s, Bars, etc.<\/p>\n<\/div>\n\n\n\n<div class=\"wp-block-column is-layout-flow wp-block-column-is-layout-flow\">\n<figure class=\"wp-block-image size-full\"><img decoding=\"async\" width=\"1001\" height=\"1001\" src=\"https:\/\/www.yongyukitchenware.com\/wp-content\/uploads\/2025\/06\/Bulk-Wooden-Cereal-Dispenser-8.webp\" alt=\"Holz-M\u00fcsli-Spender-8\" class=\"wp-image-4093\" srcset=\"https:\/\/www.yongyukitchenware.com\/wp-content\/uploads\/2025\/06\/Bulk-Wooden-Cereal-Dispenser-8.webp 1001w, https:\/\/www.yongyukitchenware.com\/wp-content\/uploads\/2025\/06\/Bulk-Wooden-Cereal-Dispenser-8-300x300.webp 300w, https:\/\/www.yongyukitchenware.com\/wp-content\/uploads\/2025\/06\/Bulk-Wooden-Cereal-Dispenser-8-150x150.webp 150w, https:\/\/www.yongyukitchenware.com\/wp-content\/uploads\/2025\/06\/Bulk-Wooden-Cereal-Dispenser-8-768x768.webp 768w, https:\/\/www.yongyukitchenware.com\/wp-content\/uploads\/2025\/06\/Bulk-Wooden-Cereal-Dispenser-8-12x12.webp 12w, https:\/\/www.yongyukitchenware.com\/wp-content\/uploads\/2025\/06\/Bulk-Wooden-Cereal-Dispenser-8-600x600.webp 600w, https:\/\/www.yongyukitchenware.com\/wp-content\/uploads\/2025\/06\/Bulk-Wooden-Cereal-Dispenser-8-100x100.webp 100w\" sizes=\"(max-width: 1001px) 100vw, 1001px\" \/><\/figure>\n<\/div>\n<\/div>","protected":false},"excerpt":{"rendered":"<p>Der Cerealienspender aus Holz ist ein luxuri\u00f6ser Trockennahrungsspender mit drei K\u00f6pfen, der f\u00fcr die elegante Organisation und Ausgabe von Cerealien, K\u00f6rnern oder Snacks in gehobenen Hotels, Fr\u00fchst\u00fccksbars oder Privathaushalten konzipiert ist. Die Holzoberfl\u00e4che verleiht ihm einen Hauch von Eleganz und gew\u00e4hrleistet gleichzeitig praktische Funktionalit\u00e4t. Bitte kontaktieren Sie uns.<\/p>\n<h2>Benutzerdefinierte h\u00f6lzerne M\u00fcsli-Spender Parameter:<\/h2>\n<p><strong>Material:<\/strong> Rostfreier Stahl, Kunststoff<br \/><strong>Entwurf:<\/strong> Mit Wasserhahn, Gestell aus rostfreiem Stahl, Sp\u00fclbecken mit L\u00f6chern<br \/><strong>Gr\u00f6\u00dfen:<\/strong> 3.5L\/7.0L\/10L<br \/><strong>Verpacken:<\/strong> Beutel\/Sammelgut\/Karton oder kundenspezifisch<br \/><strong>OEM\/ODM:<\/strong> Optional<\/p>\n<h2 class=\"wp-block-heading\">Bulk Holz M\u00fcsli Spender Hersteller :<\/h2>\n<p>Ob Catering-Dienstleister, Hotel- und Gastst\u00e4ttenbetriebe oder Veranstaltungsplaner, wir bieten Ihnen komplette Gro\u00dfhandelsl\u00f6sungen f\u00fcr Gastronomiebedarf zu hochwertigen Fabrikpreisen!<\/p>","protected":false},"featured_media":4088,"comment_status":"closed","ping_status":"closed","template":"","meta":{"_acf_changed":false},"application":[30],"product_brand":[],"product_cat":[22,34],"product_tag":[],"class_list":{"0":"post-4100","1":"product","2":"type-product","3":"status-publish","4":"has-post-thumbnail","6":"application-hotel-catering","7":"product_cat-catering-supplies-wholesale","8":"product_cat-wholesale-drink-dispenser","10":"first","11":"instock","12":"shipping-taxable","13":"product-type-simple"},"acf":[],"_links":{"self":[{"href":"https:\/\/www.yongyukitchenware.com\/de\/wp-json\/wp\/v2\/product\/4100","targetHints":{"allow":["GET"]}}],"collection":[{"href":"https:\/\/www.yongyukitchenware.com\/de\/wp-json\/wp\/v2\/product"}],"about":[{"href":"https:\/\/www.yongyukitchenware.com\/de\/wp-json\/wp\/v2\/types\/product"}],"replies":[{"embeddable":true,"href":"https:\/\/www.yongyukitchenware.com\/de\/wp-json\/wp\/v2\/comments?post=4100"}],"wp:featuredmedia":[{"embeddable":true,"href":"https:\/\/www.yongyukitchenware.com\/de\/wp-json\/wp\/v2\/media\/4088"}],"wp:attachment":[{"href":"https:\/\/www.yongyukitchenware.com\/de\/wp-json\/wp\/v2\/media?parent=4100"}],"wp:term":[{"taxonomy":"application","embeddable":true,"href":"https:\/\/www.yongyukitchenware.com\/de\/wp-json\/wp\/v2\/application?post=4100"},{"taxonomy":"product_brand","embeddable":true,"href":"https:\/\/www.yongyukitchenware.com\/de\/wp-json\/wp\/v2\/product_brand?post=4100"},{"taxonomy":"product_cat","embeddable":true,"href":"https:\/\/www.yongyukitchenware.com\/de\/wp-json\/wp\/v2\/product_cat?post=4100"},{"taxonomy":"product_tag","embeddable":true,"href":"https:\/\/www.yongyukitchenware.com\/de\/wp-json\/wp\/v2\/product_tag?post=4100"}],"curies":[{"name":"wp","href":"https:\/\/api.w.org\/{rel}","templated":true}]}}