{"id":4128,"date":"2025-06-18T07:37:30","date_gmt":"2025-06-18T07:37:30","guid":{"rendered":"https:\/\/www.yongyukitchenware.com\/?post_type=product&#038;p=4128"},"modified":"2025-06-18T07:37:32","modified_gmt":"2025-06-18T07:37:32","slug":"custom-16l-juice-dispenser-cold-and-hot-beer-tower-coffee-dispenser-silver","status":"publish","type":"product","link":"https:\/\/www.yongyukitchenware.com\/de\/produkt\/custom-16l-juice-dispenser-cold-and-hot-beer-tower-coffee-dispenser-silver\/","title":{"rendered":"Kundenspezifischer 16L Saftspender Kalt- und Hei\u00dfbier-Turm-Kaffeespender-Silber"},"content":{"rendered":"<div class=\"wp-block-columns is-layout-flex wp-container-core-columns-is-layout-9d6595d7 wp-block-columns-is-layout-flex\">\n<div class=\"wp-block-column is-layout-flow wp-block-column-is-layout-flow\">\n<h2 class=\"wp-block-heading\">Kundenspezifischer 16L-Saft-Spender Gr\u00f6\u00dfe:<\/h2>\n\n\n\n<figure class=\"wp-block-table\"><table class=\"has-fixed-layout\"><tbody><tr><td>Modell<\/td><td>Fassungsverm\u00f6gen (L)<\/td><td>MOQ<\/td><\/tr><tr><td rowspan=\"2\">DY009-GZD<\/td><td>8<\/td><td rowspan=\"2\">8PCS<\/td><\/tr><tr><td>16<\/td><\/tr><\/tbody><\/table><\/figure>\n\n\n\n<h2 class=\"wp-block-heading\">Kundenspezifischer 16L-Saft-Spender Merkmale:<\/h2>\n\n\n\n<p><strong>Hochhitzebest\u00e4ndiges Fassgeh\u00e4use: <\/strong>Fassk\u00f6rper aus Hochleistungs-PC-Material, glas\u00e4hnliches Aussehen, k\u00e4lte- und hitzebest\u00e4ndig und langlebig<br><strong>Tropffreier Wasserhahn: <\/strong>Luxuri\u00f6ser Wasserhahn aus Harz und Edelstahl, flie\u00dfendes Wasser wie Seide, ohne zu tropfen oder auszulaufen, langlebig<br><strong>Gro\u00dfe Kapazit\u00e4t: <\/strong>Abgef\u00fcllt in einzelne 8-Liter-Kanister und doppelte 16-Liter-Kanister, mit vielen Getr\u00e4nken, S\u00e4ften, Kaffee usw., die von mehreren Personen geteilt werden k\u00f6nnen.<br><strong>Ausgezeichnete Temperaturhaltefunktion: <\/strong>Die innere Struktur des Getr\u00e4nkeautomaten ist eine Eiss\u00e4ulenstruktur, in die Eis oder hei\u00dfes Wasser eingef\u00fcllt werden kann, um die Getr\u00e4nketemperatur zu halten, so dass das Getr\u00e4nk l\u00e4nger in seinem optimalen Trinkzustand bleiben kann.<br><strong>Spritzwassergesch\u00fctztes Waschbecken: <\/strong>Kann f\u00fcr eine einfache Reinigung nach Belieben zerlegt werden.<\/p>\n<\/div>\n\n\n\n<div class=\"wp-block-column is-layout-flow wp-block-column-is-layout-flow\">\n<figure class=\"wp-block-image size-full is-style-default\"><img decoding=\"async\" width=\"949\" height=\"1425\" src=\"https:\/\/www.yongyukitchenware.com\/wp-content\/uploads\/2025\/05\/Bulk-8L-Juice-Dispenser-3.webp\" alt=\"Gro\u00dfhandel-8L-Saft-Spender-3\" class=\"wp-image-4013\" srcset=\"https:\/\/www.yongyukitchenware.com\/wp-content\/uploads\/2025\/05\/Bulk-8L-Juice-Dispenser-3.webp 949w, https:\/\/www.yongyukitchenware.com\/wp-content\/uploads\/2025\/05\/Bulk-8L-Juice-Dispenser-3-200x300.webp 200w, https:\/\/www.yongyukitchenware.com\/wp-content\/uploads\/2025\/05\/Bulk-8L-Juice-Dispenser-3-768x1153.webp 768w, https:\/\/www.yongyukitchenware.com\/wp-content\/uploads\/2025\/05\/Bulk-8L-Juice-Dispenser-3-8x12.webp 8w, https:\/\/www.yongyukitchenware.com\/wp-content\/uploads\/2025\/05\/Bulk-8L-Juice-Dispenser-3-600x901.webp 600w\" sizes=\"(max-width: 949px) 100vw, 949px\" \/><\/figure>\n<\/div>\n<\/div>","protected":false},"excerpt":{"rendered":"<p>Kundenspezifischer 16-Liter-Saftdispenser. Ausgestattet mit doppelter Temperaturregelung f\u00fcr hei\u00dfe und kalte Getr\u00e4nke in einem schlanken 16-Liter-Turmdesign. Perfekt f\u00fcr Restaurants, Hotels, Bars und Veranstaltungsorte. Schlie\u00dfen Sie sich jetzt mit uns zusammen, um ma\u00dfgeschneiderte L\u00f6sungen f\u00fcr gro\u00dfe Mengen und wettbewerbsf\u00e4hige B2B-Angebote zu erhalten.<\/p>\n<h2>Kundenspezifischer 16L-Saft-Spender Parameter:<\/h2>\n<p><strong>Material:<\/strong> Rostfreier Stahl, Kunststoff<br \/><strong>Entwurf:<\/strong> Mit Wasserhahn, Gestell aus rostfreiem Stahl, Sp\u00fclbecken mit L\u00f6chern<br \/><strong>Gr\u00f6\u00dfen:<\/strong> 8L \/16L<br \/><strong>Verpacken:<\/strong> Beutel\/Sammelgut\/Karton oder kundenspezifisch<br \/><strong>OEM\/ODM:<\/strong> Optional<\/p>\n<h2 class=\"wp-block-heading\">Benutzerdefinierte 16L Saftspender Hersteller :<\/h2>\n<p>Ob Catering-Dienstleister, Hotel- und Gastst\u00e4ttenbetriebe oder Veranstaltungsplaner, wir bieten Ihnen komplette Gro\u00dfhandelsl\u00f6sungen f\u00fcr Gastronomiebedarf zu hochwertigen Fabrikpreisen!<\/p>","protected":false},"featured_media":4127,"comment_status":"closed","ping_status":"closed","template":"","meta":{"_acf_changed":true},"application":[30],"product_brand":[],"product_cat":[22,34],"product_tag":[],"class_list":{"0":"post-4128","1":"product","2":"type-product","3":"status-publish","4":"has-post-thumbnail","6":"application-hotel-catering","7":"product_cat-catering-supplies-wholesale","8":"product_cat-wholesale-drink-dispenser","10":"first","11":"instock","12":"shipping-taxable","13":"product-type-simple"},"acf":[],"_links":{"self":[{"href":"https:\/\/www.yongyukitchenware.com\/de\/wp-json\/wp\/v2\/product\/4128","targetHints":{"allow":["GET"]}}],"collection":[{"href":"https:\/\/www.yongyukitchenware.com\/de\/wp-json\/wp\/v2\/product"}],"about":[{"href":"https:\/\/www.yongyukitchenware.com\/de\/wp-json\/wp\/v2\/types\/product"}],"replies":[{"embeddable":true,"href":"https:\/\/www.yongyukitchenware.com\/de\/wp-json\/wp\/v2\/comments?post=4128"}],"wp:featuredmedia":[{"embeddable":true,"href":"https:\/\/www.yongyukitchenware.com\/de\/wp-json\/wp\/v2\/media\/4127"}],"wp:attachment":[{"href":"https:\/\/www.yongyukitchenware.com\/de\/wp-json\/wp\/v2\/media?parent=4128"}],"wp:term":[{"taxonomy":"application","embeddable":true,"href":"https:\/\/www.yongyukitchenware.com\/de\/wp-json\/wp\/v2\/application?post=4128"},{"taxonomy":"product_brand","embeddable":true,"href":"https:\/\/www.yongyukitchenware.com\/de\/wp-json\/wp\/v2\/product_brand?post=4128"},{"taxonomy":"product_cat","embeddable":true,"href":"https:\/\/www.yongyukitchenware.com\/de\/wp-json\/wp\/v2\/product_cat?post=4128"},{"taxonomy":"product_tag","embeddable":true,"href":"https:\/\/www.yongyukitchenware.com\/de\/wp-json\/wp\/v2\/product_tag?post=4128"}],"curies":[{"name":"wp","href":"https:\/\/api.w.org\/{rel}","templated":true}]}}