{"id":4129,"date":"2025-06-16T06:36:47","date_gmt":"2025-06-16T06:36:47","guid":{"rendered":"https:\/\/www.yongyukitchenware.com\/?post_type=product&#038;p=4129"},"modified":"2025-06-16T06:36:48","modified_gmt":"2025-06-16T06:36:48","slug":"16l-juice-dispenser-in-bulk","status":"publish","type":"product","link":"https:\/\/www.yongyukitchenware.com\/de\/produkt\/16l-juice-dispenser-in-bulk\/","title":{"rendered":"16L Juice Dispenser in Bulk Kaltes und hei\u00dfes Bier Tower Coffee Dispenser-Semi Gold Plated"},"content":{"rendered":"<div class=\"wp-block-columns is-layout-flex wp-container-core-columns-is-layout-9d6595d7 wp-block-columns-is-layout-flex\">\n<div class=\"wp-block-column is-layout-flow wp-block-column-is-layout-flow\">\n<h2 class=\"wp-block-heading\">16-Liter-Saft-Spender in Gro\u00dfpackung:<\/h2>\n\n\n\n<figure class=\"wp-block-table\"><table class=\"has-fixed-layout\"><tbody><tr><td>Modell<\/td><td>Fassungsverm\u00f6gen (L)<\/td><td>MOQ<\/td><\/tr><tr><td rowspan=\"2\">DY009-GZD<\/td><td>8<\/td><td rowspan=\"2\">8PCS<\/td><\/tr><tr><td>16<\/td><\/tr><\/tbody><\/table><\/figure>\n\n\n\n<h2 class=\"wp-block-heading\">16L Saftspender in Bulk Eigenschaften:<\/h2>\n\n\n\n<p><strong>Hitzebest\u00e4ndiges Fassgeh\u00e4use: <\/strong>Hochwertiges PC-Material wird f\u00fcr den Korpus verwendet, glasartig transparent, k\u00e4lte- und hitzebest\u00e4ndig und langlebig<br>Anti-Tropf-Wasserhahn: Harz + Edelstahl-Hahn, glatter, seidiger Wasserfluss ohne Tropfen oder Leckage, langlebig<br><strong>Riesige Kapazit\u00e4t:<\/strong> Sie k\u00f6nnen als einzelne 8-Liter-Kanister oder als 16-Liter-Doppelkanister gekauft werden, die mit einer Auswahl an Getr\u00e4nken, S\u00e4ften, Kaffee usw. gef\u00fcllt und f\u00fcr eine gro\u00dfe Anzahl von Personen verwendet werden k\u00f6nnen.<br><strong>Gutes W\u00e4rmer\u00fcckhalteverm\u00f6gen:<\/strong> Der Innenraum des Getr\u00e4nkeautomaten ist als Eiss\u00e4ulenstruktur konzipiert, in die Eisbl\u00f6cke oder hei\u00dfes Wasser eingef\u00fcllt werden k\u00f6nnen, um die Temperatur des Getr\u00e4nks zu halten und es so lange trinkbar zu machen.<br><strong>Spritzwassergesch\u00fctztes Waschbecken: <\/strong>Wegwerfbar, wann immer es sich anbietet, damit es leicht zu reinigen ist.<\/p>\n<\/div>\n\n\n\n<div class=\"wp-block-column is-layout-flow wp-block-column-is-layout-flow\">\n<figure class=\"wp-block-image size-full is-style-default\"><img decoding=\"async\" width=\"949\" height=\"1425\" src=\"https:\/\/www.yongyukitchenware.com\/wp-content\/uploads\/2025\/05\/Bulk-8L-Juice-Dispenser-3.webp\" alt=\"8L-Saft-Spender-unverpackt-3\" class=\"wp-image-4013\" srcset=\"https:\/\/www.yongyukitchenware.com\/wp-content\/uploads\/2025\/05\/Bulk-8L-Juice-Dispenser-3.webp 949w, https:\/\/www.yongyukitchenware.com\/wp-content\/uploads\/2025\/05\/Bulk-8L-Juice-Dispenser-3-200x300.webp 200w, https:\/\/www.yongyukitchenware.com\/wp-content\/uploads\/2025\/05\/Bulk-8L-Juice-Dispenser-3-768x1153.webp 768w, https:\/\/www.yongyukitchenware.com\/wp-content\/uploads\/2025\/05\/Bulk-8L-Juice-Dispenser-3-8x12.webp 8w, https:\/\/www.yongyukitchenware.com\/wp-content\/uploads\/2025\/05\/Bulk-8L-Juice-Dispenser-3-600x901.webp 600w\" sizes=\"(max-width: 949px) 100vw, 949px\" \/><\/figure>\n<\/div>\n<\/div>","protected":false},"excerpt":{"rendered":"<article class=\"text-token-text-primary w-full\" dir=\"auto\" data-testid=\"conversation-turn-4\" data-scroll-anchor=\"true\">\n<div class=\"text-base my-auto mx-auto py-5 [--thread-content-margin:--spacing(4)] @[37rem]:[--thread-content-margin:--spacing(6)] @[72rem]:[--thread-content-margin:--spacing(16)] px-(--thread-content-margin)\">\n<div class=\"[--thread-content-max-width:32rem] @[34rem]:[--thread-content-max-width:40rem] @[64rem]:[--thread-content-max-width:48rem] mx-auto flex max-w-(--thread-content-max-width) flex-1 text-base gap-4 md:gap-5 lg:gap-6 group\/turn-messages focus-visible:outline-hidden\" tabindex=\"-1\">\n<div class=\"group\/conversation-turn relative flex w-full min-w-0 flex-col agent-turn\">\n<div class=\"relative flex-col gap-1 md:gap-3\">\n<div class=\"flex max-w-full flex-col grow\">\n<div class=\"min-h-8 text-message relative flex w-full flex-col items-end gap-2 text-start break-words whitespace-normal [.text-message+&amp;]:mt-5\" dir=\"auto\" data-message-author-role=\"assistant\" data-message-id=\"9bcddfd6-70c4-41a9-8e09-e8b0c37403d6\" data-message-model-slug=\"gpt-4o\">\n<div class=\"flex w-full flex-col gap-1 empty:hidden first:pt-[3px]\">\n<div class=\"markdown prose dark:prose-invert w-full break-words light\">\n<p data-start=\"0\" data-end=\"281\" data-is-last-node=\"\" data-is-only-node=\"\">Unser 16-Liter-Saftspender in loser Sch\u00fcttung. Verf\u00fcgt \u00fcber ein gro\u00dfes Fassungsverm\u00f6gen von 16 Litern mit Halterung f\u00fcr hei\u00dfe und kalte Getr\u00e4nke, veredelt durch eine halbvergoldete Oberfl\u00e4che. Ideal f\u00fcr Hotels, Buffets, Caf\u00e9s und Event-Catering. Kaufen Sie in gro\u00dfen Mengen, um Ihren Getr\u00e4nkeservice mit Stil und Effizienz zu verbessern.<\/p>\n<\/div>\n<\/div>\n<\/div>\n<\/div>\n<\/div>\n<div class=\"absolute\">\n<div>\u00a0<\/div>\n<h2 class=\"flex items-center justify-center\">16-Liter-Saft-Spender in loser Sch\u00fcttung Parameter:<\/h2>\n<\/div>\n<\/div>\n<\/div>\n<\/div>\n<\/article>\n<p><strong>Material:<\/strong> Rostfreier Stahl, Kunststoff<br \/><strong>Entwurf:<\/strong> Mit Wasserhahn, Gestell aus rostfreiem Stahl, Sp\u00fclbecken mit L\u00f6chern<br \/><strong>Gr\u00f6\u00dfen:<\/strong> 8L \/16L<br \/><strong>Verpacken:<\/strong> Beutel\/Sammelgut\/Karton oder kundenspezifisch<br \/><strong>OEM\/ODM:<\/strong> Optional<\/p>\n<h2 class=\"wp-block-heading\">16L Juice Dispenser in Bulk Hersteller :<\/h2>\n<p>Ob Catering-Dienstleister, Hotel- und Gastst\u00e4ttenbetriebe oder Veranstaltungsplaner, wir bieten Ihnen komplette Gro\u00dfhandelsl\u00f6sungen f\u00fcr Gastronomiebedarf zu hochwertigen Fabrikpreisen!<\/p>","protected":false},"featured_media":4125,"comment_status":"closed","ping_status":"closed","template":"","meta":{"_acf_changed":false},"application":[30],"product_brand":[],"product_cat":[22,34],"product_tag":[],"class_list":{"0":"post-4129","1":"product","2":"type-product","3":"status-publish","4":"has-post-thumbnail","6":"application-hotel-catering","7":"product_cat-catering-supplies-wholesale","8":"product_cat-wholesale-drink-dispenser","10":"first","11":"instock","12":"shipping-taxable","13":"product-type-simple"},"acf":[],"_links":{"self":[{"href":"https:\/\/www.yongyukitchenware.com\/de\/wp-json\/wp\/v2\/product\/4129","targetHints":{"allow":["GET"]}}],"collection":[{"href":"https:\/\/www.yongyukitchenware.com\/de\/wp-json\/wp\/v2\/product"}],"about":[{"href":"https:\/\/www.yongyukitchenware.com\/de\/wp-json\/wp\/v2\/types\/product"}],"replies":[{"embeddable":true,"href":"https:\/\/www.yongyukitchenware.com\/de\/wp-json\/wp\/v2\/comments?post=4129"}],"wp:featuredmedia":[{"embeddable":true,"href":"https:\/\/www.yongyukitchenware.com\/de\/wp-json\/wp\/v2\/media\/4125"}],"wp:attachment":[{"href":"https:\/\/www.yongyukitchenware.com\/de\/wp-json\/wp\/v2\/media?parent=4129"}],"wp:term":[{"taxonomy":"application","embeddable":true,"href":"https:\/\/www.yongyukitchenware.com\/de\/wp-json\/wp\/v2\/application?post=4129"},{"taxonomy":"product_brand","embeddable":true,"href":"https:\/\/www.yongyukitchenware.com\/de\/wp-json\/wp\/v2\/product_brand?post=4129"},{"taxonomy":"product_cat","embeddable":true,"href":"https:\/\/www.yongyukitchenware.com\/de\/wp-json\/wp\/v2\/product_cat?post=4129"},{"taxonomy":"product_tag","embeddable":true,"href":"https:\/\/www.yongyukitchenware.com\/de\/wp-json\/wp\/v2\/product_tag?post=4129"}],"curies":[{"name":"wp","href":"https:\/\/api.w.org\/{rel}","templated":true}]}}