{"id":4141,"date":"2025-06-18T07:11:20","date_gmt":"2025-06-18T07:11:20","guid":{"rendered":"https:\/\/www.yongyukitchenware.com\/?post_type=product&#038;p=4141"},"modified":"2025-06-18T07:11:22","modified_gmt":"2025-06-18T07:11:22","slug":"10l-ceramic-electric-milk-dispenser-in-bulk-with-wooden-stand-yellow","status":"publish","type":"product","link":"https:\/\/www.yongyukitchenware.com\/de\/produkt\/10l-ceramic-electric-milk-dispenser-in-bulk-with-wooden-stand-yellow\/","title":{"rendered":"Elektrischer 10L Keramik-Milchspender mit Holzst\u00e4nder - gelb"},"content":{"rendered":"<div class=\"wp-block-columns is-layout-flex wp-container-core-columns-is-layout-9d6595d7 wp-block-columns-is-layout-flex\">\n<div class=\"wp-block-column is-layout-flow wp-block-column-is-layout-flow\">\n<h2 class=\"wp-block-heading\">Elektrischer 10-Liter-Keramik-Milchspender in Gro\u00dfpackungen:<\/h2>\n\n\n\n<figure class=\"wp-block-table\"><table class=\"has-fixed-layout\"><tbody><tr><td>Modell<\/td><td>Fassungsverm\u00f6gen (L)<\/td><td>MOQ<\/td><\/tr><tr><td>DY010-GZD<\/td><td>10<\/td><td>4PCS<\/td><\/tr><\/tbody><\/table><\/figure>\n\n\n\n<h2 class=\"wp-block-heading\">Elektrischer 10-Liter-Keramik-Milchspender in loser Sch\u00fcttung Merkmale:<\/h2>\n\n\n\n<p><strong>Strapazierf\u00e4hig und langlebig: <\/strong>Keramikk\u00f6rper der Flasche + Edelstahl + Massivholzboden. Edelstahl Material von hoher Qualit\u00e4t ist sicher, rostfrei und einfach zu reinigen<br><strong>Verdickter Wasserhahn: <\/strong>Wasserh\u00e4hne aus Edelstahl sind verschlei\u00dffest, laufen nicht aus und rosten nicht, und das Wasser flie\u00dft gleichm\u00e4\u00dfig.<br><strong>Hohe Kapazit\u00e4t zur Deckung der hohen Nachfrage:<\/strong> Dank seines hohen Fassungsverm\u00f6gens von 10 Litern bietet er ausreichend Kapazit\u00e4t, um den Bedarf von Caf\u00e9s, Restaurants und kommerziellen Umgebungen zu decken.<br><strong>Multi-Szenario-Anwendung: <\/strong>Es gibt eine Vielzahl von Farben, die ausgew\u00e4hlt werden k\u00f6nnen, wie z.B. gelb, rot, wei\u00df, und gr\u00fcn. Das modische Aussehen verleiht der K\u00fcche einen neuen Look. Es ist Multi-Szenario mit Heizung und hat auch eine Speicherfunktion f\u00fcr Fruchtsaft, Gem\u00fcsesaft, Kaffee, Milch, Sojamilch, Tee, Bier, etc.<\/p>\n<\/div>\n\n\n\n<div class=\"wp-block-column is-layout-flow wp-block-column-is-layout-flow\">\n<figure class=\"wp-block-image size-full is-style-default\"><img decoding=\"async\" width=\"800\" height=\"800\" src=\"https:\/\/www.yongyukitchenware.com\/wp-content\/uploads\/2025\/06\/Bulk-10L-Ceramic-Electric-Milk-Dispenser-2.webp\" alt=\"Bulk-10L-Keramik-Elektro-Milchspender-2\" class=\"wp-image-4134\" srcset=\"https:\/\/www.yongyukitchenware.com\/wp-content\/uploads\/2025\/06\/Bulk-10L-Ceramic-Electric-Milk-Dispenser-2.webp 800w, https:\/\/www.yongyukitchenware.com\/wp-content\/uploads\/2025\/06\/Bulk-10L-Ceramic-Electric-Milk-Dispenser-2-300x300.webp 300w, https:\/\/www.yongyukitchenware.com\/wp-content\/uploads\/2025\/06\/Bulk-10L-Ceramic-Electric-Milk-Dispenser-2-150x150.webp 150w, https:\/\/www.yongyukitchenware.com\/wp-content\/uploads\/2025\/06\/Bulk-10L-Ceramic-Electric-Milk-Dispenser-2-768x768.webp 768w, https:\/\/www.yongyukitchenware.com\/wp-content\/uploads\/2025\/06\/Bulk-10L-Ceramic-Electric-Milk-Dispenser-2-12x12.webp 12w, https:\/\/www.yongyukitchenware.com\/wp-content\/uploads\/2025\/06\/Bulk-10L-Ceramic-Electric-Milk-Dispenser-2-600x600.webp 600w, https:\/\/www.yongyukitchenware.com\/wp-content\/uploads\/2025\/06\/Bulk-10L-Ceramic-Electric-Milk-Dispenser-2-100x100.webp 100w\" sizes=\"(max-width: 800px) 100vw, 800px\" \/><\/figure>\n<\/div>\n<\/div>","protected":false},"excerpt":{"rendered":"<p>Elektrischer 10-Liter-Keramik-Milchspender in gro\u00dfen Mengen. Mit einem Fassungsverm\u00f6gen von 10 Litern, keramischer Isolierung und elektrischer Heizung f\u00fcr eine konstante Milchtemperatur. Ideal f\u00fcr Caf\u00e9s, Fr\u00fchst\u00fccksbuffets und Catering-Veranstaltungen. Kontaktieren Sie uns noch heute f\u00fcr Gro\u00dfhandelspreise und Partnerschaftsm\u00f6glichkeiten.<\/p>\n<h2>Elektrischer 10-Liter-Keramik-Milchspender in loser Sch\u00fcttung Parameter:<\/h2>\n<p><strong>Material:<\/strong> Rostfreier Stahl, Kunststoff<br \/><strong>Entwurf:<\/strong> Mit Wasserhahn, Gestell aus rostfreiem Stahl, Sp\u00fclbecken mit L\u00f6chern<br \/><strong>Gr\u00f6\u00dfen:<\/strong> 10L<br \/><strong>Verpacken:<\/strong> Beutel\/Sammelgut\/Karton oder kundenspezifisch<br \/><strong>OEM\/ODM:<\/strong> Optional<\/p>\n<h2 class=\"wp-block-heading\">Bulk 10L keramische elektrische Milchspender Hersteller :<\/h2>\n<p>Ob Catering-Dienstleister, Hotel- und Gastst\u00e4ttengewerbe oder Veranstaltungsplaner, wir bieten Ihnen komplette Gro\u00dfhandelsl\u00f6sungen f\u00fcr Gastronomiebedarf zu hochwertigen Fabrikpreisen!<\/p>","protected":false},"featured_media":4134,"comment_status":"closed","ping_status":"closed","template":"","meta":{"_acf_changed":true},"application":[30],"product_brand":[],"product_cat":[22,34],"product_tag":[],"class_list":{"0":"post-4141","1":"product","2":"type-product","3":"status-publish","4":"has-post-thumbnail","6":"application-hotel-catering","7":"product_cat-catering-supplies-wholesale","8":"product_cat-wholesale-drink-dispenser","10":"first","11":"instock","12":"shipping-taxable","13":"product-type-simple"},"acf":[],"_links":{"self":[{"href":"https:\/\/www.yongyukitchenware.com\/de\/wp-json\/wp\/v2\/product\/4141","targetHints":{"allow":["GET"]}}],"collection":[{"href":"https:\/\/www.yongyukitchenware.com\/de\/wp-json\/wp\/v2\/product"}],"about":[{"href":"https:\/\/www.yongyukitchenware.com\/de\/wp-json\/wp\/v2\/types\/product"}],"replies":[{"embeddable":true,"href":"https:\/\/www.yongyukitchenware.com\/de\/wp-json\/wp\/v2\/comments?post=4141"}],"wp:featuredmedia":[{"embeddable":true,"href":"https:\/\/www.yongyukitchenware.com\/de\/wp-json\/wp\/v2\/media\/4134"}],"wp:attachment":[{"href":"https:\/\/www.yongyukitchenware.com\/de\/wp-json\/wp\/v2\/media?parent=4141"}],"wp:term":[{"taxonomy":"application","embeddable":true,"href":"https:\/\/www.yongyukitchenware.com\/de\/wp-json\/wp\/v2\/application?post=4141"},{"taxonomy":"product_brand","embeddable":true,"href":"https:\/\/www.yongyukitchenware.com\/de\/wp-json\/wp\/v2\/product_brand?post=4141"},{"taxonomy":"product_cat","embeddable":true,"href":"https:\/\/www.yongyukitchenware.com\/de\/wp-json\/wp\/v2\/product_cat?post=4141"},{"taxonomy":"product_tag","embeddable":true,"href":"https:\/\/www.yongyukitchenware.com\/de\/wp-json\/wp\/v2\/product_tag?post=4141"}],"curies":[{"name":"wp","href":"https:\/\/api.w.org\/{rel}","templated":true}]}}