{"id":4142,"date":"2025-06-11T03:09:05","date_gmt":"2025-06-11T03:09:05","guid":{"rendered":"https:\/\/www.yongyukitchenware.com\/?post_type=product&#038;p=4142"},"modified":"2025-06-13T02:04:06","modified_gmt":"2025-06-13T02:04:06","slug":"wholesale-10l-ceramic-electric-milk-dispenser-with-wooden-stand-green","status":"publish","type":"product","link":"https:\/\/www.yongyukitchenware.com\/de\/produkt\/wholesale-10l-ceramic-electric-milk-dispenser-with-wooden-stand-green\/","title":{"rendered":"Gro\u00dfhandel 10L keramische elektrische Milchspender mit h\u00f6lzernen Stand-Gr\u00fcn"},"content":{"rendered":"<div class=\"wp-block-columns is-layout-flex wp-container-core-columns-is-layout-9d6595d7 wp-block-columns-is-layout-flex\">\n<div class=\"wp-block-column is-layout-flow wp-block-column-is-layout-flow\">\n<h2 class=\"wp-block-heading\">Gro\u00dfhandel 10L keramische elektrische Milchspender Gr\u00f6\u00dfe:<\/h2>\n\n\n\n<figure class=\"wp-block-table\"><table class=\"has-fixed-layout\"><tbody><tr><td>Modell<\/td><td>Fassungsverm\u00f6gen (L)<\/td><td>MOQ<\/td><\/tr><tr><td>DY010-GZD<\/td><td>10<\/td><td>4PCS<\/td><\/tr><\/tbody><\/table><\/figure>\n\n\n\n<h2 class=\"wp-block-heading\">Gro\u00dfhandel 10L keramische elektrische Milchspender Merkmale:<\/h2>\n\n\n\n<p><strong>Langlebig und robust:<\/strong> Flaschenk\u00f6rper aus Keramik + Edelstahl + Massivholzboden. Hochwertiges Edelstahl-Material ist sicher, nicht anf\u00e4llig f\u00fcr Rost und leicht zu reinigen<br><strong>Verdickter Wasserhahn: <\/strong>Wasserh\u00e4hne aus Edelstahl sind langlebig, verhindern das Tropfen und Rosten und sorgen f\u00fcr einen reibungslosen Wasserfluss<br><strong>Gro\u00dfe Kapazit\u00e4t zur Deckung einer gro\u00dfen Nachfrage:<\/strong> Mit einem gro\u00dfen Fassungsverm\u00f6gen von 10 Litern bietet er ausreichend Kapazit\u00e4t, um die Anforderungen von Caf\u00e9s, Restaurants und kommerziellen Umgebungen zu erf\u00fcllen.<br><strong>Multi-Szenario-Nutzung:<\/strong> Mehrere Farben wie Gelb, Rot, Wei\u00df und Gr\u00fcn stehen zur Auswahl. Das modische Aussehen verleiht der K\u00fcche einen brandneuen Look. Er ist multifunktional mit Heizfunktion und kann Fruchtsaft, Gem\u00fcsesaft, Kaffee, Milch, Sojamilch, Tee, Bier, etc. aufbewahren.<\/p>\n<\/div>\n\n\n\n<div class=\"wp-block-column is-layout-flow wp-block-column-is-layout-flow\">\n<figure class=\"wp-block-image size-full is-style-default\"><img decoding=\"async\" width=\"800\" height=\"800\" src=\"https:\/\/www.yongyukitchenware.com\/wp-content\/uploads\/2025\/06\/Bulk-10L-Ceramic-Electric-Milk-Dispenser-4.webp\" alt=\"Gro\u00dfhandel-10L-Keramik-Elektro-Milchspender-4\" class=\"wp-image-4136\" srcset=\"https:\/\/www.yongyukitchenware.com\/wp-content\/uploads\/2025\/06\/Bulk-10L-Ceramic-Electric-Milk-Dispenser-4.webp 800w, https:\/\/www.yongyukitchenware.com\/wp-content\/uploads\/2025\/06\/Bulk-10L-Ceramic-Electric-Milk-Dispenser-4-300x300.webp 300w, https:\/\/www.yongyukitchenware.com\/wp-content\/uploads\/2025\/06\/Bulk-10L-Ceramic-Electric-Milk-Dispenser-4-150x150.webp 150w, https:\/\/www.yongyukitchenware.com\/wp-content\/uploads\/2025\/06\/Bulk-10L-Ceramic-Electric-Milk-Dispenser-4-768x768.webp 768w, https:\/\/www.yongyukitchenware.com\/wp-content\/uploads\/2025\/06\/Bulk-10L-Ceramic-Electric-Milk-Dispenser-4-12x12.webp 12w, https:\/\/www.yongyukitchenware.com\/wp-content\/uploads\/2025\/06\/Bulk-10L-Ceramic-Electric-Milk-Dispenser-4-600x600.webp 600w, https:\/\/www.yongyukitchenware.com\/wp-content\/uploads\/2025\/06\/Bulk-10L-Ceramic-Electric-Milk-Dispenser-4-100x100.webp 100w\" sizes=\"(max-width: 800px) 100vw, 800px\" \/><\/figure>\n<\/div>\n<\/div>","protected":false},"excerpt":{"rendered":"<p>Gro\u00dfhandel 10L Keramik elektrische Milchspender. Elektrischer 10-Liter-Keramik-Milchspender in Gr\u00fcn mit einem stabilen Holzsockel. Ideal f\u00fcr Restaurants, B\u00fcfetts und gro\u00dfe Gastronomiebetriebe. Erkundigen Sie sich jetzt nach Gro\u00dfhandelspreisen und Verf\u00fcgbarkeit.<\/p>\n<h2>Gro\u00dfhandel 10L keramische elektrische Milchspender Parameter:<\/h2>\n<p><strong>Material:<\/strong> Rostfreier Stahl, Kunststoff<br \/><strong>Entwurf:<\/strong> Mit Wasserhahn, Gestell aus rostfreiem Stahl, Sp\u00fclbecken mit L\u00f6chern<br \/><strong>Gr\u00f6\u00dfen:<\/strong> 10L<br \/><strong>Verpacken:<\/strong> Beutel\/Sammelgut\/Karton oder kundenspezifisch<br \/><strong>OEM\/ODM:<\/strong> Optional<\/p>\n<h2 class=\"wp-block-heading\">Gro\u00dfhandel 10L keramische elektrische Milch Dispenser Hersteller:<\/h2>\n<p>Ob Catering-Dienstleister, Hotel- und Gastst\u00e4ttenbetriebe oder Veranstaltungsplaner, wir bieten Ihnen komplette Gro\u00dfhandelsl\u00f6sungen f\u00fcr Gastronomiebedarf zu hochwertigen Fabrikpreisen!<\/p>","protected":false},"featured_media":4136,"comment_status":"closed","ping_status":"closed","template":"","meta":{"_acf_changed":true},"application":[30],"product_brand":[],"product_cat":[22,34],"product_tag":[],"class_list":{"0":"post-4142","1":"product","2":"type-product","3":"status-publish","4":"has-post-thumbnail","6":"application-hotel-catering","7":"product_cat-catering-supplies-wholesale","8":"product_cat-wholesale-drink-dispenser","10":"first","11":"instock","12":"shipping-taxable","13":"product-type-simple"},"acf":[],"_links":{"self":[{"href":"https:\/\/www.yongyukitchenware.com\/de\/wp-json\/wp\/v2\/product\/4142","targetHints":{"allow":["GET"]}}],"collection":[{"href":"https:\/\/www.yongyukitchenware.com\/de\/wp-json\/wp\/v2\/product"}],"about":[{"href":"https:\/\/www.yongyukitchenware.com\/de\/wp-json\/wp\/v2\/types\/product"}],"replies":[{"embeddable":true,"href":"https:\/\/www.yongyukitchenware.com\/de\/wp-json\/wp\/v2\/comments?post=4142"}],"wp:featuredmedia":[{"embeddable":true,"href":"https:\/\/www.yongyukitchenware.com\/de\/wp-json\/wp\/v2\/media\/4136"}],"wp:attachment":[{"href":"https:\/\/www.yongyukitchenware.com\/de\/wp-json\/wp\/v2\/media?parent=4142"}],"wp:term":[{"taxonomy":"application","embeddable":true,"href":"https:\/\/www.yongyukitchenware.com\/de\/wp-json\/wp\/v2\/application?post=4142"},{"taxonomy":"product_brand","embeddable":true,"href":"https:\/\/www.yongyukitchenware.com\/de\/wp-json\/wp\/v2\/product_brand?post=4142"},{"taxonomy":"product_cat","embeddable":true,"href":"https:\/\/www.yongyukitchenware.com\/de\/wp-json\/wp\/v2\/product_cat?post=4142"},{"taxonomy":"product_tag","embeddable":true,"href":"https:\/\/www.yongyukitchenware.com\/de\/wp-json\/wp\/v2\/product_tag?post=4142"}],"curies":[{"name":"wp","href":"https:\/\/api.w.org\/{rel}","templated":true}]}}