{"id":4185,"date":"2025-06-30T01:02:55","date_gmt":"2025-06-30T01:02:55","guid":{"rendered":"https:\/\/www.yongyukitchenware.com\/?post_type=product&#038;p=4185"},"modified":"2025-06-30T01:03:01","modified_gmt":"2025-06-30T01:03:01","slug":"wholesale-stainless-steel-airtight-canister-coffee-vacuum-storage-container-steel","status":"publish","type":"product","link":"https:\/\/www.yongyukitchenware.com\/de\/produkt\/wholesale-stainless-steel-airtight-canister-coffee-vacuum-storage-container-steel\/","title":{"rendered":"Gro\u00dfhandel Edelstahl luftdicht Kanister Kaffee Vakuum Lagerung Container-Stahl"},"content":{"rendered":"<div class=\"wp-block-columns is-layout-flex wp-container-core-columns-is-layout-9d6595d7 wp-block-columns-is-layout-flex\">\n<div class=\"wp-block-column is-layout-flow wp-block-column-is-layout-flow\">\n<h2 class=\"wp-block-heading\">Gro\u00dfhandel Edelstahl luftdicht Kanister Merkmale:<\/h2>\n\n\n\n<p><strong>Lebensmittelgeeignetes Material aus rostfreiem Stahl:<\/strong> Er besteht aus hochwertigem Edelstahl 304, ist rostfrei, korrosionsbest\u00e4ndig, geruchsneutral und eignet sich perfekt f\u00fcr die Aufbewahrung verschiedener Zutaten wie Tee, Kaffeebohnen, Zucker und Mehl. Er bleibt auch nach st\u00e4ndigem Gebrauch hell und sauber.<br><strong>Doppelte Dichtungsstruktur:<\/strong> Die doppellagige Dichtungsstruktur auf der Innen- und Au\u00dfenseite des Deckels h\u00e4lt Luft und Feuchtigkeit ab, h\u00e4lt die Zutaten frisch und trocken und verl\u00e4ngert die Haltbarkeit. Sie ist die ideale Wahl f\u00fcr den Einsatz in der K\u00fcche.<br><strong>Es gibt drei Kapazit\u00e4ten: <\/strong>1,2 l, 1,5 l und 1,8 l, geeignet f\u00fcr den t\u00e4glichen Gebrauch im B\u00fcro oder f\u00fcr die t\u00e4gliche Aufbewahrung zu Hause. W\u00e4hlen Sie je nach Bedarf an zus\u00e4tzlichem Komfort und Vielseitigkeit.<br><strong>Mehrfarbige Optionen: <\/strong>Zur Auswahl stehen klassischer Edelstahl in nat\u00fcrlicher Ausf\u00fchrung, schlichtes Schwarz und elegantes Wei\u00df. Diese sind f\u00fcr verschiedene K\u00fcchendesigns erh\u00e4ltlich und bieten neben der \u00c4sthetik auch Stauraum.<br><strong>Durchdachtes Geschenk mit L\u00f6ffel aus Edelstahl:<\/strong> Zu jedem Glas geh\u00f6rt ein Edelstahll\u00f6ffel, der aus demselben Metall gefertigt ist. Er ist praktisch zum quantitativen Ausl\u00f6ffeln, m\u00fchelos zu reinigen und praktisch f\u00fcr die Aufbewahrung und Entnahme in einem Schritt.<\/p>\n<\/div>\n\n\n\n<div class=\"wp-block-column is-layout-flow wp-block-column-is-layout-flow\">\n<div class=\"wp-block-columns is-layout-flex wp-container-core-columns-is-layout-9d6595d7 wp-block-columns-is-layout-flex\">\n<div class=\"wp-block-column is-layout-flow wp-block-column-is-layout-flow\"><div class=\"wp-block-image\">\n<figure class=\"aligncenter size-full is-resized\"><img decoding=\"async\" width=\"800\" height=\"800\" src=\"https:\/\/www.yongyukitchenware.com\/wp-content\/uploads\/2025\/06\/Wholesale-Stainless-Steel-Airtight-Canister-5.webp\" alt=\"Gro\u00dfhandel-Edelstahl-Airtight-Kanister-5\" class=\"wp-image-4190\" style=\"width:416px;height:auto\" srcset=\"https:\/\/www.yongyukitchenware.com\/wp-content\/uploads\/2025\/06\/Wholesale-Stainless-Steel-Airtight-Canister-5.webp 800w, https:\/\/www.yongyukitchenware.com\/wp-content\/uploads\/2025\/06\/Wholesale-Stainless-Steel-Airtight-Canister-5-300x300.webp 300w, https:\/\/www.yongyukitchenware.com\/wp-content\/uploads\/2025\/06\/Wholesale-Stainless-Steel-Airtight-Canister-5-150x150.webp 150w, https:\/\/www.yongyukitchenware.com\/wp-content\/uploads\/2025\/06\/Wholesale-Stainless-Steel-Airtight-Canister-5-768x768.webp 768w, https:\/\/www.yongyukitchenware.com\/wp-content\/uploads\/2025\/06\/Wholesale-Stainless-Steel-Airtight-Canister-5-12x12.webp 12w, https:\/\/www.yongyukitchenware.com\/wp-content\/uploads\/2025\/06\/Wholesale-Stainless-Steel-Airtight-Canister-5-600x600.webp 600w, https:\/\/www.yongyukitchenware.com\/wp-content\/uploads\/2025\/06\/Wholesale-Stainless-Steel-Airtight-Canister-5-100x100.webp 100w\" sizes=\"(max-width: 800px) 100vw, 800px\" \/><\/figure>\n<\/div>\n\n<div class=\"wp-block-image\">\n<figure class=\"aligncenter size-full is-resized\"><img decoding=\"async\" width=\"800\" height=\"800\" src=\"https:\/\/www.yongyukitchenware.com\/wp-content\/uploads\/2025\/06\/Wholesale-Stainless-Steel-Airtight-Canister-12.webp\" alt=\"Gro\u00dfhandel-Edelstahl-Luftdicht-Kanister-12\" class=\"wp-image-4197\" style=\"width:416px;height:auto\" srcset=\"https:\/\/www.yongyukitchenware.com\/wp-content\/uploads\/2025\/06\/Wholesale-Stainless-Steel-Airtight-Canister-12.webp 800w, https:\/\/www.yongyukitchenware.com\/wp-content\/uploads\/2025\/06\/Wholesale-Stainless-Steel-Airtight-Canister-12-300x300.webp 300w, https:\/\/www.yongyukitchenware.com\/wp-content\/uploads\/2025\/06\/Wholesale-Stainless-Steel-Airtight-Canister-12-150x150.webp 150w, https:\/\/www.yongyukitchenware.com\/wp-content\/uploads\/2025\/06\/Wholesale-Stainless-Steel-Airtight-Canister-12-768x768.webp 768w, https:\/\/www.yongyukitchenware.com\/wp-content\/uploads\/2025\/06\/Wholesale-Stainless-Steel-Airtight-Canister-12-12x12.webp 12w, https:\/\/www.yongyukitchenware.com\/wp-content\/uploads\/2025\/06\/Wholesale-Stainless-Steel-Airtight-Canister-12-600x600.webp 600w, https:\/\/www.yongyukitchenware.com\/wp-content\/uploads\/2025\/06\/Wholesale-Stainless-Steel-Airtight-Canister-12-100x100.webp 100w\" sizes=\"(max-width: 800px) 100vw, 800px\" \/><\/figure>\n<\/div><\/div>\n<\/div>\n<\/div>\n<\/div>\n\n\n\n<div class=\"wp-block-group is-vertical is-layout-flex wp-container-core-group-is-layout-8cf370e7 wp-block-group-is-layout-flex\">\n<h2 class=\"wp-block-heading\">Gro\u00dfhandel Edelstahl luftdicht Kanister Gr\u00f6\u00dfe:<\/h2>\n<\/div>\n\n\n\n<figure class=\"wp-block-table\"><table class=\"has-fixed-layout\"><tbody><tr><td>Modell<\/td><td>Kapazit\u00e4t<\/td><td>MOQ<\/td><\/tr><tr><td rowspan=\"3\">DY115-Z<\/td><td>1.2L<\/td><td rowspan=\"3\">100St\u00fcck<\/td><\/tr><tr><td>1.5L<\/td><\/tr><tr><td>1.8L<\/td><\/tr><\/tbody><\/table><\/figure>","protected":false},"excerpt":{"rendered":"<p>Gro\u00dfhandel Edelstahl luftdicht Kanister. H\u00e4lt den Kaffee mit einem vakuumversiegelten Deckel und einem robusten Edelstahlgeh\u00e4use frisch. Ideal f\u00fcr Caf\u00e9s, R\u00f6stereien und Gourmetk\u00fcchen. Kontaktieren Sie uns f\u00fcr Gro\u00dfhandelspreise und individuelles Branding.<\/p>\n<h2 style=\"text-align: left;\">Gro\u00dfhandel Edelstahl luftdicht Kanister Parameter:<\/h2>\n<p style=\"text-align: left;\"><strong>Material:<\/strong> Rostfreier Stahl<br \/><strong>Farbe:<\/strong> Silber\/Schwarz\/Wei\u00df<br \/><strong>Verschiedene Gr\u00f6\u00dfen:<\/strong> 1.2L\/1.5L\/1.8L<br \/><strong>Verpacken: <\/strong>Opp-Beutel und -Karton<br \/><strong>OEM\/ODM:<\/strong> Verf\u00fcgbar<\/p>\n<h2 class=\"wp-block-heading\">Gro\u00dfhandel Edelstahl luftdicht Kanister Hersteller :<\/h2>\n<p>Yongyu wurde 1996 gegr\u00fcndet und hat sich auf die Herstellung und den Gro\u00dfhandel von Lebensmittelbeh\u00e4ltern aus Edelstahl, K\u00fcchenutensilien, Gastronomiebedarf, Haushaltswaren und Campingk\u00fcchenausr\u00fcstung spezialisiert. Wir bieten OEM &amp; ODM und E-Commerce-Beschaffungsdienste f\u00fcr Kunden aus einer Hand.<\/p>","protected":false},"featured_media":4186,"comment_status":"closed","ping_status":"closed","template":"","meta":{"_acf_changed":false},"application":[31],"product_brand":[],"product_cat":[19],"product_tag":[],"class_list":{"0":"post-4185","1":"product","2":"type-product","3":"status-publish","4":"has-post-thumbnail","6":"application-champ-kitchen","7":"product_cat-food-storage-container-bulk-custom","9":"first","10":"instock","11":"shipping-taxable","12":"product-type-simple"},"acf":[],"_links":{"self":[{"href":"https:\/\/www.yongyukitchenware.com\/de\/wp-json\/wp\/v2\/product\/4185","targetHints":{"allow":["GET"]}}],"collection":[{"href":"https:\/\/www.yongyukitchenware.com\/de\/wp-json\/wp\/v2\/product"}],"about":[{"href":"https:\/\/www.yongyukitchenware.com\/de\/wp-json\/wp\/v2\/types\/product"}],"replies":[{"embeddable":true,"href":"https:\/\/www.yongyukitchenware.com\/de\/wp-json\/wp\/v2\/comments?post=4185"}],"wp:featuredmedia":[{"embeddable":true,"href":"https:\/\/www.yongyukitchenware.com\/de\/wp-json\/wp\/v2\/media\/4186"}],"wp:attachment":[{"href":"https:\/\/www.yongyukitchenware.com\/de\/wp-json\/wp\/v2\/media?parent=4185"}],"wp:term":[{"taxonomy":"application","embeddable":true,"href":"https:\/\/www.yongyukitchenware.com\/de\/wp-json\/wp\/v2\/application?post=4185"},{"taxonomy":"product_brand","embeddable":true,"href":"https:\/\/www.yongyukitchenware.com\/de\/wp-json\/wp\/v2\/product_brand?post=4185"},{"taxonomy":"product_cat","embeddable":true,"href":"https:\/\/www.yongyukitchenware.com\/de\/wp-json\/wp\/v2\/product_cat?post=4185"},{"taxonomy":"product_tag","embeddable":true,"href":"https:\/\/www.yongyukitchenware.com\/de\/wp-json\/wp\/v2\/product_tag?post=4185"}],"curies":[{"name":"wp","href":"https:\/\/api.w.org\/{rel}","templated":true}]}}