{"id":4206,"date":"2025-06-30T01:08:44","date_gmt":"2025-06-30T01:08:44","guid":{"rendered":"https:\/\/www.yongyukitchenware.com\/?post_type=product&#038;p=4206"},"modified":"2025-06-30T01:08:46","modified_gmt":"2025-06-30T01:08:46","slug":"custom-stainless-steel-airtight-canister-coffee-vacuum-storage-container-white","status":"publish","type":"product","link":"https:\/\/www.yongyukitchenware.com\/de\/produkt\/custom-stainless-steel-airtight-canister-coffee-vacuum-storage-container-white\/","title":{"rendered":"Custom Edelstahl luftdicht Kanister Kaffee Vakuum Lagerung Container-wei\u00df"},"content":{"rendered":"<div class=\"wp-block-columns is-layout-flex wp-container-core-columns-is-layout-9d6595d7 wp-block-columns-is-layout-flex\">\n<div class=\"wp-block-column is-layout-flow wp-block-column-is-layout-flow\">\n<h2 class=\"wp-block-heading\">Kundenspezifischer luftdichter Kanister aus Edelstahl Merkmale:<\/h2>\n\n\n\n<p><strong>Lebensmittelgeeignetes Material aus rostfreiem Stahl: <\/strong>Aus hochwertigem Edelstahl 304 gefertigt, ist er korrosionsbest\u00e4ndig, rostfrei, geruchsneutral und f\u00fcr die Aufbewahrung verschiedener Zutaten wie Kaffeebohnen, Tee, Zucker und Mehl geeignet. Er bleibt auch nach langem Gebrauch hell und neu.<br><strong>Doppelt dichtendes Design:<\/strong> Die doppelschichtige Dichtungsstruktur auf der Innen- und Au\u00dfenseite des Deckels isoliert effektiv Luft und Feuchtigkeit, h\u00e4lt die Zutaten trocken und frisch und verl\u00e4ngert die Haltbarkeit. Er ist die ideale Wahl f\u00fcr die Aufbewahrung in der K\u00fcche.<br><strong>Es stehen drei Kapazit\u00e4tsoptionen zur Verf\u00fcgung:<\/strong> 1,2 l, 1,5 l und 1,8 l, geeignet f\u00fcr die t\u00e4gliche Aufbewahrung zu Hause oder im B\u00fcro. W\u00e4hlen Sie je nach Bedarf f\u00fcr mehr Flexibilit\u00e4t und Komfort.<br><strong>Mehrfarbige Optionen: <\/strong>Zur Auswahl stehen klassischer rostfreier Stahl in Naturfarbe, schlichtes Schwarz und elegantes Wei\u00df. Sie f\u00fcgen sich problemlos in verschiedene K\u00fcchenstile ein und bieten sowohl Stauraum als auch \u00c4sthetik.<br><strong>Durchdachtes Geschenk mit L\u00f6ffel aus rostfreiem Stahl: <\/strong>Jedes Glas ist mit einem Edelstahll\u00f6ffel aus dem gleichen Material ausgestattet, der bequem zum quantitativen Sch\u00f6pfen, zur problemlosen Reinigung und zur bequemen Aufbewahrung und Entnahme in einem Schritt geeignet ist.<\/p>\n<\/div>\n\n\n\n<div class=\"wp-block-column is-layout-flow wp-block-column-is-layout-flow\">\n<div class=\"wp-block-columns is-layout-flex wp-container-core-columns-is-layout-9d6595d7 wp-block-columns-is-layout-flex\">\n<div class=\"wp-block-column is-layout-flow wp-block-column-is-layout-flow\"><div class=\"wp-block-image\">\n<figure class=\"aligncenter size-full is-resized\"><img decoding=\"async\" width=\"800\" height=\"800\" src=\"https:\/\/www.yongyukitchenware.com\/wp-content\/uploads\/2025\/06\/Wholesale-Stainless-Steel-Airtight-Canister-5.webp\" alt=\"Kundenspezifischer Edelstahl-Airtight-Kanister-5\" class=\"wp-image-4190\" style=\"width:416px;height:auto\" srcset=\"https:\/\/www.yongyukitchenware.com\/wp-content\/uploads\/2025\/06\/Wholesale-Stainless-Steel-Airtight-Canister-5.webp 800w, https:\/\/www.yongyukitchenware.com\/wp-content\/uploads\/2025\/06\/Wholesale-Stainless-Steel-Airtight-Canister-5-300x300.webp 300w, https:\/\/www.yongyukitchenware.com\/wp-content\/uploads\/2025\/06\/Wholesale-Stainless-Steel-Airtight-Canister-5-150x150.webp 150w, https:\/\/www.yongyukitchenware.com\/wp-content\/uploads\/2025\/06\/Wholesale-Stainless-Steel-Airtight-Canister-5-768x768.webp 768w, https:\/\/www.yongyukitchenware.com\/wp-content\/uploads\/2025\/06\/Wholesale-Stainless-Steel-Airtight-Canister-5-12x12.webp 12w, https:\/\/www.yongyukitchenware.com\/wp-content\/uploads\/2025\/06\/Wholesale-Stainless-Steel-Airtight-Canister-5-600x600.webp 600w, https:\/\/www.yongyukitchenware.com\/wp-content\/uploads\/2025\/06\/Wholesale-Stainless-Steel-Airtight-Canister-5-100x100.webp 100w\" sizes=\"(max-width: 800px) 100vw, 800px\" \/><\/figure>\n<\/div>\n\n<div class=\"wp-block-image\">\n<figure class=\"aligncenter size-full is-resized\"><img decoding=\"async\" width=\"800\" height=\"800\" src=\"https:\/\/www.yongyukitchenware.com\/wp-content\/uploads\/2025\/06\/Wholesale-Stainless-Steel-Airtight-Canister-12.webp\" alt=\"Kundenspezifischer Edelstahl-Airtight-Kanister-12\" class=\"wp-image-4197\" style=\"width:416px;height:auto\" srcset=\"https:\/\/www.yongyukitchenware.com\/wp-content\/uploads\/2025\/06\/Wholesale-Stainless-Steel-Airtight-Canister-12.webp 800w, https:\/\/www.yongyukitchenware.com\/wp-content\/uploads\/2025\/06\/Wholesale-Stainless-Steel-Airtight-Canister-12-300x300.webp 300w, https:\/\/www.yongyukitchenware.com\/wp-content\/uploads\/2025\/06\/Wholesale-Stainless-Steel-Airtight-Canister-12-150x150.webp 150w, https:\/\/www.yongyukitchenware.com\/wp-content\/uploads\/2025\/06\/Wholesale-Stainless-Steel-Airtight-Canister-12-768x768.webp 768w, https:\/\/www.yongyukitchenware.com\/wp-content\/uploads\/2025\/06\/Wholesale-Stainless-Steel-Airtight-Canister-12-12x12.webp 12w, https:\/\/www.yongyukitchenware.com\/wp-content\/uploads\/2025\/06\/Wholesale-Stainless-Steel-Airtight-Canister-12-600x600.webp 600w, https:\/\/www.yongyukitchenware.com\/wp-content\/uploads\/2025\/06\/Wholesale-Stainless-Steel-Airtight-Canister-12-100x100.webp 100w\" sizes=\"(max-width: 800px) 100vw, 800px\" \/><\/figure>\n<\/div><\/div>\n<\/div>\n<\/div>\n<\/div>\n\n\n\n<div class=\"wp-block-group is-vertical is-layout-flex wp-container-core-group-is-layout-8cf370e7 wp-block-group-is-layout-flex\">\n<h2 class=\"wp-block-heading\">Kundenspezifischer luftdichter Kanister aus Edelstahl Gr\u00f6\u00dfe:<\/h2>\n<\/div>\n\n\n\n<figure class=\"wp-block-table\"><table class=\"has-fixed-layout\"><tbody><tr><td>Modell<\/td><td>Kapazit\u00e4t<\/td><td>MOQ<\/td><\/tr><tr><td rowspan=\"3\">DY115-Z<\/td><td>1.2L<\/td><td rowspan=\"3\">100St\u00fcck<\/td><\/tr><tr><td>1.5L<\/td><\/tr><tr><td>1.8L<\/td><\/tr><\/tbody><\/table><\/figure>","protected":false},"excerpt":{"rendered":"<p>Luftdichter Kanister aus Edelstahl. Mit einem vakuumversiegelten Deckel und einer rostfreien Edelstahlkonstruktion f\u00fcr lang anhaltende Frische. Perfekt f\u00fcr die Aufbewahrung von Kaffee, Tee oder Trockenprodukten in K\u00fcchen und Caf\u00e9s. Individuelle Gestaltung mit Ihrem Logo - ideal f\u00fcr Gro\u00dfhandels- und Eigenmarkenauftr\u00e4ge.<\/p>\n<h2 style=\"text-align: left;\">Kundenspezifischer luftdichter Kanister aus Edelstahl Parameter:<\/h2>\n<p style=\"text-align: left;\"><strong>Material:<\/strong> Rostfreier Stahl<br \/><strong>Farbe:<\/strong> Silber\/Schwarz\/Wei\u00df<br \/><strong>Verschiedene Gr\u00f6\u00dfen:<\/strong> 1.2L\/1.5L\/1.8L<br \/><strong>Verpacken: <\/strong>Opp-Beutel und -Karton<br \/><strong>OEM\/ODM:<\/strong> Verf\u00fcgbar<\/p>\n<h2 class=\"wp-block-heading\">Luftdichte Kanister aus Edelstahl Hersteller :<\/h2>\n<p>Yongyu wurde 1996 gegr\u00fcndet und hat sich auf die Herstellung und den Gro\u00dfhandel von Lebensmittelbeh\u00e4ltern aus Edelstahl, K\u00fcchenutensilien, Gastronomiebedarf, Haushaltswaren und Campingk\u00fcchenausr\u00fcstung spezialisiert. Wir bieten OEM &amp; ODM und E-Commerce-Beschaffungsdienste f\u00fcr Kunden aus einer Hand.<\/p>","protected":false},"featured_media":4188,"comment_status":"closed","ping_status":"closed","template":"","meta":{"_acf_changed":true},"application":[31],"product_brand":[],"product_cat":[19],"product_tag":[],"class_list":{"0":"post-4206","1":"product","2":"type-product","3":"status-publish","4":"has-post-thumbnail","6":"application-champ-kitchen","7":"product_cat-food-storage-container-bulk-custom","9":"first","10":"instock","11":"shipping-taxable","12":"product-type-simple"},"acf":[],"_links":{"self":[{"href":"https:\/\/www.yongyukitchenware.com\/de\/wp-json\/wp\/v2\/product\/4206","targetHints":{"allow":["GET"]}}],"collection":[{"href":"https:\/\/www.yongyukitchenware.com\/de\/wp-json\/wp\/v2\/product"}],"about":[{"href":"https:\/\/www.yongyukitchenware.com\/de\/wp-json\/wp\/v2\/types\/product"}],"replies":[{"embeddable":true,"href":"https:\/\/www.yongyukitchenware.com\/de\/wp-json\/wp\/v2\/comments?post=4206"}],"wp:featuredmedia":[{"embeddable":true,"href":"https:\/\/www.yongyukitchenware.com\/de\/wp-json\/wp\/v2\/media\/4188"}],"wp:attachment":[{"href":"https:\/\/www.yongyukitchenware.com\/de\/wp-json\/wp\/v2\/media?parent=4206"}],"wp:term":[{"taxonomy":"application","embeddable":true,"href":"https:\/\/www.yongyukitchenware.com\/de\/wp-json\/wp\/v2\/application?post=4206"},{"taxonomy":"product_brand","embeddable":true,"href":"https:\/\/www.yongyukitchenware.com\/de\/wp-json\/wp\/v2\/product_brand?post=4206"},{"taxonomy":"product_cat","embeddable":true,"href":"https:\/\/www.yongyukitchenware.com\/de\/wp-json\/wp\/v2\/product_cat?post=4206"},{"taxonomy":"product_tag","embeddable":true,"href":"https:\/\/www.yongyukitchenware.com\/de\/wp-json\/wp\/v2\/product_tag?post=4206"}],"curies":[{"name":"wp","href":"https:\/\/api.w.org\/{rel}","templated":true}]}}