{"id":4217,"date":"2025-07-02T01:20:53","date_gmt":"2025-07-02T01:20:53","guid":{"rendered":"https:\/\/www.yongyukitchenware.com\/?post_type=product&#038;p=4217"},"modified":"2025-07-02T01:20:55","modified_gmt":"2025-07-02T01:20:55","slug":"bulk-dipping-cup-with-lids-stainless-steel-sauce-container-gold","status":"publish","type":"product","link":"https:\/\/www.yongyukitchenware.com\/de\/produkt\/bulk-dipping-cup-with-lids-stainless-steel-sauce-container-gold\/","title":{"rendered":"Bulk Dipping Cup mit Deckel Edelstahl-Saucenbeh\u00e4lter-Gold"},"content":{"rendered":"<div class=\"wp-block-columns is-layout-flex wp-container-core-columns-is-layout-9d6595d7 wp-block-columns-is-layout-flex\">\n<div class=\"wp-block-column is-layout-flow wp-block-column-is-layout-flow\">\n<div class=\"wp-block-columns is-layout-flex wp-container-core-columns-is-layout-9d6595d7 wp-block-columns-is-layout-flex\">\n<div class=\"wp-block-column is-layout-flow wp-block-column-is-layout-flow\">\n<h2 class=\"wp-block-heading\">Bulk Dipping Cup mit Deckeln Merkmale:<\/h2>\n\n\n\n<p><strong>Lebensmittelgeeigneter Edelstahl: <\/strong>Er ist aus hochwertigem Edelstahl 304 gefertigt, rostfrei und korrosionsbest\u00e4ndig, geruchlos und absolut sicher f\u00fcr den Kontakt mit Lebensmitteln, langlebig und dauerhaft.<br><strong>Vielfalt der Kapazit\u00e4ten: <\/strong>Erh\u00e4ltlich in 40ml und 60ml, perfekt f\u00fcr Bento-Saucen, Dips, F\u00fcllungen oder Eiskugeln - alles ist m\u00f6glich.<br><strong>Dichtungskappe aus Silikon: <\/strong>Auslaufsicherer, lebensmittelechter Silikondeckel in mehreren Farben - weich, sicher und ideal f\u00fcr die Aufbewahrung im K\u00fchlschrank oder f\u00fcr unterwegs.<br>Vielseitig verwendbar: Mehr als ein So\u00dfenbeh\u00e4lter - gut geeignet zur Aufbewahrung von N\u00fcssen, Trockenfr\u00fcchten, S\u00fc\u00dfigkeiten, kleinen Snacks oder Gew\u00fcrzen. Wunderbar f\u00fcr den Haushalt, f\u00fcr den Au\u00dfenbereich oder f\u00fcr Reisen.<br><strong>Stapelbar und sp\u00fclmaschinenfest:<\/strong> Gleichm\u00e4\u00dfige, antihaftbeschichtete Oberfl\u00e4che - sp\u00fclmaschinenfest und von Hand abwaschbar. Das platzsparende, stapelbare Design macht sie zu einem umweltfreundlichen K\u00fcchenhelfer.<\/p>\n\n\n\n<p>.<\/p>\n<\/div>\n\n\n\n<div class=\"wp-block-column is-layout-flow wp-block-column-is-layout-flow\">\n<div class=\"wp-block-columns is-layout-flex wp-container-core-columns-is-layout-9d6595d7 wp-block-columns-is-layout-flex\">\n<div class=\"wp-block-column is-layout-flow wp-block-column-is-layout-flow\">\n<div class=\"wp-block-columns is-layout-flex wp-container-core-columns-is-layout-9d6595d7 wp-block-columns-is-layout-flex\">\n<div class=\"wp-block-column is-layout-flow wp-block-column-is-layout-flow\">\n<div class=\"wp-block-columns is-layout-flex wp-container-core-columns-is-layout-9d6595d7 wp-block-columns-is-layout-flex\">\n<div class=\"wp-block-column is-layout-flow wp-block-column-is-layout-flow\">\n<figure class=\"wp-block-table\"><table class=\"has-fixed-layout\"><tbody><tr><td>Modell<\/td><td>Durchmesser<\/td><td>MOQ<\/td><\/tr><tr><td rowspan=\"2\">DY116-Z<\/td><td>5 cm<\/td><td rowspan=\"2\">1000St\u00fcck<\/td><\/tr><tr><td>6cm<\/td><\/tr><\/tbody><\/table><\/figure>\n\n\n\n<figure class=\"wp-block-image size-full is-resized\"><img decoding=\"async\" width=\"1500\" height=\"1500\" src=\"https:\/\/www.yongyukitchenware.com\/wp-content\/uploads\/2025\/06\/Wholesale-Dipping-Cup-with-Lids-3.webp\" alt=\"Bulk-Tauchbecher-mit-Deckel-3\" class=\"wp-image-4210\" style=\"width:459px;height:auto\" srcset=\"https:\/\/www.yongyukitchenware.com\/wp-content\/uploads\/2025\/06\/Wholesale-Dipping-Cup-with-Lids-3.webp 1500w, https:\/\/www.yongyukitchenware.com\/wp-content\/uploads\/2025\/06\/Wholesale-Dipping-Cup-with-Lids-3-300x300.webp 300w, https:\/\/www.yongyukitchenware.com\/wp-content\/uploads\/2025\/06\/Wholesale-Dipping-Cup-with-Lids-3-150x150.webp 150w, https:\/\/www.yongyukitchenware.com\/wp-content\/uploads\/2025\/06\/Wholesale-Dipping-Cup-with-Lids-3-768x768.webp 768w, https:\/\/www.yongyukitchenware.com\/wp-content\/uploads\/2025\/06\/Wholesale-Dipping-Cup-with-Lids-3-12x12.webp 12w, https:\/\/www.yongyukitchenware.com\/wp-content\/uploads\/2025\/06\/Wholesale-Dipping-Cup-with-Lids-3-1200x1200.webp 1200w, https:\/\/www.yongyukitchenware.com\/wp-content\/uploads\/2025\/06\/Wholesale-Dipping-Cup-with-Lids-3-600x600.webp 600w, https:\/\/www.yongyukitchenware.com\/wp-content\/uploads\/2025\/06\/Wholesale-Dipping-Cup-with-Lids-3-100x100.webp 100w\" sizes=\"(max-width: 1500px) 100vw, 1500px\" \/><\/figure>\n<\/div>\n<\/div>\n<\/div>\n<\/div>\n\n\n\n<div class=\"wp-block-columns is-layout-flex wp-container-core-columns-is-layout-9d6595d7 wp-block-columns-is-layout-flex\">\n<div class=\"wp-block-column is-layout-flow wp-block-column-is-layout-flow\">\n<div class=\"wp-block-columns is-layout-flex wp-container-core-columns-is-layout-9d6595d7 wp-block-columns-is-layout-flex\">\n<div class=\"wp-block-column is-layout-flow wp-block-column-is-layout-flow\"><\/div>\n<\/div>\n<\/div>\n<\/div>\n<\/div>\n<\/div>\n<\/div>\n<\/div>\n<\/div>\n<\/div>\n\n\n\n<p><\/p>","protected":false},"excerpt":{"rendered":"<p>Gro\u00dfer Dippbecher mit Deckel. Goldfarbener Edelstahl mit Deckeln f\u00fcr Frische und ohne Kleckern. Perfekt f\u00fcr So\u00dfen zum Mitnehmen, f\u00fcr Catering oder zum Einnehmen von Speisen. Ideal f\u00fcr B2B-Gro\u00dfeink\u00e4ufe zur Verbesserung von Service und Effizienz. \u00a0 \u00a0 \u00a0 \u00a0 \u00a0 \u00a0 \u00a0 \u00a0 \u00a0 \u00a0\u00a0<\/p>\n<h2>Bulk Dipping Cup mit Deckel Eigenschaften :<\/h2>\n<p><strong>Material:<\/strong> Rostfreier Stahl<br \/><strong>Farbe:<\/strong> Gold\/Silber<br \/><strong>Verschiedene Gr\u00f6\u00dfen:<\/strong>5cm\/6cm<br \/><strong>Verpacken:<\/strong> Opp-Beutel und -Karton<br \/><strong>OEM\/ODM:<\/strong> Verf\u00fcgbar<\/p>\n<h2><!-- \/wp:heading --><\/p>\n<p><!-- wp:paragraph --><\/h2>\n<h2 class=\"wp-block-heading\">Bulk Dipping Cups mit Deckeln:<\/h2>\n<p class=\"wp-block-heading\">Yongyu Tableware Wholesaler erf\u00fcllt die Bed\u00fcrfnisse von Gro\u00dfkunden und bietet eine hochwertige Gro\u00dfhandelsserie f\u00fcr Gastronomiebedarf, die Eleganz und Langlebigkeit vereint. Einschlie\u00dflich Geschirr, Getr\u00e4nke, Catering-Ausr\u00fcstung, K\u00fcchenutensilien, Camp-K\u00fcche Essentials, etc.<\/p>\n<h2><!-- \/wp:paragraph --><\/h2>","protected":false},"featured_media":4216,"comment_status":"closed","ping_status":"closed","template":"","meta":{"_acf_changed":true},"application":[30],"product_brand":[],"product_cat":[21,47],"product_tag":[43],"class_list":{"0":"post-4217","1":"product","2":"type-product","3":"status-publish","4":"has-post-thumbnail","6":"application-hotel-catering","7":"product_cat-tableware-wholesale","8":"product_cat-stainless-steel-bowls-wholesale","9":"product_tag-recommend","11":"first","12":"instock","13":"shipping-taxable","14":"product-type-simple"},"acf":[],"_links":{"self":[{"href":"https:\/\/www.yongyukitchenware.com\/de\/wp-json\/wp\/v2\/product\/4217","targetHints":{"allow":["GET"]}}],"collection":[{"href":"https:\/\/www.yongyukitchenware.com\/de\/wp-json\/wp\/v2\/product"}],"about":[{"href":"https:\/\/www.yongyukitchenware.com\/de\/wp-json\/wp\/v2\/types\/product"}],"replies":[{"embeddable":true,"href":"https:\/\/www.yongyukitchenware.com\/de\/wp-json\/wp\/v2\/comments?post=4217"}],"wp:featuredmedia":[{"embeddable":true,"href":"https:\/\/www.yongyukitchenware.com\/de\/wp-json\/wp\/v2\/media\/4216"}],"wp:attachment":[{"href":"https:\/\/www.yongyukitchenware.com\/de\/wp-json\/wp\/v2\/media?parent=4217"}],"wp:term":[{"taxonomy":"application","embeddable":true,"href":"https:\/\/www.yongyukitchenware.com\/de\/wp-json\/wp\/v2\/application?post=4217"},{"taxonomy":"product_brand","embeddable":true,"href":"https:\/\/www.yongyukitchenware.com\/de\/wp-json\/wp\/v2\/product_brand?post=4217"},{"taxonomy":"product_cat","embeddable":true,"href":"https:\/\/www.yongyukitchenware.com\/de\/wp-json\/wp\/v2\/product_cat?post=4217"},{"taxonomy":"product_tag","embeddable":true,"href":"https:\/\/www.yongyukitchenware.com\/de\/wp-json\/wp\/v2\/product_tag?post=4217"}],"curies":[{"name":"wp","href":"https:\/\/api.w.org\/{rel}","templated":true}]}}