{"id":4220,"date":"2025-07-02T01:26:24","date_gmt":"2025-07-02T01:26:24","guid":{"rendered":"https:\/\/www.yongyukitchenware.com\/?post_type=product&#038;p=4220"},"modified":"2025-07-02T01:26:33","modified_gmt":"2025-07-02T01:26:33","slug":"wholesale-stainless-steel-steamer-basket-with-handle","status":"publish","type":"product","link":"https:\/\/www.yongyukitchenware.com\/de\/produkt\/wholesale-stainless-steel-steamer-basket-with-handle\/","title":{"rendered":"Gro\u00dfhandel Edelstahl Dampfer Korb mit Handle"},"content":{"rendered":"<div class=\"wp-block-columns is-layout-flex wp-container-core-columns-is-layout-9d6595d7 wp-block-columns-is-layout-flex\">\n<div class=\"wp-block-column is-layout-flow wp-block-column-is-layout-flow\">\n<h2 class=\"wp-block-heading\">Gro\u00dfhandel Edelstahl Dampfgarer Korb Gr\u00f6\u00dfe:<\/h2>\n\n\n\n<figure class=\"wp-block-table\"><table class=\"has-fixed-layout\"><tbody><tr><td>Modell<\/td><td>Durchmesser<\/td><td>MOQ<\/td><\/tr><tr><td rowspan=\"7\">DY117-Z<\/td><td>13,8*8CM<\/td><td>160 STCK.<\/td><\/tr><tr><td>16.5*9.5CM<\/td><td>128 STCK.<\/td><\/tr><tr><td>17.5*9.5CM<\/td><td>128 STCK.<\/td><\/tr><tr><td>20*9.5CM<\/td><td>96 STCK.<\/td><\/tr><tr><td>22*9.5CM<\/td><td>96 STCK.<\/td><\/tr><tr><td>21.5*12.5CM<\/td><td>54 STCK.<\/td><\/tr><tr><td>21,5*14CM<\/td><td>45 STCK.<\/td><\/tr><\/tbody><\/table><\/figure>\n\n\n\n<figure class=\"wp-block-image size-full is-resized\"><img decoding=\"async\" width=\"800\" height=\"800\" src=\"https:\/\/www.yongyukitchenware.com\/wp-content\/uploads\/2025\/06\/Wholesale-Stainless-Steel-Steamer-Basket-4.webp\" alt=\"Gro\u00dfhandel-Edelstahl-Dampfgarer-Korb-4\" class=\"wp-image-4224\" style=\"width:384px\" srcset=\"https:\/\/www.yongyukitchenware.com\/wp-content\/uploads\/2025\/06\/Wholesale-Stainless-Steel-Steamer-Basket-4.webp 800w, https:\/\/www.yongyukitchenware.com\/wp-content\/uploads\/2025\/06\/Wholesale-Stainless-Steel-Steamer-Basket-4-300x300.webp 300w, https:\/\/www.yongyukitchenware.com\/wp-content\/uploads\/2025\/06\/Wholesale-Stainless-Steel-Steamer-Basket-4-150x150.webp 150w, https:\/\/www.yongyukitchenware.com\/wp-content\/uploads\/2025\/06\/Wholesale-Stainless-Steel-Steamer-Basket-4-768x768.webp 768w, https:\/\/www.yongyukitchenware.com\/wp-content\/uploads\/2025\/06\/Wholesale-Stainless-Steel-Steamer-Basket-4-12x12.webp 12w, https:\/\/www.yongyukitchenware.com\/wp-content\/uploads\/2025\/06\/Wholesale-Stainless-Steel-Steamer-Basket-4-600x600.webp 600w, https:\/\/www.yongyukitchenware.com\/wp-content\/uploads\/2025\/06\/Wholesale-Stainless-Steel-Steamer-Basket-4-100x100.webp 100w\" sizes=\"(max-width: 800px) 100vw, 800px\" \/><\/figure>\n<\/div>\n\n\n\n<div class=\"wp-block-column is-layout-flow wp-block-column-is-layout-flow\">\n<figure class=\"wp-block-image size-full is-resized\"><img decoding=\"async\" width=\"800\" height=\"800\" src=\"https:\/\/www.yongyukitchenware.com\/wp-content\/uploads\/2025\/06\/Wholesale-Stainless-Steel-Steamer-Basket-3.webp\" alt=\"Gro\u00dfhandel-Edelstahl-Dampfgarer-Korb-3\" class=\"wp-image-4223\" style=\"width:384px;height:auto\" srcset=\"https:\/\/www.yongyukitchenware.com\/wp-content\/uploads\/2025\/06\/Wholesale-Stainless-Steel-Steamer-Basket-3.webp 800w, https:\/\/www.yongyukitchenware.com\/wp-content\/uploads\/2025\/06\/Wholesale-Stainless-Steel-Steamer-Basket-3-300x300.webp 300w, https:\/\/www.yongyukitchenware.com\/wp-content\/uploads\/2025\/06\/Wholesale-Stainless-Steel-Steamer-Basket-3-150x150.webp 150w, https:\/\/www.yongyukitchenware.com\/wp-content\/uploads\/2025\/06\/Wholesale-Stainless-Steel-Steamer-Basket-3-768x768.webp 768w, https:\/\/www.yongyukitchenware.com\/wp-content\/uploads\/2025\/06\/Wholesale-Stainless-Steel-Steamer-Basket-3-12x12.webp 12w, https:\/\/www.yongyukitchenware.com\/wp-content\/uploads\/2025\/06\/Wholesale-Stainless-Steel-Steamer-Basket-3-600x600.webp 600w, https:\/\/www.yongyukitchenware.com\/wp-content\/uploads\/2025\/06\/Wholesale-Stainless-Steel-Steamer-Basket-3-100x100.webp 100w\" sizes=\"(max-width: 800px) 100vw, 800px\" \/><\/figure>\n\n\n\n<h2 class=\"wp-block-heading\">Gro\u00dfhandel Edelstahl Dampfgarer Korb Eigenschaften:<\/h2>\n\n\n\n<p><strong>Mehrere Gr\u00f6\u00dfen verf\u00fcgbar:<\/strong> Die insgesamt 7 Gr\u00f6\u00dfen mit Durchmessern von 13,8 cm bis 21,5 cm sind mit verschiedenen K\u00fcchenger\u00e4ten wie Reiskochern, Woks und Suppent\u00f6pfen kompatibel und erm\u00f6glichen eine flexible Auswahl, um den Bed\u00fcrfnissen der Nutzer besser gerecht zu werden.<br><strong>Lebensmittelgeeigneter Edelstahl: <\/strong>Aus hochwertigem, lebensmittelechtem Edelstahl gefertigt, ist es korrosionsbest\u00e4ndig, hitzebest\u00e4ndig, geruchsneutral und beruhigt beim direkten Kontakt mit Lebensmitteln. Es ist langlebig und weniger anf\u00e4llig f\u00fcr Verformungen.<br><strong>Feines Dampflochdesign: <\/strong>Die gleichm\u00e4\u00dfig verteilten Dampfl\u00f6cher verbessern die Effizienz der Dampfzirkulation, so dass die Speisen schneller und gleichm\u00e4\u00dfiger erhitzt werden, die Garzeit verk\u00fcrzt wird und das urspr\u00fcngliche Aroma der Zutaten erhalten bleibt.<br><strong>Stabiler Tragrahmen: <\/strong>Der Boden ist mit einer eingebauten Halterung ausgestattet. Er kann im Wasser erhitzt werden, ohne die Wasseroberfl\u00e4che zu ber\u00fchren, wodurch ein Festkleben am Boden oder ein Unterlegen vermieden wird.<br><strong>Der Griff ist klappbar:<\/strong> Der Deckel ist mit einem klappbaren Griff ausgestattet, der das Herausnehmen und Einsetzen erleichtert, das Risiko von verbrannten H\u00e4nden vermeidet und eine einfache Bedienung auch nach dem D\u00e4mpfen oder Kochen erm\u00f6glicht.<br><strong>Ein vielseitiger K\u00fcchenhelfer:<\/strong> Er kann nicht nur Reis, sondern auch Gem\u00fcse, Mais, Br\u00f6tchen, Eier usw. d\u00e4mpfen. Es ist ein praktisches K\u00fcchenger\u00e4t, das jede Familie verdient.<\/p>\n<\/div>\n<\/div>\n\n\n\n<p><\/p>","protected":false},"excerpt":{"rendered":"<div class=\"n4sEPd\">\n<div class=\"UdTY9 qhIQqf leDWne\" aria-hidden=\"true\" data-location=\"1\">Gro\u00dfhandel Edelstahl-Dampfkorb. aus haltbarem, lebensmittelechtem Edelstahl mit einem praktischen Griff zum einfachen Anheben. ideal zum D\u00e4mpfen von Gem\u00fcse, Kn\u00f6deln oder Meeresfr\u00fcchten in K\u00fcchen, Restaurants und Catering. perfekt f\u00fcr den Gro\u00dfeinkauf, um die Effizienz in der kommerziellen Lebensmittelzubereitung zu verbessern.<\/div>\n<\/div>\n<h2 style=\"text-align: left;\">Gro\u00dfhandel Edelstahl Dampfgarer Korb:<\/h2>\n<p style=\"text-align: left;\"><strong>Material:<\/strong> Rostfreier Stahl<br \/><span style=\"margin: 0px; padding: 0px;\"><strong>L\u00e4nge:<\/strong> 13.8\/16.5\/17.5\/20\/22\/21.5cm<\/span><br \/><strong>Die Form:<\/strong> Runde Form<br \/><strong>Verpacken:<\/strong> OPP-Beutel und -Karton<br \/><strong>OEM\/ODM:<\/strong> Verf\u00fcgbar<\/p>\n<h2 class=\"wp-block-heading\">Von Yongyu Tableware Wholesaler:<\/h2>\n<p>Yongyu Tableware Wholesaler kann die Bed\u00fcrfnisse von Gro\u00dfabnehmern erf\u00fcllen und eine hochwertige Gro\u00dfhandelsserie f\u00fcr Gastronomiebedarf anbieten, die Eleganz und Langlebigkeit vereint. Einschlie\u00dflich Geschirr, Getr\u00e4nke, Catering-Ausr\u00fcstung, K\u00fcchenutensilien, Camp-K\u00fcchenbedarf, etc.<\/p>","protected":false},"featured_media":4225,"comment_status":"closed","ping_status":"closed","template":"","meta":{"_acf_changed":false},"application":[29],"product_brand":[],"product_cat":[21],"product_tag":[],"class_list":{"0":"post-4220","1":"product","2":"type-product","3":"status-publish","4":"has-post-thumbnail","6":"application-home-kitchen","7":"product_cat-tableware-wholesale","9":"first","10":"instock","11":"shipping-taxable","12":"product-type-simple"},"acf":[],"_links":{"self":[{"href":"https:\/\/www.yongyukitchenware.com\/de\/wp-json\/wp\/v2\/product\/4220","targetHints":{"allow":["GET"]}}],"collection":[{"href":"https:\/\/www.yongyukitchenware.com\/de\/wp-json\/wp\/v2\/product"}],"about":[{"href":"https:\/\/www.yongyukitchenware.com\/de\/wp-json\/wp\/v2\/types\/product"}],"replies":[{"embeddable":true,"href":"https:\/\/www.yongyukitchenware.com\/de\/wp-json\/wp\/v2\/comments?post=4220"}],"wp:featuredmedia":[{"embeddable":true,"href":"https:\/\/www.yongyukitchenware.com\/de\/wp-json\/wp\/v2\/media\/4225"}],"wp:attachment":[{"href":"https:\/\/www.yongyukitchenware.com\/de\/wp-json\/wp\/v2\/media?parent=4220"}],"wp:term":[{"taxonomy":"application","embeddable":true,"href":"https:\/\/www.yongyukitchenware.com\/de\/wp-json\/wp\/v2\/application?post=4220"},{"taxonomy":"product_brand","embeddable":true,"href":"https:\/\/www.yongyukitchenware.com\/de\/wp-json\/wp\/v2\/product_brand?post=4220"},{"taxonomy":"product_cat","embeddable":true,"href":"https:\/\/www.yongyukitchenware.com\/de\/wp-json\/wp\/v2\/product_cat?post=4220"},{"taxonomy":"product_tag","embeddable":true,"href":"https:\/\/www.yongyukitchenware.com\/de\/wp-json\/wp\/v2\/product_tag?post=4220"}],"curies":[{"name":"wp","href":"https:\/\/api.w.org\/{rel}","templated":true}]}}