{"id":4227,"date":"2025-07-02T01:29:34","date_gmt":"2025-07-02T01:29:34","guid":{"rendered":"https:\/\/www.yongyukitchenware.com\/?post_type=product&#038;p=4227"},"modified":"2025-07-02T01:29:36","modified_gmt":"2025-07-02T01:29:36","slug":"wholesale-stainless-steel-food-container-with-locking-lid","status":"publish","type":"product","link":"https:\/\/www.yongyukitchenware.com\/de\/produkt\/wholesale-stainless-steel-food-container-with-locking-lid\/","title":{"rendered":"Gro\u00dfhandel Edelstahl Lebensmittel Container mit Verriegelung Deckel"},"content":{"rendered":"<div class=\"wp-block-columns is-layout-flex wp-container-core-columns-is-layout-9d6595d7 wp-block-columns-is-layout-flex\">\n<div class=\"wp-block-column is-layout-flow wp-block-column-is-layout-flow\">\n<h2 class=\"wp-block-heading\">Gro\u00dfhandel Edelstahl Lebensmittel Container Merkmale:<\/h2>\n\n\n\n<p><strong>Doppelt abgedichtetes auslaufsicheres Design:<\/strong> Ausgestattet mit lebensmittelechten Silikondichtringen und vierseitigen Clips schlie\u00dft er die Frische und Feuchtigkeit fest ein, ohne dass etwas ausl\u00e4uft, und eignet sich daher f\u00fcr den Transport zur Arbeit oder zum Ausgehen.<br><strong>Mehr Auswahl an Kapazit\u00e4ten:<\/strong>1100ml\/1300ml\/1600ml\/1900ml vier Kapazit\u00e4ten, kann leicht erhalten Lebensmittel, Obst, Suppe, Familie t\u00e4glich, oder Reisen.<br>Lebensmittelgeeigneter Edelstahl: Aus hochwertigem Edelstahl gefertigt, ist es hitzebest\u00e4ndig, gefrierfest, geruchsneutral und weniger anf\u00e4llig f\u00fcr \u00d6lr\u00fcckst\u00e4nde, so dass Sie sich w\u00e4hrend des Gebrauchs keine Sorgen machen m\u00fcssen.<br><strong>Hell sichtbare obere Abdeckung + Datumsanzeige: <\/strong>Durch die transparente obere Abdeckung sind die Lebensmittel im Inneren deutlich sichtbar. Er ist mit einer Datumsanzeige ausgestattet, die es Ihnen erm\u00f6glicht, das Verfallsdatum der Lebensmittel leicht zu verfolgen und Vergessen und Verschwendung zu vermeiden.<br><strong>Tragbares Griffdesign:<\/strong> Faltbarer Griff, bequemer f\u00fcr die Aufbewahrung zu Hause oder f\u00fcr den Transport im Freien, sch\u00f6n und praktisch zugleich.<\/p>\n<\/div>\n\n\n\n<div class=\"wp-block-column is-layout-flow wp-block-column-is-layout-flow\">\n<div class=\"wp-block-columns is-layout-flex wp-container-core-columns-is-layout-9d6595d7 wp-block-columns-is-layout-flex\">\n<div class=\"wp-block-column is-layout-flow wp-block-column-is-layout-flow\"><div class=\"wp-block-image\">\n<figure class=\"aligncenter size-full is-resized\"><img decoding=\"async\" width=\"800\" height=\"800\" src=\"https:\/\/www.yongyukitchenware.com\/wp-content\/uploads\/2025\/06\/Wholesale-Stainless-Steel-Food-Container-6.webp\" alt=\"Gro\u00dfhandel-Edelstahl-Lebensmittel-Container-6\" class=\"wp-image-4233\" style=\"width:416px;height:auto\" srcset=\"https:\/\/www.yongyukitchenware.com\/wp-content\/uploads\/2025\/06\/Wholesale-Stainless-Steel-Food-Container-6.webp 800w, https:\/\/www.yongyukitchenware.com\/wp-content\/uploads\/2025\/06\/Wholesale-Stainless-Steel-Food-Container-6-300x300.webp 300w, https:\/\/www.yongyukitchenware.com\/wp-content\/uploads\/2025\/06\/Wholesale-Stainless-Steel-Food-Container-6-150x150.webp 150w, https:\/\/www.yongyukitchenware.com\/wp-content\/uploads\/2025\/06\/Wholesale-Stainless-Steel-Food-Container-6-768x768.webp 768w, https:\/\/www.yongyukitchenware.com\/wp-content\/uploads\/2025\/06\/Wholesale-Stainless-Steel-Food-Container-6-12x12.webp 12w, https:\/\/www.yongyukitchenware.com\/wp-content\/uploads\/2025\/06\/Wholesale-Stainless-Steel-Food-Container-6-600x600.webp 600w, https:\/\/www.yongyukitchenware.com\/wp-content\/uploads\/2025\/06\/Wholesale-Stainless-Steel-Food-Container-6-100x100.webp 100w\" sizes=\"(max-width: 800px) 100vw, 800px\" \/><\/figure>\n<\/div>\n\n<div class=\"wp-block-image\">\n<figure class=\"aligncenter size-full is-resized\"><img decoding=\"async\" width=\"800\" height=\"800\" src=\"https:\/\/www.yongyukitchenware.com\/wp-content\/uploads\/2025\/06\/Wholesale-Stainless-Steel-Food-Container-13.webp\" alt=\"Gro\u00dfhandel-Edelstahl-Lebensmittel-Container-13\" class=\"wp-image-4240\" style=\"width:416px;height:auto\" srcset=\"https:\/\/www.yongyukitchenware.com\/wp-content\/uploads\/2025\/06\/Wholesale-Stainless-Steel-Food-Container-13.webp 800w, https:\/\/www.yongyukitchenware.com\/wp-content\/uploads\/2025\/06\/Wholesale-Stainless-Steel-Food-Container-13-300x300.webp 300w, https:\/\/www.yongyukitchenware.com\/wp-content\/uploads\/2025\/06\/Wholesale-Stainless-Steel-Food-Container-13-150x150.webp 150w, https:\/\/www.yongyukitchenware.com\/wp-content\/uploads\/2025\/06\/Wholesale-Stainless-Steel-Food-Container-13-768x768.webp 768w, https:\/\/www.yongyukitchenware.com\/wp-content\/uploads\/2025\/06\/Wholesale-Stainless-Steel-Food-Container-13-12x12.webp 12w, https:\/\/www.yongyukitchenware.com\/wp-content\/uploads\/2025\/06\/Wholesale-Stainless-Steel-Food-Container-13-600x600.webp 600w, https:\/\/www.yongyukitchenware.com\/wp-content\/uploads\/2025\/06\/Wholesale-Stainless-Steel-Food-Container-13-100x100.webp 100w\" sizes=\"(max-width: 800px) 100vw, 800px\" \/><\/figure>\n<\/div><\/div>\n<\/div>\n<\/div>\n<\/div>\n\n\n\n<div class=\"wp-block-group is-vertical is-layout-flex wp-container-core-group-is-layout-8cf370e7 wp-block-group-is-layout-flex\">\n<h2 class=\"wp-block-heading\">Gro\u00dfhandel Edelstahl Lebensmittel Container Gr\u00f6\u00dfe:<\/h2>\n<\/div>\n\n\n\n<figure class=\"wp-block-table\"><table class=\"has-fixed-layout\"><tbody><tr><td>Modell<\/td><td>Gr\u00f6\u00dfe<\/td><td>Kapazit\u00e4t<\/td><td>MOQ<\/td><\/tr><tr><td rowspan=\"4\">DY057-FH<\/td><td>18*18*9.3cm<\/td><td>1100ML<\/td><td rowspan=\"4\">120 STCK.<\/td><\/tr><tr><td>18*18*11,5cm<\/td><td>1300ML<\/td><\/tr><tr><td>19,5*19,5*10,5cm<\/td><td>1600ML<\/td><\/tr><tr><td>19,5*19,5*12,5cm<\/td><td>1900ML<\/td><\/tr><\/tbody><\/table><\/figure>","protected":false},"excerpt":{"rendered":"<p>Gro\u00dfhandels-Edelstahl-Lebensmittelbeh\u00e4lter. Hergestellt aus hochwertigem Edelstahl mit einem sicheren Verschlussdeckel f\u00fcr luftdichtes Verschlie\u00dfen. Ideal f\u00fcr die Zubereitung von Mahlzeiten, die Lagerung und den Transport von Lebensmitteln in K\u00fcchen, Restaurants und Cateringservices. Ideal f\u00fcr B2B-Gro\u00dfauftr\u00e4ge zur Verbesserung der Lebensmittelsicherheit und der betrieblichen Effizienz.<\/p>\n<h2 style=\"text-align: left;\">Gro\u00dfhandel Edelstahl Lebensmittel Container Parameter:<\/h2>\n<p style=\"text-align: left;\"><strong>Material:<\/strong> Rostfreier Stahl<br \/><strong>Farbe:<\/strong> Silber<br \/><strong>Verschiedene Gr\u00f6\u00dfen:<\/strong> 1100\/1300\/1600\/1900ML<br \/><strong>Verpacken: <\/strong>Opp-Beutel und -Karton<br \/><strong>OEM\/ODM:<\/strong> Verf\u00fcgbar<\/p>\n<h2 class=\"wp-block-heading\">Gro\u00dfhandel Edelstahl Lebensmittel Container Hersteller :<\/h2>\n<p>Yongyu wurde 1996 gegr\u00fcndet und hat sich auf die Herstellung und den Gro\u00dfhandel von Lebensmittelbeh\u00e4ltern aus Edelstahl, K\u00fcchenutensilien, Gastronomiebedarf, Haushaltswaren und Campingk\u00fcchenausr\u00fcstung spezialisiert. Wir bieten OEM &amp; ODM und E-Commerce-Beschaffungsdienste f\u00fcr Kunden aus einer Hand.<\/p>","protected":false},"featured_media":4228,"comment_status":"closed","ping_status":"closed","template":"","meta":{"_acf_changed":false},"application":[31],"product_brand":[],"product_cat":[19],"product_tag":[],"class_list":{"0":"post-4227","1":"product","2":"type-product","3":"status-publish","4":"has-post-thumbnail","6":"application-champ-kitchen","7":"product_cat-food-storage-container-bulk-custom","9":"first","10":"instock","11":"shipping-taxable","12":"product-type-simple"},"acf":[],"_links":{"self":[{"href":"https:\/\/www.yongyukitchenware.com\/de\/wp-json\/wp\/v2\/product\/4227","targetHints":{"allow":["GET"]}}],"collection":[{"href":"https:\/\/www.yongyukitchenware.com\/de\/wp-json\/wp\/v2\/product"}],"about":[{"href":"https:\/\/www.yongyukitchenware.com\/de\/wp-json\/wp\/v2\/types\/product"}],"replies":[{"embeddable":true,"href":"https:\/\/www.yongyukitchenware.com\/de\/wp-json\/wp\/v2\/comments?post=4227"}],"wp:featuredmedia":[{"embeddable":true,"href":"https:\/\/www.yongyukitchenware.com\/de\/wp-json\/wp\/v2\/media\/4228"}],"wp:attachment":[{"href":"https:\/\/www.yongyukitchenware.com\/de\/wp-json\/wp\/v2\/media?parent=4227"}],"wp:term":[{"taxonomy":"application","embeddable":true,"href":"https:\/\/www.yongyukitchenware.com\/de\/wp-json\/wp\/v2\/application?post=4227"},{"taxonomy":"product_brand","embeddable":true,"href":"https:\/\/www.yongyukitchenware.com\/de\/wp-json\/wp\/v2\/product_brand?post=4227"},{"taxonomy":"product_cat","embeddable":true,"href":"https:\/\/www.yongyukitchenware.com\/de\/wp-json\/wp\/v2\/product_cat?post=4227"},{"taxonomy":"product_tag","embeddable":true,"href":"https:\/\/www.yongyukitchenware.com\/de\/wp-json\/wp\/v2\/product_tag?post=4227"}],"curies":[{"name":"wp","href":"https:\/\/api.w.org\/{rel}","templated":true}]}}