{"id":4241,"date":"2025-07-02T01:36:06","date_gmt":"2025-07-02T01:36:06","guid":{"rendered":"https:\/\/www.yongyukitchenware.com\/?post_type=product&#038;p=4241"},"modified":"2025-07-02T01:36:08","modified_gmt":"2025-07-02T01:36:08","slug":"bulk-stainless-steel-stockpot-with-strainer-for-pasta-cooking","status":"publish","type":"product","link":"https:\/\/www.yongyukitchenware.com\/de\/produkt\/bulk-stainless-steel-stockpot-with-strainer-for-pasta-cooking\/","title":{"rendered":"Gro\u00dfer Edelstahltopf mit Sieb zum Nudelkochen"},"content":{"rendered":"<div class=\"wp-block-columns is-layout-flex wp-container-core-columns-is-layout-9d6595d7 wp-block-columns-is-layout-flex\">\n<div class=\"wp-block-column is-layout-flow wp-block-column-is-layout-flow\">\n<h2 class=\"wp-block-heading\">Edelstahl Br\u00fche Topf Merkmale:<\/h2>\n\n\n\n<p><strong>Hochwertiger rostfreier Stahl: <\/strong>lebensmittelechtes Material aus rostfreiem Stahl, rostfrei und haltbar, lange Lebensdauer<br><strong>Unabh\u00e4ngige Netzkorbstruktur: <\/strong>Mit Haken kann ein Siebkorb an der Seite eines Topfes aufgeh\u00e4ngt werden, um die Suppenreste schnell abzusieben, geeignet zum Braten, f\u00fcr Suppen und andere Kochtechniken<br><strong>Dreischichtiger Verbundboden: <\/strong>gleichm\u00e4\u00dfige und schnelle Erw\u00e4rmung, kann auf den meisten \u00d6fen verwendet werden, extensive Nutzung<br>Hoher Topfk\u00f6rper: Erh\u00f6ht die H\u00f6he, erh\u00f6ht das Fassungsverm\u00f6gen, spritzt nicht so leicht beim Kochen, R\u00fchren, sicherer Betrieb.<br><strong>Isolierter Griff:<\/strong> vernietet und verst\u00e4rkt f\u00fcr sicheren und bequemen Halt, leicht zu handhaben, auch wenn der Topf hei\u00df ist.<\/p>\n<\/div>\n\n\n\n<div class=\"wp-block-column is-layout-flow wp-block-column-is-layout-flow\">\n<div class=\"wp-block-columns is-layout-flex wp-container-core-columns-is-layout-9d6595d7 wp-block-columns-is-layout-flex\">\n<div class=\"wp-block-column is-layout-flow wp-block-column-is-layout-flow\">\n<figure class=\"wp-block-image size-full\"><img decoding=\"async\" width=\"800\" height=\"800\" src=\"https:\/\/www.yongyukitchenware.com\/wp-content\/uploads\/2024\/10\/bulk-stock-pot-with-strainer-9.webp\" alt=\"Sch\u00fcttgut-Topf-mit-Sieb (9)\" class=\"wp-image-1520\" srcset=\"https:\/\/www.yongyukitchenware.com\/wp-content\/uploads\/2024\/10\/bulk-stock-pot-with-strainer-9.webp 800w, https:\/\/www.yongyukitchenware.com\/wp-content\/uploads\/2024\/10\/bulk-stock-pot-with-strainer-9-300x300.webp 300w, https:\/\/www.yongyukitchenware.com\/wp-content\/uploads\/2024\/10\/bulk-stock-pot-with-strainer-9-150x150.webp 150w, https:\/\/www.yongyukitchenware.com\/wp-content\/uploads\/2024\/10\/bulk-stock-pot-with-strainer-9-768x768.webp 768w, https:\/\/www.yongyukitchenware.com\/wp-content\/uploads\/2024\/10\/bulk-stock-pot-with-strainer-9-12x12.webp 12w, https:\/\/www.yongyukitchenware.com\/wp-content\/uploads\/2024\/10\/bulk-stock-pot-with-strainer-9-600x600.webp 600w, https:\/\/www.yongyukitchenware.com\/wp-content\/uploads\/2024\/10\/bulk-stock-pot-with-strainer-9-100x100.webp 100w\" sizes=\"(max-width: 800px) 100vw, 800px\" \/><\/figure>\n<\/div>\n\n\n\n<div class=\"wp-block-column is-layout-flow wp-block-column-is-layout-flow\">\n<figure class=\"wp-block-image size-full\"><img decoding=\"async\" width=\"800\" height=\"800\" src=\"https:\/\/www.yongyukitchenware.com\/wp-content\/uploads\/2024\/10\/bulk-stock-pot-with-strainer-4.webp\" alt=\"Sch\u00fcttgut-Topf-mit-Sieb (4)\" class=\"wp-image-1515\" srcset=\"https:\/\/www.yongyukitchenware.com\/wp-content\/uploads\/2024\/10\/bulk-stock-pot-with-strainer-4.webp 800w, https:\/\/www.yongyukitchenware.com\/wp-content\/uploads\/2024\/10\/bulk-stock-pot-with-strainer-4-300x300.webp 300w, https:\/\/www.yongyukitchenware.com\/wp-content\/uploads\/2024\/10\/bulk-stock-pot-with-strainer-4-150x150.webp 150w, https:\/\/www.yongyukitchenware.com\/wp-content\/uploads\/2024\/10\/bulk-stock-pot-with-strainer-4-768x768.webp 768w, https:\/\/www.yongyukitchenware.com\/wp-content\/uploads\/2024\/10\/bulk-stock-pot-with-strainer-4-12x12.webp 12w, https:\/\/www.yongyukitchenware.com\/wp-content\/uploads\/2024\/10\/bulk-stock-pot-with-strainer-4-600x600.webp 600w, https:\/\/www.yongyukitchenware.com\/wp-content\/uploads\/2024\/10\/bulk-stock-pot-with-strainer-4-100x100.webp 100w\" sizes=\"(max-width: 800px) 100vw, 800px\" \/><\/figure>\n<\/div>\n<\/div>\n\n\n\n<div class=\"wp-block-columns is-layout-flex wp-container-core-columns-is-layout-9d6595d7 wp-block-columns-is-layout-flex\">\n<div class=\"wp-block-column is-layout-flow wp-block-column-is-layout-flow\">\n<figure class=\"wp-block-image size-full\"><img decoding=\"async\" width=\"800\" height=\"800\" src=\"https:\/\/www.yongyukitchenware.com\/wp-content\/uploads\/2024\/10\/bulk-stock-pot-with-strainer-2.webp\" alt=\"Sch\u00fcttgut-Topf-mit-Sieb (2)\" class=\"wp-image-1513\" srcset=\"https:\/\/www.yongyukitchenware.com\/wp-content\/uploads\/2024\/10\/bulk-stock-pot-with-strainer-2.webp 800w, https:\/\/www.yongyukitchenware.com\/wp-content\/uploads\/2024\/10\/bulk-stock-pot-with-strainer-2-300x300.webp 300w, https:\/\/www.yongyukitchenware.com\/wp-content\/uploads\/2024\/10\/bulk-stock-pot-with-strainer-2-150x150.webp 150w, https:\/\/www.yongyukitchenware.com\/wp-content\/uploads\/2024\/10\/bulk-stock-pot-with-strainer-2-768x768.webp 768w, https:\/\/www.yongyukitchenware.com\/wp-content\/uploads\/2024\/10\/bulk-stock-pot-with-strainer-2-12x12.webp 12w, https:\/\/www.yongyukitchenware.com\/wp-content\/uploads\/2024\/10\/bulk-stock-pot-with-strainer-2-600x600.webp 600w, https:\/\/www.yongyukitchenware.com\/wp-content\/uploads\/2024\/10\/bulk-stock-pot-with-strainer-2-100x100.webp 100w\" sizes=\"(max-width: 800px) 100vw, 800px\" \/><\/figure>\n<\/div>\n\n\n\n<div class=\"wp-block-column is-layout-flow wp-block-column-is-layout-flow\">\n<figure class=\"wp-block-image size-full\"><img decoding=\"async\" width=\"800\" height=\"800\" src=\"https:\/\/www.yongyukitchenware.com\/wp-content\/uploads\/2024\/10\/bulk-stock-pot-with-strainer-5.webp\" alt=\"Sch\u00fcttgut-Topf-mit-Sieb (5)\" class=\"wp-image-1516\" srcset=\"https:\/\/www.yongyukitchenware.com\/wp-content\/uploads\/2024\/10\/bulk-stock-pot-with-strainer-5.webp 800w, https:\/\/www.yongyukitchenware.com\/wp-content\/uploads\/2024\/10\/bulk-stock-pot-with-strainer-5-300x300.webp 300w, https:\/\/www.yongyukitchenware.com\/wp-content\/uploads\/2024\/10\/bulk-stock-pot-with-strainer-5-150x150.webp 150w, https:\/\/www.yongyukitchenware.com\/wp-content\/uploads\/2024\/10\/bulk-stock-pot-with-strainer-5-768x768.webp 768w, https:\/\/www.yongyukitchenware.com\/wp-content\/uploads\/2024\/10\/bulk-stock-pot-with-strainer-5-12x12.webp 12w, https:\/\/www.yongyukitchenware.com\/wp-content\/uploads\/2024\/10\/bulk-stock-pot-with-strainer-5-600x600.webp 600w, https:\/\/www.yongyukitchenware.com\/wp-content\/uploads\/2024\/10\/bulk-stock-pot-with-strainer-5-100x100.webp 100w\" sizes=\"(max-width: 800px) 100vw, 800px\" \/><\/figure>\n<\/div>\n<\/div>\n<\/div>\n<\/div>","protected":false},"excerpt":{"rendered":"<p>Gro\u00dfer Edelstahltopf mit Sieb, Einzel- oder Doppelgriffen und wahlweise Glas- oder Edelstahldeckel. Von Yongyu Hersteller, unterst\u00fctzen wir OEM und ODM, willkommen, uns f\u00fcr eine kostenlose Anfrage zu kontaktieren.<\/p>\n<h2>Edelstahltopf Parameter:<\/h2>\n<p><strong>Material:<\/strong> Rostfreier Stahl<br \/><strong>Zubeh\u00f6r:<\/strong> Maschenkorb mit Haken, Topfdeckel<br \/><strong>Topf-Design:<\/strong> Dreifacher Verbundboden, erh\u00f6hter Topfk\u00f6rper<br \/><strong>Verschiedene Gr\u00f6\u00dfen: <\/strong>Durchmesser 17cm, kleine, mittlere und gro\u00dfe Gr\u00f6\u00dfe<br \/><strong>Verpacken:<\/strong> Beutel\/Sammelgut\/Karton oder kundenspezifisch<br \/><strong>OEM\/ODM:<\/strong> Verf\u00fcgbar<\/p>\n<h2 class=\"wp-block-heading\">Von Yongyu Kochgeschirr Hersteller :<\/h2>\n<p>Yongyu ist ein professioneller Hersteller von Kochgeschirr. Zu unseren Produkten geh\u00f6ren alle Arten von Kochgeschirr aus Edelstahl, wie Nudelkocher, Bratpfannen, Schmort\u00f6pfe usw., und wir bieten jedem Kunden qualitativ hochwertige Beschaffungsdienste und erschwingliche Preise.<\/p>","protected":false},"featured_media":1519,"comment_status":"closed","ping_status":"closed","template":"","meta":{"_acf_changed":true},"application":[29],"product_brand":[],"product_cat":[23,32],"product_tag":[43],"class_list":{"0":"post-4241","1":"product","2":"type-product","3":"status-publish","4":"has-post-thumbnail","6":"application-home-kitchen","7":"product_cat-kitchenware-wholesale","8":"product_cat-wholesale-cookware","9":"product_tag-recommend","11":"first","12":"instock","13":"shipping-taxable","14":"product-type-simple"},"acf":[],"_links":{"self":[{"href":"https:\/\/www.yongyukitchenware.com\/de\/wp-json\/wp\/v2\/product\/4241","targetHints":{"allow":["GET"]}}],"collection":[{"href":"https:\/\/www.yongyukitchenware.com\/de\/wp-json\/wp\/v2\/product"}],"about":[{"href":"https:\/\/www.yongyukitchenware.com\/de\/wp-json\/wp\/v2\/types\/product"}],"replies":[{"embeddable":true,"href":"https:\/\/www.yongyukitchenware.com\/de\/wp-json\/wp\/v2\/comments?post=4241"}],"wp:featuredmedia":[{"embeddable":true,"href":"https:\/\/www.yongyukitchenware.com\/de\/wp-json\/wp\/v2\/media\/1519"}],"wp:attachment":[{"href":"https:\/\/www.yongyukitchenware.com\/de\/wp-json\/wp\/v2\/media?parent=4241"}],"wp:term":[{"taxonomy":"application","embeddable":true,"href":"https:\/\/www.yongyukitchenware.com\/de\/wp-json\/wp\/v2\/application?post=4241"},{"taxonomy":"product_brand","embeddable":true,"href":"https:\/\/www.yongyukitchenware.com\/de\/wp-json\/wp\/v2\/product_brand?post=4241"},{"taxonomy":"product_cat","embeddable":true,"href":"https:\/\/www.yongyukitchenware.com\/de\/wp-json\/wp\/v2\/product_cat?post=4241"},{"taxonomy":"product_tag","embeddable":true,"href":"https:\/\/www.yongyukitchenware.com\/de\/wp-json\/wp\/v2\/product_tag?post=4241"}],"curies":[{"name":"wp","href":"https:\/\/api.w.org\/{rel}","templated":true}]}}