{"id":4244,"date":"2025-08-20T07:32:18","date_gmt":"2025-08-20T07:32:18","guid":{"rendered":"https:\/\/www.yongyukitchenware.com\/?post_type=product&#038;p=4244"},"modified":"2025-08-20T07:32:23","modified_gmt":"2025-08-20T07:32:23","slug":"wholesale-3-layer-stainless-steel-non-stick-frying-pans","status":"publish","type":"product","link":"https:\/\/www.yongyukitchenware.com\/de\/produkt\/wholesale-3-layer-stainless-steel-non-stick-frying-pans\/","title":{"rendered":"Gro\u00dfhandel 3-Schicht-Edelstahl Antihaft-Bratpfannen"},"content":{"rendered":"<div class=\"wp-block-columns is-layout-flex wp-container-core-columns-is-layout-9d6595d7 wp-block-columns-is-layout-flex\">\n<div class=\"wp-block-column is-layout-flow wp-block-column-is-layout-flow\">\n<h2 class=\"wp-block-heading\">Bratpfannen aus Edelstahl mit Antihaftbeschichtung Merkmale:<\/h2>\n\n\n\n<p><strong>Dreischichtiger Stahl: <\/strong>Unsere Bratpfannen zeichnen sich durch eine robuste dreischichtige Stahlkonstruktion aus, die die W\u00e4rmeleitf\u00e4higkeit von Aluminium mit der Korrosionsbest\u00e4ndigkeit von Edelstahl kombiniert. Dies gew\u00e4hrleistet eine gleichm\u00e4\u00dfige W\u00e4rmeverteilung und eine lang anhaltende Leistung.<\/p>\n\n\n\n<p><strong>Wabenf\u00f6rmige Antihaftbeschichtung als Option:<\/strong> Unsere Antihaftbeschichtungen sind in Wabenform und mit glatter Oberfl\u00e4che erh\u00e4ltlich, um unterschiedlichen Kochvorlieben gerecht zu werden. Das einzigartige Wabenmuster verbessert die Antihaftwirkung und reduziert den \u00d6lverbrauch.<\/p>\n\n\n\n<p><strong>Griffe aus rostfreiem Stahl:<\/strong> Sie sind mit robusten Griffen aus rostfreiem Stahl ausgestattet und ergonomisch geformt, um ein optimales Gleichgewicht und Komfort beim Gebrauch zu gew\u00e4hrleisten.<\/p>\n\n\n\n<p><strong>Kompatibel mit mehreren Herdplatten: <\/strong>Kompatibel mit allen Herdarten, einschlie\u00dflich Gas-, Elektro-, Keramik- und Induktionskochfeldern.<\/p>\n<\/div>\n\n\n\n<div class=\"wp-block-column is-layout-flow wp-block-column-is-layout-flow\">\n<div class=\"wp-block-columns is-layout-flex wp-container-core-columns-is-layout-9d6595d7 wp-block-columns-is-layout-flex\">\n<div class=\"wp-block-column is-layout-flow wp-block-column-is-layout-flow\">\n<figure class=\"wp-block-image size-full\"><img decoding=\"async\" width=\"800\" height=\"800\" src=\"https:\/\/www.yongyukitchenware.com\/wp-content\/uploads\/2024\/11\/Stainless-steel-frying-pan-4.webp\" alt=\"Edelstahl-Bratpfanne-4\" class=\"wp-image-2177\" srcset=\"https:\/\/www.yongyukitchenware.com\/wp-content\/uploads\/2024\/11\/Stainless-steel-frying-pan-4.webp 800w, https:\/\/www.yongyukitchenware.com\/wp-content\/uploads\/2024\/11\/Stainless-steel-frying-pan-4-300x300.webp 300w, https:\/\/www.yongyukitchenware.com\/wp-content\/uploads\/2024\/11\/Stainless-steel-frying-pan-4-150x150.webp 150w, https:\/\/www.yongyukitchenware.com\/wp-content\/uploads\/2024\/11\/Stainless-steel-frying-pan-4-768x768.webp 768w, https:\/\/www.yongyukitchenware.com\/wp-content\/uploads\/2024\/11\/Stainless-steel-frying-pan-4-12x12.webp 12w, https:\/\/www.yongyukitchenware.com\/wp-content\/uploads\/2024\/11\/Stainless-steel-frying-pan-4-600x600.webp 600w, https:\/\/www.yongyukitchenware.com\/wp-content\/uploads\/2024\/11\/Stainless-steel-frying-pan-4-100x100.webp 100w\" sizes=\"(max-width: 800px) 100vw, 800px\" \/><\/figure>\n\n\n\n<figure class=\"wp-block-image size-full\"><img decoding=\"async\" width=\"800\" height=\"800\" src=\"https:\/\/www.yongyukitchenware.com\/wp-content\/uploads\/2024\/11\/Stainless-steel-frying-pan-7.webp\" alt=\"Edelstahl-Bratpfanne-7\" class=\"wp-image-2180\" srcset=\"https:\/\/www.yongyukitchenware.com\/wp-content\/uploads\/2024\/11\/Stainless-steel-frying-pan-7.webp 800w, https:\/\/www.yongyukitchenware.com\/wp-content\/uploads\/2024\/11\/Stainless-steel-frying-pan-7-300x300.webp 300w, https:\/\/www.yongyukitchenware.com\/wp-content\/uploads\/2024\/11\/Stainless-steel-frying-pan-7-150x150.webp 150w, https:\/\/www.yongyukitchenware.com\/wp-content\/uploads\/2024\/11\/Stainless-steel-frying-pan-7-768x768.webp 768w, https:\/\/www.yongyukitchenware.com\/wp-content\/uploads\/2024\/11\/Stainless-steel-frying-pan-7-12x12.webp 12w, https:\/\/www.yongyukitchenware.com\/wp-content\/uploads\/2024\/11\/Stainless-steel-frying-pan-7-600x600.webp 600w, https:\/\/www.yongyukitchenware.com\/wp-content\/uploads\/2024\/11\/Stainless-steel-frying-pan-7-100x100.webp 100w\" sizes=\"(max-width: 800px) 100vw, 800px\" \/><\/figure>\n<\/div>\n<\/div>\n<\/div>\n<\/div>\n\n\n\n<p><\/p>","protected":false},"excerpt":{"rendered":"<p>Die 3-Schicht-Edelstahl-Antihaft-Bratpfannen f\u00fcr den Gro\u00dfhandel zeichnen sich durch eine langlebige dreilagige Konstruktion f\u00fcr schnelles, gleichm\u00e4\u00dfiges Erhitzen und eine zuverl\u00e4ssige Antihaftbeschichtung im Inneren aus und eignen sich daher ideal f\u00fcr die effiziente Gro\u00dflieferung an K\u00fcchen und Einzelh\u00e4ndler.<\/p>\n<h2>Antihaft-Bratpfannen aus Edelstahl Parameter:<\/h2>\n<p><strong>Material:<\/strong> Rostfreier Stahl<br \/><strong>Innere Form:<\/strong> Wabe und nicht Wabe<br \/><strong>Design des Griffs:<\/strong> Griff aus rostfreiem Stahl und nietenverst\u00e4rkte Griffe<br \/><strong>Gr\u00f6\u00dfen:<\/strong> 22\/24\/26\/28\/30cm<br \/><strong>OEM\/ODM:<\/strong> Verf\u00fcgbar<\/p>\n<h2 class=\"wp-block-heading\">Von Yongyu Kochgeschirr Hersteller :<\/h2>\n<p>Yongyu ist ein bekannter Kochgeschirrhersteller in China, der f\u00fcr sein breites Angebot an hochwertigem Edelstahlkochgeschirr bekannt ist, darunter Bratpfannen, Woks, Suppent\u00f6pfe und Pastat\u00f6pfe usw.<\/p>","protected":false},"featured_media":2175,"comment_status":"closed","ping_status":"closed","template":"","meta":{"_acf_changed":false},"application":[29],"product_brand":[],"product_cat":[23,32],"product_tag":[],"class_list":{"0":"post-4244","1":"product","2":"type-product","3":"status-publish","4":"has-post-thumbnail","6":"application-home-kitchen","7":"product_cat-kitchenware-wholesale","8":"product_cat-wholesale-cookware","10":"first","11":"instock","12":"shipping-taxable","13":"product-type-simple"},"acf":[],"_links":{"self":[{"href":"https:\/\/www.yongyukitchenware.com\/de\/wp-json\/wp\/v2\/product\/4244","targetHints":{"allow":["GET"]}}],"collection":[{"href":"https:\/\/www.yongyukitchenware.com\/de\/wp-json\/wp\/v2\/product"}],"about":[{"href":"https:\/\/www.yongyukitchenware.com\/de\/wp-json\/wp\/v2\/types\/product"}],"replies":[{"embeddable":true,"href":"https:\/\/www.yongyukitchenware.com\/de\/wp-json\/wp\/v2\/comments?post=4244"}],"wp:featuredmedia":[{"embeddable":true,"href":"https:\/\/www.yongyukitchenware.com\/de\/wp-json\/wp\/v2\/media\/2175"}],"wp:attachment":[{"href":"https:\/\/www.yongyukitchenware.com\/de\/wp-json\/wp\/v2\/media?parent=4244"}],"wp:term":[{"taxonomy":"application","embeddable":true,"href":"https:\/\/www.yongyukitchenware.com\/de\/wp-json\/wp\/v2\/application?post=4244"},{"taxonomy":"product_brand","embeddable":true,"href":"https:\/\/www.yongyukitchenware.com\/de\/wp-json\/wp\/v2\/product_brand?post=4244"},{"taxonomy":"product_cat","embeddable":true,"href":"https:\/\/www.yongyukitchenware.com\/de\/wp-json\/wp\/v2\/product_cat?post=4244"},{"taxonomy":"product_tag","embeddable":true,"href":"https:\/\/www.yongyukitchenware.com\/de\/wp-json\/wp\/v2\/product_tag?post=4244"}],"curies":[{"name":"wp","href":"https:\/\/api.w.org\/{rel}","templated":true}]}}