{"id":4245,"date":"2025-07-07T09:49:33","date_gmt":"2025-07-07T09:49:33","guid":{"rendered":"https:\/\/www.yongyukitchenware.com\/?post_type=product&#038;p=4245"},"modified":"2025-07-07T09:51:39","modified_gmt":"2025-07-07T09:51:39","slug":"custom-stainless-steel-non-stick-wok-with-double-sided-honeycomb","status":"publish","type":"product","link":"https:\/\/www.yongyukitchenware.com\/de\/produkt\/custom-stainless-steel-non-stick-wok-with-double-sided-honeycomb\/","title":{"rendered":"Individuell gestalteter Edelstahl-Antihaft-Wok mit doppelseitigem Wabenmuster"},"content":{"rendered":"<div class=\"wp-block-columns is-layout-flex wp-container-core-columns-is-layout-9d6595d7 wp-block-columns-is-layout-flex\">\n<div class=\"wp-block-column is-layout-flow wp-block-column-is-layout-flow\">\n<h2 class=\"wp-block-heading\">Antihaft-Wok Merkmale:<\/h2>\n\n\n\n<p><strong>Dreischichtige Stahlkonstruktion:<\/strong> 304\/430-Edelstahl und Aluminium innen und au\u00dfen, die dreischichtige Struktur gew\u00e4hrleistet die Hitzebest\u00e4ndigkeit des Woks.<br><strong>Professionelles Antihaft-Verfahren:<\/strong> Die Wabenstruktur des Innentopfes verhindert wirksam das Anhaften am Topf und l\u00e4sst die Zutaten gleichm\u00e4\u00dfig erhitzen. Der Boden der runden Pfanne leitet die W\u00e4rme schneller, und der Pfannenk\u00f6rper wird nicht so leicht gelb und schwarz.<br>Hohe Kompatibilit\u00e4t: Der Wok eignet sich zum Braten, leichten Kochen, D\u00fcnsten und D\u00e4mpfen. Geeignet f\u00fcr alle Herde, einschlie\u00dflich Halogen-, Gas-, Keramik- und Elektroherde<br><strong>Leicht zu reinigen und kratzfest:<\/strong> Antihaftbeschichtete Pfannen sind kratzfest und werden durch die Verwendung von Metallutensilien nicht abgenutzt oder ausgefranst.<br>Humanisiertes Design: Der Stahlgriff f\u00fchlt sich bequem an, und der vertikale Topfdeckel kann platzsparend platziert werden<\/p>\n<\/div>\n\n\n\n<div class=\"wp-block-column is-layout-flow wp-block-column-is-layout-flow\">\n<div class=\"wp-block-columns is-layout-flex wp-container-core-columns-is-layout-9d6595d7 wp-block-columns-is-layout-flex\">\n<div class=\"wp-block-column is-layout-flow wp-block-column-is-layout-flow\">\n<figure class=\"wp-block-image size-full\"><img decoding=\"async\" width=\"800\" height=\"800\" src=\"https:\/\/www.yongyukitchenware.com\/wp-content\/uploads\/2024\/11\/Double-sided-honeycomb-wok-6.webp\" alt=\"\" class=\"wp-image-2164\" srcset=\"https:\/\/www.yongyukitchenware.com\/wp-content\/uploads\/2024\/11\/Double-sided-honeycomb-wok-6.webp 800w, https:\/\/www.yongyukitchenware.com\/wp-content\/uploads\/2024\/11\/Double-sided-honeycomb-wok-6-300x300.webp 300w, https:\/\/www.yongyukitchenware.com\/wp-content\/uploads\/2024\/11\/Double-sided-honeycomb-wok-6-150x150.webp 150w, https:\/\/www.yongyukitchenware.com\/wp-content\/uploads\/2024\/11\/Double-sided-honeycomb-wok-6-768x768.webp 768w, https:\/\/www.yongyukitchenware.com\/wp-content\/uploads\/2024\/11\/Double-sided-honeycomb-wok-6-12x12.webp 12w, https:\/\/www.yongyukitchenware.com\/wp-content\/uploads\/2024\/11\/Double-sided-honeycomb-wok-6-600x600.webp 600w, https:\/\/www.yongyukitchenware.com\/wp-content\/uploads\/2024\/11\/Double-sided-honeycomb-wok-6-100x100.webp 100w\" sizes=\"(max-width: 800px) 100vw, 800px\" \/><\/figure>\n<\/div>\n<\/div>\n<\/div>\n<\/div>","protected":false},"excerpt":{"rendered":"<p>Kochgeschirr Hersteller Gro\u00dfhandel Antihaft-Woks, aus dreifach Edelstahl mit Waben-Antihaftbeschichtung Design. Unterst\u00fctzung der Anpassung, hohe Qualit\u00e4t und hohe Kosten Leistung. Willkommen bei uns f\u00fcr eine kostenlose Anfrage zu kontaktieren.<\/p>\n<h2>Antihaft-Wok Parameter:<\/h2>\n<p><strong>Material:<\/strong> Rostfreier Stahl<br \/><strong>Innere Form:<\/strong> Wabe und nicht Wabe<br \/><strong>Design des Griffs:<\/strong> Holzgriff und nietverst\u00e4rkte Z\u00fcge<br \/><strong>Gr\u00f6\u00dfen:<\/strong> 32cm und 34cm<br \/><strong>Verpackung:<\/strong> Beutel\/Sammelgut\/Karton oder kundenspezifisch<br \/><strong>OEM\/ODM:<\/strong> Verf\u00fcgbar<\/p>\n<h2 class=\"wp-block-heading\">Von Yongyu Kochgeschirr Hersteller :<\/h2>\n<p>Yongyu ist ein professioneller Hersteller von Kochgeschirr. Unsere Produkte umfassen alle Arten von Kochgeschirr aus rostfreiem Stahl, wie z. B. Nudelkocher, Bratpfannen, Schmort\u00f6pfe usw., und wir bieten jedem Kunden qualitativ hochwertige Beschaffungsdienste und erschwingliche Preise.<\/p>","protected":false},"featured_media":4250,"comment_status":"closed","ping_status":"closed","template":"","meta":{"_acf_changed":false},"application":[29],"product_brand":[],"product_cat":[23,32],"product_tag":[],"class_list":{"0":"post-4245","1":"product","2":"type-product","3":"status-publish","4":"has-post-thumbnail","6":"application-home-kitchen","7":"product_cat-kitchenware-wholesale","8":"product_cat-wholesale-cookware","10":"first","11":"instock","12":"shipping-taxable","13":"product-type-simple"},"acf":[],"_links":{"self":[{"href":"https:\/\/www.yongyukitchenware.com\/de\/wp-json\/wp\/v2\/product\/4245","targetHints":{"allow":["GET"]}}],"collection":[{"href":"https:\/\/www.yongyukitchenware.com\/de\/wp-json\/wp\/v2\/product"}],"about":[{"href":"https:\/\/www.yongyukitchenware.com\/de\/wp-json\/wp\/v2\/types\/product"}],"replies":[{"embeddable":true,"href":"https:\/\/www.yongyukitchenware.com\/de\/wp-json\/wp\/v2\/comments?post=4245"}],"wp:featuredmedia":[{"embeddable":true,"href":"https:\/\/www.yongyukitchenware.com\/de\/wp-json\/wp\/v2\/media\/4250"}],"wp:attachment":[{"href":"https:\/\/www.yongyukitchenware.com\/de\/wp-json\/wp\/v2\/media?parent=4245"}],"wp:term":[{"taxonomy":"application","embeddable":true,"href":"https:\/\/www.yongyukitchenware.com\/de\/wp-json\/wp\/v2\/application?post=4245"},{"taxonomy":"product_brand","embeddable":true,"href":"https:\/\/www.yongyukitchenware.com\/de\/wp-json\/wp\/v2\/product_brand?post=4245"},{"taxonomy":"product_cat","embeddable":true,"href":"https:\/\/www.yongyukitchenware.com\/de\/wp-json\/wp\/v2\/product_cat?post=4245"},{"taxonomy":"product_tag","embeddable":true,"href":"https:\/\/www.yongyukitchenware.com\/de\/wp-json\/wp\/v2\/product_tag?post=4245"}],"curies":[{"name":"wp","href":"https:\/\/api.w.org\/{rel}","templated":true}]}}